{"id":564,"date":"2014-10-21T15:02:18","date_gmt":"2014-10-21T12:02:18","guid":{"rendered":"http:\/\/fysiokeskus.ee\/?page_id=564"},"modified":"2024-09-07T22:42:48","modified_gmt":"2024-09-07T19:42:48","slug":"teenused","status":"publish","type":"page","link":"https:\/\/fysiokeskus.ee\/en\/teenused\/","title":{"rendered":"Services"},"content":{"rendered":"<h2>\u00a0<\/h2>\n<h3><span style=\"color: #993300;\"><strong>F\u00fcsioteraapia teenus sisaldab:<\/strong><\/span><\/h3>\n<ul>\n<li><span style=\"color: #993300;\">Kliendi individuaalsetel probleemidel tuginevat\u00a0<strong>f\u00fcsioterapeutilist hindamist.<\/strong><\/span><\/li>\n<li><span style=\"color: #993300;\">Vastavalt probleemile ning ravieesm\u00e4rkidele kasutame ravimeetoditena:<\/span>\n<ul>\n<li><span style=\"color: #993300;\"><strong>terapeutilist harjutust<\/strong>\u00a0liigesliikuvuse ja lihasj\u00f5u arendamiseks, verevarustuse v\u00f5i hingamistegevuse aktiveerimiseks, r\u00fchi korrigeerimiseks, tasakaalu ja keha tunnetuslikkuse parandamiseks;<\/span><\/li>\n<li><span style=\"color: #993300;\"><strong>ortopeedilis-manuaalseid v\u00f5tteid<\/strong>\u00a0r\u00fchi korrigeerimiseks, lihaste venitamiseks, liigeste mobiliseerimiseks, valu leevendamiseks<\/span><\/li>\n<li><span style=\"color: #993300;\"><strong>ortopeedilist massaa\u017ei\u00a0<\/strong>nii individuaalsetest anatoomilistest ise\u00e4rasustest, t\u00f6\u00f6v\u00f5tetest kui spordialaspetsiifikast tingitud lihaspingete leevendamiseks<\/span><\/li>\n<li><span style=\"color: #993300;\"><strong>neuroarengulist teraapiat<\/strong>\u00a0neuroloogilistest probleemidest tingitud funktsioonih\u00e4irete ravis.<\/span><\/li>\n<\/ul>\n<\/li>\n<li><span style=\"color: #993300;\"><strong>N\u00f5ustame<\/strong>\u00a0korrektse r\u00fchi osas, anal\u00fc\u00fcsime t\u00f6\u00f6asenditest v\u00f5i t\u00f6\u00f6v\u00f5tetest tingitud vaevusi eesm\u00e4rgiga tagada kliendile v\u00f5imalikult pika-aegne kaebustevaba elu.<\/span><\/li>\n<\/ul>\n<h3>\u00a0<\/h3>\n<p>\u00a0<\/p>\n<p>\u00a0<\/p>\n<h3>\u00a0<\/h3>\n\n\n<p><\/p>","protected":false},"excerpt":{"rendered":"<p>\u00a0 F\u00fcsioteraapia teenus sisaldab: Kliendi individuaalsetel probleemidel tuginevat\u00a0f\u00fcsioterapeutilist hindamist. Vastavalt probleemile ning ravieesm\u00e4rkidele kasutame ravimeetoditena: terapeutilist harjutust\u00a0liigesliikuvuse ja lihasj\u00f5u arendamiseks, verevarustuse v\u00f5i hingamistegevuse aktiveerimiseks, r\u00fchi korrigeerimiseks, tasakaalu ja keha tunnetuslikkuse parandamiseks; ortopeedilis-manuaalseid v\u00f5tteid\u00a0r\u00fchi korrigeerimiseks, lihaste venitamiseks, liigeste mobiliseerimiseks, valu leevendamiseks ortopeedilist massaa\u017ei\u00a0nii individuaalsetest anatoomilistest ise\u00e4rasustest, t\u00f6\u00f6v\u00f5tetest kui spordialaspetsiifikast tingitud lihaspingete leevendamiseks neuroarengulist teraapiat\u00a0neuroloogilistest probleemidest tingitud [&hellip;]<\/p>\n","protected":false},"author":1,"featured_media":0,"parent":0,"menu_order":0,"comment_status":"closed","ping_status":"open","template":"","meta":{"_monsterinsights_skip_tracking":false,"_monsterinsights_sitenote_active":false,"_monsterinsights_sitenote_note":"","_monsterinsights_sitenote_category":0,"footnotes":""},"class_list":["post-564","page","type-page","status-publish","hentry"],"yoast_head":"<!-- This site is optimized with the Yoast SEO plugin v27.3 - https:\/\/yoast.com\/product\/yoast-seo-wordpress\/ -->\n<title>Teenused - FYSIOKESKUS<\/title>\n<meta name=\"robots\" content=\"index, follow, max-snippet:-1, max-image-preview:large, max-video-preview:-1\" \/>\n<link rel=\"canonical\" href=\"https:\/\/fysiokeskus.ee\/en\/teenused\/\" \/>\n<meta property=\"og:locale\" content=\"en_US\" \/>\n<meta property=\"og:type\" content=\"article\" \/>\n<meta property=\"og:title\" content=\"Teenused - FYSIOKESKUS\" \/>\n<meta property=\"og:description\" content=\"\u00a0 F\u00fcsioteraapia teenus sisaldab: Kliendi individuaalsetel probleemidel tuginevat\u00a0f\u00fcsioterapeutilist hindamist. Vastavalt probleemile ning ravieesm\u00e4rkidele kasutame ravimeetoditena: terapeutilist harjutust\u00a0liigesliikuvuse ja lihasj\u00f5u arendamiseks, verevarustuse v\u00f5i hingamistegevuse aktiveerimiseks, r\u00fchi korrigeerimiseks, tasakaalu ja keha tunnetuslikkuse parandamiseks; ortopeedilis-manuaalseid v\u00f5tteid\u00a0r\u00fchi korrigeerimiseks, lihaste venitamiseks, liigeste mobiliseerimiseks, valu leevendamiseks ortopeedilist massaa\u017ei\u00a0nii individuaalsetest anatoomilistest ise\u00e4rasustest, t\u00f6\u00f6v\u00f5tetest kui spordialaspetsiifikast tingitud lihaspingete leevendamiseks neuroarengulist teraapiat\u00a0neuroloogilistest probleemidest tingitud [&hellip;]\" \/>\n<meta property=\"og:url\" content=\"https:\/\/fysiokeskus.ee\/en\/teenused\/\" \/>\n<meta property=\"og:site_name\" content=\"FYSIOKESKUS\" \/>\n<meta property=\"article:publisher\" content=\"https:\/\/www.facebook.com\/Fysiokeskus.ee\" \/>\n<meta property=\"article:modified_time\" content=\"2024-09-07T19:42:48+00:00\" \/>\n<meta name=\"twitter:card\" content=\"summary_large_image\" \/>\n<meta name=\"twitter:label1\" content=\"Est. reading time\" \/>\n\t<meta name=\"twitter:data1\" content=\"1 minute\" \/>\n<script type=\"application\/ld+json\" class=\"yoast-schema-graph\">{\"@context\":\"https:\\\/\\\/schema.org\",\"@graph\":[{\"@type\":\"WebPage\",\"@id\":\"https:\\\/\\\/fysiokeskus.ee\\\/teenused\\\/\",\"url\":\"https:\\\/\\\/fysiokeskus.ee\\\/teenused\\\/\",\"name\":\"Teenused - FYSIOKESKUS\",\"isPartOf\":{\"@id\":\"https:\\\/\\\/fysiokeskus.ee\\\/#website\"},\"datePublished\":\"2014-10-21T12:02:18+00:00\",\"dateModified\":\"2024-09-07T19:42:48+00:00\",\"inLanguage\":\"en-US\",\"potentialAction\":[{\"@type\":\"ReadAction\",\"target\":[\"https:\\\/\\\/fysiokeskus.ee\\\/teenused\\\/\"]}]},{\"@type\":\"WebSite\",\"@id\":\"https:\\\/\\\/fysiokeskus.ee\\\/#website\",\"url\":\"https:\\\/\\\/fysiokeskus.ee\\\/\",\"name\":\"FYSIOKESKUS\",\"description\":\"F\u00fcsioteraapia ja massaa\u017e\",\"publisher\":{\"@id\":\"https:\\\/\\\/fysiokeskus.ee\\\/#organization\"},\"potentialAction\":[{\"@type\":\"SearchAction\",\"target\":{\"@type\":\"EntryPoint\",\"urlTemplate\":\"https:\\\/\\\/fysiokeskus.ee\\\/?s={search_term_string}\"},\"query-input\":{\"@type\":\"PropertyValueSpecification\",\"valueRequired\":true,\"valueName\":\"search_term_string\"}}],\"inLanguage\":\"en-US\"},{\"@type\":\"Organization\",\"@id\":\"https:\\\/\\\/fysiokeskus.ee\\\/#organization\",\"name\":\"FYSIOKESKUS\",\"url\":\"https:\\\/\\\/fysiokeskus.ee\\\/\",\"logo\":{\"@type\":\"ImageObject\",\"inLanguage\":\"en-US\",\"@id\":\"https:\\\/\\\/fysiokeskus.ee\\\/#\\\/schema\\\/logo\\\/image\\\/\",\"url\":\"https:\\\/\\\/fysiokeskus.ee\\\/wp-content\\\/uploads\\\/2022\\\/10\\\/FK1.png\",\"contentUrl\":\"https:\\\/\\\/fysiokeskus.ee\\\/wp-content\\\/uploads\\\/2022\\\/10\\\/FK1.png\",\"width\":885,\"height\":387,\"caption\":\"FYSIOKESKUS\"},\"image\":{\"@id\":\"https:\\\/\\\/fysiokeskus.ee\\\/#\\\/schema\\\/logo\\\/image\\\/\"},\"sameAs\":[\"https:\\\/\\\/www.facebook.com\\\/Fysiokeskus.ee\"]}]}<\/script>\n<!-- \/ Yoast SEO plugin. -->","yoast_head_json":{"title":"Teenused - FYSIOKESKUS","robots":{"index":"index","follow":"follow","max-snippet":"max-snippet:-1","max-image-preview":"max-image-preview:large","max-video-preview":"max-video-preview:-1"},"canonical":"https:\/\/fysiokeskus.ee\/en\/teenused\/","og_locale":"en_US","og_type":"article","og_title":"Teenused - FYSIOKESKUS","og_description":"\u00a0 F\u00fcsioteraapia teenus sisaldab: Kliendi individuaalsetel probleemidel tuginevat\u00a0f\u00fcsioterapeutilist hindamist. Vastavalt probleemile ning ravieesm\u00e4rkidele kasutame ravimeetoditena: terapeutilist harjutust\u00a0liigesliikuvuse ja lihasj\u00f5u arendamiseks, verevarustuse v\u00f5i hingamistegevuse aktiveerimiseks, r\u00fchi korrigeerimiseks, tasakaalu ja keha tunnetuslikkuse parandamiseks; ortopeedilis-manuaalseid v\u00f5tteid\u00a0r\u00fchi korrigeerimiseks, lihaste venitamiseks, liigeste mobiliseerimiseks, valu leevendamiseks ortopeedilist massaa\u017ei\u00a0nii individuaalsetest anatoomilistest ise\u00e4rasustest, t\u00f6\u00f6v\u00f5tetest kui spordialaspetsiifikast tingitud lihaspingete leevendamiseks neuroarengulist teraapiat\u00a0neuroloogilistest probleemidest tingitud [&hellip;]","og_url":"https:\/\/fysiokeskus.ee\/en\/teenused\/","og_site_name":"FYSIOKESKUS","article_publisher":"https:\/\/www.facebook.com\/Fysiokeskus.ee","article_modified_time":"2024-09-07T19:42:48+00:00","twitter_card":"summary_large_image","twitter_misc":{"Est. reading time":"1 minute"},"schema":{"@context":"https:\/\/schema.org","@graph":[{"@type":"WebPage","@id":"https:\/\/fysiokeskus.ee\/teenused\/","url":"https:\/\/fysiokeskus.ee\/teenused\/","name":"Teenused - FYSIOKESKUS","isPartOf":{"@id":"https:\/\/fysiokeskus.ee\/#website"},"datePublished":"2014-10-21T12:02:18+00:00","dateModified":"2024-09-07T19:42:48+00:00","inLanguage":"en-US","potentialAction":[{"@type":"ReadAction","target":["https:\/\/fysiokeskus.ee\/teenused\/"]}]},{"@type":"WebSite","@id":"https:\/\/fysiokeskus.ee\/#website","url":"https:\/\/fysiokeskus.ee\/","name":"FYSIOKESKUS","description":"F\u00fcsioteraapia ja massaa\u017e","publisher":{"@id":"https:\/\/fysiokeskus.ee\/#organization"},"potentialAction":[{"@type":"SearchAction","target":{"@type":"EntryPoint","urlTemplate":"https:\/\/fysiokeskus.ee\/?s={search_term_string}"},"query-input":{"@type":"PropertyValueSpecification","valueRequired":true,"valueName":"search_term_string"}}],"inLanguage":"en-US"},{"@type":"Organization","@id":"https:\/\/fysiokeskus.ee\/#organization","name":"FYSIOKESKUS","url":"https:\/\/fysiokeskus.ee\/","logo":{"@type":"ImageObject","inLanguage":"en-US","@id":"https:\/\/fysiokeskus.ee\/#\/schema\/logo\/image\/","url":"https:\/\/fysiokeskus.ee\/wp-content\/uploads\/2022\/10\/FK1.png","contentUrl":"https:\/\/fysiokeskus.ee\/wp-content\/uploads\/2022\/10\/FK1.png","width":885,"height":387,"caption":"FYSIOKESKUS"},"image":{"@id":"https:\/\/fysiokeskus.ee\/#\/schema\/logo\/image\/"},"sameAs":["https:\/\/www.facebook.com\/Fysiokeskus.ee"]}]}},"jetpack_sharing_enabled":true,"_links":{"self":[{"href":"https:\/\/fysiokeskus.ee\/en\/wp-json\/wp\/v2\/pages\/564","targetHints":{"allow":["GET"]}}],"collection":[{"href":"https:\/\/fysiokeskus.ee\/en\/wp-json\/wp\/v2\/pages"}],"about":[{"href":"https:\/\/fysiokeskus.ee\/en\/wp-json\/wp\/v2\/types\/page"}],"author":[{"embeddable":true,"href":"https:\/\/fysiokeskus.ee\/en\/wp-json\/wp\/v2\/users\/1"}],"replies":[{"embeddable":true,"href":"https:\/\/fysiokeskus.ee\/en\/wp-json\/wp\/v2\/comments?post=564"}],"version-history":[{"count":27,"href":"https:\/\/fysiokeskus.ee\/en\/wp-json\/wp\/v2\/pages\/564\/revisions"}],"predecessor-version":[{"id":2790,"href":"https:\/\/fysiokeskus.ee\/en\/wp-json\/wp\/v2\/pages\/564\/revisions\/2790"}],"wp:attachment":[{"href":"https:\/\/fysiokeskus.ee\/en\/wp-json\/wp\/v2\/media?parent=564"}],"curies":[{"name":"wp","href":"https:\/\/api.w.org\/{rel}","templated":true}]}}