{"id":34,"date":"2014-04-23T15:51:00","date_gmt":"2014-04-23T15:51:00","guid":{"rendered":"http:\/\/fysiokeskus.ee\/?page_id=34"},"modified":"2024-11-04T15:47:12","modified_gmt":"2024-11-04T12:47:12","slug":"koostoopartnerid","status":"publish","type":"page","link":"https:\/\/fysiokeskus.ee\/en\/firmast\/koostoopartnerid\/","title":{"rendered":"Cooperation partners"},"content":{"rendered":"<div data-elementor-type=\"wp-page\" data-elementor-id=\"34\" class=\"elementor elementor-34\" data-elementor-post-type=\"page\">\n\t\t\t\t\t\t<section class=\"elementor-section elementor-top-section elementor-element elementor-element-173eb67d elementor-section-boxed elementor-section-height-default elementor-section-height-default\" data-id=\"173eb67d\" data-element_type=\"section\" data-e-type=\"section\">\n\t\t\t\t\t\t<div class=\"elementor-container elementor-column-gap-default\">\n\t\t\t\t\t<div class=\"elementor-column elementor-col-100 elementor-top-column elementor-element elementor-element-4999f4cf\" data-id=\"4999f4cf\" data-element_type=\"column\" data-e-type=\"column\">\n\t\t\t<div class=\"elementor-widget-wrap elementor-element-populated\">\n\t\t\t\t\t\t<div class=\"elementor-element elementor-element-712e62f3 elementor-widget elementor-widget-text-editor\" data-id=\"712e62f3\" data-element_type=\"widget\" data-e-type=\"widget\" data-widget_type=\"text-editor.default\">\n\t\t\t\t<div class=\"elementor-widget-container\">\n\t\t\t\t\t\t\t\t\t<p><span style=\"color: #993300;\"><a style=\"color: #993300;\" href=\"http:\/\/ut.ee\">Tartu \u00dclikool<\/a><\/span><\/p>\n<p><span style=\"color: #993300;\"><a style=\"color: #993300;\" href=\"http:\/\/www.kk.ut.ee\/et\">Tartu \u00dclikooli Sporditeaduste ja f\u00fcsioteraapia instituut<\/a><\/span><\/p>\n<p><span style=\"color: #993300;\"><a style=\"color: #993300;\" href=\"https:\/\/raniperearstikeskus.ee\/\">R\u00e4nilinna perearstikeskus<\/a><\/span><\/p>\n<p><span style=\"color: #993300;\"><a style=\"color: #993300;\" href=\"https:\/\/sudamekodud.ee\/piigaste-sudamekodu\/\">Piigaste S\u00fcdamekodu<\/a><\/span><\/p>\n<p><span style=\"color: #993300;\"><a style=\"color: #993300;\" href=\"https:\/\/www.harmalong.ee\/\">Kastre Kodu<\/a><\/span><\/p>\n<p><span style=\"color: #993300;\"><a style=\"color: #993300;\" href=\"https:\/\/app.stebby.eu\/pos\/fysiokeskus.ou\">Stebby<\/a><\/span><\/p>\n<p><span style=\"color: #993300;\"><a style=\"color: #993300;\" href=\"https:\/\/equa.ee\/\">Equa<\/a><\/span><\/p>\n<p><span style=\"color: #993300;\"><a style=\"color: #993300;\" href=\"http:\/\/www.ortoteek.ee\">Ortoteek<\/a><\/span><\/p>\n<p><span style=\"color: #993300;\">MT\u00dc Eesti Laste ja Noorte Diabeedi\u00fching<\/span><\/p>\n<p><span style=\"color: #993300;\"><a style=\"color: #993300;\" href=\"https:\/\/www.tmk.ee\/\">Heino Elleri Muusikakool<\/a><\/span><\/p>\n<p><span style=\"color: #993300;\"><a style=\"color: #993300;\" href=\"https:\/\/www.tervisekassa.ee\/\">Tervisekassa<\/a><\/span><\/p>\n\n<p>\u00a0<\/p>\n\t\t\t\t\t\t\t\t<\/div>\n\t\t\t\t<\/div>\n\t\t\t\t\t<\/div>\n\t\t<\/div>\n\t\t\t\t\t<\/div>\n\t\t<\/section>\n\t\t\t\t<\/div>","protected":false},"excerpt":{"rendered":"<p>Tartu \u00dclikool Tartu \u00dclikooli Sporditeaduste ja f\u00fcsioteraapia instituut R\u00e4nilinna perearstikeskus Piigaste S\u00fcdamekodu Kastre Kodu Stebby Equa Ortoteek MT\u00dc Eesti Laste ja Noorte Diabeedi\u00fching Heino Elleri Muusikakool Tervisekassa \u00a0<\/p>","protected":false},"author":1,"featured_media":0,"parent":10,"menu_order":5,"comment_status":"closed","ping_status":"open","template":"","meta":{"_monsterinsights_skip_tracking":false,"_monsterinsights_sitenote_active":false,"_monsterinsights_sitenote_note":"","_monsterinsights_sitenote_category":0,"footnotes":""},"class_list":["post-34","page","type-page","status-publish","hentry"],"yoast_head":"<!-- This site is optimized with the Yoast SEO plugin v27.3 - https:\/\/yoast.com\/product\/yoast-seo-wordpress\/ -->\n<title>Koost\u00f6\u00f6partnerid - FYSIOKESKUS<\/title>\n<meta name=\"robots\" content=\"index, follow, max-snippet:-1, max-image-preview:large, max-video-preview:-1\" \/>\n<link rel=\"canonical\" href=\"https:\/\/fysiokeskus.ee\/en\/firmast\/koostoopartnerid\/\" \/>\n<meta property=\"og:locale\" content=\"en_US\" \/>\n<meta property=\"og:type\" content=\"article\" \/>\n<meta property=\"og:title\" content=\"Koost\u00f6\u00f6partnerid - FYSIOKESKUS\" \/>\n<meta property=\"og:description\" content=\"Tartu \u00dclikool Tartu \u00dclikooli Sporditeaduste ja f\u00fcsioteraapia instituut R\u00e4nilinna perearstikeskus Piigaste S\u00fcdamekodu Kastre Kodu Stebby Equa Ortoteek MT\u00dc Eesti Laste ja Noorte Diabeedi\u00fching Heino Elleri Muusikakool Tervisekassa \u00a0\" \/>\n<meta property=\"og:url\" content=\"https:\/\/fysiokeskus.ee\/en\/firmast\/koostoopartnerid\/\" \/>\n<meta property=\"og:site_name\" content=\"FYSIOKESKUS\" \/>\n<meta property=\"article:publisher\" content=\"https:\/\/www.facebook.com\/Fysiokeskus.ee\" \/>\n<meta property=\"article:modified_time\" content=\"2024-11-04T12:47:12+00:00\" \/>\n<meta name=\"twitter:card\" content=\"summary_large_image\" \/>\n<meta name=\"twitter:label1\" content=\"Est. reading time\" \/>\n\t<meta name=\"twitter:data1\" content=\"1 minute\" \/>\n<script type=\"application\/ld+json\" class=\"yoast-schema-graph\">{\"@context\":\"https:\\\/\\\/schema.org\",\"@graph\":[{\"@type\":\"WebPage\",\"@id\":\"https:\\\/\\\/fysiokeskus.ee\\\/firmast\\\/koostoopartnerid\\\/\",\"url\":\"https:\\\/\\\/fysiokeskus.ee\\\/firmast\\\/koostoopartnerid\\\/\",\"name\":\"Koost\u00f6\u00f6partnerid - FYSIOKESKUS\",\"isPartOf\":{\"@id\":\"https:\\\/\\\/fysiokeskus.ee\\\/#website\"},\"datePublished\":\"2014-04-23T15:51:00+00:00\",\"dateModified\":\"2024-11-04T12:47:12+00:00\",\"breadcrumb\":{\"@id\":\"https:\\\/\\\/fysiokeskus.ee\\\/firmast\\\/koostoopartnerid\\\/#breadcrumb\"},\"inLanguage\":\"en-US\",\"potentialAction\":[{\"@type\":\"ReadAction\",\"target\":[\"https:\\\/\\\/fysiokeskus.ee\\\/firmast\\\/koostoopartnerid\\\/\"]}]},{\"@type\":\"BreadcrumbList\",\"@id\":\"https:\\\/\\\/fysiokeskus.ee\\\/firmast\\\/koostoopartnerid\\\/#breadcrumb\",\"itemListElement\":[{\"@type\":\"ListItem\",\"position\":1,\"name\":\"Ettev\u00f5ttest\",\"item\":\"https:\\\/\\\/fysiokeskus.ee\\\/firmast\\\/\"},{\"@type\":\"ListItem\",\"position\":2,\"name\":\"Koost\u00f6\u00f6partnerid\"}]},{\"@type\":\"WebSite\",\"@id\":\"https:\\\/\\\/fysiokeskus.ee\\\/#website\",\"url\":\"https:\\\/\\\/fysiokeskus.ee\\\/\",\"name\":\"FYSIOKESKUS\",\"description\":\"F\u00fcsioteraapia ja massaa\u017e\",\"publisher\":{\"@id\":\"https:\\\/\\\/fysiokeskus.ee\\\/#organization\"},\"potentialAction\":[{\"@type\":\"SearchAction\",\"target\":{\"@type\":\"EntryPoint\",\"urlTemplate\":\"https:\\\/\\\/fysiokeskus.ee\\\/?s={search_term_string}\"},\"query-input\":{\"@type\":\"PropertyValueSpecification\",\"valueRequired\":true,\"valueName\":\"search_term_string\"}}],\"inLanguage\":\"en-US\"},{\"@type\":\"Organization\",\"@id\":\"https:\\\/\\\/fysiokeskus.ee\\\/#organization\",\"name\":\"FYSIOKESKUS\",\"url\":\"https:\\\/\\\/fysiokeskus.ee\\\/\",\"logo\":{\"@type\":\"ImageObject\",\"inLanguage\":\"en-US\",\"@id\":\"https:\\\/\\\/fysiokeskus.ee\\\/#\\\/schema\\\/logo\\\/image\\\/\",\"url\":\"https:\\\/\\\/fysiokeskus.ee\\\/wp-content\\\/uploads\\\/2022\\\/10\\\/FK1.png\",\"contentUrl\":\"https:\\\/\\\/fysiokeskus.ee\\\/wp-content\\\/uploads\\\/2022\\\/10\\\/FK1.png\",\"width\":885,\"height\":387,\"caption\":\"FYSIOKESKUS\"},\"image\":{\"@id\":\"https:\\\/\\\/fysiokeskus.ee\\\/#\\\/schema\\\/logo\\\/image\\\/\"},\"sameAs\":[\"https:\\\/\\\/www.facebook.com\\\/Fysiokeskus.ee\"]}]}<\/script>\n<!-- \/ Yoast SEO plugin. -->","yoast_head_json":{"title":"Koost\u00f6\u00f6partnerid - FYSIOKESKUS","robots":{"index":"index","follow":"follow","max-snippet":"max-snippet:-1","max-image-preview":"max-image-preview:large","max-video-preview":"max-video-preview:-1"},"canonical":"https:\/\/fysiokeskus.ee\/en\/firmast\/koostoopartnerid\/","og_locale":"en_US","og_type":"article","og_title":"Koost\u00f6\u00f6partnerid - FYSIOKESKUS","og_description":"Tartu \u00dclikool Tartu \u00dclikooli Sporditeaduste ja f\u00fcsioteraapia instituut R\u00e4nilinna perearstikeskus Piigaste S\u00fcdamekodu Kastre Kodu Stebby Equa Ortoteek MT\u00dc Eesti Laste ja Noorte Diabeedi\u00fching Heino Elleri Muusikakool Tervisekassa \u00a0","og_url":"https:\/\/fysiokeskus.ee\/en\/firmast\/koostoopartnerid\/","og_site_name":"FYSIOKESKUS","article_publisher":"https:\/\/www.facebook.com\/Fysiokeskus.ee","article_modified_time":"2024-11-04T12:47:12+00:00","twitter_card":"summary_large_image","twitter_misc":{"Est. reading time":"1 minute"},"schema":{"@context":"https:\/\/schema.org","@graph":[{"@type":"WebPage","@id":"https:\/\/fysiokeskus.ee\/firmast\/koostoopartnerid\/","url":"https:\/\/fysiokeskus.ee\/firmast\/koostoopartnerid\/","name":"Koost\u00f6\u00f6partnerid - FYSIOKESKUS","isPartOf":{"@id":"https:\/\/fysiokeskus.ee\/#website"},"datePublished":"2014-04-23T15:51:00+00:00","dateModified":"2024-11-04T12:47:12+00:00","breadcrumb":{"@id":"https:\/\/fysiokeskus.ee\/firmast\/koostoopartnerid\/#breadcrumb"},"inLanguage":"en-US","potentialAction":[{"@type":"ReadAction","target":["https:\/\/fysiokeskus.ee\/firmast\/koostoopartnerid\/"]}]},{"@type":"BreadcrumbList","@id":"https:\/\/fysiokeskus.ee\/firmast\/koostoopartnerid\/#breadcrumb","itemListElement":[{"@type":"ListItem","position":1,"name":"Ettev\u00f5ttest","item":"https:\/\/fysiokeskus.ee\/firmast\/"},{"@type":"ListItem","position":2,"name":"Koost\u00f6\u00f6partnerid"}]},{"@type":"WebSite","@id":"https:\/\/fysiokeskus.ee\/#website","url":"https:\/\/fysiokeskus.ee\/","name":"FYSIOKESKUS","description":"F\u00fcsioteraapia ja massaa\u017e","publisher":{"@id":"https:\/\/fysiokeskus.ee\/#organization"},"potentialAction":[{"@type":"SearchAction","target":{"@type":"EntryPoint","urlTemplate":"https:\/\/fysiokeskus.ee\/?s={search_term_string}"},"query-input":{"@type":"PropertyValueSpecification","valueRequired":true,"valueName":"search_term_string"}}],"inLanguage":"en-US"},{"@type":"Organization","@id":"https:\/\/fysiokeskus.ee\/#organization","name":"FYSIOKESKUS","url":"https:\/\/fysiokeskus.ee\/","logo":{"@type":"ImageObject","inLanguage":"en-US","@id":"https:\/\/fysiokeskus.ee\/#\/schema\/logo\/image\/","url":"https:\/\/fysiokeskus.ee\/wp-content\/uploads\/2022\/10\/FK1.png","contentUrl":"https:\/\/fysiokeskus.ee\/wp-content\/uploads\/2022\/10\/FK1.png","width":885,"height":387,"caption":"FYSIOKESKUS"},"image":{"@id":"https:\/\/fysiokeskus.ee\/#\/schema\/logo\/image\/"},"sameAs":["https:\/\/www.facebook.com\/Fysiokeskus.ee"]}]}},"jetpack_sharing_enabled":true,"_links":{"self":[{"href":"https:\/\/fysiokeskus.ee\/en\/wp-json\/wp\/v2\/pages\/34","targetHints":{"allow":["GET"]}}],"collection":[{"href":"https:\/\/fysiokeskus.ee\/en\/wp-json\/wp\/v2\/pages"}],"about":[{"href":"https:\/\/fysiokeskus.ee\/en\/wp-json\/wp\/v2\/types\/page"}],"author":[{"embeddable":true,"href":"https:\/\/fysiokeskus.ee\/en\/wp-json\/wp\/v2\/users\/1"}],"replies":[{"embeddable":true,"href":"https:\/\/fysiokeskus.ee\/en\/wp-json\/wp\/v2\/comments?post=34"}],"version-history":[{"count":33,"href":"https:\/\/fysiokeskus.ee\/en\/wp-json\/wp\/v2\/pages\/34\/revisions"}],"predecessor-version":[{"id":2996,"href":"https:\/\/fysiokeskus.ee\/en\/wp-json\/wp\/v2\/pages\/34\/revisions\/2996"}],"up":[{"embeddable":true,"href":"https:\/\/fysiokeskus.ee\/en\/wp-json\/wp\/v2\/pages\/10"}],"wp:attachment":[{"href":"https:\/\/fysiokeskus.ee\/en\/wp-json\/wp\/v2\/media?parent=34"}],"curies":[{"name":"wp","href":"https:\/\/api.w.org\/{rel}","templated":true}]}}