{"id":3223,"date":"2026-03-24T16:54:24","date_gmt":"2026-03-24T13:54:24","guid":{"rendered":"https:\/\/fysiokeskus.ee\/?page_id=3223"},"modified":"2026-03-24T17:30:57","modified_gmt":"2026-03-24T14:30:57","slug":"elementor-3223","status":"publish","type":"page","link":"https:\/\/fysiokeskus.ee\/en\/elementor-3223\/","title":{"rendered":"Jane P\u00e4rn (MSc)"},"content":{"rendered":"<div data-elementor-type=\"wp-page\" data-elementor-id=\"3223\" class=\"elementor elementor-3223\" data-elementor-post-type=\"page\">\n\t\t\t\t\t\t<section class=\"elementor-section elementor-top-section elementor-element elementor-element-ff5394b elementor-section-boxed elementor-section-height-default elementor-section-height-default\" data-id=\"ff5394b\" data-element_type=\"section\" data-e-type=\"section\">\n\t\t\t\t\t\t<div class=\"elementor-container elementor-column-gap-default\">\n\t\t\t\t\t<div class=\"elementor-column elementor-col-50 elementor-top-column elementor-element elementor-element-906ec62\" data-id=\"906ec62\" data-element_type=\"column\" data-e-type=\"column\">\n\t\t\t<div class=\"elementor-widget-wrap elementor-element-populated\">\n\t\t\t\t\t\t<div class=\"elementor-element elementor-element-dd3e4da elementor-widget elementor-widget-text-editor\" data-id=\"dd3e4da\" data-element_type=\"widget\" data-e-type=\"widget\" data-widget_type=\"text-editor.default\">\n\t\t\t\t<div class=\"elementor-widget-container\">\n\t\t\t\t\t\t\t\t\t<h1><strong>Jane P\u00e4rn<\/strong><\/h1><div style=\"border: 0px; font-variant-numeric: inherit; font-variant-east-asian: inherit; font-variant-alternates: inherit; font-variant-position: inherit; font-variant-emoji: inherit; font-stretch: inherit; font-size: 15px; line-height: inherit; font-family: 'Segoe UI', 'Segoe UI Web (West European)', -apple-system, BlinkMacSystemFont, Roboto, 'Helvetica Neue', sans-serif; font-optical-sizing: inherit; font-size-adjust: inherit; font-kerning: inherit; font-feature-settings: inherit; font-variation-settings: inherit; font-language-override: inherit; margin: 0px; padding: 0px; vertical-align: baseline; color: #000000; letter-spacing: normal;\">\u00a0<\/div><div style=\"border: 0px; font-variant-numeric: inherit; font-variant-east-asian: inherit; font-variant-alternates: inherit; font-variant-position: inherit; font-variant-emoji: inherit; font-stretch: inherit; font-size: 15px; line-height: inherit; font-family: 'Segoe UI', 'Segoe UI Web (West European)', -apple-system, BlinkMacSystemFont, Roboto, 'Helvetica Neue', sans-serif; font-optical-sizing: inherit; font-size-adjust: inherit; font-kerning: inherit; font-feature-settings: inherit; font-variation-settings: inherit; font-language-override: inherit; margin: 0px; padding: 0px; vertical-align: baseline; color: #000000; letter-spacing: normal;\"><b>Kontaktid:<\/b>\u00a0<\/div><div>Tel 53 345 618; e-mail <a style=\"border: 0px; font: inherit; margin: 0px; padding: 0px; vertical-align: baseline;\" title=\"mailto:janeparn10@gmail.com\" href=\"mailto:janeparn10@gmail.com\" data-linkindex=\"2\">janeparn10@gmail.com<\/a>\u00a0<\/div><div style=\"border: 0px; font-variant-numeric: inherit; font-variant-east-asian: inherit; font-variant-alternates: inherit; font-variant-position: inherit; font-variant-emoji: inherit; font-stretch: inherit; font-size: 15px; line-height: inherit; font-family: 'Segoe UI', 'Segoe UI Web (West European)', -apple-system, BlinkMacSystemFont, Roboto, 'Helvetica Neue', sans-serif; font-optical-sizing: inherit; font-size-adjust: inherit; font-kerning: inherit; font-feature-settings: inherit; font-variation-settings: inherit; font-language-override: inherit; margin: 0px; padding: 0px; vertical-align: baseline; color: #000000; letter-spacing: normal;\">\u00a0<\/div><div style=\"border: 0px; font-variant-numeric: inherit; font-variant-east-asian: inherit; font-variant-alternates: inherit; font-variant-position: inherit; font-variant-emoji: inherit; font-stretch: inherit; font-size: 15px; line-height: inherit; font-family: 'Segoe UI', 'Segoe UI Web (West European)', -apple-system, BlinkMacSystemFont, Roboto, 'Helvetica Neue', sans-serif; font-optical-sizing: inherit; font-size-adjust: inherit; font-kerning: inherit; font-feature-settings: inherit; font-variation-settings: inherit; font-language-override: inherit; margin: 0px; padding: 0px; vertical-align: baseline; color: #000000; letter-spacing: normal;\"><b><span style=\"text-decoration: underline;\">Haridustee<\/span>:\u00a0<\/b><\/div><div style=\"border: 0px; font-variant-numeric: inherit; font-variant-east-asian: inherit; font-variant-alternates: inherit; font-variant-position: inherit; font-variant-emoji: inherit; font-stretch: inherit; font-size: 15px; line-height: inherit; font-family: 'Segoe UI', 'Segoe UI Web (West European)', -apple-system, BlinkMacSystemFont, Roboto, 'Helvetica Neue', sans-serif; font-optical-sizing: inherit; font-size-adjust: inherit; font-kerning: inherit; font-feature-settings: inherit; font-variation-settings: inherit; font-language-override: inherit; margin: 0px; padding: 0px; vertical-align: baseline; color: #000000; letter-spacing: normal;\">2021-2024 Tartu Tervishoiu K\u00f5rgkooli f\u00fcsioteraapia eriala<\/div><div style=\"border: 0px; font-variant-numeric: inherit; font-variant-east-asian: inherit; font-variant-alternates: inherit; font-variant-position: inherit; font-variant-emoji: inherit; font-stretch: inherit; font-size: 15px; line-height: inherit; font-family: 'Segoe UI', 'Segoe UI Web (West European)', -apple-system, BlinkMacSystemFont, Roboto, 'Helvetica Neue', sans-serif; font-optical-sizing: inherit; font-size-adjust: inherit; font-kerning: inherit; font-feature-settings: inherit; font-variation-settings: inherit; font-language-override: inherit; margin: 0px; padding: 0px; vertical-align: baseline; color: #000000; letter-spacing: normal;\">2022-2027 Tantsuspetsialisti kutse, tase 5<\/div><div style=\"border: 0px; font-variant-numeric: inherit; font-variant-east-asian: inherit; font-variant-alternates: inherit; font-variant-position: inherit; font-variant-emoji: inherit; font-stretch: inherit; font-size: 15px; line-height: inherit; font-family: 'Segoe UI', 'Segoe UI Web (West European)', -apple-system, BlinkMacSystemFont, Roboto, 'Helvetica Neue', sans-serif; font-optical-sizing: inherit; font-size-adjust: inherit; font-kerning: inherit; font-feature-settings: inherit; font-variation-settings: inherit; font-language-override: inherit; margin: 0px; padding: 0px; vertical-align: baseline; color: #000000; letter-spacing: normal;\">2023-2028 Laagri kasvataja- ja juhataja kutse, tase 6<\/div><div style=\"border: 0px; font-variant-numeric: inherit; font-variant-east-asian: inherit; font-variant-alternates: inherit; font-variant-position: inherit; font-variant-emoji: inherit; font-stretch: inherit; font-size: 15px; line-height: inherit; font-family: 'Segoe UI', 'Segoe UI Web (West European)', -apple-system, BlinkMacSystemFont, Roboto, 'Helvetica Neue', sans-serif; font-optical-sizing: inherit; font-size-adjust: inherit; font-kerning: inherit; font-feature-settings: inherit; font-variation-settings: inherit; font-language-override: inherit; margin: 0px; padding: 0px; vertical-align: baseline; color: #000000; letter-spacing: normal;\">\u00a0<\/div><div style=\"border: 0px; font-variant-numeric: inherit; font-variant-east-asian: inherit; font-variant-alternates: inherit; font-variant-position: inherit; font-variant-emoji: inherit; font-stretch: inherit; font-size: 15px; line-height: inherit; font-family: 'Segoe UI', 'Segoe UI Web (West European)', -apple-system, BlinkMacSystemFont, Roboto, 'Helvetica Neue', sans-serif; font-optical-sizing: inherit; font-size-adjust: inherit; font-kerning: inherit; font-feature-settings: inherit; font-variation-settings: inherit; font-language-override: inherit; margin: 0px; padding: 0px; vertical-align: baseline; color: #000000; letter-spacing: normal;\"><b><span style=\"text-decoration: underline;\">T\u00f6\u00f6kogemus<\/span>:<\/b><\/div><div style=\"border: 0px; font-variant-numeric: inherit; font-variant-east-asian: inherit; font-variant-alternates: inherit; font-variant-position: inherit; font-variant-emoji: inherit; font-stretch: inherit; font-size: 15px; line-height: inherit; font-family: 'Segoe UI', 'Segoe UI Web (West European)', -apple-system, BlinkMacSystemFont, Roboto, 'Helvetica Neue', sans-serif; font-optical-sizing: inherit; font-size-adjust: inherit; font-kerning: inherit; font-feature-settings: inherit; font-variation-settings: inherit; font-language-override: inherit; margin: 0px; padding: 0px; vertical-align: baseline; color: #000000; letter-spacing: normal;\">2021-&#8230;\u00a0 \u00a0 \u00a0 tantsu\u00f5petaja Bertram Studios<\/div><div style=\"border: 0px; font-variant-numeric: inherit; font-variant-east-asian: inherit; font-variant-alternates: inherit; font-variant-position: inherit; font-variant-emoji: inherit; font-stretch: inherit; font-size: 15px; line-height: inherit; font-family: 'Segoe UI', 'Segoe UI Web (West European)', -apple-system, BlinkMacSystemFont, Roboto, 'Helvetica Neue', sans-serif; font-optical-sizing: inherit; font-size-adjust: inherit; font-kerning: inherit; font-feature-settings: inherit; font-variation-settings: inherit; font-language-override: inherit; margin: 0px; padding: 0px; vertical-align: baseline; color: #000000; letter-spacing: normal;\">2024-2025 mass\u00f6\u00f6r V-spas\u00a0<\/div><div style=\"border: 0px; font-variant-numeric: inherit; font-variant-east-asian: inherit; font-variant-alternates: inherit; font-variant-position: inherit; font-variant-emoji: inherit; font-stretch: inherit; font-size: 15px; line-height: inherit; font-family: 'Segoe UI', 'Segoe UI Web (West European)', -apple-system, BlinkMacSystemFont, Roboto, 'Helvetica Neue', sans-serif; font-optical-sizing: inherit; font-size-adjust: inherit; font-kerning: inherit; font-feature-settings: inherit; font-variation-settings: inherit; font-language-override: inherit; margin: 0px; padding: 0px; vertical-align: baseline; color: #000000; letter-spacing: normal;\">2024-2025 f\u00fcsioterapeut Bodytherapy taastusravi ja f\u00fcsioteraapiakeskus<\/div><div style=\"border: 0px; font-variant-numeric: inherit; font-variant-east-asian: inherit; font-variant-alternates: inherit; font-variant-position: inherit; font-variant-emoji: inherit; font-stretch: inherit; font-size: 15px; line-height: inherit; font-family: 'Segoe UI', 'Segoe UI Web (West European)', -apple-system, BlinkMacSystemFont, Roboto, 'Helvetica Neue', sans-serif; font-optical-sizing: inherit; font-size-adjust: inherit; font-kerning: inherit; font-feature-settings: inherit; font-variation-settings: inherit; font-language-override: inherit; margin: 0px; padding: 0px; vertical-align: baseline; color: #000000; letter-spacing: normal;\">2025-&#8230;\u00a0 \u00a0 \u00a0 f\u00fcsioterapeut Rahvusteater Vanemuine balletitantsijatele<\/div><div style=\"border: 0px; font-variant-numeric: inherit; font-variant-east-asian: inherit; font-variant-alternates: inherit; font-variant-position: inherit; font-variant-emoji: inherit; font-stretch: inherit; font-size: 15px; line-height: inherit; font-family: 'Segoe UI', 'Segoe UI Web (West European)', -apple-system, BlinkMacSystemFont, Roboto, 'Helvetica Neue', sans-serif; font-optical-sizing: inherit; font-size-adjust: inherit; font-kerning: inherit; font-feature-settings: inherit; font-variation-settings: inherit; font-language-override: inherit; margin: 0px; padding: 0px; vertical-align: baseline; color: #000000; letter-spacing: normal;\">\u00a0<\/div><div style=\"border: 0px; font-variant-numeric: inherit; font-variant-east-asian: inherit; font-variant-alternates: inherit; font-variant-position: inherit; font-variant-emoji: inherit; font-stretch: inherit; font-size: 15px; line-height: inherit; font-family: 'Segoe UI', 'Segoe UI Web (West European)', -apple-system, BlinkMacSystemFont, Roboto, 'Helvetica Neue', sans-serif; font-optical-sizing: inherit; font-size-adjust: inherit; font-kerning: inherit; font-feature-settings: inherit; font-variation-settings: inherit; font-language-override: inherit; margin: 0px; padding: 0px; vertical-align: baseline; color: #000000; letter-spacing: normal;\"><b><span style=\"text-decoration: underline;\">Spetsialiseerumine<\/span>:<br \/><\/b>Skeleti-lihass\u00fcsteemi f\u00fcsioteraapia, trauma- ja operatsioonij\u00e4rgne f\u00fcsioteraapia.<\/div><div style=\"border: 0px; font-variant-numeric: inherit; font-variant-east-asian: inherit; font-variant-alternates: inherit; font-variant-position: inherit; font-variant-emoji: inherit; font-stretch: inherit; font-size: 15px; line-height: inherit; font-family: 'Segoe UI', 'Segoe UI Web (West European)', -apple-system, BlinkMacSystemFont, Roboto, 'Helvetica Neue', sans-serif; font-optical-sizing: inherit; font-size-adjust: inherit; font-kerning: inherit; font-feature-settings: inherit; font-variation-settings: inherit; font-language-override: inherit; margin: 0px; padding: 0px; vertical-align: baseline; color: #000000; letter-spacing: normal;\">\u00a0<\/div><div style=\"border: 0px; font-variant-numeric: inherit; font-variant-east-asian: inherit; font-variant-alternates: inherit; font-variant-position: inherit; font-variant-emoji: inherit; font-stretch: inherit; font-size: 15px; line-height: inherit; font-family: 'Segoe UI', 'Segoe UI Web (West European)', -apple-system, BlinkMacSystemFont, Roboto, 'Helvetica Neue', sans-serif; font-optical-sizing: inherit; font-size-adjust: inherit; font-kerning: inherit; font-feature-settings: inherit; font-variation-settings: inherit; font-language-override: inherit; margin: 0px; padding: 0px; vertical-align: baseline; color: #000000; letter-spacing: normal;\"><span style=\"text-decoration: underline;\"><b>Vabal ajal<\/b><\/span> tegeleb j\u00f5usaali, tantsu, ronimise ja veespordiga (surfamine ja veelaud).<\/div><div>\u00a0<\/div>\t\t\t\t\t\t\t\t<\/div>\n\t\t\t\t<\/div>\n\t\t\t\t\t<\/div>\n\t\t<\/div>\n\t\t\t\t<div class=\"elementor-column elementor-col-50 elementor-top-column elementor-element elementor-element-c4832c5\" data-id=\"c4832c5\" data-element_type=\"column\" data-e-type=\"column\">\n\t\t\t<div class=\"elementor-widget-wrap elementor-element-populated\">\n\t\t\t\t\t\t<div class=\"elementor-element elementor-element-400c74a elementor-widget elementor-widget-image\" data-id=\"400c74a\" data-element_type=\"widget\" data-e-type=\"widget\" data-widget_type=\"image.default\">\n\t\t\t\t<div class=\"elementor-widget-container\">\n\t\t\t\t\t\t\t\t\t\t\t\t\t\t\t<img fetchpriority=\"high\" decoding=\"async\" width=\"683\" height=\"1024\" src=\"https:\/\/fysiokeskus.ee\/wp-content\/uploads\/2026\/03\/IMG_8446-1-1-683x1024.jpg\" class=\"attachment-large size-large wp-image-3239\" alt=\"\" srcset=\"https:\/\/fysiokeskus.ee\/wp-content\/uploads\/2026\/03\/IMG_8446-1-1-683x1024.jpg 683w, https:\/\/fysiokeskus.ee\/wp-content\/uploads\/2026\/03\/IMG_8446-1-1-200x300.jpg 200w, https:\/\/fysiokeskus.ee\/wp-content\/uploads\/2026\/03\/IMG_8446-1-1-768x1152.jpg 768w, https:\/\/fysiokeskus.ee\/wp-content\/uploads\/2026\/03\/IMG_8446-1-1-1024x1536.jpg 1024w, https:\/\/fysiokeskus.ee\/wp-content\/uploads\/2026\/03\/IMG_8446-1-1-1365x2048.jpg 1365w, https:\/\/fysiokeskus.ee\/wp-content\/uploads\/2026\/03\/IMG_8446-1-1-8x12.jpg 8w, https:\/\/fysiokeskus.ee\/wp-content\/uploads\/2026\/03\/IMG_8446-1-1-scaled.jpg 1707w\" sizes=\"(max-width: 683px) 100vw, 683px\" \/>\t\t\t\t\t\t\t\t\t\t\t\t\t\t\t<\/div>\n\t\t\t\t<\/div>\n\t\t\t\t\t<\/div>\n\t\t<\/div>\n\t\t\t\t\t<\/div>\n\t\t<\/section>\n\t\t\t\t<\/div>","protected":false},"excerpt":{"rendered":"<p>Jane P\u00e4rn \u00a0Kontaktid:\u00a0Tel 53 345 618; e-mail janeparn10@gmail.com\u00a0\u00a0Haridustee:\u00a02021-2024 Tartu Tervishoiu K\u00f5rgkooli f\u00fcsioteraapia eriala2022-2027 Tantsuspetsialisti kutse, tase 52023-2028 Laagri kasvataja- ja juhataja kutse, tase 6\u00a0T\u00f6\u00f6kogemus:2021-&#8230;\u00a0 \u00a0 \u00a0 tantsu\u00f5petaja Bertram Studios2024-2025 mass\u00f6\u00f6r V-spas\u00a02024-2025 f\u00fcsioterapeut Bodytherapy taastusravi ja f\u00fcsioteraapiakeskus2025-&#8230;\u00a0 \u00a0 \u00a0 f\u00fcsioterapeut Rahvusteater Vanemuine balletitantsijatele\u00a0Spetsialiseerumine:Skeleti-lihass\u00fcsteemi f\u00fcsioteraapia, trauma- ja operatsioonij\u00e4rgne f\u00fcsioteraapia.\u00a0Vabal ajal tegeleb j\u00f5usaali, tantsu, ronimise ja veespordiga (surfamine [&hellip;]<\/p>\n","protected":false},"author":2,"featured_media":0,"parent":0,"menu_order":0,"comment_status":"closed","ping_status":"closed","template":"","meta":{"_monsterinsights_skip_tracking":false,"_monsterinsights_sitenote_active":false,"_monsterinsights_sitenote_note":"","_monsterinsights_sitenote_category":0,"footnotes":""},"class_list":["post-3223","page","type-page","status-publish","hentry"],"yoast_head":"<!-- This site is optimized with the Yoast SEO plugin v27.5 - https:\/\/yoast.com\/product\/yoast-seo-wordpress\/ -->\n<title>Jane P\u00e4rn (MSc) - FYSIOKESKUS<\/title>\n<meta name=\"robots\" content=\"index, follow, max-snippet:-1, max-image-preview:large, max-video-preview:-1\" \/>\n<link rel=\"canonical\" href=\"https:\/\/fysiokeskus.ee\/en\/elementor-3223\/\" \/>\n<meta property=\"og:locale\" content=\"en_US\" \/>\n<meta property=\"og:type\" content=\"article\" \/>\n<meta property=\"og:title\" content=\"Jane P\u00e4rn (MSc) - FYSIOKESKUS\" \/>\n<meta property=\"og:description\" content=\"Jane P\u00e4rn \u00a0Kontaktid:\u00a0Tel 53 345 618; e-mail janeparn10@gmail.com\u00a0\u00a0Haridustee:\u00a02021-2024 Tartu Tervishoiu K\u00f5rgkooli f\u00fcsioteraapia eriala2022-2027 Tantsuspetsialisti kutse, tase 52023-2028 Laagri kasvataja- ja juhataja kutse, tase 6\u00a0T\u00f6\u00f6kogemus:2021-&#8230;\u00a0 \u00a0 \u00a0 tantsu\u00f5petaja Bertram Studios2024-2025 mass\u00f6\u00f6r V-spas\u00a02024-2025 f\u00fcsioterapeut Bodytherapy taastusravi ja f\u00fcsioteraapiakeskus2025-&#8230;\u00a0 \u00a0 \u00a0 f\u00fcsioterapeut Rahvusteater Vanemuine balletitantsijatele\u00a0Spetsialiseerumine:Skeleti-lihass\u00fcsteemi f\u00fcsioteraapia, trauma- ja operatsioonij\u00e4rgne f\u00fcsioteraapia.\u00a0Vabal ajal tegeleb j\u00f5usaali, tantsu, ronimise ja veespordiga (surfamine [&hellip;]\" \/>\n<meta property=\"og:url\" content=\"https:\/\/fysiokeskus.ee\/en\/elementor-3223\/\" \/>\n<meta property=\"og:site_name\" content=\"FYSIOKESKUS\" \/>\n<meta property=\"article:publisher\" content=\"https:\/\/www.facebook.com\/Fysiokeskus.ee\" \/>\n<meta property=\"article:modified_time\" content=\"2026-03-24T14:30:57+00:00\" \/>\n<meta property=\"og:image\" content=\"https:\/\/fysiokeskus.ee\/wp-content\/uploads\/2026\/03\/IMG_8446-1-1-683x1024.jpg\" \/>\n<meta name=\"twitter:card\" content=\"summary_large_image\" \/>\n<script type=\"application\/ld+json\" class=\"yoast-schema-graph\">{\"@context\":\"https:\\\/\\\/schema.org\",\"@graph\":[{\"@type\":\"WebPage\",\"@id\":\"https:\\\/\\\/fysiokeskus.ee\\\/elementor-3223\\\/\",\"url\":\"https:\\\/\\\/fysiokeskus.ee\\\/elementor-3223\\\/\",\"name\":\"Jane P\u00e4rn (MSc) - FYSIOKESKUS\",\"isPartOf\":{\"@id\":\"https:\\\/\\\/fysiokeskus.ee\\\/#website\"},\"primaryImageOfPage\":{\"@id\":\"https:\\\/\\\/fysiokeskus.ee\\\/elementor-3223\\\/#primaryimage\"},\"image\":{\"@id\":\"https:\\\/\\\/fysiokeskus.ee\\\/elementor-3223\\\/#primaryimage\"},\"thumbnailUrl\":\"https:\\\/\\\/fysiokeskus.ee\\\/wp-content\\\/uploads\\\/2026\\\/03\\\/IMG_8446-1-1-683x1024.jpg\",\"datePublished\":\"2026-03-24T13:54:24+00:00\",\"dateModified\":\"2026-03-24T14:30:57+00:00\",\"inLanguage\":\"en-US\",\"potentialAction\":[{\"@type\":\"ReadAction\",\"target\":[\"https:\\\/\\\/fysiokeskus.ee\\\/elementor-3223\\\/\"]}]},{\"@type\":\"ImageObject\",\"inLanguage\":\"en-US\",\"@id\":\"https:\\\/\\\/fysiokeskus.ee\\\/elementor-3223\\\/#primaryimage\",\"url\":\"https:\\\/\\\/fysiokeskus.ee\\\/wp-content\\\/uploads\\\/2026\\\/03\\\/IMG_8446-1-1-683x1024.jpg\",\"contentUrl\":\"https:\\\/\\\/fysiokeskus.ee\\\/wp-content\\\/uploads\\\/2026\\\/03\\\/IMG_8446-1-1-683x1024.jpg\"},{\"@type\":\"WebSite\",\"@id\":\"https:\\\/\\\/fysiokeskus.ee\\\/#website\",\"url\":\"https:\\\/\\\/fysiokeskus.ee\\\/\",\"name\":\"FYSIOKESKUS\",\"description\":\"F\u00fcsioteraapia ja massaa\u017e\",\"publisher\":{\"@id\":\"https:\\\/\\\/fysiokeskus.ee\\\/#organization\"},\"potentialAction\":[{\"@type\":\"SearchAction\",\"target\":{\"@type\":\"EntryPoint\",\"urlTemplate\":\"https:\\\/\\\/fysiokeskus.ee\\\/?s={search_term_string}\"},\"query-input\":{\"@type\":\"PropertyValueSpecification\",\"valueRequired\":true,\"valueName\":\"search_term_string\"}}],\"inLanguage\":\"en-US\"},{\"@type\":\"Organization\",\"@id\":\"https:\\\/\\\/fysiokeskus.ee\\\/#organization\",\"name\":\"FYSIOKESKUS\",\"url\":\"https:\\\/\\\/fysiokeskus.ee\\\/\",\"logo\":{\"@type\":\"ImageObject\",\"inLanguage\":\"en-US\",\"@id\":\"https:\\\/\\\/fysiokeskus.ee\\\/#\\\/schema\\\/logo\\\/image\\\/\",\"url\":\"https:\\\/\\\/fysiokeskus.ee\\\/wp-content\\\/uploads\\\/2022\\\/10\\\/FK1.png\",\"contentUrl\":\"https:\\\/\\\/fysiokeskus.ee\\\/wp-content\\\/uploads\\\/2022\\\/10\\\/FK1.png\",\"width\":885,\"height\":387,\"caption\":\"FYSIOKESKUS\"},\"image\":{\"@id\":\"https:\\\/\\\/fysiokeskus.ee\\\/#\\\/schema\\\/logo\\\/image\\\/\"},\"sameAs\":[\"https:\\\/\\\/www.facebook.com\\\/Fysiokeskus.ee\"]}]}<\/script>\n<!-- \/ Yoast SEO plugin. -->","yoast_head_json":{"title":"Jane P\u00e4rn (MSc) - FYSIOKESKUS","robots":{"index":"index","follow":"follow","max-snippet":"max-snippet:-1","max-image-preview":"max-image-preview:large","max-video-preview":"max-video-preview:-1"},"canonical":"https:\/\/fysiokeskus.ee\/en\/elementor-3223\/","og_locale":"en_US","og_type":"article","og_title":"Jane P\u00e4rn (MSc) - FYSIOKESKUS","og_description":"Jane P\u00e4rn \u00a0Kontaktid:\u00a0Tel 53 345 618; e-mail janeparn10@gmail.com\u00a0\u00a0Haridustee:\u00a02021-2024 Tartu Tervishoiu K\u00f5rgkooli f\u00fcsioteraapia eriala2022-2027 Tantsuspetsialisti kutse, tase 52023-2028 Laagri kasvataja- ja juhataja kutse, tase 6\u00a0T\u00f6\u00f6kogemus:2021-&#8230;\u00a0 \u00a0 \u00a0 tantsu\u00f5petaja Bertram Studios2024-2025 mass\u00f6\u00f6r V-spas\u00a02024-2025 f\u00fcsioterapeut Bodytherapy taastusravi ja f\u00fcsioteraapiakeskus2025-&#8230;\u00a0 \u00a0 \u00a0 f\u00fcsioterapeut Rahvusteater Vanemuine balletitantsijatele\u00a0Spetsialiseerumine:Skeleti-lihass\u00fcsteemi f\u00fcsioteraapia, trauma- ja operatsioonij\u00e4rgne f\u00fcsioteraapia.\u00a0Vabal ajal tegeleb j\u00f5usaali, tantsu, ronimise ja veespordiga (surfamine [&hellip;]","og_url":"https:\/\/fysiokeskus.ee\/en\/elementor-3223\/","og_site_name":"FYSIOKESKUS","article_publisher":"https:\/\/www.facebook.com\/Fysiokeskus.ee","article_modified_time":"2026-03-24T14:30:57+00:00","og_image":[{"url":"https:\/\/fysiokeskus.ee\/wp-content\/uploads\/2026\/03\/IMG_8446-1-1-683x1024.jpg","type":"","width":"","height":""}],"twitter_card":"summary_large_image","schema":{"@context":"https:\/\/schema.org","@graph":[{"@type":"WebPage","@id":"https:\/\/fysiokeskus.ee\/elementor-3223\/","url":"https:\/\/fysiokeskus.ee\/elementor-3223\/","name":"Jane P\u00e4rn (MSc) - FYSIOKESKUS","isPartOf":{"@id":"https:\/\/fysiokeskus.ee\/#website"},"primaryImageOfPage":{"@id":"https:\/\/fysiokeskus.ee\/elementor-3223\/#primaryimage"},"image":{"@id":"https:\/\/fysiokeskus.ee\/elementor-3223\/#primaryimage"},"thumbnailUrl":"https:\/\/fysiokeskus.ee\/wp-content\/uploads\/2026\/03\/IMG_8446-1-1-683x1024.jpg","datePublished":"2026-03-24T13:54:24+00:00","dateModified":"2026-03-24T14:30:57+00:00","inLanguage":"en-US","potentialAction":[{"@type":"ReadAction","target":["https:\/\/fysiokeskus.ee\/elementor-3223\/"]}]},{"@type":"ImageObject","inLanguage":"en-US","@id":"https:\/\/fysiokeskus.ee\/elementor-3223\/#primaryimage","url":"https:\/\/fysiokeskus.ee\/wp-content\/uploads\/2026\/03\/IMG_8446-1-1-683x1024.jpg","contentUrl":"https:\/\/fysiokeskus.ee\/wp-content\/uploads\/2026\/03\/IMG_8446-1-1-683x1024.jpg"},{"@type":"WebSite","@id":"https:\/\/fysiokeskus.ee\/#website","url":"https:\/\/fysiokeskus.ee\/","name":"FYSIOKESKUS","description":"F\u00fcsioteraapia ja massaa\u017e","publisher":{"@id":"https:\/\/fysiokeskus.ee\/#organization"},"potentialAction":[{"@type":"SearchAction","target":{"@type":"EntryPoint","urlTemplate":"https:\/\/fysiokeskus.ee\/?s={search_term_string}"},"query-input":{"@type":"PropertyValueSpecification","valueRequired":true,"valueName":"search_term_string"}}],"inLanguage":"en-US"},{"@type":"Organization","@id":"https:\/\/fysiokeskus.ee\/#organization","name":"FYSIOKESKUS","url":"https:\/\/fysiokeskus.ee\/","logo":{"@type":"ImageObject","inLanguage":"en-US","@id":"https:\/\/fysiokeskus.ee\/#\/schema\/logo\/image\/","url":"https:\/\/fysiokeskus.ee\/wp-content\/uploads\/2022\/10\/FK1.png","contentUrl":"https:\/\/fysiokeskus.ee\/wp-content\/uploads\/2022\/10\/FK1.png","width":885,"height":387,"caption":"FYSIOKESKUS"},"image":{"@id":"https:\/\/fysiokeskus.ee\/#\/schema\/logo\/image\/"},"sameAs":["https:\/\/www.facebook.com\/Fysiokeskus.ee"]}]}},"jetpack_sharing_enabled":true,"_links":{"self":[{"href":"https:\/\/fysiokeskus.ee\/en\/wp-json\/wp\/v2\/pages\/3223","targetHints":{"allow":["GET"]}}],"collection":[{"href":"https:\/\/fysiokeskus.ee\/en\/wp-json\/wp\/v2\/pages"}],"about":[{"href":"https:\/\/fysiokeskus.ee\/en\/wp-json\/wp\/v2\/types\/page"}],"author":[{"embeddable":true,"href":"https:\/\/fysiokeskus.ee\/en\/wp-json\/wp\/v2\/users\/2"}],"replies":[{"embeddable":true,"href":"https:\/\/fysiokeskus.ee\/en\/wp-json\/wp\/v2\/comments?post=3223"}],"version-history":[{"count":18,"href":"https:\/\/fysiokeskus.ee\/en\/wp-json\/wp\/v2\/pages\/3223\/revisions"}],"predecessor-version":[{"id":3252,"href":"https:\/\/fysiokeskus.ee\/en\/wp-json\/wp\/v2\/pages\/3223\/revisions\/3252"}],"wp:attachment":[{"href":"https:\/\/fysiokeskus.ee\/en\/wp-json\/wp\/v2\/media?parent=3223"}],"curies":[{"name":"wp","href":"https:\/\/api.w.org\/{rel}","templated":true}]}}