{"id":3108,"date":"2025-10-24T22:53:20","date_gmt":"2025-10-24T19:53:20","guid":{"rendered":"https:\/\/fysiokeskus.ee\/?page_id=3108"},"modified":"2025-10-24T22:54:49","modified_gmt":"2025-10-24T19:54:49","slug":"monika-mets-phd","status":"publish","type":"page","link":"https:\/\/fysiokeskus.ee\/en\/monika-mets-phd\/","title":{"rendered":"Monika Mets (PhD)"},"content":{"rendered":"<div data-elementor-type=\"wp-page\" data-elementor-id=\"3108\" class=\"elementor elementor-3108\" data-elementor-post-type=\"page\">\n\t\t\t\t\t\t<section class=\"elementor-section elementor-top-section elementor-element elementor-element-fe2567d elementor-section-boxed elementor-section-height-default elementor-section-height-default\" data-id=\"fe2567d\" data-element_type=\"section\" data-e-type=\"section\">\n\t\t\t\t\t\t<div class=\"elementor-container elementor-column-gap-default\">\n\t\t\t\t\t<div class=\"elementor-column elementor-col-100 elementor-top-column elementor-element elementor-element-8dbf6c6\" data-id=\"8dbf6c6\" data-element_type=\"column\" data-e-type=\"column\">\n\t\t\t<div class=\"elementor-widget-wrap elementor-element-populated\">\n\t\t\t\t\t\t<section class=\"elementor-section elementor-inner-section elementor-element elementor-element-65f7c6a elementor-section-boxed elementor-section-height-default elementor-section-height-default\" data-id=\"65f7c6a\" data-element_type=\"section\" data-e-type=\"section\">\n\t\t\t\t\t\t<div class=\"elementor-container elementor-column-gap-default\">\n\t\t\t\t\t<div class=\"elementor-column elementor-col-50 elementor-inner-column elementor-element elementor-element-8db418a\" data-id=\"8db418a\" data-element_type=\"column\" data-e-type=\"column\">\n\t\t\t<div class=\"elementor-widget-wrap elementor-element-populated\">\n\t\t\t\t\t\t<div class=\"elementor-element elementor-element-e60a8bb elementor-widget elementor-widget-text-editor\" data-id=\"e60a8bb\" data-element_type=\"widget\" data-e-type=\"widget\" data-widget_type=\"text-editor.default\">\n\t\t\t\t<div class=\"elementor-widget-container\">\n\t\t\t\t\t\t\t\t\t<p><\/p>\n<p><strong>Kontaktid:<\/strong><\/p>\n<p> <\/p>\n<p>Tel 56461728; e-mail monika.ratsepsoo@gmail.com<\/p>\n<p> <\/p>\n<p><strong>Haridustee:<\/strong><\/p>\n<p> <\/p>\n<p>\u2022 2012-2025 Tartu \u00dclikooli liikumis- ja sporditeaduste doktorantuur. Doktorit\u00f6\u00f6 teema \u201cPreoperatiivse koduse harjutusprogrammi m\u00f5ju motoorsele funktsioonile raskekujulise p\u00f5lveliigese osteoartroosiga naistel, kes on suunatud t\u00e4ielikule endoproteesimisele\u201d.<br \/>\u2022 2009-2011 Tartu \u00dclikooli f\u00fcsioteraapia eriala magistri\u00f5pe. Magistrit\u00f6\u00f6 teemal \u201c Alaj\u00e4semete sirutajalihaste isomeetriline maksimaalj\u00f5ud ja keha posturaalne stabiilsus gonartroosiga naispatsientidel enne ja kuus kuud p\u00e4rast t\u00e4ielikku p\u00f5lveliigese endoproteesimist\u201d.<br \/>\u2022 2005-2008 Tartu \u00dclikooli f\u00fcsioteraapia eriala bakalaureuse\u00f5pe.<\/p>\n<p> <\/p>\n<p><strong>T\u00f6\u00f6kogemus:<\/strong><\/p>\n<p> <\/p>\n<p>Lisaks Fysiokeskusele t\u00f6\u00f6tab Monika Tartu \u00dclikooli sporditeaduste ja f\u00fcsioteraapia instituudis laste f\u00fcsioteraapia \u00f5ppej\u00f5una ja laste f\u00fcsioterapeudina erapraksises FysioPai.<br \/>Varasemalt on t\u00f6\u00f6tanud \u00fcld- ja laste f\u00fcsioterapeudina P\u00f5lva Haiglas (2008-2017).<\/p>\n<p> <\/p>\n<p><br \/><strong>Spetsialiseerumine:<\/strong><\/p>\n<p> <\/p>\n<p>Laste f\u00fcsioteraapia, eelk\u00f5ige imikud ja v\u00e4ikelapsed.<br \/>Monikal on f\u00fcsioterapeudi 7. taseme kvalifikatsioon.<\/p>\n<p><\/p>\t\t\t\t\t\t\t\t<\/div>\n\t\t\t\t<\/div>\n\t\t\t\t\t<\/div>\n\t\t<\/div>\n\t\t\t\t<div class=\"elementor-column elementor-col-50 elementor-inner-column elementor-element elementor-element-98e6249\" data-id=\"98e6249\" data-element_type=\"column\" data-e-type=\"column\">\n\t\t\t<div class=\"elementor-widget-wrap elementor-element-populated\">\n\t\t\t\t\t\t<div class=\"elementor-element elementor-element-c613472 elementor-widget elementor-widget-image\" data-id=\"c613472\" data-element_type=\"widget\" data-e-type=\"widget\" data-widget_type=\"image.default\">\n\t\t\t\t<div class=\"elementor-widget-container\">\n\t\t\t\t\t\t\t\t\t\t\t\t\t\t\t<img fetchpriority=\"high\" decoding=\"async\" width=\"735\" height=\"1024\" src=\"https:\/\/fysiokeskus.ee\/wp-content\/uploads\/2025\/10\/IMG_6185-735x1024.jpg\" class=\"attachment-large size-large wp-image-3109\" alt=\"\" srcset=\"https:\/\/fysiokeskus.ee\/wp-content\/uploads\/2025\/10\/IMG_6185-735x1024.jpg 735w, https:\/\/fysiokeskus.ee\/wp-content\/uploads\/2025\/10\/IMG_6185-215x300.jpg 215w, https:\/\/fysiokeskus.ee\/wp-content\/uploads\/2025\/10\/IMG_6185-768x1070.jpg 768w, https:\/\/fysiokeskus.ee\/wp-content\/uploads\/2025\/10\/IMG_6185-1103x1536.jpg 1103w, https:\/\/fysiokeskus.ee\/wp-content\/uploads\/2025\/10\/IMG_6185-9x12.jpg 9w, https:\/\/fysiokeskus.ee\/wp-content\/uploads\/2025\/10\/IMG_6185.jpg 1400w\" sizes=\"(max-width: 735px) 100vw, 735px\" \/>\t\t\t\t\t\t\t\t\t\t\t\t\t\t\t<\/div>\n\t\t\t\t<\/div>\n\t\t\t\t\t<\/div>\n\t\t<\/div>\n\t\t\t\t\t<\/div>\n\t\t<\/section>\n\t\t\t\t\t<\/div>\n\t\t<\/div>\n\t\t\t\t\t<\/div>\n\t\t<\/section>\n\t\t\t\t<\/div>","protected":false},"excerpt":{"rendered":"<p>Kontaktid: Tel 56461728; e-mail monika.ratsepsoo@gmail.com Haridustee: \u2022 2012-2025 Tartu \u00dclikooli liikumis- ja sporditeaduste doktorantuur. Doktorit\u00f6\u00f6 teema \u201cPreoperatiivse koduse harjutusprogrammi m\u00f5ju motoorsele funktsioonile raskekujulise p\u00f5lveliigese osteoartroosiga naistel, kes on suunatud t\u00e4ielikule endoproteesimisele\u201d.\u2022 2009-2011 Tartu \u00dclikooli f\u00fcsioteraapia eriala magistri\u00f5pe. Magistrit\u00f6\u00f6 teemal \u201c Alaj\u00e4semete sirutajalihaste isomeetriline maksimaalj\u00f5ud ja keha posturaalne stabiilsus gonartroosiga naispatsientidel enne ja kuus kuud p\u00e4rast [&hellip;]<\/p>\n","protected":false},"author":2,"featured_media":0,"parent":0,"menu_order":0,"comment_status":"closed","ping_status":"closed","template":"","meta":{"_monsterinsights_skip_tracking":false,"_monsterinsights_sitenote_active":false,"_monsterinsights_sitenote_note":"","_monsterinsights_sitenote_category":0,"footnotes":""},"class_list":["post-3108","page","type-page","status-publish","hentry"],"yoast_head":"<!-- This site is optimized with the Yoast SEO plugin v27.3 - https:\/\/yoast.com\/product\/yoast-seo-wordpress\/ -->\n<title>Monika Mets (PhD) - FYSIOKESKUS<\/title>\n<meta name=\"robots\" content=\"index, follow, max-snippet:-1, max-image-preview:large, max-video-preview:-1\" \/>\n<link rel=\"canonical\" href=\"https:\/\/fysiokeskus.ee\/en\/monika-mets-phd\/\" \/>\n<meta property=\"og:locale\" content=\"en_US\" \/>\n<meta property=\"og:type\" content=\"article\" \/>\n<meta property=\"og:title\" content=\"Monika Mets (PhD) - FYSIOKESKUS\" \/>\n<meta property=\"og:description\" content=\"Kontaktid: Tel 56461728; e-mail monika.ratsepsoo@gmail.com Haridustee: \u2022 2012-2025 Tartu \u00dclikooli liikumis- ja sporditeaduste doktorantuur. Doktorit\u00f6\u00f6 teema \u201cPreoperatiivse koduse harjutusprogrammi m\u00f5ju motoorsele funktsioonile raskekujulise p\u00f5lveliigese osteoartroosiga naistel, kes on suunatud t\u00e4ielikule endoproteesimisele\u201d.\u2022 2009-2011 Tartu \u00dclikooli f\u00fcsioteraapia eriala magistri\u00f5pe. Magistrit\u00f6\u00f6 teemal \u201c Alaj\u00e4semete sirutajalihaste isomeetriline maksimaalj\u00f5ud ja keha posturaalne stabiilsus gonartroosiga naispatsientidel enne ja kuus kuud p\u00e4rast [&hellip;]\" \/>\n<meta property=\"og:url\" content=\"https:\/\/fysiokeskus.ee\/en\/monika-mets-phd\/\" \/>\n<meta property=\"og:site_name\" content=\"FYSIOKESKUS\" \/>\n<meta property=\"article:publisher\" content=\"https:\/\/www.facebook.com\/Fysiokeskus.ee\" \/>\n<meta property=\"article:modified_time\" content=\"2025-10-24T19:54:49+00:00\" \/>\n<meta property=\"og:image\" content=\"https:\/\/fysiokeskus.ee\/wp-content\/uploads\/2025\/10\/IMG_6185.jpg\" \/>\n\t<meta property=\"og:image:width\" content=\"1400\" \/>\n\t<meta property=\"og:image:height\" content=\"1950\" \/>\n\t<meta property=\"og:image:type\" content=\"image\/jpeg\" \/>\n<meta name=\"twitter:card\" content=\"summary_large_image\" \/>\n<meta name=\"twitter:label1\" content=\"Est. reading time\" \/>\n\t<meta name=\"twitter:data1\" content=\"1 minute\" \/>\n<script type=\"application\/ld+json\" class=\"yoast-schema-graph\">{\"@context\":\"https:\\\/\\\/schema.org\",\"@graph\":[{\"@type\":\"WebPage\",\"@id\":\"https:\\\/\\\/fysiokeskus.ee\\\/monika-mets-phd\\\/\",\"url\":\"https:\\\/\\\/fysiokeskus.ee\\\/monika-mets-phd\\\/\",\"name\":\"Monika Mets (PhD) - FYSIOKESKUS\",\"isPartOf\":{\"@id\":\"https:\\\/\\\/fysiokeskus.ee\\\/#website\"},\"primaryImageOfPage\":{\"@id\":\"https:\\\/\\\/fysiokeskus.ee\\\/monika-mets-phd\\\/#primaryimage\"},\"image\":{\"@id\":\"https:\\\/\\\/fysiokeskus.ee\\\/monika-mets-phd\\\/#primaryimage\"},\"thumbnailUrl\":\"https:\\\/\\\/fysiokeskus.ee\\\/wp-content\\\/uploads\\\/2025\\\/10\\\/IMG_6185-735x1024.jpg\",\"datePublished\":\"2025-10-24T19:53:20+00:00\",\"dateModified\":\"2025-10-24T19:54:49+00:00\",\"inLanguage\":\"en-US\",\"potentialAction\":[{\"@type\":\"ReadAction\",\"target\":[\"https:\\\/\\\/fysiokeskus.ee\\\/monika-mets-phd\\\/\"]}]},{\"@type\":\"ImageObject\",\"inLanguage\":\"en-US\",\"@id\":\"https:\\\/\\\/fysiokeskus.ee\\\/monika-mets-phd\\\/#primaryimage\",\"url\":\"https:\\\/\\\/fysiokeskus.ee\\\/wp-content\\\/uploads\\\/2025\\\/10\\\/IMG_6185-735x1024.jpg\",\"contentUrl\":\"https:\\\/\\\/fysiokeskus.ee\\\/wp-content\\\/uploads\\\/2025\\\/10\\\/IMG_6185-735x1024.jpg\"},{\"@type\":\"WebSite\",\"@id\":\"https:\\\/\\\/fysiokeskus.ee\\\/#website\",\"url\":\"https:\\\/\\\/fysiokeskus.ee\\\/\",\"name\":\"FYSIOKESKUS\",\"description\":\"F\u00fcsioteraapia ja massaa\u017e\",\"publisher\":{\"@id\":\"https:\\\/\\\/fysiokeskus.ee\\\/#organization\"},\"potentialAction\":[{\"@type\":\"SearchAction\",\"target\":{\"@type\":\"EntryPoint\",\"urlTemplate\":\"https:\\\/\\\/fysiokeskus.ee\\\/?s={search_term_string}\"},\"query-input\":{\"@type\":\"PropertyValueSpecification\",\"valueRequired\":true,\"valueName\":\"search_term_string\"}}],\"inLanguage\":\"en-US\"},{\"@type\":\"Organization\",\"@id\":\"https:\\\/\\\/fysiokeskus.ee\\\/#organization\",\"name\":\"FYSIOKESKUS\",\"url\":\"https:\\\/\\\/fysiokeskus.ee\\\/\",\"logo\":{\"@type\":\"ImageObject\",\"inLanguage\":\"en-US\",\"@id\":\"https:\\\/\\\/fysiokeskus.ee\\\/#\\\/schema\\\/logo\\\/image\\\/\",\"url\":\"https:\\\/\\\/fysiokeskus.ee\\\/wp-content\\\/uploads\\\/2022\\\/10\\\/FK1.png\",\"contentUrl\":\"https:\\\/\\\/fysiokeskus.ee\\\/wp-content\\\/uploads\\\/2022\\\/10\\\/FK1.png\",\"width\":885,\"height\":387,\"caption\":\"FYSIOKESKUS\"},\"image\":{\"@id\":\"https:\\\/\\\/fysiokeskus.ee\\\/#\\\/schema\\\/logo\\\/image\\\/\"},\"sameAs\":[\"https:\\\/\\\/www.facebook.com\\\/Fysiokeskus.ee\"]}]}<\/script>\n<!-- \/ Yoast SEO plugin. -->","yoast_head_json":{"title":"Monika Mets (PhD) - FYSIOKESKUS","robots":{"index":"index","follow":"follow","max-snippet":"max-snippet:-1","max-image-preview":"max-image-preview:large","max-video-preview":"max-video-preview:-1"},"canonical":"https:\/\/fysiokeskus.ee\/en\/monika-mets-phd\/","og_locale":"en_US","og_type":"article","og_title":"Monika Mets (PhD) - FYSIOKESKUS","og_description":"Kontaktid: Tel 56461728; e-mail monika.ratsepsoo@gmail.com Haridustee: \u2022 2012-2025 Tartu \u00dclikooli liikumis- ja sporditeaduste doktorantuur. Doktorit\u00f6\u00f6 teema \u201cPreoperatiivse koduse harjutusprogrammi m\u00f5ju motoorsele funktsioonile raskekujulise p\u00f5lveliigese osteoartroosiga naistel, kes on suunatud t\u00e4ielikule endoproteesimisele\u201d.\u2022 2009-2011 Tartu \u00dclikooli f\u00fcsioteraapia eriala magistri\u00f5pe. Magistrit\u00f6\u00f6 teemal \u201c Alaj\u00e4semete sirutajalihaste isomeetriline maksimaalj\u00f5ud ja keha posturaalne stabiilsus gonartroosiga naispatsientidel enne ja kuus kuud p\u00e4rast [&hellip;]","og_url":"https:\/\/fysiokeskus.ee\/en\/monika-mets-phd\/","og_site_name":"FYSIOKESKUS","article_publisher":"https:\/\/www.facebook.com\/Fysiokeskus.ee","article_modified_time":"2025-10-24T19:54:49+00:00","og_image":[{"width":1400,"height":1950,"url":"https:\/\/fysiokeskus.ee\/wp-content\/uploads\/2025\/10\/IMG_6185.jpg","type":"image\/jpeg"}],"twitter_card":"summary_large_image","twitter_misc":{"Est. reading time":"1 minute"},"schema":{"@context":"https:\/\/schema.org","@graph":[{"@type":"WebPage","@id":"https:\/\/fysiokeskus.ee\/monika-mets-phd\/","url":"https:\/\/fysiokeskus.ee\/monika-mets-phd\/","name":"Monika Mets (PhD) - FYSIOKESKUS","isPartOf":{"@id":"https:\/\/fysiokeskus.ee\/#website"},"primaryImageOfPage":{"@id":"https:\/\/fysiokeskus.ee\/monika-mets-phd\/#primaryimage"},"image":{"@id":"https:\/\/fysiokeskus.ee\/monika-mets-phd\/#primaryimage"},"thumbnailUrl":"https:\/\/fysiokeskus.ee\/wp-content\/uploads\/2025\/10\/IMG_6185-735x1024.jpg","datePublished":"2025-10-24T19:53:20+00:00","dateModified":"2025-10-24T19:54:49+00:00","inLanguage":"en-US","potentialAction":[{"@type":"ReadAction","target":["https:\/\/fysiokeskus.ee\/monika-mets-phd\/"]}]},{"@type":"ImageObject","inLanguage":"en-US","@id":"https:\/\/fysiokeskus.ee\/monika-mets-phd\/#primaryimage","url":"https:\/\/fysiokeskus.ee\/wp-content\/uploads\/2025\/10\/IMG_6185-735x1024.jpg","contentUrl":"https:\/\/fysiokeskus.ee\/wp-content\/uploads\/2025\/10\/IMG_6185-735x1024.jpg"},{"@type":"WebSite","@id":"https:\/\/fysiokeskus.ee\/#website","url":"https:\/\/fysiokeskus.ee\/","name":"FYSIOKESKUS","description":"F\u00fcsioteraapia ja massaa\u017e","publisher":{"@id":"https:\/\/fysiokeskus.ee\/#organization"},"potentialAction":[{"@type":"SearchAction","target":{"@type":"EntryPoint","urlTemplate":"https:\/\/fysiokeskus.ee\/?s={search_term_string}"},"query-input":{"@type":"PropertyValueSpecification","valueRequired":true,"valueName":"search_term_string"}}],"inLanguage":"en-US"},{"@type":"Organization","@id":"https:\/\/fysiokeskus.ee\/#organization","name":"FYSIOKESKUS","url":"https:\/\/fysiokeskus.ee\/","logo":{"@type":"ImageObject","inLanguage":"en-US","@id":"https:\/\/fysiokeskus.ee\/#\/schema\/logo\/image\/","url":"https:\/\/fysiokeskus.ee\/wp-content\/uploads\/2022\/10\/FK1.png","contentUrl":"https:\/\/fysiokeskus.ee\/wp-content\/uploads\/2022\/10\/FK1.png","width":885,"height":387,"caption":"FYSIOKESKUS"},"image":{"@id":"https:\/\/fysiokeskus.ee\/#\/schema\/logo\/image\/"},"sameAs":["https:\/\/www.facebook.com\/Fysiokeskus.ee"]}]}},"jetpack_sharing_enabled":true,"_links":{"self":[{"href":"https:\/\/fysiokeskus.ee\/en\/wp-json\/wp\/v2\/pages\/3108","targetHints":{"allow":["GET"]}}],"collection":[{"href":"https:\/\/fysiokeskus.ee\/en\/wp-json\/wp\/v2\/pages"}],"about":[{"href":"https:\/\/fysiokeskus.ee\/en\/wp-json\/wp\/v2\/types\/page"}],"author":[{"embeddable":true,"href":"https:\/\/fysiokeskus.ee\/en\/wp-json\/wp\/v2\/users\/2"}],"replies":[{"embeddable":true,"href":"https:\/\/fysiokeskus.ee\/en\/wp-json\/wp\/v2\/comments?post=3108"}],"version-history":[{"count":4,"href":"https:\/\/fysiokeskus.ee\/en\/wp-json\/wp\/v2\/pages\/3108\/revisions"}],"predecessor-version":[{"id":3115,"href":"https:\/\/fysiokeskus.ee\/en\/wp-json\/wp\/v2\/pages\/3108\/revisions\/3115"}],"wp:attachment":[{"href":"https:\/\/fysiokeskus.ee\/en\/wp-json\/wp\/v2\/media?parent=3108"}],"curies":[{"name":"wp","href":"https:\/\/api.w.org\/{rel}","templated":true}]}}