{"id":3034,"date":"2025-03-25T14:18:05","date_gmt":"2025-03-25T11:18:05","guid":{"rendered":"https:\/\/fysiokeskus.ee\/?page_id=3034"},"modified":"2025-04-03T14:25:45","modified_gmt":"2025-04-03T11:25:45","slug":"eveli-post-msc","status":"publish","type":"page","link":"https:\/\/fysiokeskus.ee\/en\/eveli-post-msc\/","title":{"rendered":"Eveli Post (MSc)"},"content":{"rendered":"<div data-elementor-type=\"wp-page\" data-elementor-id=\"3034\" class=\"elementor elementor-3034\" data-elementor-post-type=\"page\">\n\t\t\t\t\t\t<section class=\"elementor-section elementor-top-section elementor-element elementor-element-ddbdae7 elementor-section-boxed elementor-section-height-default elementor-section-height-default\" data-id=\"ddbdae7\" data-element_type=\"section\" data-e-type=\"section\">\n\t\t\t\t\t\t<div class=\"elementor-container elementor-column-gap-default\">\n\t\t\t\t\t<div class=\"elementor-column elementor-col-100 elementor-top-column elementor-element elementor-element-4c1bd6c\" data-id=\"4c1bd6c\" data-element_type=\"column\" data-e-type=\"column\">\n\t\t\t<div class=\"elementor-widget-wrap elementor-element-populated\">\n\t\t\t\t\t\t<section class=\"elementor-section elementor-inner-section elementor-element elementor-element-a40ab4d elementor-section-boxed elementor-section-height-default elementor-section-height-default\" data-id=\"a40ab4d\" data-element_type=\"section\" data-e-type=\"section\">\n\t\t\t\t\t\t<div class=\"elementor-container elementor-column-gap-default\">\n\t\t\t\t\t<div class=\"elementor-column elementor-col-50 elementor-inner-column elementor-element elementor-element-e03a5b8\" data-id=\"e03a5b8\" data-element_type=\"column\" data-e-type=\"column\">\n\t\t\t<div class=\"elementor-widget-wrap elementor-element-populated\">\n\t\t\t\t\t\t<div class=\"elementor-element elementor-element-fcd7fa3 elementor-widget elementor-widget-text-editor\" data-id=\"fcd7fa3\" data-element_type=\"widget\" data-e-type=\"widget\" data-widget_type=\"text-editor.default\">\n\t\t\t\t<div class=\"elementor-widget-container\">\n\t\t\t\t\t\t\t\t\t<p style=\"letter-spacing: 0.16px;\"><strong><span style=\"text-decoration-line: underline;\">Kontaktid<\/span>:<\/strong><\/p>\n<p style=\"letter-spacing: 0.16px;\">e-mail&nbsp;evelipostFT@gmail.com<\/p>\n<p style=\"letter-spacing: 0.16px;\"><strong><u>Haridustee<\/u>:<\/strong><\/p>\n<div style=\"letter-spacing: 0.16px;\">&nbsp;<\/div>\n<ul style=\"\">\n<li style=\"\">2019- 2021&nbsp; Tartu \u00dclikool, MSc f\u00fcsioteraapia<\/li>\n<li style=\"\">2016\u20132019&nbsp; Tartu Tervishoiu K\u00f5rgkool, rakendusk\u00f5rgharidus,&nbsp; f\u00fcsioteraapia.<\/li>\n<li>2014\u20132016 Tartu Kristjan Jaak Petersoni G\u00fcmnaasium, keskharidus<\/li>\n<\/ul>\n<p><br><\/p>\n<p style=\"letter-spacing: 0.16px;\"><strong><u>T\u00f6\u00f6kogemus<\/u>:<\/strong>&nbsp;<\/p><ul style=\"letter-spacing: 0.16px;\">\n<li>2025 \u2013 \u2026 f\u00fcsioterapeut Fysiokeskuses<\/li>\n<li>2022&nbsp;<span style=\"letter-spacing: 0.16px;\">\u2013 \u2026<\/span>&nbsp;f\u00fcsioterapeut Viljandi Haiglas<\/li><li>2021&nbsp;<span style=\"letter-spacing: 0.16px;\">\u2013 \u2026 f\u00fcsioterapeut asutuses Loodusmeel MT\u00dc<\/span><\/li><li>2021-2022 &#8211; f\u00fcsioterapeut asutuses Tarbatu Tervisepark<\/li>\n<\/ul>\n<p style=\"letter-spacing: 0.16px;\"><strong><u>Spetsialiseerumine<\/u>:<\/strong>&nbsp;<\/p>\n<p style=\"letter-spacing: 0.16px;\">Laste f\u00fcsioteraapia, koduteenuse osutamine,&nbsp;erihoolekande teenusel klientidele f\u00fcsioteraapia osutamine.<\/p>\n<p style=\"letter-spacing: 0.16px;\"><strong><u>Vabal ajal<\/u><\/strong>&nbsp;osaleb r\u00fchmatreeningutes ja teeb jalutusk\u00e4ike looduses.&nbsp;<\/p>\t\t\t\t\t\t\t\t<\/div>\n\t\t\t\t<\/div>\n\t\t\t\t\t<\/div>\n\t\t<\/div>\n\t\t\t\t<div class=\"elementor-column elementor-col-50 elementor-inner-column elementor-element elementor-element-85336b0\" data-id=\"85336b0\" data-element_type=\"column\" data-e-type=\"column\">\n\t\t\t<div class=\"elementor-widget-wrap elementor-element-populated\">\n\t\t\t\t\t\t<div class=\"elementor-element elementor-element-4045196 elementor-widget elementor-widget-image\" data-id=\"4045196\" data-element_type=\"widget\" data-e-type=\"widget\" data-widget_type=\"image.default\">\n\t\t\t\t<div class=\"elementor-widget-container\">\n\t\t\t\t\t\t\t\t\t\t\t\t\t\t\t<img fetchpriority=\"high\" decoding=\"async\" width=\"768\" height=\"1024\" src=\"https:\/\/fysiokeskus.ee\/wp-content\/uploads\/2025\/04\/image0-768x1024.jpeg\" class=\"attachment-large size-large wp-image-3043\" alt=\"\" srcset=\"https:\/\/fysiokeskus.ee\/wp-content\/uploads\/2025\/04\/image0-768x1024.jpeg 768w, https:\/\/fysiokeskus.ee\/wp-content\/uploads\/2025\/04\/image0-225x300.jpeg 225w, https:\/\/fysiokeskus.ee\/wp-content\/uploads\/2025\/04\/image0-1152x1536.jpeg 1152w, https:\/\/fysiokeskus.ee\/wp-content\/uploads\/2025\/04\/image0-1536x2048.jpeg 1536w, https:\/\/fysiokeskus.ee\/wp-content\/uploads\/2025\/04\/image0-9x12.jpeg 9w, https:\/\/fysiokeskus.ee\/wp-content\/uploads\/2025\/04\/image0-scaled.jpeg 1920w\" sizes=\"(max-width: 768px) 100vw, 768px\" \/>\t\t\t\t\t\t\t\t\t\t\t\t\t\t\t<\/div>\n\t\t\t\t<\/div>\n\t\t\t\t\t<\/div>\n\t\t<\/div>\n\t\t\t\t\t<\/div>\n\t\t<\/section>\n\t\t\t\t\t<\/div>\n\t\t<\/div>\n\t\t\t\t\t<\/div>\n\t\t<\/section>\n\t\t\t\t<\/div>","protected":false},"excerpt":{"rendered":"<p>Kontaktid: e-mail&nbsp;evelipostFT@gmail.com Haridustee: &nbsp; 2019- 2021&nbsp; Tartu \u00dclikool, MSc f\u00fcsioteraapia 2016\u20132019&nbsp; Tartu Tervishoiu K\u00f5rgkool, rakendusk\u00f5rgharidus,&nbsp; f\u00fcsioteraapia. 2014\u20132016 Tartu Kristjan Jaak Petersoni G\u00fcmnaasium, keskharidus T\u00f6\u00f6kogemus:&nbsp; 2025 \u2013 \u2026 f\u00fcsioterapeut Fysiokeskuses 2022&nbsp;\u2013 \u2026&nbsp;f\u00fcsioterapeut Viljandi Haiglas 2021&nbsp;\u2013 \u2026 f\u00fcsioterapeut asutuses Loodusmeel MT\u00dc 2021-2022 &#8211; f\u00fcsioterapeut asutuses Tarbatu Tervisepark Spetsialiseerumine:&nbsp; Laste f\u00fcsioteraapia, koduteenuse osutamine,&nbsp;erihoolekande teenusel klientidele f\u00fcsioteraapia osutamine. Vabal [&hellip;]<\/p>\n","protected":false},"author":2,"featured_media":0,"parent":0,"menu_order":0,"comment_status":"closed","ping_status":"closed","template":"","meta":{"_monsterinsights_skip_tracking":false,"_monsterinsights_sitenote_active":false,"_monsterinsights_sitenote_note":"","_monsterinsights_sitenote_category":0,"footnotes":""},"class_list":["post-3034","page","type-page","status-publish","hentry"],"yoast_head":"<!-- This site is optimized with the Yoast SEO plugin v27.3 - https:\/\/yoast.com\/product\/yoast-seo-wordpress\/ -->\n<title>Eveli Post (MSc) - FYSIOKESKUS<\/title>\n<meta name=\"robots\" content=\"index, follow, max-snippet:-1, max-image-preview:large, max-video-preview:-1\" \/>\n<link rel=\"canonical\" href=\"https:\/\/fysiokeskus.ee\/en\/eveli-post-msc\/\" \/>\n<meta property=\"og:locale\" content=\"en_US\" \/>\n<meta property=\"og:type\" content=\"article\" \/>\n<meta property=\"og:title\" content=\"Eveli Post (MSc) - FYSIOKESKUS\" \/>\n<meta property=\"og:description\" content=\"Kontaktid: e-mail&nbsp;evelipostFT@gmail.com Haridustee: &nbsp; 2019- 2021&nbsp; Tartu \u00dclikool, MSc f\u00fcsioteraapia 2016\u20132019&nbsp; Tartu Tervishoiu K\u00f5rgkool, rakendusk\u00f5rgharidus,&nbsp; f\u00fcsioteraapia. 2014\u20132016 Tartu Kristjan Jaak Petersoni G\u00fcmnaasium, keskharidus T\u00f6\u00f6kogemus:&nbsp; 2025 \u2013 \u2026 f\u00fcsioterapeut Fysiokeskuses 2022&nbsp;\u2013 \u2026&nbsp;f\u00fcsioterapeut Viljandi Haiglas 2021&nbsp;\u2013 \u2026 f\u00fcsioterapeut asutuses Loodusmeel MT\u00dc 2021-2022 &#8211; f\u00fcsioterapeut asutuses Tarbatu Tervisepark Spetsialiseerumine:&nbsp; Laste f\u00fcsioteraapia, koduteenuse osutamine,&nbsp;erihoolekande teenusel klientidele f\u00fcsioteraapia osutamine. Vabal [&hellip;]\" \/>\n<meta property=\"og:url\" content=\"https:\/\/fysiokeskus.ee\/en\/eveli-post-msc\/\" \/>\n<meta property=\"og:site_name\" content=\"FYSIOKESKUS\" \/>\n<meta property=\"article:publisher\" content=\"https:\/\/www.facebook.com\/Fysiokeskus.ee\" \/>\n<meta property=\"article:modified_time\" content=\"2025-04-03T11:25:45+00:00\" \/>\n<meta property=\"og:image\" content=\"https:\/\/fysiokeskus.ee\/wp-content\/uploads\/2025\/04\/image0-scaled.jpeg\" \/>\n\t<meta property=\"og:image:width\" content=\"1920\" \/>\n\t<meta property=\"og:image:height\" content=\"2560\" \/>\n\t<meta property=\"og:image:type\" content=\"image\/jpeg\" \/>\n<meta name=\"twitter:card\" content=\"summary_large_image\" \/>\n<script type=\"application\/ld+json\" class=\"yoast-schema-graph\">{\"@context\":\"https:\\\/\\\/schema.org\",\"@graph\":[{\"@type\":\"WebPage\",\"@id\":\"https:\\\/\\\/fysiokeskus.ee\\\/eveli-post-msc\\\/\",\"url\":\"https:\\\/\\\/fysiokeskus.ee\\\/eveli-post-msc\\\/\",\"name\":\"Eveli Post (MSc) - FYSIOKESKUS\",\"isPartOf\":{\"@id\":\"https:\\\/\\\/fysiokeskus.ee\\\/#website\"},\"primaryImageOfPage\":{\"@id\":\"https:\\\/\\\/fysiokeskus.ee\\\/eveli-post-msc\\\/#primaryimage\"},\"image\":{\"@id\":\"https:\\\/\\\/fysiokeskus.ee\\\/eveli-post-msc\\\/#primaryimage\"},\"thumbnailUrl\":\"https:\\\/\\\/fysiokeskus.ee\\\/wp-content\\\/uploads\\\/2025\\\/04\\\/image0-768x1024.jpeg\",\"datePublished\":\"2025-03-25T11:18:05+00:00\",\"dateModified\":\"2025-04-03T11:25:45+00:00\",\"inLanguage\":\"en-US\",\"potentialAction\":[{\"@type\":\"ReadAction\",\"target\":[\"https:\\\/\\\/fysiokeskus.ee\\\/eveli-post-msc\\\/\"]}]},{\"@type\":\"ImageObject\",\"inLanguage\":\"en-US\",\"@id\":\"https:\\\/\\\/fysiokeskus.ee\\\/eveli-post-msc\\\/#primaryimage\",\"url\":\"https:\\\/\\\/fysiokeskus.ee\\\/wp-content\\\/uploads\\\/2025\\\/04\\\/image0-768x1024.jpeg\",\"contentUrl\":\"https:\\\/\\\/fysiokeskus.ee\\\/wp-content\\\/uploads\\\/2025\\\/04\\\/image0-768x1024.jpeg\"},{\"@type\":\"WebSite\",\"@id\":\"https:\\\/\\\/fysiokeskus.ee\\\/#website\",\"url\":\"https:\\\/\\\/fysiokeskus.ee\\\/\",\"name\":\"FYSIOKESKUS\",\"description\":\"F\u00fcsioteraapia ja massaa\u017e\",\"publisher\":{\"@id\":\"https:\\\/\\\/fysiokeskus.ee\\\/#organization\"},\"potentialAction\":[{\"@type\":\"SearchAction\",\"target\":{\"@type\":\"EntryPoint\",\"urlTemplate\":\"https:\\\/\\\/fysiokeskus.ee\\\/?s={search_term_string}\"},\"query-input\":{\"@type\":\"PropertyValueSpecification\",\"valueRequired\":true,\"valueName\":\"search_term_string\"}}],\"inLanguage\":\"en-US\"},{\"@type\":\"Organization\",\"@id\":\"https:\\\/\\\/fysiokeskus.ee\\\/#organization\",\"name\":\"FYSIOKESKUS\",\"url\":\"https:\\\/\\\/fysiokeskus.ee\\\/\",\"logo\":{\"@type\":\"ImageObject\",\"inLanguage\":\"en-US\",\"@id\":\"https:\\\/\\\/fysiokeskus.ee\\\/#\\\/schema\\\/logo\\\/image\\\/\",\"url\":\"https:\\\/\\\/fysiokeskus.ee\\\/wp-content\\\/uploads\\\/2022\\\/10\\\/FK1.png\",\"contentUrl\":\"https:\\\/\\\/fysiokeskus.ee\\\/wp-content\\\/uploads\\\/2022\\\/10\\\/FK1.png\",\"width\":885,\"height\":387,\"caption\":\"FYSIOKESKUS\"},\"image\":{\"@id\":\"https:\\\/\\\/fysiokeskus.ee\\\/#\\\/schema\\\/logo\\\/image\\\/\"},\"sameAs\":[\"https:\\\/\\\/www.facebook.com\\\/Fysiokeskus.ee\"]}]}<\/script>\n<!-- \/ Yoast SEO plugin. -->","yoast_head_json":{"title":"Eveli Post (MSc) - FYSIOKESKUS","robots":{"index":"index","follow":"follow","max-snippet":"max-snippet:-1","max-image-preview":"max-image-preview:large","max-video-preview":"max-video-preview:-1"},"canonical":"https:\/\/fysiokeskus.ee\/en\/eveli-post-msc\/","og_locale":"en_US","og_type":"article","og_title":"Eveli Post (MSc) - FYSIOKESKUS","og_description":"Kontaktid: e-mail&nbsp;evelipostFT@gmail.com Haridustee: &nbsp; 2019- 2021&nbsp; Tartu \u00dclikool, MSc f\u00fcsioteraapia 2016\u20132019&nbsp; Tartu Tervishoiu K\u00f5rgkool, rakendusk\u00f5rgharidus,&nbsp; f\u00fcsioteraapia. 2014\u20132016 Tartu Kristjan Jaak Petersoni G\u00fcmnaasium, keskharidus T\u00f6\u00f6kogemus:&nbsp; 2025 \u2013 \u2026 f\u00fcsioterapeut Fysiokeskuses 2022&nbsp;\u2013 \u2026&nbsp;f\u00fcsioterapeut Viljandi Haiglas 2021&nbsp;\u2013 \u2026 f\u00fcsioterapeut asutuses Loodusmeel MT\u00dc 2021-2022 &#8211; f\u00fcsioterapeut asutuses Tarbatu Tervisepark Spetsialiseerumine:&nbsp; Laste f\u00fcsioteraapia, koduteenuse osutamine,&nbsp;erihoolekande teenusel klientidele f\u00fcsioteraapia osutamine. Vabal [&hellip;]","og_url":"https:\/\/fysiokeskus.ee\/en\/eveli-post-msc\/","og_site_name":"FYSIOKESKUS","article_publisher":"https:\/\/www.facebook.com\/Fysiokeskus.ee","article_modified_time":"2025-04-03T11:25:45+00:00","og_image":[{"width":1920,"height":2560,"url":"https:\/\/fysiokeskus.ee\/wp-content\/uploads\/2025\/04\/image0-scaled.jpeg","type":"image\/jpeg"}],"twitter_card":"summary_large_image","schema":{"@context":"https:\/\/schema.org","@graph":[{"@type":"WebPage","@id":"https:\/\/fysiokeskus.ee\/eveli-post-msc\/","url":"https:\/\/fysiokeskus.ee\/eveli-post-msc\/","name":"Eveli Post (MSc) - FYSIOKESKUS","isPartOf":{"@id":"https:\/\/fysiokeskus.ee\/#website"},"primaryImageOfPage":{"@id":"https:\/\/fysiokeskus.ee\/eveli-post-msc\/#primaryimage"},"image":{"@id":"https:\/\/fysiokeskus.ee\/eveli-post-msc\/#primaryimage"},"thumbnailUrl":"https:\/\/fysiokeskus.ee\/wp-content\/uploads\/2025\/04\/image0-768x1024.jpeg","datePublished":"2025-03-25T11:18:05+00:00","dateModified":"2025-04-03T11:25:45+00:00","inLanguage":"en-US","potentialAction":[{"@type":"ReadAction","target":["https:\/\/fysiokeskus.ee\/eveli-post-msc\/"]}]},{"@type":"ImageObject","inLanguage":"en-US","@id":"https:\/\/fysiokeskus.ee\/eveli-post-msc\/#primaryimage","url":"https:\/\/fysiokeskus.ee\/wp-content\/uploads\/2025\/04\/image0-768x1024.jpeg","contentUrl":"https:\/\/fysiokeskus.ee\/wp-content\/uploads\/2025\/04\/image0-768x1024.jpeg"},{"@type":"WebSite","@id":"https:\/\/fysiokeskus.ee\/#website","url":"https:\/\/fysiokeskus.ee\/","name":"FYSIOKESKUS","description":"F\u00fcsioteraapia ja massaa\u017e","publisher":{"@id":"https:\/\/fysiokeskus.ee\/#organization"},"potentialAction":[{"@type":"SearchAction","target":{"@type":"EntryPoint","urlTemplate":"https:\/\/fysiokeskus.ee\/?s={search_term_string}"},"query-input":{"@type":"PropertyValueSpecification","valueRequired":true,"valueName":"search_term_string"}}],"inLanguage":"en-US"},{"@type":"Organization","@id":"https:\/\/fysiokeskus.ee\/#organization","name":"FYSIOKESKUS","url":"https:\/\/fysiokeskus.ee\/","logo":{"@type":"ImageObject","inLanguage":"en-US","@id":"https:\/\/fysiokeskus.ee\/#\/schema\/logo\/image\/","url":"https:\/\/fysiokeskus.ee\/wp-content\/uploads\/2022\/10\/FK1.png","contentUrl":"https:\/\/fysiokeskus.ee\/wp-content\/uploads\/2022\/10\/FK1.png","width":885,"height":387,"caption":"FYSIOKESKUS"},"image":{"@id":"https:\/\/fysiokeskus.ee\/#\/schema\/logo\/image\/"},"sameAs":["https:\/\/www.facebook.com\/Fysiokeskus.ee"]}]}},"jetpack_sharing_enabled":true,"_links":{"self":[{"href":"https:\/\/fysiokeskus.ee\/en\/wp-json\/wp\/v2\/pages\/3034","targetHints":{"allow":["GET"]}}],"collection":[{"href":"https:\/\/fysiokeskus.ee\/en\/wp-json\/wp\/v2\/pages"}],"about":[{"href":"https:\/\/fysiokeskus.ee\/en\/wp-json\/wp\/v2\/types\/page"}],"author":[{"embeddable":true,"href":"https:\/\/fysiokeskus.ee\/en\/wp-json\/wp\/v2\/users\/2"}],"replies":[{"embeddable":true,"href":"https:\/\/fysiokeskus.ee\/en\/wp-json\/wp\/v2\/comments?post=3034"}],"version-history":[{"count":8,"href":"https:\/\/fysiokeskus.ee\/en\/wp-json\/wp\/v2\/pages\/3034\/revisions"}],"predecessor-version":[{"id":3046,"href":"https:\/\/fysiokeskus.ee\/en\/wp-json\/wp\/v2\/pages\/3034\/revisions\/3046"}],"wp:attachment":[{"href":"https:\/\/fysiokeskus.ee\/en\/wp-json\/wp\/v2\/media?parent=3034"}],"curies":[{"name":"wp","href":"https:\/\/api.w.org\/{rel}","templated":true}]}}