{"id":3001,"date":"2024-11-16T17:40:49","date_gmt":"2024-11-16T14:40:49","guid":{"rendered":"https:\/\/fysiokeskus.ee\/?page_id=3001"},"modified":"2024-11-16T17:44:42","modified_gmt":"2024-11-16T14:44:42","slug":"kindlustusandja-info","status":"publish","type":"page","link":"https:\/\/fysiokeskus.ee\/en\/kindlustusandja-info\/","title":{"rendered":"Kindlustusandja info"},"content":{"rendered":"<div data-elementor-type=\"wp-page\" data-elementor-id=\"3001\" class=\"elementor elementor-3001\" data-elementor-post-type=\"page\">\n\t\t\t\t\t\t<section class=\"elementor-section elementor-top-section elementor-element elementor-element-440e77f7 elementor-section-boxed elementor-section-height-default elementor-section-height-default\" data-id=\"440e77f7\" data-element_type=\"section\" data-e-type=\"section\">\n\t\t\t\t\t\t<div class=\"elementor-container elementor-column-gap-default\">\n\t\t\t\t\t<div class=\"elementor-column elementor-col-100 elementor-top-column elementor-element elementor-element-7a4ad166\" data-id=\"7a4ad166\" data-element_type=\"column\" data-e-type=\"column\">\n\t\t\t<div class=\"elementor-widget-wrap elementor-element-populated\">\n\t\t\t\t\t\t<div class=\"elementor-element elementor-element-4b713224 elementor-widget elementor-widget-text-editor\" data-id=\"4b713224\" data-element_type=\"widget\" data-e-type=\"widget\" data-widget_type=\"text-editor.default\">\n\t\t\t\t<div class=\"elementor-widget-container\">\n\t\t\t\t\t\t\t\t\t\n<p><strong>Kindlustusandja:<\/strong>&nbsp;PZU Kindlustus (AB \u201eLietuvos draudimas\u201c Eesti filiaal)<\/p>\n\n\n\n<p><strong>Kindlustuskaitse periood:<\/strong>\u00a0<em>1.11.2024-30.10.2025<\/em><\/p>\n\n\n\n<p><strong>Kindlustussumma:<\/strong><br>3 000 000 \u20ac kindlustusperioodi kohta<br>300 000 \u20ac kindlustusjuhtumi kohta<br>100 000 \u20ac \u00f5igustatud isiku kohta<\/p>\n\n\n\n<p><strong>Mittevaralise kahju kindlustussumma:<\/strong><br>100 000 \u20ac kindlustusjuhtumi kohta<br>30 000 \u20ac \u00f5igustatud isiku kohta<\/p>\n\n\n\n<p><strong>Kahjun\u00f5ude esitamine:<\/strong>&nbsp;tervishoiuteenuse enda kontakt v\u00f5i&nbsp;<a href=\"https:\/\/www.pzu.ee\/iseteenindus\/\">PZU Kindlustuse Iseteenindus<\/a><br>Kahju esitamiseks palun t\u00e4itke&nbsp;<a href=\"https:\/\/www.pzu.ee\/iseteenindus\/\">PZU Kindlustuse Iseteeninduses<\/a>&nbsp;olev vorm ning kindlustusandja v\u00f5tab teiega \u00fchendust.<\/p>\n\t\t\t\t\t\t\t\t<\/div>\n\t\t\t\t<\/div>\n\t\t\t\t\t<\/div>\n\t\t<\/div>\n\t\t\t\t\t<\/div>\n\t\t<\/section>\n\t\t\t\t<section class=\"elementor-section elementor-top-section elementor-element elementor-element-8eff465 elementor-section-boxed elementor-section-height-default elementor-section-height-default\" data-id=\"8eff465\" data-element_type=\"section\" data-e-type=\"section\">\n\t\t\t\t\t\t<div class=\"elementor-container elementor-column-gap-default\">\n\t\t\t\t\t<div class=\"elementor-column elementor-col-100 elementor-top-column elementor-element elementor-element-2b53001\" data-id=\"2b53001\" data-element_type=\"column\" data-e-type=\"column\">\n\t\t\t<div class=\"elementor-widget-wrap elementor-element-populated\">\n\t\t\t\t\t\t<div class=\"elementor-element elementor-element-24bfa5a elementor-widget elementor-widget-image\" data-id=\"24bfa5a\" data-element_type=\"widget\" data-e-type=\"widget\" data-widget_type=\"image.default\">\n\t\t\t\t<div class=\"elementor-widget-container\">\n\t\t\t\t\t\t\t\t\t\t\t\t\t\t\t\t<a href=\"http:\/\/www.pzu.ee\/iseteenindus\/\">\n\t\t\t\t\t\t\t<img fetchpriority=\"high\" decoding=\"async\" width=\"658\" height=\"203\" src=\"https:\/\/fysiokeskus.ee\/wp-content\/uploads\/2024\/11\/valge.png\" class=\"attachment-large size-large wp-image-3004\" alt=\"\" srcset=\"https:\/\/fysiokeskus.ee\/wp-content\/uploads\/2024\/11\/valge.png 658w, https:\/\/fysiokeskus.ee\/wp-content\/uploads\/2024\/11\/valge-300x93.png 300w, https:\/\/fysiokeskus.ee\/wp-content\/uploads\/2024\/11\/valge-18x6.png 18w\" sizes=\"(max-width: 658px) 100vw, 658px\" \/>\t\t\t\t\t\t\t\t<\/a>\n\t\t\t\t\t\t\t\t\t\t\t\t\t\t\t<\/div>\n\t\t\t\t<\/div>\n\t\t\t\t\t<\/div>\n\t\t<\/div>\n\t\t\t\t\t<\/div>\n\t\t<\/section>\n\t\t\t\t<\/div>","protected":false},"excerpt":{"rendered":"<p>Kindlustusandja:&nbsp;PZU Kindlustus (AB \u201eLietuvos draudimas\u201c Eesti filiaal) Kindlustuskaitse periood:\u00a01.11.2024-30.10.2025 Kindlustussumma:3 000 000 \u20ac kindlustusperioodi kohta300 000 \u20ac kindlustusjuhtumi kohta100 000 \u20ac \u00f5igustatud isiku kohta Mittevaralise kahju kindlustussumma:100 000 \u20ac kindlustusjuhtumi kohta30 000 \u20ac \u00f5igustatud isiku kohta Kahjun\u00f5ude esitamine:&nbsp;tervishoiuteenuse enda kontakt v\u00f5i&nbsp;PZU Kindlustuse IseteenindusKahju esitamiseks palun t\u00e4itke&nbsp;PZU Kindlustuse Iseteeninduses&nbsp;olev vorm ning kindlustusandja v\u00f5tab teiega \u00fchendust.<\/p>","protected":false},"author":2,"featured_media":0,"parent":0,"menu_order":0,"comment_status":"closed","ping_status":"closed","template":"","meta":{"_monsterinsights_skip_tracking":false,"_monsterinsights_sitenote_active":false,"_monsterinsights_sitenote_note":"","_monsterinsights_sitenote_category":0,"footnotes":""},"class_list":["post-3001","page","type-page","status-publish","hentry"],"yoast_head":"<!-- This site is optimized with the Yoast SEO plugin v27.3 - https:\/\/yoast.com\/product\/yoast-seo-wordpress\/ -->\n<title>Kindlustusandja info - FYSIOKESKUS<\/title>\n<meta name=\"robots\" content=\"index, follow, max-snippet:-1, max-image-preview:large, max-video-preview:-1\" \/>\n<link rel=\"canonical\" href=\"https:\/\/fysiokeskus.ee\/en\/kindlustusandja-info\/\" \/>\n<meta property=\"og:locale\" content=\"en_US\" \/>\n<meta property=\"og:type\" content=\"article\" \/>\n<meta property=\"og:title\" content=\"Kindlustusandja info - FYSIOKESKUS\" \/>\n<meta property=\"og:description\" content=\"Kindlustusandja:&nbsp;PZU Kindlustus (AB \u201eLietuvos draudimas\u201c Eesti filiaal) Kindlustuskaitse periood:\u00a01.11.2024-30.10.2025 Kindlustussumma:3 000 000 \u20ac kindlustusperioodi kohta300 000 \u20ac kindlustusjuhtumi kohta100 000 \u20ac \u00f5igustatud isiku kohta Mittevaralise kahju kindlustussumma:100 000 \u20ac kindlustusjuhtumi kohta30 000 \u20ac \u00f5igustatud isiku kohta Kahjun\u00f5ude esitamine:&nbsp;tervishoiuteenuse enda kontakt v\u00f5i&nbsp;PZU Kindlustuse IseteenindusKahju esitamiseks palun t\u00e4itke&nbsp;PZU Kindlustuse Iseteeninduses&nbsp;olev vorm ning kindlustusandja v\u00f5tab teiega \u00fchendust.\" \/>\n<meta property=\"og:url\" content=\"https:\/\/fysiokeskus.ee\/en\/kindlustusandja-info\/\" \/>\n<meta property=\"og:site_name\" content=\"FYSIOKESKUS\" \/>\n<meta property=\"article:publisher\" content=\"https:\/\/www.facebook.com\/Fysiokeskus.ee\" \/>\n<meta property=\"article:modified_time\" content=\"2024-11-16T14:44:42+00:00\" \/>\n<meta property=\"og:image\" content=\"https:\/\/fysiokeskus.ee\/wp-content\/uploads\/2024\/11\/valge.png\" \/>\n\t<meta property=\"og:image:width\" content=\"658\" \/>\n\t<meta property=\"og:image:height\" content=\"203\" \/>\n\t<meta property=\"og:image:type\" content=\"image\/png\" \/>\n<meta name=\"twitter:card\" content=\"summary_large_image\" \/>\n<script type=\"application\/ld+json\" class=\"yoast-schema-graph\">{\"@context\":\"https:\\\/\\\/schema.org\",\"@graph\":[{\"@type\":\"WebPage\",\"@id\":\"https:\\\/\\\/fysiokeskus.ee\\\/kindlustusandja-info\\\/\",\"url\":\"https:\\\/\\\/fysiokeskus.ee\\\/kindlustusandja-info\\\/\",\"name\":\"Kindlustusandja info - FYSIOKESKUS\",\"isPartOf\":{\"@id\":\"https:\\\/\\\/fysiokeskus.ee\\\/#website\"},\"primaryImageOfPage\":{\"@id\":\"https:\\\/\\\/fysiokeskus.ee\\\/kindlustusandja-info\\\/#primaryimage\"},\"image\":{\"@id\":\"https:\\\/\\\/fysiokeskus.ee\\\/kindlustusandja-info\\\/#primaryimage\"},\"thumbnailUrl\":\"https:\\\/\\\/fysiokeskus.ee\\\/wp-content\\\/uploads\\\/2024\\\/11\\\/valge.png\",\"datePublished\":\"2024-11-16T14:40:49+00:00\",\"dateModified\":\"2024-11-16T14:44:42+00:00\",\"inLanguage\":\"en-US\",\"potentialAction\":[{\"@type\":\"ReadAction\",\"target\":[\"https:\\\/\\\/fysiokeskus.ee\\\/kindlustusandja-info\\\/\"]}]},{\"@type\":\"ImageObject\",\"inLanguage\":\"en-US\",\"@id\":\"https:\\\/\\\/fysiokeskus.ee\\\/kindlustusandja-info\\\/#primaryimage\",\"url\":\"https:\\\/\\\/fysiokeskus.ee\\\/wp-content\\\/uploads\\\/2024\\\/11\\\/valge.png\",\"contentUrl\":\"https:\\\/\\\/fysiokeskus.ee\\\/wp-content\\\/uploads\\\/2024\\\/11\\\/valge.png\"},{\"@type\":\"WebSite\",\"@id\":\"https:\\\/\\\/fysiokeskus.ee\\\/#website\",\"url\":\"https:\\\/\\\/fysiokeskus.ee\\\/\",\"name\":\"FYSIOKESKUS\",\"description\":\"F\u00fcsioteraapia ja massaa\u017e\",\"publisher\":{\"@id\":\"https:\\\/\\\/fysiokeskus.ee\\\/#organization\"},\"potentialAction\":[{\"@type\":\"SearchAction\",\"target\":{\"@type\":\"EntryPoint\",\"urlTemplate\":\"https:\\\/\\\/fysiokeskus.ee\\\/?s={search_term_string}\"},\"query-input\":{\"@type\":\"PropertyValueSpecification\",\"valueRequired\":true,\"valueName\":\"search_term_string\"}}],\"inLanguage\":\"en-US\"},{\"@type\":\"Organization\",\"@id\":\"https:\\\/\\\/fysiokeskus.ee\\\/#organization\",\"name\":\"FYSIOKESKUS\",\"url\":\"https:\\\/\\\/fysiokeskus.ee\\\/\",\"logo\":{\"@type\":\"ImageObject\",\"inLanguage\":\"en-US\",\"@id\":\"https:\\\/\\\/fysiokeskus.ee\\\/#\\\/schema\\\/logo\\\/image\\\/\",\"url\":\"https:\\\/\\\/fysiokeskus.ee\\\/wp-content\\\/uploads\\\/2022\\\/10\\\/FK1.png\",\"contentUrl\":\"https:\\\/\\\/fysiokeskus.ee\\\/wp-content\\\/uploads\\\/2022\\\/10\\\/FK1.png\",\"width\":885,\"height\":387,\"caption\":\"FYSIOKESKUS\"},\"image\":{\"@id\":\"https:\\\/\\\/fysiokeskus.ee\\\/#\\\/schema\\\/logo\\\/image\\\/\"},\"sameAs\":[\"https:\\\/\\\/www.facebook.com\\\/Fysiokeskus.ee\"]}]}<\/script>\n<!-- \/ Yoast SEO plugin. -->","yoast_head_json":{"title":"Kindlustusandja info - FYSIOKESKUS","robots":{"index":"index","follow":"follow","max-snippet":"max-snippet:-1","max-image-preview":"max-image-preview:large","max-video-preview":"max-video-preview:-1"},"canonical":"https:\/\/fysiokeskus.ee\/en\/kindlustusandja-info\/","og_locale":"en_US","og_type":"article","og_title":"Kindlustusandja info - FYSIOKESKUS","og_description":"Kindlustusandja:&nbsp;PZU Kindlustus (AB \u201eLietuvos draudimas\u201c Eesti filiaal) Kindlustuskaitse periood:\u00a01.11.2024-30.10.2025 Kindlustussumma:3 000 000 \u20ac kindlustusperioodi kohta300 000 \u20ac kindlustusjuhtumi kohta100 000 \u20ac \u00f5igustatud isiku kohta Mittevaralise kahju kindlustussumma:100 000 \u20ac kindlustusjuhtumi kohta30 000 \u20ac \u00f5igustatud isiku kohta Kahjun\u00f5ude esitamine:&nbsp;tervishoiuteenuse enda kontakt v\u00f5i&nbsp;PZU Kindlustuse IseteenindusKahju esitamiseks palun t\u00e4itke&nbsp;PZU Kindlustuse Iseteeninduses&nbsp;olev vorm ning kindlustusandja v\u00f5tab teiega \u00fchendust.","og_url":"https:\/\/fysiokeskus.ee\/en\/kindlustusandja-info\/","og_site_name":"FYSIOKESKUS","article_publisher":"https:\/\/www.facebook.com\/Fysiokeskus.ee","article_modified_time":"2024-11-16T14:44:42+00:00","og_image":[{"width":658,"height":203,"url":"https:\/\/fysiokeskus.ee\/wp-content\/uploads\/2024\/11\/valge.png","type":"image\/png"}],"twitter_card":"summary_large_image","schema":{"@context":"https:\/\/schema.org","@graph":[{"@type":"WebPage","@id":"https:\/\/fysiokeskus.ee\/kindlustusandja-info\/","url":"https:\/\/fysiokeskus.ee\/kindlustusandja-info\/","name":"Kindlustusandja info - FYSIOKESKUS","isPartOf":{"@id":"https:\/\/fysiokeskus.ee\/#website"},"primaryImageOfPage":{"@id":"https:\/\/fysiokeskus.ee\/kindlustusandja-info\/#primaryimage"},"image":{"@id":"https:\/\/fysiokeskus.ee\/kindlustusandja-info\/#primaryimage"},"thumbnailUrl":"https:\/\/fysiokeskus.ee\/wp-content\/uploads\/2024\/11\/valge.png","datePublished":"2024-11-16T14:40:49+00:00","dateModified":"2024-11-16T14:44:42+00:00","inLanguage":"en-US","potentialAction":[{"@type":"ReadAction","target":["https:\/\/fysiokeskus.ee\/kindlustusandja-info\/"]}]},{"@type":"ImageObject","inLanguage":"en-US","@id":"https:\/\/fysiokeskus.ee\/kindlustusandja-info\/#primaryimage","url":"https:\/\/fysiokeskus.ee\/wp-content\/uploads\/2024\/11\/valge.png","contentUrl":"https:\/\/fysiokeskus.ee\/wp-content\/uploads\/2024\/11\/valge.png"},{"@type":"WebSite","@id":"https:\/\/fysiokeskus.ee\/#website","url":"https:\/\/fysiokeskus.ee\/","name":"FYSIOKESKUS","description":"F\u00fcsioteraapia ja massaa\u017e","publisher":{"@id":"https:\/\/fysiokeskus.ee\/#organization"},"potentialAction":[{"@type":"SearchAction","target":{"@type":"EntryPoint","urlTemplate":"https:\/\/fysiokeskus.ee\/?s={search_term_string}"},"query-input":{"@type":"PropertyValueSpecification","valueRequired":true,"valueName":"search_term_string"}}],"inLanguage":"en-US"},{"@type":"Organization","@id":"https:\/\/fysiokeskus.ee\/#organization","name":"FYSIOKESKUS","url":"https:\/\/fysiokeskus.ee\/","logo":{"@type":"ImageObject","inLanguage":"en-US","@id":"https:\/\/fysiokeskus.ee\/#\/schema\/logo\/image\/","url":"https:\/\/fysiokeskus.ee\/wp-content\/uploads\/2022\/10\/FK1.png","contentUrl":"https:\/\/fysiokeskus.ee\/wp-content\/uploads\/2022\/10\/FK1.png","width":885,"height":387,"caption":"FYSIOKESKUS"},"image":{"@id":"https:\/\/fysiokeskus.ee\/#\/schema\/logo\/image\/"},"sameAs":["https:\/\/www.facebook.com\/Fysiokeskus.ee"]}]}},"jetpack_sharing_enabled":true,"_links":{"self":[{"href":"https:\/\/fysiokeskus.ee\/en\/wp-json\/wp\/v2\/pages\/3001","targetHints":{"allow":["GET"]}}],"collection":[{"href":"https:\/\/fysiokeskus.ee\/en\/wp-json\/wp\/v2\/pages"}],"about":[{"href":"https:\/\/fysiokeskus.ee\/en\/wp-json\/wp\/v2\/types\/page"}],"author":[{"embeddable":true,"href":"https:\/\/fysiokeskus.ee\/en\/wp-json\/wp\/v2\/users\/2"}],"replies":[{"embeddable":true,"href":"https:\/\/fysiokeskus.ee\/en\/wp-json\/wp\/v2\/comments?post=3001"}],"version-history":[{"count":4,"href":"https:\/\/fysiokeskus.ee\/en\/wp-json\/wp\/v2\/pages\/3001\/revisions"}],"predecessor-version":[{"id":3007,"href":"https:\/\/fysiokeskus.ee\/en\/wp-json\/wp\/v2\/pages\/3001\/revisions\/3007"}],"wp:attachment":[{"href":"https:\/\/fysiokeskus.ee\/en\/wp-json\/wp\/v2\/media?parent=3001"}],"curies":[{"name":"wp","href":"https:\/\/api.w.org\/{rel}","templated":true}]}}