{"id":2983,"date":"2024-11-02T01:29:58","date_gmt":"2024-11-01T22:29:58","guid":{"rendered":"https:\/\/fysiokeskus.ee\/?page_id=2983"},"modified":"2024-11-02T01:31:34","modified_gmt":"2024-11-01T22:31:34","slug":"plaanilise-ravijarjekorra-pidamise-reeglid","status":"publish","type":"page","link":"https:\/\/fysiokeskus.ee\/en\/plaanilise-ravijarjekorra-pidamise-reeglid\/","title":{"rendered":"Plaanilise ravij\u00e4rjekorra pidamise reeglid\u00a0"},"content":{"rendered":"<div data-elementor-type=\"wp-page\" data-elementor-id=\"2983\" class=\"elementor elementor-2983\" data-elementor-post-type=\"page\">\n\t\t\t\t\t\t<section class=\"elementor-section elementor-top-section elementor-element elementor-element-b4cd82a elementor-section-boxed elementor-section-height-default elementor-section-height-default\" data-id=\"b4cd82a\" data-element_type=\"section\" data-e-type=\"section\">\n\t\t\t\t\t\t<div class=\"elementor-container elementor-column-gap-default\">\n\t\t\t\t\t<div class=\"elementor-column elementor-col-100 elementor-top-column elementor-element elementor-element-1732f59\" data-id=\"1732f59\" data-element_type=\"column\" data-e-type=\"column\">\n\t\t\t<div class=\"elementor-widget-wrap elementor-element-populated\">\n\t\t\t\t\t\t<div class=\"elementor-element elementor-element-61bd73f elementor-widget elementor-widget-text-editor\" data-id=\"61bd73f\" data-element_type=\"widget\" data-e-type=\"widget\" data-widget_type=\"text-editor.default\">\n\t\t\t\t<div class=\"elementor-widget-container\">\n\t\t\t\t\t\t\t\t\t<ul><li>Ravij\u00e4rjekorda registreerib patsient, f\u00fcsioterapeut v\u00f5i teine selleks volitatud t\u00f6\u00f6taja:<\/li><\/ul><ul><li style=\"list-style-type: none;\"><ul><li>telefoni v\u00f5i e-posti v\u00f5i interneti vahendusel veebiregistratuuris;<\/li><\/ul><\/li><\/ul><ul><li>Saabunud ravij\u00e4rjekorra taotlused registreeritakse esimesel p\u00f6\u00f6rdumisel olenemata ravij\u00e4rjekorra pikkusest ja muudest asjaoludest.<\/li><li>Ravij\u00e4rjekorda kantakse j\u00e4rgmised andmed:<\/li><\/ul><ul><li style=\"list-style-type: none;\"><ul><li>patsiendi ees- ja perekonnanimi, isikukood v\u00f5i selle puudumisel s\u00fcnniaeg;<\/li><li>planeeritav vastuv\u00f5tu aeg;<\/li><li>planeeritava tervishoiuteenuse osutamise n\u00e4idustus (peamine p\u00f6\u00f6rdumise p\u00f5hjus);<\/li><li>patsiendi kontaktandmed;<\/li><li>patsiendi ravij\u00e4rjekorda registreerimise kuup\u00e4ev;<\/li><li>ravij\u00e4rjekorras muudatuste tegemise (ravij\u00e4rjekorras ette- v\u00f5i tahapoole viimise v\u00f5i ravij\u00e4rjekorrast v\u00e4ljaarvamise) kuup\u00e4ev ja p\u00f5hjus;<\/li><li>m\u00e4rge, et patsienti on teavitatud ravij\u00e4rjekorras muudatuste tegemisest.<\/li><\/ul><\/li><\/ul><ul><li>Kui patsient registreerib end ise ravij\u00e4rjekorda Fysiokeskus O\u00dc <em>online<\/em> broneerimiss\u00fcsteemi kaudu, saab patsient kirjaliku teatise, mis sisaldab tervishoiuteenuse osutamise aega ja tervishoiuteenust osutava struktuuri\u00fcksuse v\u00f5i tervishoiut\u00f6\u00f6taja nime ja kontaktinfot.<\/li><li>Kui patsient registreeritakse ravij\u00e4rjekorda telefoni v\u00f5i e-posti teel, teatatakse patsiendile telefoni teel v\u00f5i elektrooniliselt tervishoiuteenuse osutamise aeg ja tervishoiuteenust osutava struktuuri\u00fcksuse tervishoiut\u00f6\u00f6taja nimi ja telefoni number.<\/li><li>Registreerimine <em>online<\/em> broneerimiss\u00fcsteemi kaudu toimib patsiendile ja tervishoiuteenuse osutajale \u00f6\u00f6p\u00e4evaringselt.<\/li><li>Ravij\u00e4rjekorras muudatuse tegemisel teatatakse patsiendile muudatustest hiljemalt \u00fche t\u00f6\u00f6p\u00e4eva jooksul arvates muudatuste tegemisest.<\/li><li>Ambulatoorse f\u00fcsioteraapia korral on ravij\u00e4rjekorra maksimumpikkus 4 n\u00e4dalat;<\/li><li>Kui ravij\u00e4rjekord on pikem kui kaks kuud, teavitatakse patsienti teenuse osutamise ajast ja kohast \u00fcks kuu enne tervishoiuteenuse osutamist.<\/li><\/ul>\t\t\t\t\t\t\t\t<\/div>\n\t\t\t\t<\/div>\n\t\t\t\t\t<\/div>\n\t\t<\/div>\n\t\t\t\t\t<\/div>\n\t\t<\/section>\n\t\t\t\t<\/div>","protected":false},"excerpt":{"rendered":"<p>Ravij\u00e4rjekorda registreerib patsient, f\u00fcsioterapeut v\u00f5i teine selleks volitatud t\u00f6\u00f6taja: telefoni v\u00f5i e-posti v\u00f5i interneti vahendusel veebiregistratuuris; Saabunud ravij\u00e4rjekorra taotlused registreeritakse esimesel p\u00f6\u00f6rdumisel olenemata ravij\u00e4rjekorra pikkusest ja muudest asjaoludest. Ravij\u00e4rjekorda kantakse j\u00e4rgmised andmed: patsiendi ees- ja perekonnanimi, isikukood v\u00f5i selle puudumisel s\u00fcnniaeg; planeeritav vastuv\u00f5tu aeg; planeeritava tervishoiuteenuse osutamise n\u00e4idustus (peamine p\u00f6\u00f6rdumise p\u00f5hjus); patsiendi kontaktandmed; patsiendi ravij\u00e4rjekorda [&hellip;]<\/p>\n","protected":false},"author":2,"featured_media":0,"parent":0,"menu_order":0,"comment_status":"closed","ping_status":"closed","template":"","meta":{"_monsterinsights_skip_tracking":false,"_monsterinsights_sitenote_active":false,"_monsterinsights_sitenote_note":"","_monsterinsights_sitenote_category":0,"footnotes":""},"class_list":["post-2983","page","type-page","status-publish","hentry"],"yoast_head":"<!-- This site is optimized with the Yoast SEO plugin v27.3 - https:\/\/yoast.com\/product\/yoast-seo-wordpress\/ -->\n<title>Plaanilise ravij\u00e4rjekorra pidamise reeglid\u00a0 - FYSIOKESKUS<\/title>\n<meta name=\"robots\" content=\"index, follow, max-snippet:-1, max-image-preview:large, max-video-preview:-1\" \/>\n<link rel=\"canonical\" href=\"https:\/\/fysiokeskus.ee\/en\/plaanilise-ravijarjekorra-pidamise-reeglid\/\" \/>\n<meta property=\"og:locale\" content=\"en_US\" \/>\n<meta property=\"og:type\" content=\"article\" \/>\n<meta property=\"og:title\" content=\"Plaanilise ravij\u00e4rjekorra pidamise reeglid\u00a0 - FYSIOKESKUS\" \/>\n<meta property=\"og:description\" content=\"Ravij\u00e4rjekorda registreerib patsient, f\u00fcsioterapeut v\u00f5i teine selleks volitatud t\u00f6\u00f6taja: telefoni v\u00f5i e-posti v\u00f5i interneti vahendusel veebiregistratuuris; Saabunud ravij\u00e4rjekorra taotlused registreeritakse esimesel p\u00f6\u00f6rdumisel olenemata ravij\u00e4rjekorra pikkusest ja muudest asjaoludest. Ravij\u00e4rjekorda kantakse j\u00e4rgmised andmed: patsiendi ees- ja perekonnanimi, isikukood v\u00f5i selle puudumisel s\u00fcnniaeg; planeeritav vastuv\u00f5tu aeg; planeeritava tervishoiuteenuse osutamise n\u00e4idustus (peamine p\u00f6\u00f6rdumise p\u00f5hjus); patsiendi kontaktandmed; patsiendi ravij\u00e4rjekorda [&hellip;]\" \/>\n<meta property=\"og:url\" content=\"https:\/\/fysiokeskus.ee\/en\/plaanilise-ravijarjekorra-pidamise-reeglid\/\" \/>\n<meta property=\"og:site_name\" content=\"FYSIOKESKUS\" \/>\n<meta property=\"article:publisher\" content=\"https:\/\/www.facebook.com\/Fysiokeskus.ee\" \/>\n<meta property=\"article:modified_time\" content=\"2024-11-01T22:31:34+00:00\" \/>\n<meta name=\"twitter:card\" content=\"summary_large_image\" \/>\n<meta name=\"twitter:label1\" content=\"Est. reading time\" \/>\n\t<meta name=\"twitter:data1\" content=\"1 minute\" \/>\n<script type=\"application\/ld+json\" class=\"yoast-schema-graph\">{\"@context\":\"https:\\\/\\\/schema.org\",\"@graph\":[{\"@type\":\"WebPage\",\"@id\":\"https:\\\/\\\/fysiokeskus.ee\\\/plaanilise-ravijarjekorra-pidamise-reeglid\\\/\",\"url\":\"https:\\\/\\\/fysiokeskus.ee\\\/plaanilise-ravijarjekorra-pidamise-reeglid\\\/\",\"name\":\"Plaanilise ravij\u00e4rjekorra pidamise reeglid\u00a0 - FYSIOKESKUS\",\"isPartOf\":{\"@id\":\"https:\\\/\\\/fysiokeskus.ee\\\/#website\"},\"datePublished\":\"2024-11-01T22:29:58+00:00\",\"dateModified\":\"2024-11-01T22:31:34+00:00\",\"inLanguage\":\"en-US\",\"potentialAction\":[{\"@type\":\"ReadAction\",\"target\":[\"https:\\\/\\\/fysiokeskus.ee\\\/plaanilise-ravijarjekorra-pidamise-reeglid\\\/\"]}]},{\"@type\":\"WebSite\",\"@id\":\"https:\\\/\\\/fysiokeskus.ee\\\/#website\",\"url\":\"https:\\\/\\\/fysiokeskus.ee\\\/\",\"name\":\"FYSIOKESKUS\",\"description\":\"F\u00fcsioteraapia ja massaa\u017e\",\"publisher\":{\"@id\":\"https:\\\/\\\/fysiokeskus.ee\\\/#organization\"},\"potentialAction\":[{\"@type\":\"SearchAction\",\"target\":{\"@type\":\"EntryPoint\",\"urlTemplate\":\"https:\\\/\\\/fysiokeskus.ee\\\/?s={search_term_string}\"},\"query-input\":{\"@type\":\"PropertyValueSpecification\",\"valueRequired\":true,\"valueName\":\"search_term_string\"}}],\"inLanguage\":\"en-US\"},{\"@type\":\"Organization\",\"@id\":\"https:\\\/\\\/fysiokeskus.ee\\\/#organization\",\"name\":\"FYSIOKESKUS\",\"url\":\"https:\\\/\\\/fysiokeskus.ee\\\/\",\"logo\":{\"@type\":\"ImageObject\",\"inLanguage\":\"en-US\",\"@id\":\"https:\\\/\\\/fysiokeskus.ee\\\/#\\\/schema\\\/logo\\\/image\\\/\",\"url\":\"https:\\\/\\\/fysiokeskus.ee\\\/wp-content\\\/uploads\\\/2022\\\/10\\\/FK1.png\",\"contentUrl\":\"https:\\\/\\\/fysiokeskus.ee\\\/wp-content\\\/uploads\\\/2022\\\/10\\\/FK1.png\",\"width\":885,\"height\":387,\"caption\":\"FYSIOKESKUS\"},\"image\":{\"@id\":\"https:\\\/\\\/fysiokeskus.ee\\\/#\\\/schema\\\/logo\\\/image\\\/\"},\"sameAs\":[\"https:\\\/\\\/www.facebook.com\\\/Fysiokeskus.ee\"]}]}<\/script>\n<!-- \/ Yoast SEO plugin. -->","yoast_head_json":{"title":"Plaanilise ravij\u00e4rjekorra pidamise reeglid\u00a0 - FYSIOKESKUS","robots":{"index":"index","follow":"follow","max-snippet":"max-snippet:-1","max-image-preview":"max-image-preview:large","max-video-preview":"max-video-preview:-1"},"canonical":"https:\/\/fysiokeskus.ee\/en\/plaanilise-ravijarjekorra-pidamise-reeglid\/","og_locale":"en_US","og_type":"article","og_title":"Plaanilise ravij\u00e4rjekorra pidamise reeglid\u00a0 - FYSIOKESKUS","og_description":"Ravij\u00e4rjekorda registreerib patsient, f\u00fcsioterapeut v\u00f5i teine selleks volitatud t\u00f6\u00f6taja: telefoni v\u00f5i e-posti v\u00f5i interneti vahendusel veebiregistratuuris; Saabunud ravij\u00e4rjekorra taotlused registreeritakse esimesel p\u00f6\u00f6rdumisel olenemata ravij\u00e4rjekorra pikkusest ja muudest asjaoludest. Ravij\u00e4rjekorda kantakse j\u00e4rgmised andmed: patsiendi ees- ja perekonnanimi, isikukood v\u00f5i selle puudumisel s\u00fcnniaeg; planeeritav vastuv\u00f5tu aeg; planeeritava tervishoiuteenuse osutamise n\u00e4idustus (peamine p\u00f6\u00f6rdumise p\u00f5hjus); patsiendi kontaktandmed; patsiendi ravij\u00e4rjekorda [&hellip;]","og_url":"https:\/\/fysiokeskus.ee\/en\/plaanilise-ravijarjekorra-pidamise-reeglid\/","og_site_name":"FYSIOKESKUS","article_publisher":"https:\/\/www.facebook.com\/Fysiokeskus.ee","article_modified_time":"2024-11-01T22:31:34+00:00","twitter_card":"summary_large_image","twitter_misc":{"Est. reading time":"1 minute"},"schema":{"@context":"https:\/\/schema.org","@graph":[{"@type":"WebPage","@id":"https:\/\/fysiokeskus.ee\/plaanilise-ravijarjekorra-pidamise-reeglid\/","url":"https:\/\/fysiokeskus.ee\/plaanilise-ravijarjekorra-pidamise-reeglid\/","name":"Plaanilise ravij\u00e4rjekorra pidamise reeglid\u00a0 - FYSIOKESKUS","isPartOf":{"@id":"https:\/\/fysiokeskus.ee\/#website"},"datePublished":"2024-11-01T22:29:58+00:00","dateModified":"2024-11-01T22:31:34+00:00","inLanguage":"en-US","potentialAction":[{"@type":"ReadAction","target":["https:\/\/fysiokeskus.ee\/plaanilise-ravijarjekorra-pidamise-reeglid\/"]}]},{"@type":"WebSite","@id":"https:\/\/fysiokeskus.ee\/#website","url":"https:\/\/fysiokeskus.ee\/","name":"FYSIOKESKUS","description":"F\u00fcsioteraapia ja massaa\u017e","publisher":{"@id":"https:\/\/fysiokeskus.ee\/#organization"},"potentialAction":[{"@type":"SearchAction","target":{"@type":"EntryPoint","urlTemplate":"https:\/\/fysiokeskus.ee\/?s={search_term_string}"},"query-input":{"@type":"PropertyValueSpecification","valueRequired":true,"valueName":"search_term_string"}}],"inLanguage":"en-US"},{"@type":"Organization","@id":"https:\/\/fysiokeskus.ee\/#organization","name":"FYSIOKESKUS","url":"https:\/\/fysiokeskus.ee\/","logo":{"@type":"ImageObject","inLanguage":"en-US","@id":"https:\/\/fysiokeskus.ee\/#\/schema\/logo\/image\/","url":"https:\/\/fysiokeskus.ee\/wp-content\/uploads\/2022\/10\/FK1.png","contentUrl":"https:\/\/fysiokeskus.ee\/wp-content\/uploads\/2022\/10\/FK1.png","width":885,"height":387,"caption":"FYSIOKESKUS"},"image":{"@id":"https:\/\/fysiokeskus.ee\/#\/schema\/logo\/image\/"},"sameAs":["https:\/\/www.facebook.com\/Fysiokeskus.ee"]}]}},"jetpack_sharing_enabled":true,"_links":{"self":[{"href":"https:\/\/fysiokeskus.ee\/en\/wp-json\/wp\/v2\/pages\/2983","targetHints":{"allow":["GET"]}}],"collection":[{"href":"https:\/\/fysiokeskus.ee\/en\/wp-json\/wp\/v2\/pages"}],"about":[{"href":"https:\/\/fysiokeskus.ee\/en\/wp-json\/wp\/v2\/types\/page"}],"author":[{"embeddable":true,"href":"https:\/\/fysiokeskus.ee\/en\/wp-json\/wp\/v2\/users\/2"}],"replies":[{"embeddable":true,"href":"https:\/\/fysiokeskus.ee\/en\/wp-json\/wp\/v2\/comments?post=2983"}],"version-history":[{"count":4,"href":"https:\/\/fysiokeskus.ee\/en\/wp-json\/wp\/v2\/pages\/2983\/revisions"}],"predecessor-version":[{"id":2988,"href":"https:\/\/fysiokeskus.ee\/en\/wp-json\/wp\/v2\/pages\/2983\/revisions\/2988"}],"wp:attachment":[{"href":"https:\/\/fysiokeskus.ee\/en\/wp-json\/wp\/v2\/media?parent=2983"}],"curies":[{"name":"wp","href":"https:\/\/api.w.org\/{rel}","templated":true}]}}