{"id":2972,"date":"2024-11-02T01:14:59","date_gmt":"2024-11-01T22:14:59","guid":{"rendered":"https:\/\/fysiokeskus.ee\/?page_id=2972"},"modified":"2024-11-04T13:47:00","modified_gmt":"2024-11-04T10:47:00","slug":"kaebuste-lahendamise-kord","status":"publish","type":"page","link":"https:\/\/fysiokeskus.ee\/en\/kaebuste-lahendamise-kord\/","title":{"rendered":"Kaebuste lahendamise kord"},"content":{"rendered":"<p><strong>1. SISSEJUHATUS<\/strong><\/p>\n\n\n\n<p>1.1. K\u00e4esoleva kaebuste lahendamise korra eesm\u00e4rk on Fysiokeskus O\u00dc (edaspidi keskus) klientide kaebuste ja ettepanekute lahendamine.<\/p>\n\n\n\n<p>1.2. Korra rakendamise eesm\u00e4rk on klientide rahulolu suurendamine ja teenuse kvaliteedi tagamine.<\/p>\n\n\n\n<p>1.3. Kaebusi lahendades j\u00e4lgivad keskuse t\u00f6\u00f6tajad konfidentsiaalsuse n\u00f5udeid.<\/p>\n\n\n\n<p>1.4. Kaebused fikseeritakse ja lahendatakse jooksvalt.<\/p>\n\n\n\n<p><strong>2. KAEBUSTE ESITAMINE<\/strong><\/p>\n\n\n\n<p>2.1. Kaebust on v\u00f5imalik esitada telefoni teel numbril +372 5836 1041 v\u00f5i e-kirjaga aadressil info@fysiokeskus.ee.<\/p>\n\n\n\n<p>2.2. Telefoni teel v\u00f5ib kaebuse esitada eeldusel, et ei soovita kirjalikku vastust ja probleem saab kohese lahenduse ega vaja edasist k\u00e4sitlemist. Soovi korral v\u00f5ib ka telefoni teel esitatud kaebusele j\u00e4rgneda kirjalik esitus.<\/p>\n\n\n\n<p>2.3. Kaebust saab suuliselt edastada otse keskuse t\u00f6\u00f6tajale eeldusel, et kohene lahendus on piisav ja ei soovita kirjalikku vastust. Soovi korral v\u00f5ib ka suulisele kaebusele j\u00e4rgneda kirjalik esitus.<\/p>\n\n\n\n<p>2.4. T\u00f6\u00f6taja, kes v\u00f5tab suulise kaebuse vastu, on kohustatud viivitamatult teavitama keskuse juhatajat kirjalikult kaebuse sisust.<\/p>\n\n\n\n<p>2.5. Vastame ainult mitteanon\u00fc\u00fcmsetele kaebustele.<\/p>\n\n\n\n<p>2.6. Vastame \u00fcksnes kaebuse esitanud isikule, keda Fysiokeskus O\u00dc teenindas.<\/p>\n\n\n\n<p>2.7. Keskuse t\u00f6\u00f6tajad lahendavad kaebusi oma p\u00e4devuse piires.<\/p>\n\n\n\n<p>2.8. Kaebus peab sisaldama kliendi nime, kontakttelefoni, e-posti aadressi, kaebuse esitamise kuup\u00e4eva, teenuse saamise kuup\u00e4eva ja kaebuse sisu. Kaebusele v\u00f5ib lisada ka soovitud lahendi.<\/p>\n\n\n\n<p><strong>3. KAEBUSTE MENETLEMINE<\/strong><\/p>\n\n\n\n<p>3.1. Keskuse juhataja edastab kaebuse seotud osapooltele ning kogub vajalikku informatsiooni, vajadusel k\u00fcsides kirjalikke selgitusi t\u00f6\u00f6tajatelt.<\/p>\n\n\n\n<p>3.2. Kui kaebus puudutab f\u00fcsioteraapiat, annab teenust osutanud f\u00fcsioterapeut kirjaliku selgituse.<\/p>\n\n\n\n<p>3.3. Keskuse juhataja koostab kirjalikule kaebusele vastuse.<\/p>\n\n\n\n<p><strong>4. KAEBUSTELE VASTAMINE<\/strong><\/p>\n\n\n\n<p>4.1. Kaebusele vastatakse esimesel v\u00f5imalusel, kuid mitte hiljem kui 30 kalendrip\u00e4eva jooksul. Keerulisemate juhtumite korral v\u00f5ib vastamise t\u00e4htaega pikendada kuni kahe kuuni.<\/p>\n\n\n\n<p>4.2. Kaebuse lahendamise tulemus edastatakse kaebuse esitanud isikule e-kirja teel v\u00f5i vastavalt isiku soovile postiga.<\/p>\n\n\n\n<p>4.3. Kaebusele ei vastata, kui:<\/p>\n\n\n\n<ul class=\"wp-block-list\">\n<li>esitanud isikut ei ole v\u00f5imalik kindlaks teha;<\/li>\n\n\n\n<li>esitanud isiku kontaktandmed puuduvad;<\/li>\n\n\n\n<li>esitanud isik on piiratud teov\u00f5imega ja vajab eestkostjat, ent kaebus on esitatud ilma eestkostja eelneva n\u00f5usolekuta;<\/li>\n\n\n\n<li>esitanud isik on selgelt v\u00e4ljendanud, et vastust ei soovi;<\/li>\n\n\n\n<li>kaebuse sisu on arusaamatu v\u00f5i mitteloetav;<\/li>\n\n\n\n<li>vastamine n\u00f5uab teabe mahu t\u00f5ttu asutuse t\u00f6\u00f6korralduse olulist muutmist, takistab avalike \u00fclesannete t\u00e4itmist v\u00f5i n\u00f5uab p\u00f5hjendamatult suuri kulutusi.<\/li>\n<\/ul>\n\n\n\n<p><strong>5. DOKUMENTIDE S\u00c4ILITAMINE<\/strong><\/p>\n\n\n\n<p>5.1. Kaebuste menetlemisel kogutud dokumente s\u00e4ilitatakse l\u00e4htuvalt kehtivatest seadustest ning nende s\u00e4ilitamise korraldab keskuse juhataja.<\/p>\n\n\n\n<p>Kaebusi on \u00f5igus esitada ka alltoodud ametiasutustele:<\/p>\n\n\n\n<ul class=\"wp-block-list\">\n<li>Terviseamet, e-post: info@terviseamet.ee, telefon: +372 794 3500 <\/li>\n<\/ul>\n\n\n\n<ul class=\"wp-block-list\">\n<li>Tervisekassa, e-post:\u00a0info@tervisekassa.ee, telefon: +372 669 6630.<\/li>\n<\/ul>","protected":false},"excerpt":{"rendered":"<p>1. SISSEJUHATUS 1.1. K\u00e4esoleva kaebuste lahendamise korra eesm\u00e4rk on Fysiokeskus O\u00dc (edaspidi keskus) klientide kaebuste ja ettepanekute lahendamine. 1.2. Korra rakendamise eesm\u00e4rk on klientide rahulolu suurendamine ja teenuse kvaliteedi tagamine. 1.3. Kaebusi lahendades j\u00e4lgivad keskuse t\u00f6\u00f6tajad konfidentsiaalsuse n\u00f5udeid. 1.4. Kaebused fikseeritakse ja lahendatakse jooksvalt. 2. KAEBUSTE ESITAMINE 2.1. Kaebust on v\u00f5imalik esitada telefoni teel numbril [&hellip;]<\/p>\n","protected":false},"author":2,"featured_media":0,"parent":0,"menu_order":0,"comment_status":"closed","ping_status":"closed","template":"","meta":{"_monsterinsights_skip_tracking":false,"_monsterinsights_sitenote_active":false,"_monsterinsights_sitenote_note":"","_monsterinsights_sitenote_category":0,"footnotes":""},"class_list":["post-2972","page","type-page","status-publish","hentry"],"yoast_head":"<!-- This site is optimized with the Yoast SEO plugin v27.3 - https:\/\/yoast.com\/product\/yoast-seo-wordpress\/ -->\n<title>Kaebuste lahendamise kord - FYSIOKESKUS<\/title>\n<meta name=\"robots\" content=\"index, follow, max-snippet:-1, max-image-preview:large, max-video-preview:-1\" \/>\n<link rel=\"canonical\" href=\"https:\/\/fysiokeskus.ee\/en\/kaebuste-lahendamise-kord\/\" \/>\n<meta property=\"og:locale\" content=\"en_US\" \/>\n<meta property=\"og:type\" content=\"article\" \/>\n<meta property=\"og:title\" content=\"Kaebuste lahendamise kord - FYSIOKESKUS\" \/>\n<meta property=\"og:description\" content=\"1. SISSEJUHATUS 1.1. K\u00e4esoleva kaebuste lahendamise korra eesm\u00e4rk on Fysiokeskus O\u00dc (edaspidi keskus) klientide kaebuste ja ettepanekute lahendamine. 1.2. Korra rakendamise eesm\u00e4rk on klientide rahulolu suurendamine ja teenuse kvaliteedi tagamine. 1.3. Kaebusi lahendades j\u00e4lgivad keskuse t\u00f6\u00f6tajad konfidentsiaalsuse n\u00f5udeid. 1.4. Kaebused fikseeritakse ja lahendatakse jooksvalt. 2. KAEBUSTE ESITAMINE 2.1. Kaebust on v\u00f5imalik esitada telefoni teel numbril [&hellip;]\" \/>\n<meta property=\"og:url\" content=\"https:\/\/fysiokeskus.ee\/en\/kaebuste-lahendamise-kord\/\" \/>\n<meta property=\"og:site_name\" content=\"FYSIOKESKUS\" \/>\n<meta property=\"article:publisher\" content=\"https:\/\/www.facebook.com\/Fysiokeskus.ee\" \/>\n<meta property=\"article:modified_time\" content=\"2024-11-04T10:47:00+00:00\" \/>\n<meta name=\"twitter:card\" content=\"summary_large_image\" \/>\n<meta name=\"twitter:label1\" content=\"Est. reading time\" \/>\n\t<meta name=\"twitter:data1\" content=\"2 minutes\" \/>\n<script type=\"application\/ld+json\" class=\"yoast-schema-graph\">{\"@context\":\"https:\\\/\\\/schema.org\",\"@graph\":[{\"@type\":\"WebPage\",\"@id\":\"https:\\\/\\\/fysiokeskus.ee\\\/kaebuste-lahendamise-kord\\\/\",\"url\":\"https:\\\/\\\/fysiokeskus.ee\\\/kaebuste-lahendamise-kord\\\/\",\"name\":\"Kaebuste lahendamise kord - FYSIOKESKUS\",\"isPartOf\":{\"@id\":\"https:\\\/\\\/fysiokeskus.ee\\\/#website\"},\"datePublished\":\"2024-11-01T22:14:59+00:00\",\"dateModified\":\"2024-11-04T10:47:00+00:00\",\"inLanguage\":\"en-US\",\"potentialAction\":[{\"@type\":\"ReadAction\",\"target\":[\"https:\\\/\\\/fysiokeskus.ee\\\/kaebuste-lahendamise-kord\\\/\"]}]},{\"@type\":\"WebSite\",\"@id\":\"https:\\\/\\\/fysiokeskus.ee\\\/#website\",\"url\":\"https:\\\/\\\/fysiokeskus.ee\\\/\",\"name\":\"FYSIOKESKUS\",\"description\":\"F\u00fcsioteraapia ja massaa\u017e\",\"publisher\":{\"@id\":\"https:\\\/\\\/fysiokeskus.ee\\\/#organization\"},\"potentialAction\":[{\"@type\":\"SearchAction\",\"target\":{\"@type\":\"EntryPoint\",\"urlTemplate\":\"https:\\\/\\\/fysiokeskus.ee\\\/?s={search_term_string}\"},\"query-input\":{\"@type\":\"PropertyValueSpecification\",\"valueRequired\":true,\"valueName\":\"search_term_string\"}}],\"inLanguage\":\"en-US\"},{\"@type\":\"Organization\",\"@id\":\"https:\\\/\\\/fysiokeskus.ee\\\/#organization\",\"name\":\"FYSIOKESKUS\",\"url\":\"https:\\\/\\\/fysiokeskus.ee\\\/\",\"logo\":{\"@type\":\"ImageObject\",\"inLanguage\":\"en-US\",\"@id\":\"https:\\\/\\\/fysiokeskus.ee\\\/#\\\/schema\\\/logo\\\/image\\\/\",\"url\":\"https:\\\/\\\/fysiokeskus.ee\\\/wp-content\\\/uploads\\\/2022\\\/10\\\/FK1.png\",\"contentUrl\":\"https:\\\/\\\/fysiokeskus.ee\\\/wp-content\\\/uploads\\\/2022\\\/10\\\/FK1.png\",\"width\":885,\"height\":387,\"caption\":\"FYSIOKESKUS\"},\"image\":{\"@id\":\"https:\\\/\\\/fysiokeskus.ee\\\/#\\\/schema\\\/logo\\\/image\\\/\"},\"sameAs\":[\"https:\\\/\\\/www.facebook.com\\\/Fysiokeskus.ee\"]}]}<\/script>\n<!-- \/ Yoast SEO plugin. -->","yoast_head_json":{"title":"Kaebuste lahendamise kord - FYSIOKESKUS","robots":{"index":"index","follow":"follow","max-snippet":"max-snippet:-1","max-image-preview":"max-image-preview:large","max-video-preview":"max-video-preview:-1"},"canonical":"https:\/\/fysiokeskus.ee\/en\/kaebuste-lahendamise-kord\/","og_locale":"en_US","og_type":"article","og_title":"Kaebuste lahendamise kord - FYSIOKESKUS","og_description":"1. SISSEJUHATUS 1.1. K\u00e4esoleva kaebuste lahendamise korra eesm\u00e4rk on Fysiokeskus O\u00dc (edaspidi keskus) klientide kaebuste ja ettepanekute lahendamine. 1.2. Korra rakendamise eesm\u00e4rk on klientide rahulolu suurendamine ja teenuse kvaliteedi tagamine. 1.3. Kaebusi lahendades j\u00e4lgivad keskuse t\u00f6\u00f6tajad konfidentsiaalsuse n\u00f5udeid. 1.4. Kaebused fikseeritakse ja lahendatakse jooksvalt. 2. KAEBUSTE ESITAMINE 2.1. Kaebust on v\u00f5imalik esitada telefoni teel numbril [&hellip;]","og_url":"https:\/\/fysiokeskus.ee\/en\/kaebuste-lahendamise-kord\/","og_site_name":"FYSIOKESKUS","article_publisher":"https:\/\/www.facebook.com\/Fysiokeskus.ee","article_modified_time":"2024-11-04T10:47:00+00:00","twitter_card":"summary_large_image","twitter_misc":{"Est. reading time":"2 minutes"},"schema":{"@context":"https:\/\/schema.org","@graph":[{"@type":"WebPage","@id":"https:\/\/fysiokeskus.ee\/kaebuste-lahendamise-kord\/","url":"https:\/\/fysiokeskus.ee\/kaebuste-lahendamise-kord\/","name":"Kaebuste lahendamise kord - FYSIOKESKUS","isPartOf":{"@id":"https:\/\/fysiokeskus.ee\/#website"},"datePublished":"2024-11-01T22:14:59+00:00","dateModified":"2024-11-04T10:47:00+00:00","inLanguage":"en-US","potentialAction":[{"@type":"ReadAction","target":["https:\/\/fysiokeskus.ee\/kaebuste-lahendamise-kord\/"]}]},{"@type":"WebSite","@id":"https:\/\/fysiokeskus.ee\/#website","url":"https:\/\/fysiokeskus.ee\/","name":"FYSIOKESKUS","description":"F\u00fcsioteraapia ja massaa\u017e","publisher":{"@id":"https:\/\/fysiokeskus.ee\/#organization"},"potentialAction":[{"@type":"SearchAction","target":{"@type":"EntryPoint","urlTemplate":"https:\/\/fysiokeskus.ee\/?s={search_term_string}"},"query-input":{"@type":"PropertyValueSpecification","valueRequired":true,"valueName":"search_term_string"}}],"inLanguage":"en-US"},{"@type":"Organization","@id":"https:\/\/fysiokeskus.ee\/#organization","name":"FYSIOKESKUS","url":"https:\/\/fysiokeskus.ee\/","logo":{"@type":"ImageObject","inLanguage":"en-US","@id":"https:\/\/fysiokeskus.ee\/#\/schema\/logo\/image\/","url":"https:\/\/fysiokeskus.ee\/wp-content\/uploads\/2022\/10\/FK1.png","contentUrl":"https:\/\/fysiokeskus.ee\/wp-content\/uploads\/2022\/10\/FK1.png","width":885,"height":387,"caption":"FYSIOKESKUS"},"image":{"@id":"https:\/\/fysiokeskus.ee\/#\/schema\/logo\/image\/"},"sameAs":["https:\/\/www.facebook.com\/Fysiokeskus.ee"]}]}},"jetpack_sharing_enabled":true,"_links":{"self":[{"href":"https:\/\/fysiokeskus.ee\/en\/wp-json\/wp\/v2\/pages\/2972","targetHints":{"allow":["GET"]}}],"collection":[{"href":"https:\/\/fysiokeskus.ee\/en\/wp-json\/wp\/v2\/pages"}],"about":[{"href":"https:\/\/fysiokeskus.ee\/en\/wp-json\/wp\/v2\/types\/page"}],"author":[{"embeddable":true,"href":"https:\/\/fysiokeskus.ee\/en\/wp-json\/wp\/v2\/users\/2"}],"replies":[{"embeddable":true,"href":"https:\/\/fysiokeskus.ee\/en\/wp-json\/wp\/v2\/comments?post=2972"}],"version-history":[{"count":3,"href":"https:\/\/fysiokeskus.ee\/en\/wp-json\/wp\/v2\/pages\/2972\/revisions"}],"predecessor-version":[{"id":2990,"href":"https:\/\/fysiokeskus.ee\/en\/wp-json\/wp\/v2\/pages\/2972\/revisions\/2990"}],"wp:attachment":[{"href":"https:\/\/fysiokeskus.ee\/en\/wp-json\/wp\/v2\/media?parent=2972"}],"curies":[{"name":"wp","href":"https:\/\/api.w.org\/{rel}","templated":true}]}}