{"id":2959,"date":"2024-09-29T22:10:05","date_gmt":"2024-09-29T19:10:05","guid":{"rendered":"https:\/\/fysiokeskus.ee\/?page_id=2959"},"modified":"2024-09-29T22:13:59","modified_gmt":"2024-09-29T19:13:59","slug":"annika-nommik-msc","status":"publish","type":"page","link":"https:\/\/fysiokeskus.ee\/en\/annika-nommik-msc\/","title":{"rendered":"Annika N\u00f5mmik (MSc)"},"content":{"rendered":"<div data-elementor-type=\"wp-page\" data-elementor-id=\"2959\" class=\"elementor elementor-2959\" data-elementor-post-type=\"page\">\n\t\t\t\t\t\t<section class=\"elementor-section elementor-top-section elementor-element elementor-element-d71e0a8 elementor-section-boxed elementor-section-height-default elementor-section-height-default\" data-id=\"d71e0a8\" data-element_type=\"section\" data-e-type=\"section\">\n\t\t\t\t\t\t<div class=\"elementor-container elementor-column-gap-default\">\n\t\t\t\t\t<div class=\"elementor-column elementor-col-100 elementor-top-column elementor-element elementor-element-159d397\" data-id=\"159d397\" data-element_type=\"column\" data-e-type=\"column\">\n\t\t\t<div class=\"elementor-widget-wrap elementor-element-populated\">\n\t\t\t\t\t\t<section class=\"elementor-section elementor-inner-section elementor-element elementor-element-200218e elementor-section-boxed elementor-section-height-default elementor-section-height-default\" data-id=\"200218e\" data-element_type=\"section\" data-e-type=\"section\">\n\t\t\t\t\t\t<div class=\"elementor-container elementor-column-gap-default\">\n\t\t\t\t\t<div class=\"elementor-column elementor-col-50 elementor-inner-column elementor-element elementor-element-964cb7e\" data-id=\"964cb7e\" data-element_type=\"column\" data-e-type=\"column\">\n\t\t\t<div class=\"elementor-widget-wrap elementor-element-populated\">\n\t\t\t\t\t\t<div class=\"elementor-element elementor-element-68e2ce6 elementor-widget__width-initial elementor-widget elementor-widget-text-editor\" data-id=\"68e2ce6\" data-element_type=\"widget\" data-e-type=\"widget\" data-widget_type=\"text-editor.default\">\n\t\t\t\t<div class=\"elementor-widget-container\">\n\t\t\t\t\t\t\t\t\t<p><b><u>Contact<\/u>:<\/b>&nbsp;<a href=\"mailto:annika.nommik@gmail.com\" rel=\"noreferrer\" data-linkindex=\"2\">annika.nommik@gmail.com<\/a><\/p>\n<p><b><u>Haridustee<\/u>:<\/b><\/p>\n<ul>\n<li>2022-2024 T\u00dc f\u00fcsioteraapia eriala magistri\u00f5pe<\/li>\n<li>2019-2022 T\u00dc f\u00fcsioteraapia eriala bakalaureuse\u00f5pe<\/li>\n<\/ul>\n<p><b><u>T\u00f6\u00f6kogemus<\/u>:<\/b><\/p>\n<p>Varasemalt on Annika t\u00f6\u00f6tanud Tartu \u00dclikooli Kliinikumi Kirurgiakliinikus ja Fysiokeskuses (2021-2022)<\/p>\n<p><b><u>Spetsialiseerumine<\/u>:<\/b><\/p>\n<p>Pre-ja postoperatiivne f\u00fcsioteraapia, geriaatriline f\u00fcsioteraapia, skeleti-ja lihass\u00fcsteemi f\u00fcsioteraapia.<\/p>\n<p><b><u>Vabal ajal<\/u><\/b> meeldib Annikale k\u00e4ia jooksmas ja j\u00f5usaalis, lugeda raamatuid, k\u00fcpsetada.<\/p>\t\t\t\t\t\t\t\t<\/div>\n\t\t\t\t<\/div>\n\t\t\t\t\t<\/div>\n\t\t<\/div>\n\t\t\t\t<div class=\"elementor-column elementor-col-50 elementor-inner-column elementor-element elementor-element-087029b\" data-id=\"087029b\" data-element_type=\"column\" data-e-type=\"column\">\n\t\t\t<div class=\"elementor-widget-wrap elementor-element-populated\">\n\t\t\t\t\t\t<div class=\"elementor-element elementor-element-03ec20f elementor-widget elementor-widget-image\" data-id=\"03ec20f\" data-element_type=\"widget\" data-e-type=\"widget\" data-widget_type=\"image.default\">\n\t\t\t\t<div class=\"elementor-widget-container\">\n\t\t\t\t\t\t\t\t\t\t\t\t\t\t\t<img fetchpriority=\"high\" decoding=\"async\" width=\"1024\" height=\"1024\" src=\"https:\/\/fysiokeskus.ee\/wp-content\/uploads\/2024\/09\/image0-1024x1024.jpeg\" class=\"attachment-large size-large wp-image-2963\" alt=\"\" srcset=\"https:\/\/fysiokeskus.ee\/wp-content\/uploads\/2024\/09\/image0-1024x1024.jpeg 1024w, https:\/\/fysiokeskus.ee\/wp-content\/uploads\/2024\/09\/image0-300x300.jpeg 300w, https:\/\/fysiokeskus.ee\/wp-content\/uploads\/2024\/09\/image0-150x150.jpeg 150w, https:\/\/fysiokeskus.ee\/wp-content\/uploads\/2024\/09\/image0-768x768.jpeg 768w, https:\/\/fysiokeskus.ee\/wp-content\/uploads\/2024\/09\/image0-1536x1536.jpeg 1536w, https:\/\/fysiokeskus.ee\/wp-content\/uploads\/2024\/09\/image0-2048x2048.jpeg 2048w, https:\/\/fysiokeskus.ee\/wp-content\/uploads\/2024\/09\/image0-12x12.jpeg 12w, https:\/\/fysiokeskus.ee\/wp-content\/uploads\/2024\/09\/image0-650x650.jpeg 650w, https:\/\/fysiokeskus.ee\/wp-content\/uploads\/2024\/09\/image0-1300x1300.jpeg 1300w\" sizes=\"(max-width: 1024px) 100vw, 1024px\" \/>\t\t\t\t\t\t\t\t\t\t\t\t\t\t\t<\/div>\n\t\t\t\t<\/div>\n\t\t\t\t\t<\/div>\n\t\t<\/div>\n\t\t\t\t\t<\/div>\n\t\t<\/section>\n\t\t\t\t\t<\/div>\n\t\t<\/div>\n\t\t\t\t\t<\/div>\n\t\t<\/section>\n\t\t\t\t<\/div>","protected":false},"excerpt":{"rendered":"<p>Kontakt:&nbsp;annika.nommik@gmail.com Haridustee: 2022-2024 T\u00dc f\u00fcsioteraapia eriala magistri\u00f5pe 2019-2022 T\u00dc f\u00fcsioteraapia eriala bakalaureuse\u00f5pe T\u00f6\u00f6kogemus: Varasemalt on Annika t\u00f6\u00f6tanud Tartu \u00dclikooli Kliinikumi Kirurgiakliinikus ja Fysiokeskuses (2021-2022) Spetsialiseerumine: Pre-ja postoperatiivne f\u00fcsioteraapia, geriaatriline f\u00fcsioteraapia, skeleti-ja lihass\u00fcsteemi f\u00fcsioteraapia. Vabal ajal meeldib Annikale k\u00e4ia jooksmas ja j\u00f5usaalis, lugeda raamatuid, k\u00fcpsetada.<\/p>","protected":false},"author":2,"featured_media":0,"parent":0,"menu_order":0,"comment_status":"closed","ping_status":"closed","template":"","meta":{"_monsterinsights_skip_tracking":false,"_monsterinsights_sitenote_active":false,"_monsterinsights_sitenote_note":"","_monsterinsights_sitenote_category":0,"footnotes":""},"class_list":["post-2959","page","type-page","status-publish","hentry"],"yoast_head":"<!-- This site is optimized with the Yoast SEO plugin v27.4 - https:\/\/yoast.com\/product\/yoast-seo-wordpress\/ -->\n<title>Annika N\u00f5mmik (MSc) - FYSIOKESKUS<\/title>\n<meta name=\"robots\" content=\"index, follow, max-snippet:-1, max-image-preview:large, max-video-preview:-1\" \/>\n<link rel=\"canonical\" href=\"https:\/\/fysiokeskus.ee\/en\/annika-nommik-msc\/\" \/>\n<meta property=\"og:locale\" content=\"en_US\" \/>\n<meta property=\"og:type\" content=\"article\" \/>\n<meta property=\"og:title\" content=\"Annika N\u00f5mmik (MSc) - FYSIOKESKUS\" \/>\n<meta property=\"og:description\" content=\"Kontakt:&nbsp;annika.nommik@gmail.com Haridustee: 2022-2024 T\u00dc f\u00fcsioteraapia eriala magistri\u00f5pe 2019-2022 T\u00dc f\u00fcsioteraapia eriala bakalaureuse\u00f5pe T\u00f6\u00f6kogemus: Varasemalt on Annika t\u00f6\u00f6tanud Tartu \u00dclikooli Kliinikumi Kirurgiakliinikus ja Fysiokeskuses (2021-2022) Spetsialiseerumine: Pre-ja postoperatiivne f\u00fcsioteraapia, geriaatriline f\u00fcsioteraapia, skeleti-ja lihass\u00fcsteemi f\u00fcsioteraapia. Vabal ajal meeldib Annikale k\u00e4ia jooksmas ja j\u00f5usaalis, lugeda raamatuid, k\u00fcpsetada.\" \/>\n<meta property=\"og:url\" content=\"https:\/\/fysiokeskus.ee\/en\/annika-nommik-msc\/\" \/>\n<meta property=\"og:site_name\" content=\"FYSIOKESKUS\" \/>\n<meta property=\"article:publisher\" content=\"https:\/\/www.facebook.com\/Fysiokeskus.ee\" \/>\n<meta property=\"article:modified_time\" content=\"2024-09-29T19:13:59+00:00\" \/>\n<meta property=\"og:image\" content=\"https:\/\/fysiokeskus.ee\/wp-content\/uploads\/2024\/09\/image0-1024x1024.jpeg\" \/>\n<meta name=\"twitter:card\" content=\"summary_large_image\" \/>\n<script type=\"application\/ld+json\" class=\"yoast-schema-graph\">{\"@context\":\"https:\\\/\\\/schema.org\",\"@graph\":[{\"@type\":\"WebPage\",\"@id\":\"https:\\\/\\\/fysiokeskus.ee\\\/annika-nommik-msc\\\/\",\"url\":\"https:\\\/\\\/fysiokeskus.ee\\\/annika-nommik-msc\\\/\",\"name\":\"Annika N\u00f5mmik (MSc) - FYSIOKESKUS\",\"isPartOf\":{\"@id\":\"https:\\\/\\\/fysiokeskus.ee\\\/#website\"},\"primaryImageOfPage\":{\"@id\":\"https:\\\/\\\/fysiokeskus.ee\\\/annika-nommik-msc\\\/#primaryimage\"},\"image\":{\"@id\":\"https:\\\/\\\/fysiokeskus.ee\\\/annika-nommik-msc\\\/#primaryimage\"},\"thumbnailUrl\":\"https:\\\/\\\/fysiokeskus.ee\\\/wp-content\\\/uploads\\\/2024\\\/09\\\/image0-1024x1024.jpeg\",\"datePublished\":\"2024-09-29T19:10:05+00:00\",\"dateModified\":\"2024-09-29T19:13:59+00:00\",\"inLanguage\":\"en-US\",\"potentialAction\":[{\"@type\":\"ReadAction\",\"target\":[\"https:\\\/\\\/fysiokeskus.ee\\\/annika-nommik-msc\\\/\"]}]},{\"@type\":\"ImageObject\",\"inLanguage\":\"en-US\",\"@id\":\"https:\\\/\\\/fysiokeskus.ee\\\/annika-nommik-msc\\\/#primaryimage\",\"url\":\"https:\\\/\\\/fysiokeskus.ee\\\/wp-content\\\/uploads\\\/2024\\\/09\\\/image0-1024x1024.jpeg\",\"contentUrl\":\"https:\\\/\\\/fysiokeskus.ee\\\/wp-content\\\/uploads\\\/2024\\\/09\\\/image0-1024x1024.jpeg\"},{\"@type\":\"WebSite\",\"@id\":\"https:\\\/\\\/fysiokeskus.ee\\\/#website\",\"url\":\"https:\\\/\\\/fysiokeskus.ee\\\/\",\"name\":\"FYSIOKESKUS\",\"description\":\"F\u00fcsioteraapia ja massaa\u017e\",\"publisher\":{\"@id\":\"https:\\\/\\\/fysiokeskus.ee\\\/#organization\"},\"potentialAction\":[{\"@type\":\"SearchAction\",\"target\":{\"@type\":\"EntryPoint\",\"urlTemplate\":\"https:\\\/\\\/fysiokeskus.ee\\\/?s={search_term_string}\"},\"query-input\":{\"@type\":\"PropertyValueSpecification\",\"valueRequired\":true,\"valueName\":\"search_term_string\"}}],\"inLanguage\":\"en-US\"},{\"@type\":\"Organization\",\"@id\":\"https:\\\/\\\/fysiokeskus.ee\\\/#organization\",\"name\":\"FYSIOKESKUS\",\"url\":\"https:\\\/\\\/fysiokeskus.ee\\\/\",\"logo\":{\"@type\":\"ImageObject\",\"inLanguage\":\"en-US\",\"@id\":\"https:\\\/\\\/fysiokeskus.ee\\\/#\\\/schema\\\/logo\\\/image\\\/\",\"url\":\"https:\\\/\\\/fysiokeskus.ee\\\/wp-content\\\/uploads\\\/2022\\\/10\\\/FK1.png\",\"contentUrl\":\"https:\\\/\\\/fysiokeskus.ee\\\/wp-content\\\/uploads\\\/2022\\\/10\\\/FK1.png\",\"width\":885,\"height\":387,\"caption\":\"FYSIOKESKUS\"},\"image\":{\"@id\":\"https:\\\/\\\/fysiokeskus.ee\\\/#\\\/schema\\\/logo\\\/image\\\/\"},\"sameAs\":[\"https:\\\/\\\/www.facebook.com\\\/Fysiokeskus.ee\"]}]}<\/script>\n<!-- \/ Yoast SEO plugin. -->","yoast_head_json":{"title":"Annika N\u00f5mmik (MSc) - FYSIOKESKUS","robots":{"index":"index","follow":"follow","max-snippet":"max-snippet:-1","max-image-preview":"max-image-preview:large","max-video-preview":"max-video-preview:-1"},"canonical":"https:\/\/fysiokeskus.ee\/en\/annika-nommik-msc\/","og_locale":"en_US","og_type":"article","og_title":"Annika N\u00f5mmik (MSc) - FYSIOKESKUS","og_description":"Kontakt:&nbsp;annika.nommik@gmail.com Haridustee: 2022-2024 T\u00dc f\u00fcsioteraapia eriala magistri\u00f5pe 2019-2022 T\u00dc f\u00fcsioteraapia eriala bakalaureuse\u00f5pe T\u00f6\u00f6kogemus: Varasemalt on Annika t\u00f6\u00f6tanud Tartu \u00dclikooli Kliinikumi Kirurgiakliinikus ja Fysiokeskuses (2021-2022) Spetsialiseerumine: Pre-ja postoperatiivne f\u00fcsioteraapia, geriaatriline f\u00fcsioteraapia, skeleti-ja lihass\u00fcsteemi f\u00fcsioteraapia. Vabal ajal meeldib Annikale k\u00e4ia jooksmas ja j\u00f5usaalis, lugeda raamatuid, k\u00fcpsetada.","og_url":"https:\/\/fysiokeskus.ee\/en\/annika-nommik-msc\/","og_site_name":"FYSIOKESKUS","article_publisher":"https:\/\/www.facebook.com\/Fysiokeskus.ee","article_modified_time":"2024-09-29T19:13:59+00:00","og_image":[{"url":"https:\/\/fysiokeskus.ee\/wp-content\/uploads\/2024\/09\/image0-1024x1024.jpeg","type":"","width":"","height":""}],"twitter_card":"summary_large_image","schema":{"@context":"https:\/\/schema.org","@graph":[{"@type":"WebPage","@id":"https:\/\/fysiokeskus.ee\/annika-nommik-msc\/","url":"https:\/\/fysiokeskus.ee\/annika-nommik-msc\/","name":"Annika N\u00f5mmik (MSc) - FYSIOKESKUS","isPartOf":{"@id":"https:\/\/fysiokeskus.ee\/#website"},"primaryImageOfPage":{"@id":"https:\/\/fysiokeskus.ee\/annika-nommik-msc\/#primaryimage"},"image":{"@id":"https:\/\/fysiokeskus.ee\/annika-nommik-msc\/#primaryimage"},"thumbnailUrl":"https:\/\/fysiokeskus.ee\/wp-content\/uploads\/2024\/09\/image0-1024x1024.jpeg","datePublished":"2024-09-29T19:10:05+00:00","dateModified":"2024-09-29T19:13:59+00:00","inLanguage":"en-US","potentialAction":[{"@type":"ReadAction","target":["https:\/\/fysiokeskus.ee\/annika-nommik-msc\/"]}]},{"@type":"ImageObject","inLanguage":"en-US","@id":"https:\/\/fysiokeskus.ee\/annika-nommik-msc\/#primaryimage","url":"https:\/\/fysiokeskus.ee\/wp-content\/uploads\/2024\/09\/image0-1024x1024.jpeg","contentUrl":"https:\/\/fysiokeskus.ee\/wp-content\/uploads\/2024\/09\/image0-1024x1024.jpeg"},{"@type":"WebSite","@id":"https:\/\/fysiokeskus.ee\/#website","url":"https:\/\/fysiokeskus.ee\/","name":"FYSIOKESKUS","description":"F\u00fcsioteraapia ja massaa\u017e","publisher":{"@id":"https:\/\/fysiokeskus.ee\/#organization"},"potentialAction":[{"@type":"SearchAction","target":{"@type":"EntryPoint","urlTemplate":"https:\/\/fysiokeskus.ee\/?s={search_term_string}"},"query-input":{"@type":"PropertyValueSpecification","valueRequired":true,"valueName":"search_term_string"}}],"inLanguage":"en-US"},{"@type":"Organization","@id":"https:\/\/fysiokeskus.ee\/#organization","name":"FYSIOKESKUS","url":"https:\/\/fysiokeskus.ee\/","logo":{"@type":"ImageObject","inLanguage":"en-US","@id":"https:\/\/fysiokeskus.ee\/#\/schema\/logo\/image\/","url":"https:\/\/fysiokeskus.ee\/wp-content\/uploads\/2022\/10\/FK1.png","contentUrl":"https:\/\/fysiokeskus.ee\/wp-content\/uploads\/2022\/10\/FK1.png","width":885,"height":387,"caption":"FYSIOKESKUS"},"image":{"@id":"https:\/\/fysiokeskus.ee\/#\/schema\/logo\/image\/"},"sameAs":["https:\/\/www.facebook.com\/Fysiokeskus.ee"]}]}},"jetpack_sharing_enabled":true,"_links":{"self":[{"href":"https:\/\/fysiokeskus.ee\/en\/wp-json\/wp\/v2\/pages\/2959","targetHints":{"allow":["GET"]}}],"collection":[{"href":"https:\/\/fysiokeskus.ee\/en\/wp-json\/wp\/v2\/pages"}],"about":[{"href":"https:\/\/fysiokeskus.ee\/en\/wp-json\/wp\/v2\/types\/page"}],"author":[{"embeddable":true,"href":"https:\/\/fysiokeskus.ee\/en\/wp-json\/wp\/v2\/users\/2"}],"replies":[{"embeddable":true,"href":"https:\/\/fysiokeskus.ee\/en\/wp-json\/wp\/v2\/comments?post=2959"}],"version-history":[{"count":4,"href":"https:\/\/fysiokeskus.ee\/en\/wp-json\/wp\/v2\/pages\/2959\/revisions"}],"predecessor-version":[{"id":2966,"href":"https:\/\/fysiokeskus.ee\/en\/wp-json\/wp\/v2\/pages\/2959\/revisions\/2966"}],"wp:attachment":[{"href":"https:\/\/fysiokeskus.ee\/en\/wp-json\/wp\/v2\/media?parent=2959"}],"curies":[{"name":"wp","href":"https:\/\/api.w.org\/{rel}","templated":true}]}}