{"id":2880,"date":"2024-09-11T08:56:42","date_gmt":"2024-09-11T05:56:42","guid":{"rendered":"https:\/\/fysiokeskus.ee\/?page_id=2880"},"modified":"2025-10-22T14:32:27","modified_gmt":"2025-10-22T11:32:27","slug":"marian-kaur-2","status":"publish","type":"page","link":"https:\/\/fysiokeskus.ee\/en\/marian-kaur-2\/","title":{"rendered":"Marian Kaur (MSc)"},"content":{"rendered":"\t\t<div data-elementor-type=\"wp-page\" data-elementor-id=\"2880\" class=\"elementor elementor-2880\" data-elementor-post-type=\"page\">\n\t\t\t\t\t\t<section class=\"elementor-section elementor-top-section elementor-element elementor-element-7eb4a00 elementor-section-boxed elementor-section-height-default elementor-section-height-default\" data-id=\"7eb4a00\" data-element_type=\"section\" data-e-type=\"section\">\n\t\t\t\t\t\t<div class=\"elementor-container elementor-column-gap-default\">\n\t\t\t\t\t<div class=\"elementor-column elementor-col-100 elementor-top-column elementor-element elementor-element-65f55b6\" data-id=\"65f55b6\" data-element_type=\"column\" data-e-type=\"column\">\n\t\t\t<div class=\"elementor-widget-wrap elementor-element-populated\">\n\t\t\t\t\t\t<section class=\"elementor-section elementor-inner-section elementor-element elementor-element-bcf5507 elementor-section-boxed elementor-section-height-default elementor-section-height-default\" data-id=\"bcf5507\" data-element_type=\"section\" data-e-type=\"section\">\n\t\t\t\t\t\t<div class=\"elementor-container elementor-column-gap-default\">\n\t\t\t\t\t<div class=\"elementor-column elementor-col-50 elementor-inner-column elementor-element elementor-element-dd06d50\" data-id=\"dd06d50\" data-element_type=\"column\" data-e-type=\"column\">\n\t\t\t<div class=\"elementor-widget-wrap elementor-element-populated\">\n\t\t\t\t\t\t<div class=\"elementor-element elementor-element-998b1b8 elementor-widget elementor-widget-text-editor\" data-id=\"998b1b8\" data-element_type=\"widget\" data-e-type=\"widget\" data-widget_type=\"text-editor.default\">\n\t\t\t\t<div class=\"elementor-widget-container\">\n\t\t\t\t\t\t\t\t\t<p><strong><span style=\"text-decoration: underline;\">Kontaktid<\/span>:<\/strong><\/p>\n<p>Tel 5814 7626; e-mail&nbsp;<a class=\"mailto-link\" data-enc-email=\"znevnaxnheSG[at]tznvy.pbz\" data-wpel-link=\"ignore\"><span id=\"eeb-697323-91845\">mariankaurFT@gmail.com<\/span><\/a><\/p>\n<p><strong><u>Haridustee<\/u>:<\/strong><\/p>\n<div class=\"wp-block-image\">&nbsp;<\/div>\n<ul class=\"wp-block-list\">\n<li>2022 \u2013 2024 T\u00dc f\u00fcsioteraapia eriala magistri\u00f5pe<\/li>\n<li>2019 \u2013 2022 T\u00dc f\u00fcsioteraapia eriala bakalaureuse\u00f5pe cum laude<\/li>\n<li>2021&nbsp;EEVL EKR_3 koolitus r\u00fchmatreeningute treeneritele<\/li>\n<\/ul>\n<p>Marianil on abitreeneri kutse, mis on leitav spordiregistris:&nbsp;<a href=\"https:\/\/www.spordiregister.ee\/et\/treener\/14349\/marian_kaur\" target=\"_blank\" rel=\"noreferrer noopener\">https:\/\/www.spordiregister.ee\/et\/treener\/14349\/marian_kaur<\/a><\/p>\n<p><strong><u>T\u00f6\u00f6kogemus<\/u>:<\/strong>&nbsp;<\/p>\n<ul class=\"wp-block-list\">\n<li>2021 &#8211; &#8230; f\u00fcsioterapeut Fysiokeskuses<\/li><li>2023 &#8211; 2024 f\u00fcsioterapeut P\u00f5lva haigla ambulatoorse taastusravi osakonnas<\/li>\n<li>2021 (suvi) \u2013 abif\u00fcsioterapeut Viljandi haiglas<\/li>\n<\/ul>\n<p><strong><u>Spetsialiseerumine<\/u>:<\/strong>&nbsp;<\/p>\n<p>Skeleti-lihass\u00fcsteemi f\u00fcsioteraapia, trauma- ja operatsioonij\u00e4rgne f\u00fcsioteraapia, koduteenus.<\/p>\n<p><strong><u>Vabal ajal<\/u><\/strong>&nbsp;tegeleb j\u00f5usaalitreeningu, postitantsu, kunsti ja r\u00fchmatreeningutega.<\/p>\t\t\t\t\t\t\t\t<\/div>\n\t\t\t\t<\/div>\n\t\t\t\t\t<\/div>\n\t\t<\/div>\n\t\t\t\t<div class=\"elementor-column elementor-col-50 elementor-inner-column elementor-element elementor-element-5befbff\" data-id=\"5befbff\" data-element_type=\"column\" data-e-type=\"column\">\n\t\t\t<div class=\"elementor-widget-wrap elementor-element-populated\">\n\t\t\t\t\t\t<div class=\"elementor-element elementor-element-66c5230 elementor-widget elementor-widget-image\" data-id=\"66c5230\" data-element_type=\"widget\" data-e-type=\"widget\" data-widget_type=\"image.default\">\n\t\t\t\t<div class=\"elementor-widget-container\">\n\t\t\t\t\t\t\t\t\t\t\t\t\t\t\t<img fetchpriority=\"high\" decoding=\"async\" width=\"683\" height=\"1024\" src=\"https:\/\/fysiokeskus.ee\/wp-content\/uploads\/2023\/10\/Marian-Kaur-683x1024.jpg\" class=\"attachment-large size-large wp-image-2310\" alt=\"\" srcset=\"https:\/\/fysiokeskus.ee\/wp-content\/uploads\/2023\/10\/Marian-Kaur-683x1024.jpg 683w, https:\/\/fysiokeskus.ee\/wp-content\/uploads\/2023\/10\/Marian-Kaur-200x300.jpg 200w, https:\/\/fysiokeskus.ee\/wp-content\/uploads\/2023\/10\/Marian-Kaur-768x1152.jpg 768w, https:\/\/fysiokeskus.ee\/wp-content\/uploads\/2023\/10\/Marian-Kaur-1024x1536.jpg 1024w, https:\/\/fysiokeskus.ee\/wp-content\/uploads\/2023\/10\/Marian-Kaur-1365x2048.jpg 1365w, https:\/\/fysiokeskus.ee\/wp-content\/uploads\/2023\/10\/Marian-Kaur-8x12.jpg 8w, https:\/\/fysiokeskus.ee\/wp-content\/uploads\/2023\/10\/Marian-Kaur.jpg 1600w\" sizes=\"(max-width: 683px) 100vw, 683px\" \/>\t\t\t\t\t\t\t\t\t\t\t\t\t\t\t<\/div>\n\t\t\t\t<\/div>\n\t\t\t\t\t<\/div>\n\t\t<\/div>\n\t\t\t\t\t<\/div>\n\t\t<\/section>\n\t\t\t\t\t<\/div>\n\t\t<\/div>\n\t\t\t\t\t<\/div>\n\t\t<\/section>\n\t\t\t\t<\/div>\n\t\t","protected":false},"excerpt":{"rendered":"<p>Kontaktid: Tel 5814 7626; e-mail&nbsp;mariankaurFT@gmail.com Haridustee: &nbsp; 2022 \u2013 2024 T\u00dc f\u00fcsioteraapia eriala magistri\u00f5pe 2019 \u2013 2022 T\u00dc f\u00fcsioteraapia eriala bakalaureuse\u00f5pe cum laude 2021&nbsp;EEVL EKR_3 koolitus r\u00fchmatreeningute treeneritele Marianil on abitreeneri kutse, mis on leitav spordiregistris:&nbsp;https:\/\/www.spordiregister.ee\/et\/treener\/14349\/marian_kaur T\u00f6\u00f6kogemus:&nbsp; 2021 &#8211; &#8230; f\u00fcsioterapeut Fysiokeskuses 2023 &#8211; 2024 f\u00fcsioterapeut P\u00f5lva haigla ambulatoorse taastusravi osakonnas 2021 (suvi) \u2013 abif\u00fcsioterapeut [&hellip;]<\/p>\n","protected":false},"author":2,"featured_media":0,"parent":0,"menu_order":0,"comment_status":"closed","ping_status":"closed","template":"","meta":{"_monsterinsights_skip_tracking":false,"_monsterinsights_sitenote_active":false,"_monsterinsights_sitenote_note":"","_monsterinsights_sitenote_category":0,"footnotes":""},"class_list":["post-2880","page","type-page","status-publish","hentry"],"yoast_head":"<!-- This site is optimized with the Yoast SEO plugin v27.3 - https:\/\/yoast.com\/product\/yoast-seo-wordpress\/ -->\n<title>Marian Kaur (MSc) - FYSIOKESKUS<\/title>\n<meta name=\"robots\" content=\"index, follow, max-snippet:-1, max-image-preview:large, max-video-preview:-1\" \/>\n<link rel=\"canonical\" href=\"https:\/\/fysiokeskus.ee\/en\/marian-kaur-2\/\" \/>\n<meta property=\"og:locale\" content=\"en_US\" \/>\n<meta property=\"og:type\" content=\"article\" \/>\n<meta property=\"og:title\" content=\"Marian Kaur (MSc) - FYSIOKESKUS\" \/>\n<meta property=\"og:description\" content=\"Kontaktid: Tel 5814 7626; e-mail&nbsp;mariankaurFT@gmail.com Haridustee: &nbsp; 2022 \u2013 2024 T\u00dc f\u00fcsioteraapia eriala magistri\u00f5pe 2019 \u2013 2022 T\u00dc f\u00fcsioteraapia eriala bakalaureuse\u00f5pe cum laude 2021&nbsp;EEVL EKR_3 koolitus r\u00fchmatreeningute treeneritele Marianil on abitreeneri kutse, mis on leitav spordiregistris:&nbsp;https:\/\/www.spordiregister.ee\/et\/treener\/14349\/marian_kaur T\u00f6\u00f6kogemus:&nbsp; 2021 &#8211; &#8230; f\u00fcsioterapeut Fysiokeskuses 2023 &#8211; 2024 f\u00fcsioterapeut P\u00f5lva haigla ambulatoorse taastusravi osakonnas 2021 (suvi) \u2013 abif\u00fcsioterapeut [&hellip;]\" \/>\n<meta property=\"og:url\" content=\"https:\/\/fysiokeskus.ee\/en\/marian-kaur-2\/\" \/>\n<meta property=\"og:site_name\" content=\"FYSIOKESKUS\" \/>\n<meta property=\"article:publisher\" content=\"https:\/\/www.facebook.com\/Fysiokeskus.ee\" \/>\n<meta property=\"article:modified_time\" content=\"2025-10-22T11:32:27+00:00\" \/>\n<meta property=\"og:image\" content=\"https:\/\/fysiokeskus.ee\/wp-content\/uploads\/2023\/10\/Marian-Kaur.jpg\" \/>\n\t<meta property=\"og:image:width\" content=\"1600\" \/>\n\t<meta property=\"og:image:height\" content=\"2400\" \/>\n\t<meta property=\"og:image:type\" content=\"image\/jpeg\" \/>\n<meta name=\"twitter:card\" content=\"summary_large_image\" \/>\n<script type=\"application\/ld+json\" class=\"yoast-schema-graph\">{\"@context\":\"https:\\\/\\\/schema.org\",\"@graph\":[{\"@type\":\"WebPage\",\"@id\":\"https:\\\/\\\/fysiokeskus.ee\\\/marian-kaur-2\\\/\",\"url\":\"https:\\\/\\\/fysiokeskus.ee\\\/marian-kaur-2\\\/\",\"name\":\"Marian Kaur (MSc) - FYSIOKESKUS\",\"isPartOf\":{\"@id\":\"https:\\\/\\\/fysiokeskus.ee\\\/#website\"},\"primaryImageOfPage\":{\"@id\":\"https:\\\/\\\/fysiokeskus.ee\\\/marian-kaur-2\\\/#primaryimage\"},\"image\":{\"@id\":\"https:\\\/\\\/fysiokeskus.ee\\\/marian-kaur-2\\\/#primaryimage\"},\"thumbnailUrl\":\"https:\\\/\\\/fysiokeskus.ee\\\/wp-content\\\/uploads\\\/2023\\\/10\\\/Marian-Kaur-683x1024.jpg\",\"datePublished\":\"2024-09-11T05:56:42+00:00\",\"dateModified\":\"2025-10-22T11:32:27+00:00\",\"inLanguage\":\"en-US\",\"potentialAction\":[{\"@type\":\"ReadAction\",\"target\":[\"https:\\\/\\\/fysiokeskus.ee\\\/marian-kaur-2\\\/\"]}]},{\"@type\":\"ImageObject\",\"inLanguage\":\"en-US\",\"@id\":\"https:\\\/\\\/fysiokeskus.ee\\\/marian-kaur-2\\\/#primaryimage\",\"url\":\"https:\\\/\\\/fysiokeskus.ee\\\/wp-content\\\/uploads\\\/2023\\\/10\\\/Marian-Kaur-683x1024.jpg\",\"contentUrl\":\"https:\\\/\\\/fysiokeskus.ee\\\/wp-content\\\/uploads\\\/2023\\\/10\\\/Marian-Kaur-683x1024.jpg\"},{\"@type\":\"WebSite\",\"@id\":\"https:\\\/\\\/fysiokeskus.ee\\\/#website\",\"url\":\"https:\\\/\\\/fysiokeskus.ee\\\/\",\"name\":\"FYSIOKESKUS\",\"description\":\"F\u00fcsioteraapia ja massaa\u017e\",\"publisher\":{\"@id\":\"https:\\\/\\\/fysiokeskus.ee\\\/#organization\"},\"potentialAction\":[{\"@type\":\"SearchAction\",\"target\":{\"@type\":\"EntryPoint\",\"urlTemplate\":\"https:\\\/\\\/fysiokeskus.ee\\\/?s={search_term_string}\"},\"query-input\":{\"@type\":\"PropertyValueSpecification\",\"valueRequired\":true,\"valueName\":\"search_term_string\"}}],\"inLanguage\":\"en-US\"},{\"@type\":\"Organization\",\"@id\":\"https:\\\/\\\/fysiokeskus.ee\\\/#organization\",\"name\":\"FYSIOKESKUS\",\"url\":\"https:\\\/\\\/fysiokeskus.ee\\\/\",\"logo\":{\"@type\":\"ImageObject\",\"inLanguage\":\"en-US\",\"@id\":\"https:\\\/\\\/fysiokeskus.ee\\\/#\\\/schema\\\/logo\\\/image\\\/\",\"url\":\"https:\\\/\\\/fysiokeskus.ee\\\/wp-content\\\/uploads\\\/2022\\\/10\\\/FK1.png\",\"contentUrl\":\"https:\\\/\\\/fysiokeskus.ee\\\/wp-content\\\/uploads\\\/2022\\\/10\\\/FK1.png\",\"width\":885,\"height\":387,\"caption\":\"FYSIOKESKUS\"},\"image\":{\"@id\":\"https:\\\/\\\/fysiokeskus.ee\\\/#\\\/schema\\\/logo\\\/image\\\/\"},\"sameAs\":[\"https:\\\/\\\/www.facebook.com\\\/Fysiokeskus.ee\"]}]}<\/script>\n<!-- \/ Yoast SEO plugin. -->","yoast_head_json":{"title":"Marian Kaur (MSc) - FYSIOKESKUS","robots":{"index":"index","follow":"follow","max-snippet":"max-snippet:-1","max-image-preview":"max-image-preview:large","max-video-preview":"max-video-preview:-1"},"canonical":"https:\/\/fysiokeskus.ee\/en\/marian-kaur-2\/","og_locale":"en_US","og_type":"article","og_title":"Marian Kaur (MSc) - FYSIOKESKUS","og_description":"Kontaktid: Tel 5814 7626; e-mail&nbsp;mariankaurFT@gmail.com Haridustee: &nbsp; 2022 \u2013 2024 T\u00dc f\u00fcsioteraapia eriala magistri\u00f5pe 2019 \u2013 2022 T\u00dc f\u00fcsioteraapia eriala bakalaureuse\u00f5pe cum laude 2021&nbsp;EEVL EKR_3 koolitus r\u00fchmatreeningute treeneritele Marianil on abitreeneri kutse, mis on leitav spordiregistris:&nbsp;https:\/\/www.spordiregister.ee\/et\/treener\/14349\/marian_kaur T\u00f6\u00f6kogemus:&nbsp; 2021 &#8211; &#8230; f\u00fcsioterapeut Fysiokeskuses 2023 &#8211; 2024 f\u00fcsioterapeut P\u00f5lva haigla ambulatoorse taastusravi osakonnas 2021 (suvi) \u2013 abif\u00fcsioterapeut [&hellip;]","og_url":"https:\/\/fysiokeskus.ee\/en\/marian-kaur-2\/","og_site_name":"FYSIOKESKUS","article_publisher":"https:\/\/www.facebook.com\/Fysiokeskus.ee","article_modified_time":"2025-10-22T11:32:27+00:00","og_image":[{"width":1600,"height":2400,"url":"https:\/\/fysiokeskus.ee\/wp-content\/uploads\/2023\/10\/Marian-Kaur.jpg","type":"image\/jpeg"}],"twitter_card":"summary_large_image","schema":{"@context":"https:\/\/schema.org","@graph":[{"@type":"WebPage","@id":"https:\/\/fysiokeskus.ee\/marian-kaur-2\/","url":"https:\/\/fysiokeskus.ee\/marian-kaur-2\/","name":"Marian Kaur (MSc) - FYSIOKESKUS","isPartOf":{"@id":"https:\/\/fysiokeskus.ee\/#website"},"primaryImageOfPage":{"@id":"https:\/\/fysiokeskus.ee\/marian-kaur-2\/#primaryimage"},"image":{"@id":"https:\/\/fysiokeskus.ee\/marian-kaur-2\/#primaryimage"},"thumbnailUrl":"https:\/\/fysiokeskus.ee\/wp-content\/uploads\/2023\/10\/Marian-Kaur-683x1024.jpg","datePublished":"2024-09-11T05:56:42+00:00","dateModified":"2025-10-22T11:32:27+00:00","inLanguage":"en-US","potentialAction":[{"@type":"ReadAction","target":["https:\/\/fysiokeskus.ee\/marian-kaur-2\/"]}]},{"@type":"ImageObject","inLanguage":"en-US","@id":"https:\/\/fysiokeskus.ee\/marian-kaur-2\/#primaryimage","url":"https:\/\/fysiokeskus.ee\/wp-content\/uploads\/2023\/10\/Marian-Kaur-683x1024.jpg","contentUrl":"https:\/\/fysiokeskus.ee\/wp-content\/uploads\/2023\/10\/Marian-Kaur-683x1024.jpg"},{"@type":"WebSite","@id":"https:\/\/fysiokeskus.ee\/#website","url":"https:\/\/fysiokeskus.ee\/","name":"FYSIOKESKUS","description":"F\u00fcsioteraapia ja massaa\u017e","publisher":{"@id":"https:\/\/fysiokeskus.ee\/#organization"},"potentialAction":[{"@type":"SearchAction","target":{"@type":"EntryPoint","urlTemplate":"https:\/\/fysiokeskus.ee\/?s={search_term_string}"},"query-input":{"@type":"PropertyValueSpecification","valueRequired":true,"valueName":"search_term_string"}}],"inLanguage":"en-US"},{"@type":"Organization","@id":"https:\/\/fysiokeskus.ee\/#organization","name":"FYSIOKESKUS","url":"https:\/\/fysiokeskus.ee\/","logo":{"@type":"ImageObject","inLanguage":"en-US","@id":"https:\/\/fysiokeskus.ee\/#\/schema\/logo\/image\/","url":"https:\/\/fysiokeskus.ee\/wp-content\/uploads\/2022\/10\/FK1.png","contentUrl":"https:\/\/fysiokeskus.ee\/wp-content\/uploads\/2022\/10\/FK1.png","width":885,"height":387,"caption":"FYSIOKESKUS"},"image":{"@id":"https:\/\/fysiokeskus.ee\/#\/schema\/logo\/image\/"},"sameAs":["https:\/\/www.facebook.com\/Fysiokeskus.ee"]}]}},"jetpack_sharing_enabled":true,"_links":{"self":[{"href":"https:\/\/fysiokeskus.ee\/en\/wp-json\/wp\/v2\/pages\/2880","targetHints":{"allow":["GET"]}}],"collection":[{"href":"https:\/\/fysiokeskus.ee\/en\/wp-json\/wp\/v2\/pages"}],"about":[{"href":"https:\/\/fysiokeskus.ee\/en\/wp-json\/wp\/v2\/types\/page"}],"author":[{"embeddable":true,"href":"https:\/\/fysiokeskus.ee\/en\/wp-json\/wp\/v2\/users\/2"}],"replies":[{"embeddable":true,"href":"https:\/\/fysiokeskus.ee\/en\/wp-json\/wp\/v2\/comments?post=2880"}],"version-history":[{"count":15,"href":"https:\/\/fysiokeskus.ee\/en\/wp-json\/wp\/v2\/pages\/2880\/revisions"}],"predecessor-version":[{"id":3107,"href":"https:\/\/fysiokeskus.ee\/en\/wp-json\/wp\/v2\/pages\/2880\/revisions\/3107"}],"wp:attachment":[{"href":"https:\/\/fysiokeskus.ee\/en\/wp-json\/wp\/v2\/media?parent=2880"}],"curies":[{"name":"wp","href":"https:\/\/api.w.org\/{rel}","templated":true}]}}