{"id":2817,"date":"2024-09-10T14:36:55","date_gmt":"2024-09-10T11:36:55","guid":{"rendered":"https:\/\/fysiokeskus.ee\/?page_id=2817"},"modified":"2024-09-12T22:43:25","modified_gmt":"2024-09-12T19:43:25","slug":"elementor-2817","status":"publish","type":"page","link":"https:\/\/fysiokeskus.ee\/en\/elementor-2817\/","title":{"rendered":"Kerttu Saks"},"content":{"rendered":"<div data-elementor-type=\"wp-page\" data-elementor-id=\"2817\" class=\"elementor elementor-2817\" data-elementor-post-type=\"page\">\n\t\t\t\t\t\t<section class=\"elementor-section elementor-top-section elementor-element elementor-element-dd509cf elementor-section-boxed elementor-section-height-default elementor-section-height-default\" data-id=\"dd509cf\" data-element_type=\"section\" data-e-type=\"section\">\n\t\t\t\t\t\t<div class=\"elementor-container elementor-column-gap-default\">\n\t\t\t\t\t<div class=\"elementor-column elementor-col-100 elementor-top-column elementor-element elementor-element-43b244f\" data-id=\"43b244f\" data-element_type=\"column\" data-e-type=\"column\">\n\t\t\t<div class=\"elementor-widget-wrap elementor-element-populated\">\n\t\t\t\t\t\t<section class=\"elementor-section elementor-inner-section elementor-element elementor-element-9adf5ff elementor-section-boxed elementor-section-height-default elementor-section-height-default\" data-id=\"9adf5ff\" data-element_type=\"section\" data-e-type=\"section\">\n\t\t\t\t\t\t<div class=\"elementor-container elementor-column-gap-default\">\n\t\t\t\t\t<div class=\"elementor-column elementor-col-50 elementor-inner-column elementor-element elementor-element-0f3be36\" data-id=\"0f3be36\" data-element_type=\"column\" data-e-type=\"column\">\n\t\t\t<div class=\"elementor-widget-wrap elementor-element-populated\">\n\t\t\t\t\t\t<div class=\"elementor-element elementor-element-ad2b79e elementor-widget elementor-widget-text-editor\" data-id=\"ad2b79e\" data-element_type=\"widget\" data-e-type=\"widget\" data-widget_type=\"text-editor.default\">\n\t\t\t\t<div class=\"elementor-widget-container\">\n\t\t\t\t\t\t\t\t\t<p><strong style=\"color: var( --e-global-color-text ); font-family: var( --e-global-typography-text-font-family ), Sans-serif; background-color: var(--dt-whi-color); font-size: 1.6rem; font-style: inherit; letter-spacing: 0.01em; text-transform: inherit;\"><u>Haridustee<\/u>:<\/strong><span style=\"color: var( --e-global-color-text ); font-family: var( --e-global-typography-text-font-family ), Sans-serif; font-weight: var( --e-global-typography-text-font-weight ); background-color: var(--dt-whi-color); font-size: 1.6rem; font-style: inherit; letter-spacing: 0.01em; text-transform: inherit;\">&nbsp;<\/span><\/p>\n<ul style=\"margin-top:0cm\" type=\"disc\">\n<li>2022-\u2026<br>     Tartu \u00dclikool f\u00fcsioteraapia<o:p><\/o:p><\/li>\n<li>2023<br>     Kinesio- ja sporditeipimine<o:p><\/o:p><\/li>\n<\/ul>\n<p><strong><u>T\u00f6\u00f6kogemus<\/u>:<\/strong>&nbsp;<\/p>\n<p><span style=\"color: var( --e-global-color-text ); font-family: var( --e-global-typography-text-font-family ), Sans-serif; font-weight: var( --e-global-typography-text-font-weight ); background-color: var(--dt-whi-color); font-size: 1.6rem; font-style: inherit; letter-spacing: 0.01em; text-transform: inherit;\">Varasemalt on Kerttu t\u00f6\u00f6tanud Activella salongis mass\u00f6\u00f6rina.<\/span><\/p>\n<p><strong style=\"color: var( --e-global-color-text ); font-family: var( --e-global-typography-text-font-family ), Sans-serif; background-color: var(--dt-whi-color); font-size: 1.6rem; font-style: inherit; letter-spacing: 0.01em; text-transform: inherit;\"><u>Vabal ajal<\/u><\/strong><span style=\"color: var( --e-global-color-text ); font-family: var( --e-global-typography-text-font-family ), Sans-serif; font-weight: var( --e-global-typography-text-font-weight ); background-color: var(--dt-whi-color); font-size: 1.6rem; font-style: inherit; letter-spacing: 0.01em; text-transform: inherit;\">&nbsp;<\/span><span style=\"color: var( --e-global-color-text ); font-weight: var( --e-global-typography-text-font-weight ); font-size: 12pt; font-style: inherit; letter-spacing: 0.01em; text-transform: inherit; font-family: Aptos, sans-serif; background-color: var(--dt-whi-color);\">treenib<br>\nKerttu j\u00f5usaalis, m\u00e4ngib n\u00e4dalavahetustel s\u00f5pradega disc-golfi ja loeb<br>\nraamtuid.&nbsp;<\/span><br><\/p>\t\t\t\t\t\t\t\t<\/div>\n\t\t\t\t<\/div>\n\t\t\t\t\t<\/div>\n\t\t<\/div>\n\t\t\t\t<div class=\"elementor-column elementor-col-50 elementor-inner-column elementor-element elementor-element-f0d3cff\" data-id=\"f0d3cff\" data-element_type=\"column\" data-e-type=\"column\">\n\t\t\t<div class=\"elementor-widget-wrap elementor-element-populated\">\n\t\t\t\t\t\t<div class=\"elementor-element elementor-element-edbe9c5 elementor-widget elementor-widget-image\" data-id=\"edbe9c5\" data-element_type=\"widget\" data-e-type=\"widget\" data-widget_type=\"image.default\">\n\t\t\t\t<div class=\"elementor-widget-container\">\n\t\t\t\t\t\t\t\t\t\t\t\t\t\t\t<img fetchpriority=\"high\" decoding=\"async\" width=\"560\" height=\"724\" src=\"https:\/\/fysiokeskus.ee\/wp-content\/uploads\/2024\/09\/9721E00E-950A-4156-968E-D86112D259D1_1_105_c-1.jpeg\" class=\"attachment-large size-large wp-image-2901\" alt=\"\" srcset=\"https:\/\/fysiokeskus.ee\/wp-content\/uploads\/2024\/09\/9721E00E-950A-4156-968E-D86112D259D1_1_105_c-1.jpeg 560w, https:\/\/fysiokeskus.ee\/wp-content\/uploads\/2024\/09\/9721E00E-950A-4156-968E-D86112D259D1_1_105_c-1-232x300.jpeg 232w, https:\/\/fysiokeskus.ee\/wp-content\/uploads\/2024\/09\/9721E00E-950A-4156-968E-D86112D259D1_1_105_c-1-9x12.jpeg 9w\" sizes=\"(max-width: 560px) 100vw, 560px\" \/>\t\t\t\t\t\t\t\t\t\t\t\t\t\t\t<\/div>\n\t\t\t\t<\/div>\n\t\t\t\t\t<\/div>\n\t\t<\/div>\n\t\t\t\t\t<\/div>\n\t\t<\/section>\n\t\t\t\t\t<\/div>\n\t\t<\/div>\n\t\t\t\t\t<\/div>\n\t\t<\/section>\n\t\t\t\t<\/div>","protected":false},"excerpt":{"rendered":"<p>Haridustee:&nbsp; 2022-\u2026 Tartu \u00dclikool f\u00fcsioteraapia 2023 Kinesio- ja sporditeipimine T\u00f6\u00f6kogemus:&nbsp; Varasemalt on Kerttu t\u00f6\u00f6tanud Activella salongis mass\u00f6\u00f6rina. Vabal ajal&nbsp;treenib Kerttu j\u00f5usaalis, m\u00e4ngib n\u00e4dalavahetustel s\u00f5pradega disc-golfi ja loeb raamtuid.&nbsp;<\/p>","protected":false},"author":2,"featured_media":0,"parent":0,"menu_order":0,"comment_status":"closed","ping_status":"closed","template":"","meta":{"_monsterinsights_skip_tracking":false,"_monsterinsights_sitenote_active":false,"_monsterinsights_sitenote_note":"","_monsterinsights_sitenote_category":0,"footnotes":""},"class_list":["post-2817","page","type-page","status-publish","hentry"],"yoast_head":"<!-- This site is optimized with the Yoast SEO plugin v27.6 - https:\/\/yoast.com\/product\/yoast-seo-wordpress\/ -->\n<title>Kerttu Saks - FYSIOKESKUS<\/title>\n<meta name=\"robots\" content=\"index, follow, max-snippet:-1, max-image-preview:large, max-video-preview:-1\" \/>\n<link rel=\"canonical\" href=\"https:\/\/fysiokeskus.ee\/en\/elementor-2817\/\" \/>\n<meta property=\"og:locale\" content=\"en_US\" \/>\n<meta property=\"og:type\" content=\"article\" \/>\n<meta property=\"og:title\" content=\"Kerttu Saks - FYSIOKESKUS\" \/>\n<meta property=\"og:description\" content=\"Haridustee:&nbsp; 2022-\u2026 Tartu \u00dclikool f\u00fcsioteraapia 2023 Kinesio- ja sporditeipimine T\u00f6\u00f6kogemus:&nbsp; Varasemalt on Kerttu t\u00f6\u00f6tanud Activella salongis mass\u00f6\u00f6rina. Vabal ajal&nbsp;treenib Kerttu j\u00f5usaalis, m\u00e4ngib n\u00e4dalavahetustel s\u00f5pradega disc-golfi ja loeb raamtuid.&nbsp;\" \/>\n<meta property=\"og:url\" content=\"https:\/\/fysiokeskus.ee\/en\/elementor-2817\/\" \/>\n<meta property=\"og:site_name\" content=\"FYSIOKESKUS\" \/>\n<meta property=\"article:publisher\" content=\"https:\/\/www.facebook.com\/Fysiokeskus.ee\" \/>\n<meta property=\"article:modified_time\" content=\"2024-09-12T19:43:25+00:00\" \/>\n<meta property=\"og:image\" content=\"https:\/\/fysiokeskus.ee\/wp-content\/uploads\/2024\/09\/9721E00E-950A-4156-968E-D86112D259D1_1_105_c-1.jpeg\" \/>\n<meta name=\"twitter:card\" content=\"summary_large_image\" \/>\n<script type=\"application\/ld+json\" class=\"yoast-schema-graph\">{\"@context\":\"https:\\\/\\\/schema.org\",\"@graph\":[{\"@type\":\"WebPage\",\"@id\":\"https:\\\/\\\/fysiokeskus.ee\\\/elementor-2817\\\/\",\"url\":\"https:\\\/\\\/fysiokeskus.ee\\\/elementor-2817\\\/\",\"name\":\"Kerttu Saks - FYSIOKESKUS\",\"isPartOf\":{\"@id\":\"https:\\\/\\\/fysiokeskus.ee\\\/#website\"},\"primaryImageOfPage\":{\"@id\":\"https:\\\/\\\/fysiokeskus.ee\\\/elementor-2817\\\/#primaryimage\"},\"image\":{\"@id\":\"https:\\\/\\\/fysiokeskus.ee\\\/elementor-2817\\\/#primaryimage\"},\"thumbnailUrl\":\"https:\\\/\\\/fysiokeskus.ee\\\/wp-content\\\/uploads\\\/2024\\\/09\\\/9721E00E-950A-4156-968E-D86112D259D1_1_105_c-1.jpeg\",\"datePublished\":\"2024-09-10T11:36:55+00:00\",\"dateModified\":\"2024-09-12T19:43:25+00:00\",\"inLanguage\":\"en-US\",\"potentialAction\":[{\"@type\":\"ReadAction\",\"target\":[\"https:\\\/\\\/fysiokeskus.ee\\\/elementor-2817\\\/\"]}]},{\"@type\":\"ImageObject\",\"inLanguage\":\"en-US\",\"@id\":\"https:\\\/\\\/fysiokeskus.ee\\\/elementor-2817\\\/#primaryimage\",\"url\":\"https:\\\/\\\/fysiokeskus.ee\\\/wp-content\\\/uploads\\\/2024\\\/09\\\/9721E00E-950A-4156-968E-D86112D259D1_1_105_c-1.jpeg\",\"contentUrl\":\"https:\\\/\\\/fysiokeskus.ee\\\/wp-content\\\/uploads\\\/2024\\\/09\\\/9721E00E-950A-4156-968E-D86112D259D1_1_105_c-1.jpeg\"},{\"@type\":\"WebSite\",\"@id\":\"https:\\\/\\\/fysiokeskus.ee\\\/#website\",\"url\":\"https:\\\/\\\/fysiokeskus.ee\\\/\",\"name\":\"FYSIOKESKUS\",\"description\":\"F\u00fcsioteraapia ja massaa\u017e\",\"publisher\":{\"@id\":\"https:\\\/\\\/fysiokeskus.ee\\\/#organization\"},\"potentialAction\":[{\"@type\":\"SearchAction\",\"target\":{\"@type\":\"EntryPoint\",\"urlTemplate\":\"https:\\\/\\\/fysiokeskus.ee\\\/?s={search_term_string}\"},\"query-input\":{\"@type\":\"PropertyValueSpecification\",\"valueRequired\":true,\"valueName\":\"search_term_string\"}}],\"inLanguage\":\"en-US\"},{\"@type\":\"Organization\",\"@id\":\"https:\\\/\\\/fysiokeskus.ee\\\/#organization\",\"name\":\"FYSIOKESKUS\",\"url\":\"https:\\\/\\\/fysiokeskus.ee\\\/\",\"logo\":{\"@type\":\"ImageObject\",\"inLanguage\":\"en-US\",\"@id\":\"https:\\\/\\\/fysiokeskus.ee\\\/#\\\/schema\\\/logo\\\/image\\\/\",\"url\":\"https:\\\/\\\/fysiokeskus.ee\\\/wp-content\\\/uploads\\\/2022\\\/10\\\/FK1.png\",\"contentUrl\":\"https:\\\/\\\/fysiokeskus.ee\\\/wp-content\\\/uploads\\\/2022\\\/10\\\/FK1.png\",\"width\":885,\"height\":387,\"caption\":\"FYSIOKESKUS\"},\"image\":{\"@id\":\"https:\\\/\\\/fysiokeskus.ee\\\/#\\\/schema\\\/logo\\\/image\\\/\"},\"sameAs\":[\"https:\\\/\\\/www.facebook.com\\\/Fysiokeskus.ee\"]}]}<\/script>\n<!-- \/ Yoast SEO plugin. -->","yoast_head_json":{"title":"Kerttu Saks - FYSIOKESKUS","robots":{"index":"index","follow":"follow","max-snippet":"max-snippet:-1","max-image-preview":"max-image-preview:large","max-video-preview":"max-video-preview:-1"},"canonical":"https:\/\/fysiokeskus.ee\/en\/elementor-2817\/","og_locale":"en_US","og_type":"article","og_title":"Kerttu Saks - FYSIOKESKUS","og_description":"Haridustee:&nbsp; 2022-\u2026 Tartu \u00dclikool f\u00fcsioteraapia 2023 Kinesio- ja sporditeipimine T\u00f6\u00f6kogemus:&nbsp; Varasemalt on Kerttu t\u00f6\u00f6tanud Activella salongis mass\u00f6\u00f6rina. Vabal ajal&nbsp;treenib Kerttu j\u00f5usaalis, m\u00e4ngib n\u00e4dalavahetustel s\u00f5pradega disc-golfi ja loeb raamtuid.&nbsp;","og_url":"https:\/\/fysiokeskus.ee\/en\/elementor-2817\/","og_site_name":"FYSIOKESKUS","article_publisher":"https:\/\/www.facebook.com\/Fysiokeskus.ee","article_modified_time":"2024-09-12T19:43:25+00:00","og_image":[{"url":"https:\/\/fysiokeskus.ee\/wp-content\/uploads\/2024\/09\/9721E00E-950A-4156-968E-D86112D259D1_1_105_c-1.jpeg","type":"","width":"","height":""}],"twitter_card":"summary_large_image","schema":{"@context":"https:\/\/schema.org","@graph":[{"@type":"WebPage","@id":"https:\/\/fysiokeskus.ee\/elementor-2817\/","url":"https:\/\/fysiokeskus.ee\/elementor-2817\/","name":"Kerttu Saks - FYSIOKESKUS","isPartOf":{"@id":"https:\/\/fysiokeskus.ee\/#website"},"primaryImageOfPage":{"@id":"https:\/\/fysiokeskus.ee\/elementor-2817\/#primaryimage"},"image":{"@id":"https:\/\/fysiokeskus.ee\/elementor-2817\/#primaryimage"},"thumbnailUrl":"https:\/\/fysiokeskus.ee\/wp-content\/uploads\/2024\/09\/9721E00E-950A-4156-968E-D86112D259D1_1_105_c-1.jpeg","datePublished":"2024-09-10T11:36:55+00:00","dateModified":"2024-09-12T19:43:25+00:00","inLanguage":"en-US","potentialAction":[{"@type":"ReadAction","target":["https:\/\/fysiokeskus.ee\/elementor-2817\/"]}]},{"@type":"ImageObject","inLanguage":"en-US","@id":"https:\/\/fysiokeskus.ee\/elementor-2817\/#primaryimage","url":"https:\/\/fysiokeskus.ee\/wp-content\/uploads\/2024\/09\/9721E00E-950A-4156-968E-D86112D259D1_1_105_c-1.jpeg","contentUrl":"https:\/\/fysiokeskus.ee\/wp-content\/uploads\/2024\/09\/9721E00E-950A-4156-968E-D86112D259D1_1_105_c-1.jpeg"},{"@type":"WebSite","@id":"https:\/\/fysiokeskus.ee\/#website","url":"https:\/\/fysiokeskus.ee\/","name":"FYSIOKESKUS","description":"F\u00fcsioteraapia ja massaa\u017e","publisher":{"@id":"https:\/\/fysiokeskus.ee\/#organization"},"potentialAction":[{"@type":"SearchAction","target":{"@type":"EntryPoint","urlTemplate":"https:\/\/fysiokeskus.ee\/?s={search_term_string}"},"query-input":{"@type":"PropertyValueSpecification","valueRequired":true,"valueName":"search_term_string"}}],"inLanguage":"en-US"},{"@type":"Organization","@id":"https:\/\/fysiokeskus.ee\/#organization","name":"FYSIOKESKUS","url":"https:\/\/fysiokeskus.ee\/","logo":{"@type":"ImageObject","inLanguage":"en-US","@id":"https:\/\/fysiokeskus.ee\/#\/schema\/logo\/image\/","url":"https:\/\/fysiokeskus.ee\/wp-content\/uploads\/2022\/10\/FK1.png","contentUrl":"https:\/\/fysiokeskus.ee\/wp-content\/uploads\/2022\/10\/FK1.png","width":885,"height":387,"caption":"FYSIOKESKUS"},"image":{"@id":"https:\/\/fysiokeskus.ee\/#\/schema\/logo\/image\/"},"sameAs":["https:\/\/www.facebook.com\/Fysiokeskus.ee"]}]}},"jetpack_sharing_enabled":true,"_links":{"self":[{"href":"https:\/\/fysiokeskus.ee\/en\/wp-json\/wp\/v2\/pages\/2817","targetHints":{"allow":["GET"]}}],"collection":[{"href":"https:\/\/fysiokeskus.ee\/en\/wp-json\/wp\/v2\/pages"}],"about":[{"href":"https:\/\/fysiokeskus.ee\/en\/wp-json\/wp\/v2\/types\/page"}],"author":[{"embeddable":true,"href":"https:\/\/fysiokeskus.ee\/en\/wp-json\/wp\/v2\/users\/2"}],"replies":[{"embeddable":true,"href":"https:\/\/fysiokeskus.ee\/en\/wp-json\/wp\/v2\/comments?post=2817"}],"version-history":[{"count":17,"href":"https:\/\/fysiokeskus.ee\/en\/wp-json\/wp\/v2\/pages\/2817\/revisions"}],"predecessor-version":[{"id":2919,"href":"https:\/\/fysiokeskus.ee\/en\/wp-json\/wp\/v2\/pages\/2817\/revisions\/2919"}],"wp:attachment":[{"href":"https:\/\/fysiokeskus.ee\/en\/wp-json\/wp\/v2\/media?parent=2817"}],"curies":[{"name":"wp","href":"https:\/\/api.w.org\/{rel}","templated":true}]}}