{"id":2786,"date":"2024-09-07T22:39:29","date_gmt":"2024-09-07T19:39:29","guid":{"rendered":"https:\/\/fysiokeskus.ee\/?page_id=2786"},"modified":"2024-09-10T14:46:17","modified_gmt":"2024-09-10T11:46:17","slug":"toitumisnoustamine","status":"publish","type":"page","link":"https:\/\/fysiokeskus.ee\/en\/toitumisnoustamine\/","title":{"rendered":"Toitumisn\u00f5ustamine"},"content":{"rendered":"<p><strong>Toitumisn\u00f5ustamine<\/strong> on terviklik teenus, mille eesm\u00e4rk on aidata klientidel saavutada tasakaalustatud toitumist ja parandada \u00fcldist heaolu l\u00e4bi teadlike toiduvalikute. Meie kvalifitseeritud toitumisn\u00f5ustaja t\u00f6\u00f6tab tihedas koost\u00f6\u00f6s klientiga, et luua individuaalne toitumiskava, mis toetab nii f\u00fc\u00fcsilist tervist kui ka elustiilimuutusi.<\/p>\n\n\n\n<p>Toitumisn\u00f5ustamise k\u00e4igus tegeleme:<\/p>\n\n\n\n<ol class=\"wp-block-list\">\n<li>Kehakaalu tasakaalustamisega: Aitame koostada personaalse toitumiskava, mis toetab tervislikku kaalulangust, kehakaalu s\u00e4ilitamist v\u00f5i kaalut\u00f5usu vastavalt kliendi eesm\u00e4rkidele ja vajadustele. Keskendume j\u00e4tkusuutlikele harjumustele, mitte kiirdieetidele.<\/li>\n\n\n\n<li>Tervisliku toitumise p\u00f5him\u00f5tted: Pakume praktilisi n\u00f5uandeid tasakaalustatud ja toitaineterikka toitumise kohta, arvestades iga inimese igap\u00e4evast aktiivsust, toidueelistusi ja terviseseisundit.<\/li>\n<\/ol>\n\n\n\n<p>Meie toitumisn\u00f5ustamine ei p\u00f5hine pelgalt \u00fcldistel soovitustel, vaid on isiklik ja kohandatud vastavalt iga kliendi vajadustele ja tervislikule seisundile. Pikaajaliste harjumuste loomine ning teadlik toitumine aitab parandada energiat, enesetunnet ja f\u00fc\u00fcsilist j\u00f5udlust, toetades ka teisi teraapiaprotsesse, nagu f\u00fcsioteraapia ja taastusravi.<\/p>\n\n\n\n<p>Toitumisn\u00f5ustamist pakub f\u00fcsioterapeut ja toitumisn\u00f5ustaja <strong>Hanna Kalajas-Tilga.<\/strong><\/p>","protected":false},"excerpt":{"rendered":"<p>Toitumisn\u00f5ustamine on terviklik teenus, mille eesm\u00e4rk on aidata klientidel saavutada tasakaalustatud toitumist ja parandada \u00fcldist heaolu l\u00e4bi teadlike toiduvalikute. Meie kvalifitseeritud toitumisn\u00f5ustaja t\u00f6\u00f6tab tihedas koost\u00f6\u00f6s klientiga, et luua individuaalne toitumiskava, mis toetab nii f\u00fc\u00fcsilist tervist kui ka elustiilimuutusi. Toitumisn\u00f5ustamise k\u00e4igus tegeleme: Meie toitumisn\u00f5ustamine ei p\u00f5hine pelgalt \u00fcldistel soovitustel, vaid on isiklik ja kohandatud vastavalt iga [&hellip;]<\/p>\n","protected":false},"author":2,"featured_media":0,"parent":0,"menu_order":0,"comment_status":"closed","ping_status":"closed","template":"","meta":{"_monsterinsights_skip_tracking":false,"_monsterinsights_sitenote_active":false,"_monsterinsights_sitenote_note":"","_monsterinsights_sitenote_category":0,"footnotes":""},"class_list":["post-2786","page","type-page","status-publish","hentry"],"yoast_head":"<!-- This site is optimized with the Yoast SEO plugin v27.3 - https:\/\/yoast.com\/product\/yoast-seo-wordpress\/ -->\n<title>Toitumisn\u00f5ustamine - FYSIOKESKUS<\/title>\n<meta name=\"robots\" content=\"index, follow, max-snippet:-1, max-image-preview:large, max-video-preview:-1\" \/>\n<link rel=\"canonical\" href=\"https:\/\/fysiokeskus.ee\/en\/toitumisnoustamine\/\" \/>\n<meta property=\"og:locale\" content=\"en_US\" \/>\n<meta property=\"og:type\" content=\"article\" \/>\n<meta property=\"og:title\" content=\"Toitumisn\u00f5ustamine - FYSIOKESKUS\" \/>\n<meta property=\"og:description\" content=\"Toitumisn\u00f5ustamine on terviklik teenus, mille eesm\u00e4rk on aidata klientidel saavutada tasakaalustatud toitumist ja parandada \u00fcldist heaolu l\u00e4bi teadlike toiduvalikute. Meie kvalifitseeritud toitumisn\u00f5ustaja t\u00f6\u00f6tab tihedas koost\u00f6\u00f6s klientiga, et luua individuaalne toitumiskava, mis toetab nii f\u00fc\u00fcsilist tervist kui ka elustiilimuutusi. Toitumisn\u00f5ustamise k\u00e4igus tegeleme: Meie toitumisn\u00f5ustamine ei p\u00f5hine pelgalt \u00fcldistel soovitustel, vaid on isiklik ja kohandatud vastavalt iga [&hellip;]\" \/>\n<meta property=\"og:url\" content=\"https:\/\/fysiokeskus.ee\/en\/toitumisnoustamine\/\" \/>\n<meta property=\"og:site_name\" content=\"FYSIOKESKUS\" \/>\n<meta property=\"article:publisher\" content=\"https:\/\/www.facebook.com\/Fysiokeskus.ee\" \/>\n<meta property=\"article:modified_time\" content=\"2024-09-10T11:46:17+00:00\" \/>\n<meta name=\"twitter:card\" content=\"summary_large_image\" \/>\n<meta name=\"twitter:label1\" content=\"Est. reading time\" \/>\n\t<meta name=\"twitter:data1\" content=\"1 minute\" \/>\n<script type=\"application\/ld+json\" class=\"yoast-schema-graph\">{\"@context\":\"https:\\\/\\\/schema.org\",\"@graph\":[{\"@type\":\"WebPage\",\"@id\":\"https:\\\/\\\/fysiokeskus.ee\\\/toitumisnoustamine\\\/\",\"url\":\"https:\\\/\\\/fysiokeskus.ee\\\/toitumisnoustamine\\\/\",\"name\":\"Toitumisn\u00f5ustamine - FYSIOKESKUS\",\"isPartOf\":{\"@id\":\"https:\\\/\\\/fysiokeskus.ee\\\/#website\"},\"datePublished\":\"2024-09-07T19:39:29+00:00\",\"dateModified\":\"2024-09-10T11:46:17+00:00\",\"inLanguage\":\"en-US\",\"potentialAction\":[{\"@type\":\"ReadAction\",\"target\":[\"https:\\\/\\\/fysiokeskus.ee\\\/toitumisnoustamine\\\/\"]}]},{\"@type\":\"WebSite\",\"@id\":\"https:\\\/\\\/fysiokeskus.ee\\\/#website\",\"url\":\"https:\\\/\\\/fysiokeskus.ee\\\/\",\"name\":\"FYSIOKESKUS\",\"description\":\"F\u00fcsioteraapia ja massaa\u017e\",\"publisher\":{\"@id\":\"https:\\\/\\\/fysiokeskus.ee\\\/#organization\"},\"potentialAction\":[{\"@type\":\"SearchAction\",\"target\":{\"@type\":\"EntryPoint\",\"urlTemplate\":\"https:\\\/\\\/fysiokeskus.ee\\\/?s={search_term_string}\"},\"query-input\":{\"@type\":\"PropertyValueSpecification\",\"valueRequired\":true,\"valueName\":\"search_term_string\"}}],\"inLanguage\":\"en-US\"},{\"@type\":\"Organization\",\"@id\":\"https:\\\/\\\/fysiokeskus.ee\\\/#organization\",\"name\":\"FYSIOKESKUS\",\"url\":\"https:\\\/\\\/fysiokeskus.ee\\\/\",\"logo\":{\"@type\":\"ImageObject\",\"inLanguage\":\"en-US\",\"@id\":\"https:\\\/\\\/fysiokeskus.ee\\\/#\\\/schema\\\/logo\\\/image\\\/\",\"url\":\"https:\\\/\\\/fysiokeskus.ee\\\/wp-content\\\/uploads\\\/2022\\\/10\\\/FK1.png\",\"contentUrl\":\"https:\\\/\\\/fysiokeskus.ee\\\/wp-content\\\/uploads\\\/2022\\\/10\\\/FK1.png\",\"width\":885,\"height\":387,\"caption\":\"FYSIOKESKUS\"},\"image\":{\"@id\":\"https:\\\/\\\/fysiokeskus.ee\\\/#\\\/schema\\\/logo\\\/image\\\/\"},\"sameAs\":[\"https:\\\/\\\/www.facebook.com\\\/Fysiokeskus.ee\"]}]}<\/script>\n<!-- \/ Yoast SEO plugin. -->","yoast_head_json":{"title":"Toitumisn\u00f5ustamine - FYSIOKESKUS","robots":{"index":"index","follow":"follow","max-snippet":"max-snippet:-1","max-image-preview":"max-image-preview:large","max-video-preview":"max-video-preview:-1"},"canonical":"https:\/\/fysiokeskus.ee\/en\/toitumisnoustamine\/","og_locale":"en_US","og_type":"article","og_title":"Toitumisn\u00f5ustamine - FYSIOKESKUS","og_description":"Toitumisn\u00f5ustamine on terviklik teenus, mille eesm\u00e4rk on aidata klientidel saavutada tasakaalustatud toitumist ja parandada \u00fcldist heaolu l\u00e4bi teadlike toiduvalikute. Meie kvalifitseeritud toitumisn\u00f5ustaja t\u00f6\u00f6tab tihedas koost\u00f6\u00f6s klientiga, et luua individuaalne toitumiskava, mis toetab nii f\u00fc\u00fcsilist tervist kui ka elustiilimuutusi. Toitumisn\u00f5ustamise k\u00e4igus tegeleme: Meie toitumisn\u00f5ustamine ei p\u00f5hine pelgalt \u00fcldistel soovitustel, vaid on isiklik ja kohandatud vastavalt iga [&hellip;]","og_url":"https:\/\/fysiokeskus.ee\/en\/toitumisnoustamine\/","og_site_name":"FYSIOKESKUS","article_publisher":"https:\/\/www.facebook.com\/Fysiokeskus.ee","article_modified_time":"2024-09-10T11:46:17+00:00","twitter_card":"summary_large_image","twitter_misc":{"Est. reading time":"1 minute"},"schema":{"@context":"https:\/\/schema.org","@graph":[{"@type":"WebPage","@id":"https:\/\/fysiokeskus.ee\/toitumisnoustamine\/","url":"https:\/\/fysiokeskus.ee\/toitumisnoustamine\/","name":"Toitumisn\u00f5ustamine - FYSIOKESKUS","isPartOf":{"@id":"https:\/\/fysiokeskus.ee\/#website"},"datePublished":"2024-09-07T19:39:29+00:00","dateModified":"2024-09-10T11:46:17+00:00","inLanguage":"en-US","potentialAction":[{"@type":"ReadAction","target":["https:\/\/fysiokeskus.ee\/toitumisnoustamine\/"]}]},{"@type":"WebSite","@id":"https:\/\/fysiokeskus.ee\/#website","url":"https:\/\/fysiokeskus.ee\/","name":"FYSIOKESKUS","description":"F\u00fcsioteraapia ja massaa\u017e","publisher":{"@id":"https:\/\/fysiokeskus.ee\/#organization"},"potentialAction":[{"@type":"SearchAction","target":{"@type":"EntryPoint","urlTemplate":"https:\/\/fysiokeskus.ee\/?s={search_term_string}"},"query-input":{"@type":"PropertyValueSpecification","valueRequired":true,"valueName":"search_term_string"}}],"inLanguage":"en-US"},{"@type":"Organization","@id":"https:\/\/fysiokeskus.ee\/#organization","name":"FYSIOKESKUS","url":"https:\/\/fysiokeskus.ee\/","logo":{"@type":"ImageObject","inLanguage":"en-US","@id":"https:\/\/fysiokeskus.ee\/#\/schema\/logo\/image\/","url":"https:\/\/fysiokeskus.ee\/wp-content\/uploads\/2022\/10\/FK1.png","contentUrl":"https:\/\/fysiokeskus.ee\/wp-content\/uploads\/2022\/10\/FK1.png","width":885,"height":387,"caption":"FYSIOKESKUS"},"image":{"@id":"https:\/\/fysiokeskus.ee\/#\/schema\/logo\/image\/"},"sameAs":["https:\/\/www.facebook.com\/Fysiokeskus.ee"]}]}},"jetpack_sharing_enabled":true,"_links":{"self":[{"href":"https:\/\/fysiokeskus.ee\/en\/wp-json\/wp\/v2\/pages\/2786","targetHints":{"allow":["GET"]}}],"collection":[{"href":"https:\/\/fysiokeskus.ee\/en\/wp-json\/wp\/v2\/pages"}],"about":[{"href":"https:\/\/fysiokeskus.ee\/en\/wp-json\/wp\/v2\/types\/page"}],"author":[{"embeddable":true,"href":"https:\/\/fysiokeskus.ee\/en\/wp-json\/wp\/v2\/users\/2"}],"replies":[{"embeddable":true,"href":"https:\/\/fysiokeskus.ee\/en\/wp-json\/wp\/v2\/comments?post=2786"}],"version-history":[{"count":2,"href":"https:\/\/fysiokeskus.ee\/en\/wp-json\/wp\/v2\/pages\/2786\/revisions"}],"predecessor-version":[{"id":2831,"href":"https:\/\/fysiokeskus.ee\/en\/wp-json\/wp\/v2\/pages\/2786\/revisions\/2831"}],"wp:attachment":[{"href":"https:\/\/fysiokeskus.ee\/en\/wp-json\/wp\/v2\/media?parent=2786"}],"curies":[{"name":"wp","href":"https:\/\/api.w.org\/{rel}","templated":true}]}}