{"id":2774,"date":"2024-09-07T22:31:57","date_gmt":"2024-09-07T19:31:57","guid":{"rendered":"https:\/\/fysiokeskus.ee\/?page_id=2774"},"modified":"2025-09-29T10:23:41","modified_gmt":"2025-09-29T07:23:41","slug":"koolitused-3","status":"publish","type":"page","link":"https:\/\/fysiokeskus.ee\/en\/koolitused-3\/","title":{"rendered":"Koolitused"},"content":{"rendered":"<div data-elementor-type=\"wp-page\" data-elementor-id=\"2774\" class=\"elementor elementor-2774\" data-elementor-post-type=\"page\">\n\t\t\t\t\t\t<section class=\"elementor-section elementor-top-section elementor-element elementor-element-cd36643 elementor-section-boxed elementor-section-height-default elementor-section-height-default\" data-id=\"cd36643\" data-element_type=\"section\" data-e-type=\"section\">\n\t\t\t\t\t\t<div class=\"elementor-container elementor-column-gap-default\">\n\t\t\t\t\t<div class=\"elementor-column elementor-col-50 elementor-top-column elementor-element elementor-element-30b1c22\" data-id=\"30b1c22\" data-element_type=\"column\" data-e-type=\"column\">\n\t\t\t<div class=\"elementor-widget-wrap elementor-element-populated\">\n\t\t\t\t\t\t<div class=\"elementor-element elementor-element-c9f2dd7 elementor-widget elementor-widget-text-editor\" data-id=\"c9f2dd7\" data-element_type=\"widget\" data-e-type=\"widget\" data-widget_type=\"text-editor.default\">\n\t\t\t\t<div class=\"elementor-widget-container\">\n\t\t\t\t\t\t\t\t\t<p><\/p>\n<h3 class=\"wp-block-heading\">Fysiokeskuse meeskond pakub ka erinevaid koolitusi ja t\u00f6\u00f6tubasid.<\/h3>\n<p><\/p>\n<p><strong>Koolituste tellimine<\/strong> on suurep\u00e4rane v\u00f5imalus pakkuda enda asutuse t\u00f6\u00f6tajatele v\u00f5i klientidele terviklikku ja professionaalset teadmist f\u00fcsioteraapia, tervise ja heaolu valdkonnas. Meie kogenud f\u00fcsioterapeudid pakuvad kohandatud koolitusi, mis on suunatud erinevatele sihtr\u00fchmadele, sealhulgas ettev\u00f5tetele, tervishoiuasutustele, spordiklubidele ja haridusasutustele. Koolituste sisu ja eesm\u00e4rk on kujundatud vastavalt tellija vajadustele ja osalejate erip\u00e4radele.<\/p>\n<p><\/p>\t\t\t\t\t\t\t\t<\/div>\n\t\t\t\t<\/div>\n\t\t\t\t\t<\/div>\n\t\t<\/div>\n\t\t\t\t<div class=\"elementor-column elementor-col-50 elementor-top-column elementor-element elementor-element-a0939d0\" data-id=\"a0939d0\" data-element_type=\"column\" data-e-type=\"column\">\n\t\t\t<div class=\"elementor-widget-wrap elementor-element-populated\">\n\t\t\t\t\t\t<div class=\"elementor-element elementor-element-df0bb93 elementor-widget elementor-widget-image\" data-id=\"df0bb93\" data-element_type=\"widget\" data-e-type=\"widget\" data-widget_type=\"image.default\">\n\t\t\t\t<div class=\"elementor-widget-container\">\n\t\t\t\t\t\t\t\t\t\t\t\t\t\t\t<img fetchpriority=\"high\" decoding=\"async\" width=\"1024\" height=\"683\" src=\"https:\/\/fysiokeskus.ee\/wp-content\/uploads\/2024\/09\/509cb87f-6be7-4992-97bc-ed824c203d14-1024x683.jpg\" class=\"attachment-large size-large wp-image-2864\" alt=\"\" srcset=\"https:\/\/fysiokeskus.ee\/wp-content\/uploads\/2024\/09\/509cb87f-6be7-4992-97bc-ed824c203d14-1024x683.jpg 1024w, https:\/\/fysiokeskus.ee\/wp-content\/uploads\/2024\/09\/509cb87f-6be7-4992-97bc-ed824c203d14-300x200.jpg 300w, https:\/\/fysiokeskus.ee\/wp-content\/uploads\/2024\/09\/509cb87f-6be7-4992-97bc-ed824c203d14-768x512.jpg 768w, https:\/\/fysiokeskus.ee\/wp-content\/uploads\/2024\/09\/509cb87f-6be7-4992-97bc-ed824c203d14-1536x1024.jpg 1536w, https:\/\/fysiokeskus.ee\/wp-content\/uploads\/2024\/09\/509cb87f-6be7-4992-97bc-ed824c203d14-2048x1365.jpg 2048w, https:\/\/fysiokeskus.ee\/wp-content\/uploads\/2024\/09\/509cb87f-6be7-4992-97bc-ed824c203d14-18x12.jpg 18w\" sizes=\"(max-width: 1024px) 100vw, 1024px\" \/>\t\t\t\t\t\t\t\t\t\t\t\t\t\t\t<\/div>\n\t\t\t\t<\/div>\n\t\t\t\t\t<\/div>\n\t\t<\/div>\n\t\t\t\t\t<\/div>\n\t\t<\/section>\n\t\t\t\t<section class=\"elementor-section elementor-top-section elementor-element elementor-element-b3f21c5 elementor-section-boxed elementor-section-height-default elementor-section-height-default\" data-id=\"b3f21c5\" data-element_type=\"section\" data-e-type=\"section\">\n\t\t\t\t\t\t<div class=\"elementor-container elementor-column-gap-default\">\n\t\t\t\t\t<div class=\"elementor-column elementor-col-100 elementor-top-column elementor-element elementor-element-552d9a4\" data-id=\"552d9a4\" data-element_type=\"column\" data-e-type=\"column\">\n\t\t\t<div class=\"elementor-widget-wrap elementor-element-populated\">\n\t\t\t\t\t\t<div class=\"elementor-element elementor-element-7c54eef elementor-widget elementor-widget-text-editor\" data-id=\"7c54eef\" data-element_type=\"widget\" data-e-type=\"widget\" data-widget_type=\"text-editor.default\">\n\t\t\t\t<div class=\"elementor-widget-container\">\n\t\t\t\t\t\t\t\t\t<p>Pakume koolitusi&nbsp;<strong>mitmesugustel teemadel,<\/strong>&nbsp;sealhulgas:<\/p>\n<p><\/p>\n<ol>\n<li style=\"list-style-type: none;\">\n<ol>\n<li>T\u00f6\u00f6tajate tervise ja heaolu toetamine: t\u00f6\u00f6koha ergonoomika, f\u00fc\u00fcsiliste vaevuste ennetamine, stressi leevendamine ja l\u00e4bip\u00f5lemise ennetamine. Sobib h\u00e4sti kontorit\u00f6\u00f6tajatele, tootmis\u00fcksustele v\u00f5i ettev\u00f5tetele, kes soovivad panustada oma t\u00f6\u00f6tajate tervisesse ja heaolusse.<\/li>\n<li>F\u00fcsioteraapia ja taastusravi alased koolitused.<\/li>\n<li>Eakate liikumisv\u00f5ime ja heaolu: koolitused hooldajatele ja eakatega tegelevatele spetsialistidele, mis keskenduvad vanemaealiste liikumise ja iseseisvuse s\u00e4ilitamisele, tasakaalu parandamisele ja kukkumiste ennetamisele.<\/li>\n<li>Tervislik eluviis ja toitumine: koolitused, mis keskenduvad tervisliku eluviisi ja toitumise t\u00e4htsusele igap\u00e4evaelus, pakkudes praktilisi n\u00f5uandeid toitumise, f\u00fc\u00fcsilise aktiivsuse ja stressijuhtimise osas.<\/li>\n<\/ol>\n<\/li>\n<\/ol>\n<p>Koolitused on praktilised ja interaktiivsed, pakkudes osalejatele nii t\u00f5endusp\u00f5hist teoreetilist kui ka praktilist osa, kus nad saavad harjutada ja \u00f5ppida uusi oskusi. K\u00f5ik koolitused on kohandatud vastavalt tellija vajadustele ja koolituse eesm\u00e4rkidele, v\u00f5imaldades paindlikkust nii sisu kui ka ajakava osas.<\/p>\n<p><\/p>\n<p><strong>Varem l\u00e4biviidud koolitused ja t\u00f6\u00f6toad:<\/strong><\/p>\n<p><\/p>\n<ul>\n<li>2025 s\u00fcgis &#8211; l\u00fchivebinar teemal &#8220;Kuidas parandada liikumisaktiivsust&#8221;&nbsp;<\/li>\n<li>2025 suvi &#8211; Koolitus &#8220;Muusiku kehaline ja vaimne vastupidavus &#8211; enesehoid ja ennetusv\u00f5imalused&#8221; Heino Elleri Muusikakoolile<\/li>\n<li>2025 kevad &#8211; Koolitus&nbsp;&#8220;T\u00f6\u00f6p\u00e4eva turgutajad \u2013 teadlik toitumine ja liikumine&#8221; Tartu \u00dclikooli majandusteaduskonnale.<\/li>\n<li>2024 s\u00fcgis &#8211; Koolitus &#8220;Peamised skeletilihass\u00fcsteemi kaebused instrumentalistidel. Soovitused ja harjutused.&#8221;<\/li>\n<li>2024 juuni &#8211; &nbsp;Koolitus \u201cIstuva t\u00f6\u00f6 v\u00f5lud ja valud\u201d \u2013 koolitus kontorit\u00f6\u00f6tajatele;<\/li>\n<li>2023 s\u00fcgis \u2013 \u201cPraktiline liikumispaus kehalise liikumise teadmiste t\u00e4iendamisega kontorit\u00f6\u00f6tajatele\u201d<\/li>\n<li>2023 aprill \u2013 Eesti Maa\u00fclikooli Tervisep\u00e4eva t\u00f6\u00f6tuba;<\/li>\n<\/ul>\n<p>K\u00fcsi pakkumist: &nbsp;<a>info@fysiokeskus.ee<\/a><\/p>\t\t\t\t\t\t\t\t<\/div>\n\t\t\t\t<\/div>\n\t\t\t\t\t<\/div>\n\t\t<\/div>\n\t\t\t\t\t<\/div>\n\t\t<\/section>\n\t\t\t\t<\/div>","protected":false},"excerpt":{"rendered":"<p>Fysiokeskuse meeskond pakub ka erinevaid koolitusi ja t\u00f6\u00f6tubasid. Koolituste tellimine on suurep\u00e4rane v\u00f5imalus pakkuda enda asutuse t\u00f6\u00f6tajatele v\u00f5i klientidele terviklikku ja professionaalset teadmist f\u00fcsioteraapia, tervise ja heaolu valdkonnas. Meie kogenud f\u00fcsioterapeudid pakuvad kohandatud koolitusi, mis on suunatud erinevatele sihtr\u00fchmadele, sealhulgas ettev\u00f5tetele, tervishoiuasutustele, spordiklubidele ja haridusasutustele. Koolituste sisu ja eesm\u00e4rk on kujundatud vastavalt tellija vajadustele ja [&hellip;]<\/p>\n","protected":false},"author":2,"featured_media":0,"parent":0,"menu_order":0,"comment_status":"closed","ping_status":"closed","template":"","meta":{"_monsterinsights_skip_tracking":false,"_monsterinsights_sitenote_active":false,"_monsterinsights_sitenote_note":"","_monsterinsights_sitenote_category":0,"footnotes":""},"class_list":["post-2774","page","type-page","status-publish","hentry"],"yoast_head":"<!-- This site is optimized with the Yoast SEO plugin v27.3 - https:\/\/yoast.com\/product\/yoast-seo-wordpress\/ -->\n<title>Koolitused - FYSIOKESKUS<\/title>\n<meta name=\"robots\" content=\"index, follow, max-snippet:-1, max-image-preview:large, max-video-preview:-1\" \/>\n<link rel=\"canonical\" href=\"https:\/\/fysiokeskus.ee\/en\/koolitused-3\/\" \/>\n<meta property=\"og:locale\" content=\"en_US\" \/>\n<meta property=\"og:type\" content=\"article\" \/>\n<meta property=\"og:title\" content=\"Koolitused - FYSIOKESKUS\" \/>\n<meta property=\"og:description\" content=\"Fysiokeskuse meeskond pakub ka erinevaid koolitusi ja t\u00f6\u00f6tubasid. Koolituste tellimine on suurep\u00e4rane v\u00f5imalus pakkuda enda asutuse t\u00f6\u00f6tajatele v\u00f5i klientidele terviklikku ja professionaalset teadmist f\u00fcsioteraapia, tervise ja heaolu valdkonnas. Meie kogenud f\u00fcsioterapeudid pakuvad kohandatud koolitusi, mis on suunatud erinevatele sihtr\u00fchmadele, sealhulgas ettev\u00f5tetele, tervishoiuasutustele, spordiklubidele ja haridusasutustele. Koolituste sisu ja eesm\u00e4rk on kujundatud vastavalt tellija vajadustele ja [&hellip;]\" \/>\n<meta property=\"og:url\" content=\"https:\/\/fysiokeskus.ee\/en\/koolitused-3\/\" \/>\n<meta property=\"og:site_name\" content=\"FYSIOKESKUS\" \/>\n<meta property=\"article:publisher\" content=\"https:\/\/www.facebook.com\/Fysiokeskus.ee\" \/>\n<meta property=\"article:modified_time\" content=\"2025-09-29T07:23:41+00:00\" \/>\n<meta property=\"og:image\" content=\"https:\/\/fysiokeskus.ee\/wp-content\/uploads\/2024\/09\/509cb87f-6be7-4992-97bc-ed824c203d14.jpg\" \/>\n\t<meta property=\"og:image:width\" content=\"2400\" \/>\n\t<meta property=\"og:image:height\" content=\"1600\" \/>\n\t<meta property=\"og:image:type\" content=\"image\/jpeg\" \/>\n<meta name=\"twitter:card\" content=\"summary_large_image\" \/>\n<meta name=\"twitter:label1\" content=\"Est. reading time\" \/>\n\t<meta name=\"twitter:data1\" content=\"2 minutes\" \/>\n<script type=\"application\/ld+json\" class=\"yoast-schema-graph\">{\"@context\":\"https:\\\/\\\/schema.org\",\"@graph\":[{\"@type\":\"WebPage\",\"@id\":\"https:\\\/\\\/fysiokeskus.ee\\\/koolitused-3\\\/\",\"url\":\"https:\\\/\\\/fysiokeskus.ee\\\/koolitused-3\\\/\",\"name\":\"Koolitused - FYSIOKESKUS\",\"isPartOf\":{\"@id\":\"https:\\\/\\\/fysiokeskus.ee\\\/#website\"},\"primaryImageOfPage\":{\"@id\":\"https:\\\/\\\/fysiokeskus.ee\\\/koolitused-3\\\/#primaryimage\"},\"image\":{\"@id\":\"https:\\\/\\\/fysiokeskus.ee\\\/koolitused-3\\\/#primaryimage\"},\"thumbnailUrl\":\"https:\\\/\\\/fysiokeskus.ee\\\/wp-content\\\/uploads\\\/2024\\\/09\\\/509cb87f-6be7-4992-97bc-ed824c203d14-1024x683.jpg\",\"datePublished\":\"2024-09-07T19:31:57+00:00\",\"dateModified\":\"2025-09-29T07:23:41+00:00\",\"inLanguage\":\"en-US\",\"potentialAction\":[{\"@type\":\"ReadAction\",\"target\":[\"https:\\\/\\\/fysiokeskus.ee\\\/koolitused-3\\\/\"]}]},{\"@type\":\"ImageObject\",\"inLanguage\":\"en-US\",\"@id\":\"https:\\\/\\\/fysiokeskus.ee\\\/koolitused-3\\\/#primaryimage\",\"url\":\"https:\\\/\\\/fysiokeskus.ee\\\/wp-content\\\/uploads\\\/2024\\\/09\\\/509cb87f-6be7-4992-97bc-ed824c203d14-1024x683.jpg\",\"contentUrl\":\"https:\\\/\\\/fysiokeskus.ee\\\/wp-content\\\/uploads\\\/2024\\\/09\\\/509cb87f-6be7-4992-97bc-ed824c203d14-1024x683.jpg\"},{\"@type\":\"WebSite\",\"@id\":\"https:\\\/\\\/fysiokeskus.ee\\\/#website\",\"url\":\"https:\\\/\\\/fysiokeskus.ee\\\/\",\"name\":\"FYSIOKESKUS\",\"description\":\"F\u00fcsioteraapia ja massaa\u017e\",\"publisher\":{\"@id\":\"https:\\\/\\\/fysiokeskus.ee\\\/#organization\"},\"potentialAction\":[{\"@type\":\"SearchAction\",\"target\":{\"@type\":\"EntryPoint\",\"urlTemplate\":\"https:\\\/\\\/fysiokeskus.ee\\\/?s={search_term_string}\"},\"query-input\":{\"@type\":\"PropertyValueSpecification\",\"valueRequired\":true,\"valueName\":\"search_term_string\"}}],\"inLanguage\":\"en-US\"},{\"@type\":\"Organization\",\"@id\":\"https:\\\/\\\/fysiokeskus.ee\\\/#organization\",\"name\":\"FYSIOKESKUS\",\"url\":\"https:\\\/\\\/fysiokeskus.ee\\\/\",\"logo\":{\"@type\":\"ImageObject\",\"inLanguage\":\"en-US\",\"@id\":\"https:\\\/\\\/fysiokeskus.ee\\\/#\\\/schema\\\/logo\\\/image\\\/\",\"url\":\"https:\\\/\\\/fysiokeskus.ee\\\/wp-content\\\/uploads\\\/2022\\\/10\\\/FK1.png\",\"contentUrl\":\"https:\\\/\\\/fysiokeskus.ee\\\/wp-content\\\/uploads\\\/2022\\\/10\\\/FK1.png\",\"width\":885,\"height\":387,\"caption\":\"FYSIOKESKUS\"},\"image\":{\"@id\":\"https:\\\/\\\/fysiokeskus.ee\\\/#\\\/schema\\\/logo\\\/image\\\/\"},\"sameAs\":[\"https:\\\/\\\/www.facebook.com\\\/Fysiokeskus.ee\"]}]}<\/script>\n<!-- \/ Yoast SEO plugin. -->","yoast_head_json":{"title":"Koolitused - FYSIOKESKUS","robots":{"index":"index","follow":"follow","max-snippet":"max-snippet:-1","max-image-preview":"max-image-preview:large","max-video-preview":"max-video-preview:-1"},"canonical":"https:\/\/fysiokeskus.ee\/en\/koolitused-3\/","og_locale":"en_US","og_type":"article","og_title":"Koolitused - FYSIOKESKUS","og_description":"Fysiokeskuse meeskond pakub ka erinevaid koolitusi ja t\u00f6\u00f6tubasid. Koolituste tellimine on suurep\u00e4rane v\u00f5imalus pakkuda enda asutuse t\u00f6\u00f6tajatele v\u00f5i klientidele terviklikku ja professionaalset teadmist f\u00fcsioteraapia, tervise ja heaolu valdkonnas. Meie kogenud f\u00fcsioterapeudid pakuvad kohandatud koolitusi, mis on suunatud erinevatele sihtr\u00fchmadele, sealhulgas ettev\u00f5tetele, tervishoiuasutustele, spordiklubidele ja haridusasutustele. Koolituste sisu ja eesm\u00e4rk on kujundatud vastavalt tellija vajadustele ja [&hellip;]","og_url":"https:\/\/fysiokeskus.ee\/en\/koolitused-3\/","og_site_name":"FYSIOKESKUS","article_publisher":"https:\/\/www.facebook.com\/Fysiokeskus.ee","article_modified_time":"2025-09-29T07:23:41+00:00","og_image":[{"width":2400,"height":1600,"url":"https:\/\/fysiokeskus.ee\/wp-content\/uploads\/2024\/09\/509cb87f-6be7-4992-97bc-ed824c203d14.jpg","type":"image\/jpeg"}],"twitter_card":"summary_large_image","twitter_misc":{"Est. reading time":"2 minutes"},"schema":{"@context":"https:\/\/schema.org","@graph":[{"@type":"WebPage","@id":"https:\/\/fysiokeskus.ee\/koolitused-3\/","url":"https:\/\/fysiokeskus.ee\/koolitused-3\/","name":"Koolitused - FYSIOKESKUS","isPartOf":{"@id":"https:\/\/fysiokeskus.ee\/#website"},"primaryImageOfPage":{"@id":"https:\/\/fysiokeskus.ee\/koolitused-3\/#primaryimage"},"image":{"@id":"https:\/\/fysiokeskus.ee\/koolitused-3\/#primaryimage"},"thumbnailUrl":"https:\/\/fysiokeskus.ee\/wp-content\/uploads\/2024\/09\/509cb87f-6be7-4992-97bc-ed824c203d14-1024x683.jpg","datePublished":"2024-09-07T19:31:57+00:00","dateModified":"2025-09-29T07:23:41+00:00","inLanguage":"en-US","potentialAction":[{"@type":"ReadAction","target":["https:\/\/fysiokeskus.ee\/koolitused-3\/"]}]},{"@type":"ImageObject","inLanguage":"en-US","@id":"https:\/\/fysiokeskus.ee\/koolitused-3\/#primaryimage","url":"https:\/\/fysiokeskus.ee\/wp-content\/uploads\/2024\/09\/509cb87f-6be7-4992-97bc-ed824c203d14-1024x683.jpg","contentUrl":"https:\/\/fysiokeskus.ee\/wp-content\/uploads\/2024\/09\/509cb87f-6be7-4992-97bc-ed824c203d14-1024x683.jpg"},{"@type":"WebSite","@id":"https:\/\/fysiokeskus.ee\/#website","url":"https:\/\/fysiokeskus.ee\/","name":"FYSIOKESKUS","description":"F\u00fcsioteraapia ja massaa\u017e","publisher":{"@id":"https:\/\/fysiokeskus.ee\/#organization"},"potentialAction":[{"@type":"SearchAction","target":{"@type":"EntryPoint","urlTemplate":"https:\/\/fysiokeskus.ee\/?s={search_term_string}"},"query-input":{"@type":"PropertyValueSpecification","valueRequired":true,"valueName":"search_term_string"}}],"inLanguage":"en-US"},{"@type":"Organization","@id":"https:\/\/fysiokeskus.ee\/#organization","name":"FYSIOKESKUS","url":"https:\/\/fysiokeskus.ee\/","logo":{"@type":"ImageObject","inLanguage":"en-US","@id":"https:\/\/fysiokeskus.ee\/#\/schema\/logo\/image\/","url":"https:\/\/fysiokeskus.ee\/wp-content\/uploads\/2022\/10\/FK1.png","contentUrl":"https:\/\/fysiokeskus.ee\/wp-content\/uploads\/2022\/10\/FK1.png","width":885,"height":387,"caption":"FYSIOKESKUS"},"image":{"@id":"https:\/\/fysiokeskus.ee\/#\/schema\/logo\/image\/"},"sameAs":["https:\/\/www.facebook.com\/Fysiokeskus.ee"]}]}},"jetpack_sharing_enabled":true,"_links":{"self":[{"href":"https:\/\/fysiokeskus.ee\/en\/wp-json\/wp\/v2\/pages\/2774","targetHints":{"allow":["GET"]}}],"collection":[{"href":"https:\/\/fysiokeskus.ee\/en\/wp-json\/wp\/v2\/pages"}],"about":[{"href":"https:\/\/fysiokeskus.ee\/en\/wp-json\/wp\/v2\/types\/page"}],"author":[{"embeddable":true,"href":"https:\/\/fysiokeskus.ee\/en\/wp-json\/wp\/v2\/users\/2"}],"replies":[{"embeddable":true,"href":"https:\/\/fysiokeskus.ee\/en\/wp-json\/wp\/v2\/comments?post=2774"}],"version-history":[{"count":17,"href":"https:\/\/fysiokeskus.ee\/en\/wp-json\/wp\/v2\/pages\/2774\/revisions"}],"predecessor-version":[{"id":3084,"href":"https:\/\/fysiokeskus.ee\/en\/wp-json\/wp\/v2\/pages\/2774\/revisions\/3084"}],"wp:attachment":[{"href":"https:\/\/fysiokeskus.ee\/en\/wp-json\/wp\/v2\/media?parent=2774"}],"curies":[{"name":"wp","href":"https:\/\/api.w.org\/{rel}","templated":true}]}}