{"id":2771,"date":"2024-09-07T22:31:28","date_gmt":"2024-09-07T19:31:28","guid":{"rendered":"https:\/\/fysiokeskus.ee\/?page_id=2771"},"modified":"2024-09-10T14:44:46","modified_gmt":"2024-09-10T11:44:46","slug":"vaimse-tervise-fusioteraapia","status":"publish","type":"page","link":"https:\/\/fysiokeskus.ee\/en\/vaimse-tervise-fusioteraapia\/","title":{"rendered":"Vaimse tervise f\u00fcsioteraapia"},"content":{"rendered":"<p><strong>Vaimse tervise f\u00fcsioteraapia<\/strong> on terviklik ja teaduslikult p\u00f5hjendatud l\u00e4henemine, mis keskendub kehalise liikumise ja teadveloleku harjutuste positiivsetele m\u00f5judele peaaaju tasandil, mis seel\u00e4bi toetab inimese vaimset tervist. T\u00f6\u00f6tame inimestega, kes kogevad stressi, \u00e4revust, depressiooni v\u00f5i kellel esineb s\u00f6\u00f6mish\u00e4ire (anoreksia, buliimia) v\u00f5i teisi vaimse tervise probleeme, aidates neil tasakaalustada nii f\u00fc\u00fcsilist kui ka vaimset heaolu.<\/p>\n\n\n\n<p>Vaimse tervise f\u00fcsioteraapias kasutame:<\/p>\n\n\n\n<ol class=\"wp-block-list\">\n<li>Stressi ja \u00e4revuse leevendamiseks spetsiaalsed harjutusi ja l\u00f5dvestustehnikad<\/li>\n\n\n\n<li>Patsiendi seisundile vastavat kehalist liikumist ja sellealast n\u00f5ustamist<\/li>\n\n\n\n<li>N\u00f5ustamist uneh\u00fcgieeni osas<\/li>\n\n\n\n<li>Kehatajuteraapiat<\/li>\n\n\n\n<li>Hingamisharjusi \u00a0<\/li>\n\n\n\n<li>Teadvelolekuharjutusi (mindfulness)<\/li>\n\n\n\n<li>Massaa\u017ei<\/li>\n<\/ol>\n\n\n\n<p>Vaimse tervise f\u00fcsioteraapiat osutab f\u00fcsioterapeut <strong>Hanna Kalajas-Tilga<\/strong>.<\/p>","protected":false},"excerpt":{"rendered":"<p>Vaimse tervise f\u00fcsioteraapia on terviklik ja teaduslikult p\u00f5hjendatud l\u00e4henemine, mis keskendub kehalise liikumise ja teadveloleku harjutuste positiivsetele m\u00f5judele peaaaju tasandil, mis seel\u00e4bi toetab inimese vaimset tervist. T\u00f6\u00f6tame inimestega, kes kogevad stressi, \u00e4revust, depressiooni v\u00f5i kellel esineb s\u00f6\u00f6mish\u00e4ire (anoreksia, buliimia) v\u00f5i teisi vaimse tervise probleeme, aidates neil tasakaalustada nii f\u00fc\u00fcsilist kui ka vaimset heaolu. Vaimse tervise [&hellip;]<\/p>\n","protected":false},"author":2,"featured_media":0,"parent":0,"menu_order":0,"comment_status":"closed","ping_status":"closed","template":"","meta":{"_monsterinsights_skip_tracking":false,"_monsterinsights_sitenote_active":false,"_monsterinsights_sitenote_note":"","_monsterinsights_sitenote_category":0,"footnotes":""},"class_list":["post-2771","page","type-page","status-publish","hentry"],"yoast_head":"<!-- This site is optimized with the Yoast SEO plugin v27.3 - https:\/\/yoast.com\/product\/yoast-seo-wordpress\/ -->\n<title>Vaimse tervise f\u00fcsioteraapia - FYSIOKESKUS<\/title>\n<meta name=\"robots\" content=\"index, follow, max-snippet:-1, max-image-preview:large, max-video-preview:-1\" \/>\n<link rel=\"canonical\" href=\"https:\/\/fysiokeskus.ee\/en\/vaimse-tervise-fusioteraapia\/\" \/>\n<meta property=\"og:locale\" content=\"en_US\" \/>\n<meta property=\"og:type\" content=\"article\" \/>\n<meta property=\"og:title\" content=\"Vaimse tervise f\u00fcsioteraapia - FYSIOKESKUS\" \/>\n<meta property=\"og:description\" content=\"Vaimse tervise f\u00fcsioteraapia on terviklik ja teaduslikult p\u00f5hjendatud l\u00e4henemine, mis keskendub kehalise liikumise ja teadveloleku harjutuste positiivsetele m\u00f5judele peaaaju tasandil, mis seel\u00e4bi toetab inimese vaimset tervist. T\u00f6\u00f6tame inimestega, kes kogevad stressi, \u00e4revust, depressiooni v\u00f5i kellel esineb s\u00f6\u00f6mish\u00e4ire (anoreksia, buliimia) v\u00f5i teisi vaimse tervise probleeme, aidates neil tasakaalustada nii f\u00fc\u00fcsilist kui ka vaimset heaolu. Vaimse tervise [&hellip;]\" \/>\n<meta property=\"og:url\" content=\"https:\/\/fysiokeskus.ee\/en\/vaimse-tervise-fusioteraapia\/\" \/>\n<meta property=\"og:site_name\" content=\"FYSIOKESKUS\" \/>\n<meta property=\"article:publisher\" content=\"https:\/\/www.facebook.com\/Fysiokeskus.ee\" \/>\n<meta property=\"article:modified_time\" content=\"2024-09-10T11:44:46+00:00\" \/>\n<meta name=\"twitter:card\" content=\"summary_large_image\" \/>\n<meta name=\"twitter:label1\" content=\"Est. reading time\" \/>\n\t<meta name=\"twitter:data1\" content=\"1 minute\" \/>\n<script type=\"application\/ld+json\" class=\"yoast-schema-graph\">{\"@context\":\"https:\\\/\\\/schema.org\",\"@graph\":[{\"@type\":\"WebPage\",\"@id\":\"https:\\\/\\\/fysiokeskus.ee\\\/vaimse-tervise-fusioteraapia\\\/\",\"url\":\"https:\\\/\\\/fysiokeskus.ee\\\/vaimse-tervise-fusioteraapia\\\/\",\"name\":\"Vaimse tervise f\u00fcsioteraapia - FYSIOKESKUS\",\"isPartOf\":{\"@id\":\"https:\\\/\\\/fysiokeskus.ee\\\/#website\"},\"datePublished\":\"2024-09-07T19:31:28+00:00\",\"dateModified\":\"2024-09-10T11:44:46+00:00\",\"inLanguage\":\"en-US\",\"potentialAction\":[{\"@type\":\"ReadAction\",\"target\":[\"https:\\\/\\\/fysiokeskus.ee\\\/vaimse-tervise-fusioteraapia\\\/\"]}]},{\"@type\":\"WebSite\",\"@id\":\"https:\\\/\\\/fysiokeskus.ee\\\/#website\",\"url\":\"https:\\\/\\\/fysiokeskus.ee\\\/\",\"name\":\"FYSIOKESKUS\",\"description\":\"F\u00fcsioteraapia ja massaa\u017e\",\"publisher\":{\"@id\":\"https:\\\/\\\/fysiokeskus.ee\\\/#organization\"},\"potentialAction\":[{\"@type\":\"SearchAction\",\"target\":{\"@type\":\"EntryPoint\",\"urlTemplate\":\"https:\\\/\\\/fysiokeskus.ee\\\/?s={search_term_string}\"},\"query-input\":{\"@type\":\"PropertyValueSpecification\",\"valueRequired\":true,\"valueName\":\"search_term_string\"}}],\"inLanguage\":\"en-US\"},{\"@type\":\"Organization\",\"@id\":\"https:\\\/\\\/fysiokeskus.ee\\\/#organization\",\"name\":\"FYSIOKESKUS\",\"url\":\"https:\\\/\\\/fysiokeskus.ee\\\/\",\"logo\":{\"@type\":\"ImageObject\",\"inLanguage\":\"en-US\",\"@id\":\"https:\\\/\\\/fysiokeskus.ee\\\/#\\\/schema\\\/logo\\\/image\\\/\",\"url\":\"https:\\\/\\\/fysiokeskus.ee\\\/wp-content\\\/uploads\\\/2022\\\/10\\\/FK1.png\",\"contentUrl\":\"https:\\\/\\\/fysiokeskus.ee\\\/wp-content\\\/uploads\\\/2022\\\/10\\\/FK1.png\",\"width\":885,\"height\":387,\"caption\":\"FYSIOKESKUS\"},\"image\":{\"@id\":\"https:\\\/\\\/fysiokeskus.ee\\\/#\\\/schema\\\/logo\\\/image\\\/\"},\"sameAs\":[\"https:\\\/\\\/www.facebook.com\\\/Fysiokeskus.ee\"]}]}<\/script>\n<!-- \/ Yoast SEO plugin. -->","yoast_head_json":{"title":"Vaimse tervise f\u00fcsioteraapia - FYSIOKESKUS","robots":{"index":"index","follow":"follow","max-snippet":"max-snippet:-1","max-image-preview":"max-image-preview:large","max-video-preview":"max-video-preview:-1"},"canonical":"https:\/\/fysiokeskus.ee\/en\/vaimse-tervise-fusioteraapia\/","og_locale":"en_US","og_type":"article","og_title":"Vaimse tervise f\u00fcsioteraapia - FYSIOKESKUS","og_description":"Vaimse tervise f\u00fcsioteraapia on terviklik ja teaduslikult p\u00f5hjendatud l\u00e4henemine, mis keskendub kehalise liikumise ja teadveloleku harjutuste positiivsetele m\u00f5judele peaaaju tasandil, mis seel\u00e4bi toetab inimese vaimset tervist. T\u00f6\u00f6tame inimestega, kes kogevad stressi, \u00e4revust, depressiooni v\u00f5i kellel esineb s\u00f6\u00f6mish\u00e4ire (anoreksia, buliimia) v\u00f5i teisi vaimse tervise probleeme, aidates neil tasakaalustada nii f\u00fc\u00fcsilist kui ka vaimset heaolu. Vaimse tervise [&hellip;]","og_url":"https:\/\/fysiokeskus.ee\/en\/vaimse-tervise-fusioteraapia\/","og_site_name":"FYSIOKESKUS","article_publisher":"https:\/\/www.facebook.com\/Fysiokeskus.ee","article_modified_time":"2024-09-10T11:44:46+00:00","twitter_card":"summary_large_image","twitter_misc":{"Est. reading time":"1 minute"},"schema":{"@context":"https:\/\/schema.org","@graph":[{"@type":"WebPage","@id":"https:\/\/fysiokeskus.ee\/vaimse-tervise-fusioteraapia\/","url":"https:\/\/fysiokeskus.ee\/vaimse-tervise-fusioteraapia\/","name":"Vaimse tervise f\u00fcsioteraapia - FYSIOKESKUS","isPartOf":{"@id":"https:\/\/fysiokeskus.ee\/#website"},"datePublished":"2024-09-07T19:31:28+00:00","dateModified":"2024-09-10T11:44:46+00:00","inLanguage":"en-US","potentialAction":[{"@type":"ReadAction","target":["https:\/\/fysiokeskus.ee\/vaimse-tervise-fusioteraapia\/"]}]},{"@type":"WebSite","@id":"https:\/\/fysiokeskus.ee\/#website","url":"https:\/\/fysiokeskus.ee\/","name":"FYSIOKESKUS","description":"F\u00fcsioteraapia ja massaa\u017e","publisher":{"@id":"https:\/\/fysiokeskus.ee\/#organization"},"potentialAction":[{"@type":"SearchAction","target":{"@type":"EntryPoint","urlTemplate":"https:\/\/fysiokeskus.ee\/?s={search_term_string}"},"query-input":{"@type":"PropertyValueSpecification","valueRequired":true,"valueName":"search_term_string"}}],"inLanguage":"en-US"},{"@type":"Organization","@id":"https:\/\/fysiokeskus.ee\/#organization","name":"FYSIOKESKUS","url":"https:\/\/fysiokeskus.ee\/","logo":{"@type":"ImageObject","inLanguage":"en-US","@id":"https:\/\/fysiokeskus.ee\/#\/schema\/logo\/image\/","url":"https:\/\/fysiokeskus.ee\/wp-content\/uploads\/2022\/10\/FK1.png","contentUrl":"https:\/\/fysiokeskus.ee\/wp-content\/uploads\/2022\/10\/FK1.png","width":885,"height":387,"caption":"FYSIOKESKUS"},"image":{"@id":"https:\/\/fysiokeskus.ee\/#\/schema\/logo\/image\/"},"sameAs":["https:\/\/www.facebook.com\/Fysiokeskus.ee"]}]}},"jetpack_sharing_enabled":true,"_links":{"self":[{"href":"https:\/\/fysiokeskus.ee\/en\/wp-json\/wp\/v2\/pages\/2771","targetHints":{"allow":["GET"]}}],"collection":[{"href":"https:\/\/fysiokeskus.ee\/en\/wp-json\/wp\/v2\/pages"}],"about":[{"href":"https:\/\/fysiokeskus.ee\/en\/wp-json\/wp\/v2\/types\/page"}],"author":[{"embeddable":true,"href":"https:\/\/fysiokeskus.ee\/en\/wp-json\/wp\/v2\/users\/2"}],"replies":[{"embeddable":true,"href":"https:\/\/fysiokeskus.ee\/en\/wp-json\/wp\/v2\/comments?post=2771"}],"version-history":[{"count":2,"href":"https:\/\/fysiokeskus.ee\/en\/wp-json\/wp\/v2\/pages\/2771\/revisions"}],"predecessor-version":[{"id":2828,"href":"https:\/\/fysiokeskus.ee\/en\/wp-json\/wp\/v2\/pages\/2771\/revisions\/2828"}],"wp:attachment":[{"href":"https:\/\/fysiokeskus.ee\/en\/wp-json\/wp\/v2\/media?parent=2771"}],"curies":[{"name":"wp","href":"https:\/\/api.w.org\/{rel}","templated":true}]}}