{"id":2768,"date":"2024-09-07T22:30:55","date_gmt":"2024-09-07T19:30:55","guid":{"rendered":"https:\/\/fysiokeskus.ee\/?page_id=2768"},"modified":"2024-09-10T14:44:03","modified_gmt":"2024-09-10T11:44:03","slug":"geriaatriline-ehk-vanemaealiste-fusioteraapia","status":"publish","type":"page","link":"https:\/\/fysiokeskus.ee\/en\/geriaatriline-ehk-vanemaealiste-fusioteraapia\/","title":{"rendered":"Vanemaealiste f\u00fcsioteraapia"},"content":{"rendered":"<p><strong>Geriaatriline ehk vanemaealiste f\u00fcsioteraapia<\/strong> on spetsiaalselt suunatud vanemaealistele inimestele, et toetada ja parandada nende liikumisv\u00f5imet, funktsionaalset iseseisvust ning elukvaliteeti. Vananedes v\u00f5ib esineda erinevaid terviseprobleeme, nagu liigeste j\u00e4ikus, lihasn\u00f5rkus, tasakaaluh\u00e4ired, krooniline valu v\u00f5i spetsiifilised haigused (nt artriit, osteoporoos, Parkinsoni t\u00f5bi), mis m\u00f5jutavad inimese igap\u00e4evast toimetulekut ja liikumist.<\/p>\n\n\n\n<p>F\u00fcsioteraapia k\u00e4igus keskendume:<\/p>\n\n\n\n<ol class=\"wp-block-list\">\n<li>Tasakaalu parandamisele ja kukkumisohu v\u00e4hendamisele<\/li>\n\n\n\n<li>Iseseisva liikuvuse s\u00e4ilitamisele ja suurendamisele<\/li>\n\n\n\n<li>Lihasj\u00f5u ja f\u00fc\u00fcsilise vastupidavuse t\u00f5stmisele<\/li>\n\n\n\n<li>Kroonilise valu leevendamisele<\/li>\n\n\n\n<li>Iseseisvuse ja elukvaliteedi t\u00f5stmisele<\/li>\n<\/ol>\n\n\n\n<p>Iga teraapiaplaan on individuaalselt kohandatud, v\u00f5ttes arvesse inimese \u00fcldist tervislikku seisundit ja eesm\u00e4rke.<\/p>\n\n\n\n<p>Pakume vanemaealistele f\u00fcsioteraapiat nende kodukeskkonnas ja ka hoolekodus (regulaarselt k\u00e4ime f\u00fcsioteraapiat osutamas Piigaste, Kastre ja V\u00f5nnu hooldekodudes).<\/p>","protected":false},"excerpt":{"rendered":"<p>Geriaatriline ehk vanemaealiste f\u00fcsioteraapia on spetsiaalselt suunatud vanemaealistele inimestele, et toetada ja parandada nende liikumisv\u00f5imet, funktsionaalset iseseisvust ning elukvaliteeti. Vananedes v\u00f5ib esineda erinevaid terviseprobleeme, nagu liigeste j\u00e4ikus, lihasn\u00f5rkus, tasakaaluh\u00e4ired, krooniline valu v\u00f5i spetsiifilised haigused (nt artriit, osteoporoos, Parkinsoni t\u00f5bi), mis m\u00f5jutavad inimese igap\u00e4evast toimetulekut ja liikumist. F\u00fcsioteraapia k\u00e4igus keskendume: Iga teraapiaplaan on individuaalselt kohandatud, v\u00f5ttes [&hellip;]<\/p>\n","protected":false},"author":2,"featured_media":0,"parent":0,"menu_order":0,"comment_status":"closed","ping_status":"closed","template":"","meta":{"_monsterinsights_skip_tracking":false,"_monsterinsights_sitenote_active":false,"_monsterinsights_sitenote_note":"","_monsterinsights_sitenote_category":0,"footnotes":""},"class_list":["post-2768","page","type-page","status-publish","hentry"],"yoast_head":"<!-- This site is optimized with the Yoast SEO plugin v27.3 - https:\/\/yoast.com\/product\/yoast-seo-wordpress\/ -->\n<title>Vanemaealiste f\u00fcsioteraapia - FYSIOKESKUS<\/title>\n<meta name=\"robots\" content=\"index, follow, max-snippet:-1, max-image-preview:large, max-video-preview:-1\" \/>\n<link rel=\"canonical\" href=\"https:\/\/fysiokeskus.ee\/en\/geriaatriline-ehk-vanemaealiste-fusioteraapia\/\" \/>\n<meta property=\"og:locale\" content=\"en_US\" \/>\n<meta property=\"og:type\" content=\"article\" \/>\n<meta property=\"og:title\" content=\"Vanemaealiste f\u00fcsioteraapia - FYSIOKESKUS\" \/>\n<meta property=\"og:description\" content=\"Geriaatriline ehk vanemaealiste f\u00fcsioteraapia on spetsiaalselt suunatud vanemaealistele inimestele, et toetada ja parandada nende liikumisv\u00f5imet, funktsionaalset iseseisvust ning elukvaliteeti. Vananedes v\u00f5ib esineda erinevaid terviseprobleeme, nagu liigeste j\u00e4ikus, lihasn\u00f5rkus, tasakaaluh\u00e4ired, krooniline valu v\u00f5i spetsiifilised haigused (nt artriit, osteoporoos, Parkinsoni t\u00f5bi), mis m\u00f5jutavad inimese igap\u00e4evast toimetulekut ja liikumist. F\u00fcsioteraapia k\u00e4igus keskendume: Iga teraapiaplaan on individuaalselt kohandatud, v\u00f5ttes [&hellip;]\" \/>\n<meta property=\"og:url\" content=\"https:\/\/fysiokeskus.ee\/en\/geriaatriline-ehk-vanemaealiste-fusioteraapia\/\" \/>\n<meta property=\"og:site_name\" content=\"FYSIOKESKUS\" \/>\n<meta property=\"article:publisher\" content=\"https:\/\/www.facebook.com\/Fysiokeskus.ee\" \/>\n<meta property=\"article:modified_time\" content=\"2024-09-10T11:44:03+00:00\" \/>\n<meta name=\"twitter:card\" content=\"summary_large_image\" \/>\n<meta name=\"twitter:label1\" content=\"Est. reading time\" \/>\n\t<meta name=\"twitter:data1\" content=\"1 minute\" \/>\n<script type=\"application\/ld+json\" class=\"yoast-schema-graph\">{\"@context\":\"https:\\\/\\\/schema.org\",\"@graph\":[{\"@type\":\"WebPage\",\"@id\":\"https:\\\/\\\/fysiokeskus.ee\\\/geriaatriline-ehk-vanemaealiste-fusioteraapia\\\/\",\"url\":\"https:\\\/\\\/fysiokeskus.ee\\\/geriaatriline-ehk-vanemaealiste-fusioteraapia\\\/\",\"name\":\"Vanemaealiste f\u00fcsioteraapia - FYSIOKESKUS\",\"isPartOf\":{\"@id\":\"https:\\\/\\\/fysiokeskus.ee\\\/#website\"},\"datePublished\":\"2024-09-07T19:30:55+00:00\",\"dateModified\":\"2024-09-10T11:44:03+00:00\",\"inLanguage\":\"en-US\",\"potentialAction\":[{\"@type\":\"ReadAction\",\"target\":[\"https:\\\/\\\/fysiokeskus.ee\\\/geriaatriline-ehk-vanemaealiste-fusioteraapia\\\/\"]}]},{\"@type\":\"WebSite\",\"@id\":\"https:\\\/\\\/fysiokeskus.ee\\\/#website\",\"url\":\"https:\\\/\\\/fysiokeskus.ee\\\/\",\"name\":\"FYSIOKESKUS\",\"description\":\"F\u00fcsioteraapia ja massaa\u017e\",\"publisher\":{\"@id\":\"https:\\\/\\\/fysiokeskus.ee\\\/#organization\"},\"potentialAction\":[{\"@type\":\"SearchAction\",\"target\":{\"@type\":\"EntryPoint\",\"urlTemplate\":\"https:\\\/\\\/fysiokeskus.ee\\\/?s={search_term_string}\"},\"query-input\":{\"@type\":\"PropertyValueSpecification\",\"valueRequired\":true,\"valueName\":\"search_term_string\"}}],\"inLanguage\":\"en-US\"},{\"@type\":\"Organization\",\"@id\":\"https:\\\/\\\/fysiokeskus.ee\\\/#organization\",\"name\":\"FYSIOKESKUS\",\"url\":\"https:\\\/\\\/fysiokeskus.ee\\\/\",\"logo\":{\"@type\":\"ImageObject\",\"inLanguage\":\"en-US\",\"@id\":\"https:\\\/\\\/fysiokeskus.ee\\\/#\\\/schema\\\/logo\\\/image\\\/\",\"url\":\"https:\\\/\\\/fysiokeskus.ee\\\/wp-content\\\/uploads\\\/2022\\\/10\\\/FK1.png\",\"contentUrl\":\"https:\\\/\\\/fysiokeskus.ee\\\/wp-content\\\/uploads\\\/2022\\\/10\\\/FK1.png\",\"width\":885,\"height\":387,\"caption\":\"FYSIOKESKUS\"},\"image\":{\"@id\":\"https:\\\/\\\/fysiokeskus.ee\\\/#\\\/schema\\\/logo\\\/image\\\/\"},\"sameAs\":[\"https:\\\/\\\/www.facebook.com\\\/Fysiokeskus.ee\"]}]}<\/script>\n<!-- \/ Yoast SEO plugin. -->","yoast_head_json":{"title":"Vanemaealiste f\u00fcsioteraapia - FYSIOKESKUS","robots":{"index":"index","follow":"follow","max-snippet":"max-snippet:-1","max-image-preview":"max-image-preview:large","max-video-preview":"max-video-preview:-1"},"canonical":"https:\/\/fysiokeskus.ee\/en\/geriaatriline-ehk-vanemaealiste-fusioteraapia\/","og_locale":"en_US","og_type":"article","og_title":"Vanemaealiste f\u00fcsioteraapia - FYSIOKESKUS","og_description":"Geriaatriline ehk vanemaealiste f\u00fcsioteraapia on spetsiaalselt suunatud vanemaealistele inimestele, et toetada ja parandada nende liikumisv\u00f5imet, funktsionaalset iseseisvust ning elukvaliteeti. Vananedes v\u00f5ib esineda erinevaid terviseprobleeme, nagu liigeste j\u00e4ikus, lihasn\u00f5rkus, tasakaaluh\u00e4ired, krooniline valu v\u00f5i spetsiifilised haigused (nt artriit, osteoporoos, Parkinsoni t\u00f5bi), mis m\u00f5jutavad inimese igap\u00e4evast toimetulekut ja liikumist. F\u00fcsioteraapia k\u00e4igus keskendume: Iga teraapiaplaan on individuaalselt kohandatud, v\u00f5ttes [&hellip;]","og_url":"https:\/\/fysiokeskus.ee\/en\/geriaatriline-ehk-vanemaealiste-fusioteraapia\/","og_site_name":"FYSIOKESKUS","article_publisher":"https:\/\/www.facebook.com\/Fysiokeskus.ee","article_modified_time":"2024-09-10T11:44:03+00:00","twitter_card":"summary_large_image","twitter_misc":{"Est. reading time":"1 minute"},"schema":{"@context":"https:\/\/schema.org","@graph":[{"@type":"WebPage","@id":"https:\/\/fysiokeskus.ee\/geriaatriline-ehk-vanemaealiste-fusioteraapia\/","url":"https:\/\/fysiokeskus.ee\/geriaatriline-ehk-vanemaealiste-fusioteraapia\/","name":"Vanemaealiste f\u00fcsioteraapia - FYSIOKESKUS","isPartOf":{"@id":"https:\/\/fysiokeskus.ee\/#website"},"datePublished":"2024-09-07T19:30:55+00:00","dateModified":"2024-09-10T11:44:03+00:00","inLanguage":"en-US","potentialAction":[{"@type":"ReadAction","target":["https:\/\/fysiokeskus.ee\/geriaatriline-ehk-vanemaealiste-fusioteraapia\/"]}]},{"@type":"WebSite","@id":"https:\/\/fysiokeskus.ee\/#website","url":"https:\/\/fysiokeskus.ee\/","name":"FYSIOKESKUS","description":"F\u00fcsioteraapia ja massaa\u017e","publisher":{"@id":"https:\/\/fysiokeskus.ee\/#organization"},"potentialAction":[{"@type":"SearchAction","target":{"@type":"EntryPoint","urlTemplate":"https:\/\/fysiokeskus.ee\/?s={search_term_string}"},"query-input":{"@type":"PropertyValueSpecification","valueRequired":true,"valueName":"search_term_string"}}],"inLanguage":"en-US"},{"@type":"Organization","@id":"https:\/\/fysiokeskus.ee\/#organization","name":"FYSIOKESKUS","url":"https:\/\/fysiokeskus.ee\/","logo":{"@type":"ImageObject","inLanguage":"en-US","@id":"https:\/\/fysiokeskus.ee\/#\/schema\/logo\/image\/","url":"https:\/\/fysiokeskus.ee\/wp-content\/uploads\/2022\/10\/FK1.png","contentUrl":"https:\/\/fysiokeskus.ee\/wp-content\/uploads\/2022\/10\/FK1.png","width":885,"height":387,"caption":"FYSIOKESKUS"},"image":{"@id":"https:\/\/fysiokeskus.ee\/#\/schema\/logo\/image\/"},"sameAs":["https:\/\/www.facebook.com\/Fysiokeskus.ee"]}]}},"jetpack_sharing_enabled":true,"_links":{"self":[{"href":"https:\/\/fysiokeskus.ee\/en\/wp-json\/wp\/v2\/pages\/2768","targetHints":{"allow":["GET"]}}],"collection":[{"href":"https:\/\/fysiokeskus.ee\/en\/wp-json\/wp\/v2\/pages"}],"about":[{"href":"https:\/\/fysiokeskus.ee\/en\/wp-json\/wp\/v2\/types\/page"}],"author":[{"embeddable":true,"href":"https:\/\/fysiokeskus.ee\/en\/wp-json\/wp\/v2\/users\/2"}],"replies":[{"embeddable":true,"href":"https:\/\/fysiokeskus.ee\/en\/wp-json\/wp\/v2\/comments?post=2768"}],"version-history":[{"count":3,"href":"https:\/\/fysiokeskus.ee\/en\/wp-json\/wp\/v2\/pages\/2768\/revisions"}],"predecessor-version":[{"id":2827,"href":"https:\/\/fysiokeskus.ee\/en\/wp-json\/wp\/v2\/pages\/2768\/revisions\/2827"}],"wp:attachment":[{"href":"https:\/\/fysiokeskus.ee\/en\/wp-json\/wp\/v2\/media?parent=2768"}],"curies":[{"name":"wp","href":"https:\/\/api.w.org\/{rel}","templated":true}]}}