{"id":2765,"date":"2024-09-07T22:30:34","date_gmt":"2024-09-07T19:30:34","guid":{"rendered":"https:\/\/fysiokeskus.ee\/?page_id=2765"},"modified":"2025-11-03T14:42:45","modified_gmt":"2025-11-03T11:42:45","slug":"fusioteraapia-beebidele-ja-lastele","status":"publish","type":"page","link":"https:\/\/fysiokeskus.ee\/en\/fusioteraapia-beebidele-ja-lastele\/","title":{"rendered":"Laste f\u00fcsioteraapia"},"content":{"rendered":"<p><strong>Laste f\u00fcsioteraapia<\/strong> keskendub laste liikumis- ja motoorsete oskuste arendamisele, samuti nende f\u00fc\u00fcsiliste ja funktsionaalsete v\u00f5imete toetamisele ja parandamisele. T\u00f6\u00f6tame lastega alates imikueast kuni noorukieani, aidates neil saavutada arengulisi verstaposte ning toetada liikumist ja igap\u00e4evaseid tegevusi.<\/p>\n\n\n\n<p>Teraapia on kohandatud iga lapse individuaalsetele vajadustele, pakkudes tuge nii ortopeediliste kui ka neuroloogiliste probleemide korral, sealhulgas:<\/p>\n\n\n\n<ol class=\"wp-block-list\">\n<li>Liikumisoskuste arendamine, nagu roomamine, k\u00f5ndimine, jooksmine ja h\u00fcppamine, mis on olulised nende f\u00fc\u00fcsilises arengus<\/li>\n\n\n\n<li>Tasakaalu ja koordinatsiooni arendamine<\/li>\n\n\n\n<li>Lihasj\u00f5u ja lihaselastsuse suurendamine<\/li>\n\n\n\n<li>R\u00fchiprobleemide korrigeerimine, mis v\u00f5ivad m\u00f5jutada lapse kasvu ja arengut,<\/li>\n<\/ol>\n\n\n\n<p>Laste f\u00fcsioteraapia on kujundatud lapse jaoks m\u00e4nguliseks ja motiveerivaks, et muuta harjutused l\u00f5busaks ja kaasahaaravaks, arvestades lapse vanust ja tema arengutaset.<\/p>\n\n\n\n<p>Laste f\u00fcsioteraapiaga tegelevad meie f\u00fcsioterapeudid <strong>Eveli Post ja Monika Mets.<\/strong><\/p>","protected":false},"excerpt":{"rendered":"<p>Laste f\u00fcsioteraapia keskendub laste liikumis- ja motoorsete oskuste arendamisele, samuti nende f\u00fc\u00fcsiliste ja funktsionaalsete v\u00f5imete toetamisele ja parandamisele. T\u00f6\u00f6tame lastega alates imikueast kuni noorukieani, aidates neil saavutada arengulisi verstaposte ning toetada liikumist ja igap\u00e4evaseid tegevusi. Teraapia on kohandatud iga lapse individuaalsetele vajadustele, pakkudes tuge nii ortopeediliste kui ka neuroloogiliste probleemide korral, sealhulgas: Laste f\u00fcsioteraapia on [&hellip;]<\/p>\n","protected":false},"author":2,"featured_media":0,"parent":0,"menu_order":0,"comment_status":"closed","ping_status":"closed","template":"","meta":{"_monsterinsights_skip_tracking":false,"_monsterinsights_sitenote_active":false,"_monsterinsights_sitenote_note":"","_monsterinsights_sitenote_category":0,"footnotes":""},"class_list":["post-2765","page","type-page","status-publish","hentry"],"yoast_head":"<!-- This site is optimized with the Yoast SEO plugin v27.3 - https:\/\/yoast.com\/product\/yoast-seo-wordpress\/ -->\n<title>Laste f\u00fcsioteraapia - FYSIOKESKUS<\/title>\n<meta name=\"robots\" content=\"index, follow, max-snippet:-1, max-image-preview:large, max-video-preview:-1\" \/>\n<link rel=\"canonical\" href=\"https:\/\/fysiokeskus.ee\/en\/fusioteraapia-beebidele-ja-lastele\/\" \/>\n<meta property=\"og:locale\" content=\"en_US\" \/>\n<meta property=\"og:type\" content=\"article\" \/>\n<meta property=\"og:title\" content=\"Laste f\u00fcsioteraapia - FYSIOKESKUS\" \/>\n<meta property=\"og:description\" content=\"Laste f\u00fcsioteraapia keskendub laste liikumis- ja motoorsete oskuste arendamisele, samuti nende f\u00fc\u00fcsiliste ja funktsionaalsete v\u00f5imete toetamisele ja parandamisele. T\u00f6\u00f6tame lastega alates imikueast kuni noorukieani, aidates neil saavutada arengulisi verstaposte ning toetada liikumist ja igap\u00e4evaseid tegevusi. Teraapia on kohandatud iga lapse individuaalsetele vajadustele, pakkudes tuge nii ortopeediliste kui ka neuroloogiliste probleemide korral, sealhulgas: Laste f\u00fcsioteraapia on [&hellip;]\" \/>\n<meta property=\"og:url\" content=\"https:\/\/fysiokeskus.ee\/en\/fusioteraapia-beebidele-ja-lastele\/\" \/>\n<meta property=\"og:site_name\" content=\"FYSIOKESKUS\" \/>\n<meta property=\"article:publisher\" content=\"https:\/\/www.facebook.com\/Fysiokeskus.ee\" \/>\n<meta property=\"article:modified_time\" content=\"2025-11-03T11:42:45+00:00\" \/>\n<meta name=\"twitter:card\" content=\"summary_large_image\" \/>\n<meta name=\"twitter:label1\" content=\"Est. reading time\" \/>\n\t<meta name=\"twitter:data1\" content=\"1 minute\" \/>\n<script type=\"application\/ld+json\" class=\"yoast-schema-graph\">{\"@context\":\"https:\\\/\\\/schema.org\",\"@graph\":[{\"@type\":\"WebPage\",\"@id\":\"https:\\\/\\\/fysiokeskus.ee\\\/fusioteraapia-beebidele-ja-lastele\\\/\",\"url\":\"https:\\\/\\\/fysiokeskus.ee\\\/fusioteraapia-beebidele-ja-lastele\\\/\",\"name\":\"Laste f\u00fcsioteraapia - FYSIOKESKUS\",\"isPartOf\":{\"@id\":\"https:\\\/\\\/fysiokeskus.ee\\\/#website\"},\"datePublished\":\"2024-09-07T19:30:34+00:00\",\"dateModified\":\"2025-11-03T11:42:45+00:00\",\"inLanguage\":\"en-US\",\"potentialAction\":[{\"@type\":\"ReadAction\",\"target\":[\"https:\\\/\\\/fysiokeskus.ee\\\/fusioteraapia-beebidele-ja-lastele\\\/\"]}]},{\"@type\":\"WebSite\",\"@id\":\"https:\\\/\\\/fysiokeskus.ee\\\/#website\",\"url\":\"https:\\\/\\\/fysiokeskus.ee\\\/\",\"name\":\"FYSIOKESKUS\",\"description\":\"F\u00fcsioteraapia ja massaa\u017e\",\"publisher\":{\"@id\":\"https:\\\/\\\/fysiokeskus.ee\\\/#organization\"},\"potentialAction\":[{\"@type\":\"SearchAction\",\"target\":{\"@type\":\"EntryPoint\",\"urlTemplate\":\"https:\\\/\\\/fysiokeskus.ee\\\/?s={search_term_string}\"},\"query-input\":{\"@type\":\"PropertyValueSpecification\",\"valueRequired\":true,\"valueName\":\"search_term_string\"}}],\"inLanguage\":\"en-US\"},{\"@type\":\"Organization\",\"@id\":\"https:\\\/\\\/fysiokeskus.ee\\\/#organization\",\"name\":\"FYSIOKESKUS\",\"url\":\"https:\\\/\\\/fysiokeskus.ee\\\/\",\"logo\":{\"@type\":\"ImageObject\",\"inLanguage\":\"en-US\",\"@id\":\"https:\\\/\\\/fysiokeskus.ee\\\/#\\\/schema\\\/logo\\\/image\\\/\",\"url\":\"https:\\\/\\\/fysiokeskus.ee\\\/wp-content\\\/uploads\\\/2022\\\/10\\\/FK1.png\",\"contentUrl\":\"https:\\\/\\\/fysiokeskus.ee\\\/wp-content\\\/uploads\\\/2022\\\/10\\\/FK1.png\",\"width\":885,\"height\":387,\"caption\":\"FYSIOKESKUS\"},\"image\":{\"@id\":\"https:\\\/\\\/fysiokeskus.ee\\\/#\\\/schema\\\/logo\\\/image\\\/\"},\"sameAs\":[\"https:\\\/\\\/www.facebook.com\\\/Fysiokeskus.ee\"]}]}<\/script>\n<!-- \/ Yoast SEO plugin. -->","yoast_head_json":{"title":"Laste f\u00fcsioteraapia - FYSIOKESKUS","robots":{"index":"index","follow":"follow","max-snippet":"max-snippet:-1","max-image-preview":"max-image-preview:large","max-video-preview":"max-video-preview:-1"},"canonical":"https:\/\/fysiokeskus.ee\/en\/fusioteraapia-beebidele-ja-lastele\/","og_locale":"en_US","og_type":"article","og_title":"Laste f\u00fcsioteraapia - FYSIOKESKUS","og_description":"Laste f\u00fcsioteraapia keskendub laste liikumis- ja motoorsete oskuste arendamisele, samuti nende f\u00fc\u00fcsiliste ja funktsionaalsete v\u00f5imete toetamisele ja parandamisele. T\u00f6\u00f6tame lastega alates imikueast kuni noorukieani, aidates neil saavutada arengulisi verstaposte ning toetada liikumist ja igap\u00e4evaseid tegevusi. Teraapia on kohandatud iga lapse individuaalsetele vajadustele, pakkudes tuge nii ortopeediliste kui ka neuroloogiliste probleemide korral, sealhulgas: Laste f\u00fcsioteraapia on [&hellip;]","og_url":"https:\/\/fysiokeskus.ee\/en\/fusioteraapia-beebidele-ja-lastele\/","og_site_name":"FYSIOKESKUS","article_publisher":"https:\/\/www.facebook.com\/Fysiokeskus.ee","article_modified_time":"2025-11-03T11:42:45+00:00","twitter_card":"summary_large_image","twitter_misc":{"Est. reading time":"1 minute"},"schema":{"@context":"https:\/\/schema.org","@graph":[{"@type":"WebPage","@id":"https:\/\/fysiokeskus.ee\/fusioteraapia-beebidele-ja-lastele\/","url":"https:\/\/fysiokeskus.ee\/fusioteraapia-beebidele-ja-lastele\/","name":"Laste f\u00fcsioteraapia - FYSIOKESKUS","isPartOf":{"@id":"https:\/\/fysiokeskus.ee\/#website"},"datePublished":"2024-09-07T19:30:34+00:00","dateModified":"2025-11-03T11:42:45+00:00","inLanguage":"en-US","potentialAction":[{"@type":"ReadAction","target":["https:\/\/fysiokeskus.ee\/fusioteraapia-beebidele-ja-lastele\/"]}]},{"@type":"WebSite","@id":"https:\/\/fysiokeskus.ee\/#website","url":"https:\/\/fysiokeskus.ee\/","name":"FYSIOKESKUS","description":"F\u00fcsioteraapia ja massaa\u017e","publisher":{"@id":"https:\/\/fysiokeskus.ee\/#organization"},"potentialAction":[{"@type":"SearchAction","target":{"@type":"EntryPoint","urlTemplate":"https:\/\/fysiokeskus.ee\/?s={search_term_string}"},"query-input":{"@type":"PropertyValueSpecification","valueRequired":true,"valueName":"search_term_string"}}],"inLanguage":"en-US"},{"@type":"Organization","@id":"https:\/\/fysiokeskus.ee\/#organization","name":"FYSIOKESKUS","url":"https:\/\/fysiokeskus.ee\/","logo":{"@type":"ImageObject","inLanguage":"en-US","@id":"https:\/\/fysiokeskus.ee\/#\/schema\/logo\/image\/","url":"https:\/\/fysiokeskus.ee\/wp-content\/uploads\/2022\/10\/FK1.png","contentUrl":"https:\/\/fysiokeskus.ee\/wp-content\/uploads\/2022\/10\/FK1.png","width":885,"height":387,"caption":"FYSIOKESKUS"},"image":{"@id":"https:\/\/fysiokeskus.ee\/#\/schema\/logo\/image\/"},"sameAs":["https:\/\/www.facebook.com\/Fysiokeskus.ee"]}]}},"jetpack_sharing_enabled":true,"_links":{"self":[{"href":"https:\/\/fysiokeskus.ee\/en\/wp-json\/wp\/v2\/pages\/2765","targetHints":{"allow":["GET"]}}],"collection":[{"href":"https:\/\/fysiokeskus.ee\/en\/wp-json\/wp\/v2\/pages"}],"about":[{"href":"https:\/\/fysiokeskus.ee\/en\/wp-json\/wp\/v2\/types\/page"}],"author":[{"embeddable":true,"href":"https:\/\/fysiokeskus.ee\/en\/wp-json\/wp\/v2\/users\/2"}],"replies":[{"embeddable":true,"href":"https:\/\/fysiokeskus.ee\/en\/wp-json\/wp\/v2\/comments?post=2765"}],"version-history":[{"count":4,"href":"https:\/\/fysiokeskus.ee\/en\/wp-json\/wp\/v2\/pages\/2765\/revisions"}],"predecessor-version":[{"id":3147,"href":"https:\/\/fysiokeskus.ee\/en\/wp-json\/wp\/v2\/pages\/2765\/revisions\/3147"}],"wp:attachment":[{"href":"https:\/\/fysiokeskus.ee\/en\/wp-json\/wp\/v2\/media?parent=2765"}],"curies":[{"name":"wp","href":"https:\/\/api.w.org\/{rel}","templated":true}]}}