{"id":2759,"date":"2024-09-07T22:29:25","date_gmt":"2024-09-07T19:29:25","guid":{"rendered":"https:\/\/fysiokeskus.ee\/?page_id=2759"},"modified":"2024-09-21T22:06:35","modified_gmt":"2024-09-21T19:06:35","slug":"skeleti-lihassusteemi-fusioteraapia","status":"publish","type":"page","link":"https:\/\/fysiokeskus.ee\/en\/skeleti-lihassusteemi-fusioteraapia\/","title":{"rendered":"Skeleti-lihass\u00fcsteemi f\u00fcsioteraapia"},"content":{"rendered":"<div data-elementor-type=\"wp-page\" data-elementor-id=\"2759\" class=\"elementor elementor-2759\" data-elementor-post-type=\"page\">\n\t\t\t\t\t\t<section class=\"elementor-section elementor-top-section elementor-element elementor-element-2e47f61 elementor-section-boxed elementor-section-height-default elementor-section-height-default\" data-id=\"2e47f61\" data-element_type=\"section\" data-e-type=\"section\">\n\t\t\t\t\t\t<div class=\"elementor-container elementor-column-gap-default\">\n\t\t\t\t\t<div class=\"elementor-column elementor-col-33 elementor-top-column elementor-element elementor-element-1de25f7\" data-id=\"1de25f7\" data-element_type=\"column\" data-e-type=\"column\">\n\t\t\t<div class=\"elementor-widget-wrap elementor-element-populated\">\n\t\t\t\t\t\t<div class=\"elementor-element elementor-element-3cefabc elementor-widget elementor-widget-image\" data-id=\"3cefabc\" data-element_type=\"widget\" data-e-type=\"widget\" data-widget_type=\"image.default\">\n\t\t\t\t<div class=\"elementor-widget-container\">\n\t\t\t\t\t\t\t\t\t\t\t\t\t\t\t<img fetchpriority=\"high\" decoding=\"async\" width=\"683\" height=\"1024\" src=\"https:\/\/fysiokeskus.ee\/wp-content\/uploads\/2024\/09\/f11e59e5-326b-4036-b6bb-85274eb1fb98-683x1024.jpg\" class=\"attachment-large size-large wp-image-2860\" alt=\"\" srcset=\"https:\/\/fysiokeskus.ee\/wp-content\/uploads\/2024\/09\/f11e59e5-326b-4036-b6bb-85274eb1fb98-683x1024.jpg 683w, https:\/\/fysiokeskus.ee\/wp-content\/uploads\/2024\/09\/f11e59e5-326b-4036-b6bb-85274eb1fb98-200x300.jpg 200w, https:\/\/fysiokeskus.ee\/wp-content\/uploads\/2024\/09\/f11e59e5-326b-4036-b6bb-85274eb1fb98-768x1152.jpg 768w, https:\/\/fysiokeskus.ee\/wp-content\/uploads\/2024\/09\/f11e59e5-326b-4036-b6bb-85274eb1fb98-1024x1536.jpg 1024w, https:\/\/fysiokeskus.ee\/wp-content\/uploads\/2024\/09\/f11e59e5-326b-4036-b6bb-85274eb1fb98-1365x2048.jpg 1365w, https:\/\/fysiokeskus.ee\/wp-content\/uploads\/2024\/09\/f11e59e5-326b-4036-b6bb-85274eb1fb98-8x12.jpg 8w, https:\/\/fysiokeskus.ee\/wp-content\/uploads\/2024\/09\/f11e59e5-326b-4036-b6bb-85274eb1fb98.jpg 1600w\" sizes=\"(max-width: 683px) 100vw, 683px\" \/>\t\t\t\t\t\t\t\t\t\t\t\t\t\t\t<\/div>\n\t\t\t\t<\/div>\n\t\t\t\t\t<\/div>\n\t\t<\/div>\n\t\t\t\t<div class=\"elementor-column elementor-col-33 elementor-top-column elementor-element elementor-element-80db413\" data-id=\"80db413\" data-element_type=\"column\" data-e-type=\"column\">\n\t\t\t<div class=\"elementor-widget-wrap elementor-element-populated\">\n\t\t\t\t\t\t<div class=\"elementor-element elementor-element-9caa441 elementor-widget elementor-widget-text-editor\" data-id=\"9caa441\" data-element_type=\"widget\" data-e-type=\"widget\" data-widget_type=\"text-editor.default\">\n\t\t\t\t<div class=\"elementor-widget-container\">\n\t\t\t\t\t\t\t\t\t<p style=\"text-align: center;\"><strong>Skeleti-lihass\u00fcsteemi f\u00fcsioteraapia<\/strong> on suunatud luu- ja lihaskonna vaevuste, vigastuste ja haiguste ennetamisele, ravile ja taastamisele.<\/p>\n<p style=\"text-align: center;\"><!-- \/wp:paragraph --><!-- wp:paragraph --><\/p>\n<p style=\"text-align: center;\">Skeleti-lihass\u00fcsteemi f\u00fcsioteraapia h\u00f5lmab mitmeid seisundeid ja probleeme, sealhulgas:<\/p>\n<p style=\"text-align: center;\"><!-- \/wp:paragraph --><!-- wp:list {\"ordered\":true} --><\/p>\n<ol class=\"wp-block-list\" style=\"text-align: center;\"><!-- wp:list-item -->\n<li style=\"text-align: left;\">Ortopeedilised probleemid, nt sidemete, k\u00f5\u00f5luste vigastused, tendinopaatiad, lihasrebendid, luumurrud ja meniski vigastused<\/li>\n<!-- \/wp:list-item --><!-- wp:list-item -->\n<li style=\"text-align: left;\">Liigesevalu ja p\u00f5letikulised seisundid, nt artriit<\/li>\n<!-- \/wp:list-item --><!-- wp:list-item -->\n<li style=\"text-align: left;\">Lihaspinged ja \u00fclekoormuss\u00fcndroomid<\/li>\n<!-- \/wp:list-item --><!-- wp:list-item -->\n<li style=\"text-align: left;\">Selja- ja kaelavalu<\/li>\n<!-- \/wp:list-item --><\/ol>\n<p style=\"text-align: center;\"><!-- \/wp:list --><!-- wp:paragraph --><\/p>\n<p style=\"text-align: center;\">Iga teraapiaseanss on kohandatud vastavalt kliendi vajadustele ja eesm\u00e4rkidele. Kasutame erinevaid raviv\u00f5tteid, sealhulgas massaa\u017ei, spetsiaalseid harjutusi, venitusi, f\u00fc\u00fcsikalist ravi (TENS, ultraheli, soojaravi) ja n\u00f5ustamist patsiendile sobiva treeningu osas.<\/p>\t\t\t\t\t\t\t\t<\/div>\n\t\t\t\t<\/div>\n\t\t\t\t\t<\/div>\n\t\t<\/div>\n\t\t\t\t<div class=\"elementor-column elementor-col-33 elementor-top-column elementor-element elementor-element-db19a03\" data-id=\"db19a03\" data-element_type=\"column\" data-e-type=\"column\">\n\t\t\t<div class=\"elementor-widget-wrap elementor-element-populated\">\n\t\t\t\t\t\t<div class=\"elementor-element elementor-element-75dac04 elementor-widget elementor-widget-image\" data-id=\"75dac04\" data-element_type=\"widget\" data-e-type=\"widget\" data-widget_type=\"image.default\">\n\t\t\t\t<div class=\"elementor-widget-container\">\n\t\t\t\t\t\t\t\t\t\t\t\t\t\t\t<img decoding=\"async\" width=\"768\" height=\"1024\" src=\"https:\/\/fysiokeskus.ee\/wp-content\/uploads\/2024\/09\/81af9162-946d-47b5-973e-6bd8ea923928-768x1024.jpg\" class=\"attachment-large size-large wp-image-2921\" alt=\"\" srcset=\"https:\/\/fysiokeskus.ee\/wp-content\/uploads\/2024\/09\/81af9162-946d-47b5-973e-6bd8ea923928-768x1024.jpg 768w, https:\/\/fysiokeskus.ee\/wp-content\/uploads\/2024\/09\/81af9162-946d-47b5-973e-6bd8ea923928-225x300.jpg 225w, https:\/\/fysiokeskus.ee\/wp-content\/uploads\/2024\/09\/81af9162-946d-47b5-973e-6bd8ea923928-1152x1536.jpg 1152w, https:\/\/fysiokeskus.ee\/wp-content\/uploads\/2024\/09\/81af9162-946d-47b5-973e-6bd8ea923928-9x12.jpg 9w, https:\/\/fysiokeskus.ee\/wp-content\/uploads\/2024\/09\/81af9162-946d-47b5-973e-6bd8ea923928.jpg 1536w\" sizes=\"(max-width: 768px) 100vw, 768px\" \/>\t\t\t\t\t\t\t\t\t\t\t\t\t\t\t<\/div>\n\t\t\t\t<\/div>\n\t\t\t\t\t<\/div>\n\t\t<\/div>\n\t\t\t\t\t<\/div>\n\t\t<\/section>\n\t\t\t\t<\/div>","protected":false},"excerpt":{"rendered":"<p>Skeleti-lihass\u00fcsteemi f\u00fcsioteraapia on suunatud luu- ja lihaskonna vaevuste, vigastuste ja haiguste ennetamisele, ravile ja taastamisele. Skeleti-lihass\u00fcsteemi f\u00fcsioteraapia h\u00f5lmab mitmeid seisundeid ja probleeme, sealhulgas: Ortopeedilised probleemid, nt sidemete, k\u00f5\u00f5luste vigastused, tendinopaatiad, lihasrebendid, luumurrud ja meniski vigastused Liigesevalu ja p\u00f5letikulised seisundid, nt artriit Lihaspinged ja \u00fclekoormuss\u00fcndroomid Selja- ja kaelavalu Iga teraapiaseanss on kohandatud vastavalt kliendi vajadustele ja [&hellip;]<\/p>\n","protected":false},"author":2,"featured_media":0,"parent":0,"menu_order":0,"comment_status":"closed","ping_status":"closed","template":"","meta":{"_monsterinsights_skip_tracking":false,"_monsterinsights_sitenote_active":false,"_monsterinsights_sitenote_note":"","_monsterinsights_sitenote_category":0,"footnotes":""},"class_list":["post-2759","page","type-page","status-publish","hentry"],"yoast_head":"<!-- This site is optimized with the Yoast SEO plugin v27.3 - https:\/\/yoast.com\/product\/yoast-seo-wordpress\/ -->\n<title>Skeleti-lihass\u00fcsteemi f\u00fcsioteraapia - FYSIOKESKUS<\/title>\n<meta name=\"robots\" content=\"index, follow, max-snippet:-1, max-image-preview:large, max-video-preview:-1\" \/>\n<link rel=\"canonical\" href=\"https:\/\/fysiokeskus.ee\/en\/skeleti-lihassusteemi-fusioteraapia\/\" \/>\n<meta property=\"og:locale\" content=\"en_US\" \/>\n<meta property=\"og:type\" content=\"article\" \/>\n<meta property=\"og:title\" content=\"Skeleti-lihass\u00fcsteemi f\u00fcsioteraapia - FYSIOKESKUS\" \/>\n<meta property=\"og:description\" content=\"Skeleti-lihass\u00fcsteemi f\u00fcsioteraapia on suunatud luu- ja lihaskonna vaevuste, vigastuste ja haiguste ennetamisele, ravile ja taastamisele. Skeleti-lihass\u00fcsteemi f\u00fcsioteraapia h\u00f5lmab mitmeid seisundeid ja probleeme, sealhulgas: Ortopeedilised probleemid, nt sidemete, k\u00f5\u00f5luste vigastused, tendinopaatiad, lihasrebendid, luumurrud ja meniski vigastused Liigesevalu ja p\u00f5letikulised seisundid, nt artriit Lihaspinged ja \u00fclekoormuss\u00fcndroomid Selja- ja kaelavalu Iga teraapiaseanss on kohandatud vastavalt kliendi vajadustele ja [&hellip;]\" \/>\n<meta property=\"og:url\" content=\"https:\/\/fysiokeskus.ee\/en\/skeleti-lihassusteemi-fusioteraapia\/\" \/>\n<meta property=\"og:site_name\" content=\"FYSIOKESKUS\" \/>\n<meta property=\"article:publisher\" content=\"https:\/\/www.facebook.com\/Fysiokeskus.ee\" \/>\n<meta property=\"article:modified_time\" content=\"2024-09-21T19:06:35+00:00\" \/>\n<meta property=\"og:image\" content=\"https:\/\/fysiokeskus.ee\/wp-content\/uploads\/2024\/09\/f11e59e5-326b-4036-b6bb-85274eb1fb98-683x1024.jpg\" \/>\n<meta name=\"twitter:card\" content=\"summary_large_image\" \/>\n<script type=\"application\/ld+json\" class=\"yoast-schema-graph\">{\"@context\":\"https:\\\/\\\/schema.org\",\"@graph\":[{\"@type\":\"WebPage\",\"@id\":\"https:\\\/\\\/fysiokeskus.ee\\\/skeleti-lihassusteemi-fusioteraapia\\\/\",\"url\":\"https:\\\/\\\/fysiokeskus.ee\\\/skeleti-lihassusteemi-fusioteraapia\\\/\",\"name\":\"Skeleti-lihass\u00fcsteemi f\u00fcsioteraapia - FYSIOKESKUS\",\"isPartOf\":{\"@id\":\"https:\\\/\\\/fysiokeskus.ee\\\/#website\"},\"primaryImageOfPage\":{\"@id\":\"https:\\\/\\\/fysiokeskus.ee\\\/skeleti-lihassusteemi-fusioteraapia\\\/#primaryimage\"},\"image\":{\"@id\":\"https:\\\/\\\/fysiokeskus.ee\\\/skeleti-lihassusteemi-fusioteraapia\\\/#primaryimage\"},\"thumbnailUrl\":\"https:\\\/\\\/fysiokeskus.ee\\\/wp-content\\\/uploads\\\/2024\\\/09\\\/f11e59e5-326b-4036-b6bb-85274eb1fb98-683x1024.jpg\",\"datePublished\":\"2024-09-07T19:29:25+00:00\",\"dateModified\":\"2024-09-21T19:06:35+00:00\",\"inLanguage\":\"en-US\",\"potentialAction\":[{\"@type\":\"ReadAction\",\"target\":[\"https:\\\/\\\/fysiokeskus.ee\\\/skeleti-lihassusteemi-fusioteraapia\\\/\"]}]},{\"@type\":\"ImageObject\",\"inLanguage\":\"en-US\",\"@id\":\"https:\\\/\\\/fysiokeskus.ee\\\/skeleti-lihassusteemi-fusioteraapia\\\/#primaryimage\",\"url\":\"https:\\\/\\\/fysiokeskus.ee\\\/wp-content\\\/uploads\\\/2024\\\/09\\\/f11e59e5-326b-4036-b6bb-85274eb1fb98-683x1024.jpg\",\"contentUrl\":\"https:\\\/\\\/fysiokeskus.ee\\\/wp-content\\\/uploads\\\/2024\\\/09\\\/f11e59e5-326b-4036-b6bb-85274eb1fb98-683x1024.jpg\"},{\"@type\":\"WebSite\",\"@id\":\"https:\\\/\\\/fysiokeskus.ee\\\/#website\",\"url\":\"https:\\\/\\\/fysiokeskus.ee\\\/\",\"name\":\"FYSIOKESKUS\",\"description\":\"F\u00fcsioteraapia ja massaa\u017e\",\"publisher\":{\"@id\":\"https:\\\/\\\/fysiokeskus.ee\\\/#organization\"},\"potentialAction\":[{\"@type\":\"SearchAction\",\"target\":{\"@type\":\"EntryPoint\",\"urlTemplate\":\"https:\\\/\\\/fysiokeskus.ee\\\/?s={search_term_string}\"},\"query-input\":{\"@type\":\"PropertyValueSpecification\",\"valueRequired\":true,\"valueName\":\"search_term_string\"}}],\"inLanguage\":\"en-US\"},{\"@type\":\"Organization\",\"@id\":\"https:\\\/\\\/fysiokeskus.ee\\\/#organization\",\"name\":\"FYSIOKESKUS\",\"url\":\"https:\\\/\\\/fysiokeskus.ee\\\/\",\"logo\":{\"@type\":\"ImageObject\",\"inLanguage\":\"en-US\",\"@id\":\"https:\\\/\\\/fysiokeskus.ee\\\/#\\\/schema\\\/logo\\\/image\\\/\",\"url\":\"https:\\\/\\\/fysiokeskus.ee\\\/wp-content\\\/uploads\\\/2022\\\/10\\\/FK1.png\",\"contentUrl\":\"https:\\\/\\\/fysiokeskus.ee\\\/wp-content\\\/uploads\\\/2022\\\/10\\\/FK1.png\",\"width\":885,\"height\":387,\"caption\":\"FYSIOKESKUS\"},\"image\":{\"@id\":\"https:\\\/\\\/fysiokeskus.ee\\\/#\\\/schema\\\/logo\\\/image\\\/\"},\"sameAs\":[\"https:\\\/\\\/www.facebook.com\\\/Fysiokeskus.ee\"]}]}<\/script>\n<!-- \/ Yoast SEO plugin. -->","yoast_head_json":{"title":"Skeleti-lihass\u00fcsteemi f\u00fcsioteraapia - FYSIOKESKUS","robots":{"index":"index","follow":"follow","max-snippet":"max-snippet:-1","max-image-preview":"max-image-preview:large","max-video-preview":"max-video-preview:-1"},"canonical":"https:\/\/fysiokeskus.ee\/en\/skeleti-lihassusteemi-fusioteraapia\/","og_locale":"en_US","og_type":"article","og_title":"Skeleti-lihass\u00fcsteemi f\u00fcsioteraapia - FYSIOKESKUS","og_description":"Skeleti-lihass\u00fcsteemi f\u00fcsioteraapia on suunatud luu- ja lihaskonna vaevuste, vigastuste ja haiguste ennetamisele, ravile ja taastamisele. Skeleti-lihass\u00fcsteemi f\u00fcsioteraapia h\u00f5lmab mitmeid seisundeid ja probleeme, sealhulgas: Ortopeedilised probleemid, nt sidemete, k\u00f5\u00f5luste vigastused, tendinopaatiad, lihasrebendid, luumurrud ja meniski vigastused Liigesevalu ja p\u00f5letikulised seisundid, nt artriit Lihaspinged ja \u00fclekoormuss\u00fcndroomid Selja- ja kaelavalu Iga teraapiaseanss on kohandatud vastavalt kliendi vajadustele ja [&hellip;]","og_url":"https:\/\/fysiokeskus.ee\/en\/skeleti-lihassusteemi-fusioteraapia\/","og_site_name":"FYSIOKESKUS","article_publisher":"https:\/\/www.facebook.com\/Fysiokeskus.ee","article_modified_time":"2024-09-21T19:06:35+00:00","og_image":[{"url":"https:\/\/fysiokeskus.ee\/wp-content\/uploads\/2024\/09\/f11e59e5-326b-4036-b6bb-85274eb1fb98-683x1024.jpg","type":"","width":"","height":""}],"twitter_card":"summary_large_image","schema":{"@context":"https:\/\/schema.org","@graph":[{"@type":"WebPage","@id":"https:\/\/fysiokeskus.ee\/skeleti-lihassusteemi-fusioteraapia\/","url":"https:\/\/fysiokeskus.ee\/skeleti-lihassusteemi-fusioteraapia\/","name":"Skeleti-lihass\u00fcsteemi f\u00fcsioteraapia - FYSIOKESKUS","isPartOf":{"@id":"https:\/\/fysiokeskus.ee\/#website"},"primaryImageOfPage":{"@id":"https:\/\/fysiokeskus.ee\/skeleti-lihassusteemi-fusioteraapia\/#primaryimage"},"image":{"@id":"https:\/\/fysiokeskus.ee\/skeleti-lihassusteemi-fusioteraapia\/#primaryimage"},"thumbnailUrl":"https:\/\/fysiokeskus.ee\/wp-content\/uploads\/2024\/09\/f11e59e5-326b-4036-b6bb-85274eb1fb98-683x1024.jpg","datePublished":"2024-09-07T19:29:25+00:00","dateModified":"2024-09-21T19:06:35+00:00","inLanguage":"en-US","potentialAction":[{"@type":"ReadAction","target":["https:\/\/fysiokeskus.ee\/skeleti-lihassusteemi-fusioteraapia\/"]}]},{"@type":"ImageObject","inLanguage":"en-US","@id":"https:\/\/fysiokeskus.ee\/skeleti-lihassusteemi-fusioteraapia\/#primaryimage","url":"https:\/\/fysiokeskus.ee\/wp-content\/uploads\/2024\/09\/f11e59e5-326b-4036-b6bb-85274eb1fb98-683x1024.jpg","contentUrl":"https:\/\/fysiokeskus.ee\/wp-content\/uploads\/2024\/09\/f11e59e5-326b-4036-b6bb-85274eb1fb98-683x1024.jpg"},{"@type":"WebSite","@id":"https:\/\/fysiokeskus.ee\/#website","url":"https:\/\/fysiokeskus.ee\/","name":"FYSIOKESKUS","description":"F\u00fcsioteraapia ja massaa\u017e","publisher":{"@id":"https:\/\/fysiokeskus.ee\/#organization"},"potentialAction":[{"@type":"SearchAction","target":{"@type":"EntryPoint","urlTemplate":"https:\/\/fysiokeskus.ee\/?s={search_term_string}"},"query-input":{"@type":"PropertyValueSpecification","valueRequired":true,"valueName":"search_term_string"}}],"inLanguage":"en-US"},{"@type":"Organization","@id":"https:\/\/fysiokeskus.ee\/#organization","name":"FYSIOKESKUS","url":"https:\/\/fysiokeskus.ee\/","logo":{"@type":"ImageObject","inLanguage":"en-US","@id":"https:\/\/fysiokeskus.ee\/#\/schema\/logo\/image\/","url":"https:\/\/fysiokeskus.ee\/wp-content\/uploads\/2022\/10\/FK1.png","contentUrl":"https:\/\/fysiokeskus.ee\/wp-content\/uploads\/2022\/10\/FK1.png","width":885,"height":387,"caption":"FYSIOKESKUS"},"image":{"@id":"https:\/\/fysiokeskus.ee\/#\/schema\/logo\/image\/"},"sameAs":["https:\/\/www.facebook.com\/Fysiokeskus.ee"]}]}},"jetpack_sharing_enabled":true,"_links":{"self":[{"href":"https:\/\/fysiokeskus.ee\/en\/wp-json\/wp\/v2\/pages\/2759","targetHints":{"allow":["GET"]}}],"collection":[{"href":"https:\/\/fysiokeskus.ee\/en\/wp-json\/wp\/v2\/pages"}],"about":[{"href":"https:\/\/fysiokeskus.ee\/en\/wp-json\/wp\/v2\/types\/page"}],"author":[{"embeddable":true,"href":"https:\/\/fysiokeskus.ee\/en\/wp-json\/wp\/v2\/users\/2"}],"replies":[{"embeddable":true,"href":"https:\/\/fysiokeskus.ee\/en\/wp-json\/wp\/v2\/comments?post=2759"}],"version-history":[{"count":23,"href":"https:\/\/fysiokeskus.ee\/en\/wp-json\/wp\/v2\/pages\/2759\/revisions"}],"predecessor-version":[{"id":2939,"href":"https:\/\/fysiokeskus.ee\/en\/wp-json\/wp\/v2\/pages\/2759\/revisions\/2939"}],"wp:attachment":[{"href":"https:\/\/fysiokeskus.ee\/en\/wp-json\/wp\/v2\/media?parent=2759"}],"curies":[{"name":"wp","href":"https:\/\/api.w.org\/{rel}","templated":true}]}}