{"id":2452,"date":"2024-02-23T10:16:56","date_gmt":"2024-02-23T07:16:56","guid":{"rendered":"https:\/\/fysiokeskus.ee\/?page_id=2452"},"modified":"2024-02-23T10:16:58","modified_gmt":"2024-02-23T07:16:58","slug":"alaseljavalu","status":"publish","type":"page","link":"https:\/\/fysiokeskus.ee\/en\/alaseljavalu\/","title":{"rendered":"Alaseljavalu"},"content":{"rendered":"<p><strong>Alaseljavalu<\/strong> esineb alumise roide ja tuharavoldi vahelisel alal ning on levinud kaebus, mida kogeb oma eluaja jooksul 65-80% t\u00e4iskasvanutest. Umbes 37% noorukitest kogeb alaseljavalu v\u00e4hemalt kord kuus ning see on levinum t\u00fcdrukute seas. Enim m\u00f5jutatud on inimesed hilistes 20ndates ning 90ndates. Alaseljavalu esinemise t\u00f5en\u00e4osust suurendavad m\u00f5\u00f5dukalt n\u00e4iteks korduvat t\u00f5stmist n\u00f5udev f\u00fc\u00fcsiline t\u00f6\u00f6, suitsetamine, \u00fclekaal, stress, \u00e4revus ja depressioon. <strong>Valu v\u00f5ib l\u00e4htuda erinevatest anatoomilistest struktuuridest:<\/strong> n\u00e4rvijuured, lihased, fastsia ehk sidekoelisest v\u00f5rgustikust, luudest, liigestest, l\u00fclivaheketastest ja k\u00f5hu\u00f5\u00f5ne organitest.\u00a0<\/p>\n\n\n\n<p>Tihti on alaseljavaluga patsientide mureks diagnoosi p\u00fcstitamine, valuravi, pikaajalise leevenduse saamine, piisava kindlustunde tagamine ning emotsionaalne ja f\u00fc\u00fcsiline heaolu. M\u00f5jutatud on nende t\u00f6\u00f6elu, suhted l\u00e4hedastega, toimetulekumehhanismid ning suhtumine meditsiinipersonali, kelles kiputakse pettuma. Kuigi suur osa seljavalu all kannatajatest arsti juurde ei j\u00f5ua, on kaebus siiski m\u00e4rkimisv\u00e4\u00e4rselt kulukas nii tervishoius\u00fcsteemile kui inimesele endale. Kroonilise seljavalu t\u00f5ttu minnakse tihti enneaegselt pensionile.<\/p>\n\n\n\n<p><strong>Seljavalu liigid<\/strong><\/p>\n\n\n\n<p><strong>&nbsp;<\/strong>Levinumad seljavalu p\u00f5hjustajad on lihasspasmid v\u00f5i -pinge. Tavaliselt kirjeldatakse <strong>mittespetsiifilist alaseljavalu<\/strong>, mis t\u00e4hendab, et kindlat struktuurset p\u00f5hjust pole v\u00f5imalik leida.<\/p>\n\n\n\n<p>&nbsp;<strong>Spetsiifilise alaseljavalu<\/strong> alla kuuluvad n\u00e4iteks infektsioonid, verevarustusega seotud kaebused, l\u00fcli kompressioonmurd, kasvajad, spond\u00fcloartropaatiad ehk p\u00f5letikulised liigeshaigused,<em> cauda equina<\/em> s\u00fcndroom ehk diski sopistumine n\u00e4rvip\u00f5imiku alal, radikulaarne valu, radikulopaatia v\u00f5i spinaalstenoos.&nbsp;<\/p>\n\n\n\n<p><strong>&nbsp;Radikulaarne valu<\/strong> t\u00e4hendab seljaaju dorsaaljuure\/selle ganglioniga (n\u00e4rvirakkude kehade kogum) seotud kaebust, mis kiirgub alaseljast tuharasse v\u00f5i alaj\u00e4semesse. P\u00f5hjuseks v\u00f5ib olla diski eks l\u00fclivaheketta sopistumine ning seotud n\u00e4rvijuure piirkonnas tekkiv p\u00f5letik, mis v\u00f5ib p\u00f5hjustada tugevat elektril\u00f6\u00f6gi-laadset valu.<\/p>\n\n\n\n<p><strong>Radikulopaatia <\/strong>h\u00f5lmab endas ka neuroloogilisi s\u00fcmptomeid: nn sipelgate jooksmist ehk paresteesiad, tuimust, n\u00f5rkust ja reflekside v\u00e4henemist selle n\u00e4rvi innerveeritaval (m\u00f5ju-)alal.&nbsp;<\/p>\n\n\n\n<p>&nbsp;Tihti esinevad radikulaarne valu ja radikulopaatia k\u00e4sik\u00e4es, viimasega ei pruugi valu esineda ning radikulaarse valu puhul v\u00e4listatakse \u00fcldiselt neuroloogilised s\u00fcmptomid. Arst v\u00f5i f\u00fcsioterapeut hindab lihasj\u00f5udu, teeb neuroloogilisi teste ning v\u00f5tab arvesse patsiendi kaebuseid. Vajadusel, kuid kindlasti pole see alati vajalik, suunab arst patsiendi MRT-sse ehk magnetresonantstomograafiasse, kompuutertomograafiasse v\u00f5i r\u00f6ntgenisse.<\/p>\n\n\n\n<p><strong>&nbsp;Alaseljavalu jagatakse \u00fchtlasi akuutseks ehk \u00e4gedaks ja krooniliseks ehk pikaajaliseks. <\/strong>\u00c4gedat valu, mis kestab \u00fcldiselt alla kolme kuu, v\u00f5ivad p\u00f5hjustada f\u00fc\u00fcsilised (nt. ebamugav t\u00f5stmine), ps\u00fchhosotsiaalsed tegurid (nt. v\u00e4simus v\u00f5i kurnatus) v\u00f5i nende kooslus (nt. t\u00e4helepanu kadumine t\u00f5stes). Siiski ei suuda umbes kolmandik seljavaluga patsientides tuvastada selle p\u00f5hjustajat. Samas pole ilm, mida tihti inimesed tegurina m\u00e4rgiva, valu p\u00f5hjustaja ega ka selle s\u00fcvendaja. Suurem osa kaebustest saab alguse kodus ning p\u00e4eva esimeses pooles.<\/p>\n\n\n\n<p>&nbsp;Kroonilist valu liigitatakse enamasti \u00fcle kolme kuu kestma j\u00e4\u00e4nud kaebuseks. Kolm kuud on periood, mille jooksul peaks erinevate kudede vigastused paranenud olema. Mingil p\u00f5hjusel j\u00e4\u00e4b aga valu kestma. Tihti on selle p\u00f5hjuseks n\u00e4rvis\u00fcsteemi \u00fclitundlikkus ehk -\u00e4rrituvus. Lihtsalt \u00f6eldes on n\u00e4rvis\u00fcsteem muutunud liiga edukaks ohusignaalide edastamises, mida aju t\u00f5lgendab valuna. Suurt rolli m\u00e4ngivad inimese suhtumine valusse (nt. hirm, et see j\u00e4\u00e4b kestma), tema k\u00e4itumismustrid (liigutuste v\u00e4ltimine, t\u00f6\u00f6lt pikalt eemal olek), valu korduv muster ja meeleolu (k\u00f5rge stressitase, uni, depressioon). <strong>Krooniline valu on ravitav<\/strong>, kuid n\u00f5uab p\u00f5hjalikumat t\u00e4helepanu. Inimene peab olema abile vastuv\u00f5tlik ning p\u00f6\u00f6rama lisaks f\u00fcsioterapeutilisele l\u00e4henemisele t\u00e4helepanu \u00fcldisemalt oma heaolule ja valu v\u00e4ltivale k\u00e4itumisele. Abiks on multidistsiplinaarne meeskond: nt. arst, f\u00fcsioterapeut, vajadusel ps\u00fchholoog.&nbsp;<\/p>\n\n\n\n<p><strong>Kroonilist valu v\u00f5ivad \u00fchtlasi p\u00f5hjustada:<\/strong><\/p>\n\n\n\n<p><strong>Fassettliigeste s\u00fcndroom<\/strong> viitab kahe l\u00fcli vahel paiknevate liigeste kaebusele. Selle diagnoosimine on keerukas ning h\u00f5lmab p\u00f5hjalikku hindamist ning kinnitust piltdiagnostikalt. Patsiendil esineb alaseljavalu, mis v\u00f5ib, kuid ei pruugi kiirguda alaj\u00e4semetesse, j\u00e4\u00e4des samas p\u00f5lvest k\u00f5rgemale, eelk\u00f5ige kubemesse v\u00f5i reide. Puudub radikulaarne muster. Alaseljavalu on tugevam kui jalga kiirguv valu, v\u00f5imendub l\u00fclisammast sirutades, p\u00f6\u00f6rates v\u00f5i k\u00fcljepainutusi sooritades ning \u00fclesm\u00e4kke k\u00f5ndides. Tihti kaebavad patsiendid hommikust j\u00e4ikust. Tavaliselt haarab kaebus vanemaid inimesi, kel on varasem kogemus alaseljavaluga, nende k\u00f5nnak pole h\u00e4irunud ning ei esine lihasspasmi.<\/p>\n\n\n\n<p>&nbsp;<strong>Sakroiliakaal- ehk ristluu-niudeluu liiges<\/strong> tagab stabiilse, samas liikuva toestuse \u00fclakehale. Selle valu v\u00f5ib olla p\u00f5hjustatud sideme v\u00f5i liigeskapsliga seotud pingeseisundist, v\u00e4listest t\u00f5mbe- v\u00f5i libistamisj\u00f5ududest, h\u00fcper- v\u00f5i h\u00fcpomobiilsusest ehk vastavalt liigsest v\u00f5i v\u00e4hesest liigese liikuvusulatusest, muutunud liikumismustritest, p\u00f5hjustades potentsiaalselt p\u00f5letikku. Valu p\u00f5hjustajad v\u00f5ivad olla liigeskulumus, sidemete v\u00f5i muu pehmekoe (k\u00f5\u00f5lused, fastsia) vigastus. Patsient kaebab alaseljavalu, mis v\u00f5imendub istudes ja asendimuutustega.&nbsp;<\/p>\n\n\n\n<p>&nbsp;<strong>Spinaalstenoos ehk l\u00fclisambakanali ahenemine <\/strong>v\u00f5ib olla p\u00f5hjustatud n\u00e4iteks p\u00f5letikust, armkoe moodustumisest operatsioonij\u00e4rgselt, sidemete paksenemisest v\u00f5i l\u00fclikehade paksenemisest. Enamasti on kaebus degeneratiivne (manduv, taanduv) ning seotud vananemisprotsessidega l\u00fclisambas. Valu esineb keskseljas ning kaebused v\u00f5ivad olla radikulopaatsed (lihasj\u00f5u langus, paresteesiad jne). S\u00fcmptomeid v\u00f5ivad leevendada l\u00fclisamba ettepainutus, istumine v\u00f5i kummargil olemine, nn ostuk\u00e4ru s\u00fcmptom. Samas pikaajaline seismine ja l\u00fclisamba sirutus v\u00f5imendavad ebamugavustunnet. Diagnoosimisel kuulatakse patsiendi kaebusi, testitakse teda ning vajadusel suunatakse MRT-sse.&nbsp;<\/p>\n\n\n\n<p><strong>&nbsp;Diskogeenne ehk l\u00fclivaheketta degeneratsiooniga valu <\/strong>p\u00f5hjustab umbes 39% kroonilise seljavalu diagnoosidest. S\u00fcmptomid on mittespetsiifilised ning radikulaarse kiirgumiseta. Mureks on p\u00f5letiku p\u00fcsimine. MRT v\u00f5ib tuvastada l\u00fclivaheketta l\u00f5pp-plaadi muutused, nn Modic muutused.&nbsp;<\/p>\n\n\n\n<p><strong>Punased lipud<\/strong><\/p>\n\n\n\n<p>&nbsp;Arsti v\u00f5i eraettev\u00f5ttes t\u00f6\u00f6tava f\u00fcsioterapeudi juurde j\u00f5udes p\u00fc\u00fctakse v\u00e4listada esialgu punased lipud, mis v\u00f5ivad viidata suuremale kaebusele.&nbsp;<\/p>\n\n\n\n<ul class=\"wp-block-list\">\n<li>vanus alla 18 v\u00f5i \u00fcle 50 aasta;<\/li>\n\n\n\n<li>\u00f6ine valu v\u00f5i higistamine;<\/li>\n\n\n\n<li>seletamatu kiire kaalukaotus;<\/li>\n\n\n\n<li>seletamatu palavik;<\/li>\n\n\n\n<li>eelnev v\u00e4hidiagnoos;<\/li>\n\n\n\n<li>valu, mida valuvaigistid ei leevenda;<\/li>\n\n\n\n<li>hiljutine trauma v\u00f5i operatsioon;<\/li>\n\n\n\n<li>tundlikkuse h\u00e4ired nn sadulapiirkonnas ja\/v\u00f5i p\u00f5ie tegevuse kontrolli oluline langus jne.<\/li>\n<\/ul>\n\n\n\n<p>&nbsp;See, et punane lipp esineb, et t\u00e4henda kohe kinnitust spetsiifilisele valule, kuid kahtluse v\u00e4listamiseks suunatakse patsient edasi pere- v\u00f5i eriarsti juurde uuringutele.<\/p>\n\n\n\n<p><strong>Seljavalu k\u00e4sitlus<\/strong><\/p>\n\n\n\n<p>&nbsp;Lisaks p\u00f5hjalikule eelhindamisele testitakse patsienti ning suunatakse vajadusel uuringutele. <strong>Oluline on teada, et piltdiagnostika pole alati vajalik,<\/strong> kui n\u00e4iteks punased lipud on v\u00e4listatud. \u00dchtlasi p\u00fc\u00fctakse liigset kiiritust ning ravij\u00e4rjekordade pikendamist v\u00e4ltida. Piltdiagnostika v\u00f5ib patsiendis hoopis hirmu ja ebakindlust oma seisundi osas s\u00fcvendada. Tegelikkuses on ka as\u00fcmptomaatilistel ehk valukaebuseta inimestel tihti piltdiagnostikal erisugused muutused. See t\u00e4hendab, et pildil n\u00e4htu ei v\u00f5rdu alati kaebustega. Diagnoos kinnitatakse, kui patsiendi kaebused ja piltdiagnostika \u00fchtivad. Tavaline on m\u00e4rgata piltdiagnostika kirjelduses \u201cdegeneratiivseid muutusi\u201d, mis on tegelikult loomulik n\u00e4htus. Vanusega l\u00fclivaheketaste vedelikusisaldus langeb ning paratamatult nende suurus kahaneb &#8211; see aga ei kinnita p\u00f5hjust valuks ning esineb samuti paljudel as\u00fcmptomaatilistel testitavatel. Isegi diski prolapsid, mis piltdiagnostikal kajastuda v\u00f5ivad, ei pruugi \u00fcldse kaebusi tekitada. <strong>Lisaks j\u00e4\u00e4b seljavalu k\u00e4sitlus <\/strong>(ravimid, f\u00fcsioterapeutilised v\u00f5tted) <strong>tihti samaks, olenemata piltdiagnostika tulemustest.<\/strong><\/p>\n\n\n\n<p><strong>&nbsp;Raviv\u00f5imalused ja ennetus<\/strong><\/p>\n\n\n\n<p>&nbsp;<strong>Ravi on individuaalne, olenevalt inimese kaebustest ja valu kestvusest.<\/strong> Oluline on tugevat valu vaigistada, et v\u00e4hendada selle pikemaks kestma j\u00e4\u00e4mise t\u00f5en\u00e4osust. Samas on valuvaigistid l\u00fchiajaline lahendus. <strong>F\u00fcsioteraapia eesm\u00e4rk on parandada patsiendi igap\u00e4evaelu ja valuga toimetulekut.<\/strong> Harjutuskava on inimese eesm\u00e4rkide t\u00e4itmisele ja liikumisega seotud puuduj\u00e4\u00e4kide leevendamisele. Massaa\u017e, TENS (transakuutne-elektrostimulatsioon), traktsioon, k\u00fclma- ja kuumaravi ja seljatoestused on meetodid l\u00fchiajaliseks valu leevendamiseks. T\u00e4htis on leida sobiv kehalise aktiivsuse liik, mis v\u00e4ldis passiivsusega seonduvaid kaebusi, v\u00e4hendaks valu pikemaks p\u00fcsima j\u00e4\u00e4mise t\u00f5en\u00e4osust ning oleks abiks valu leevendamisel.<\/p>\n\n\n\n<p>&nbsp;Abiks v\u00f5ib olla m\u00f5\u00f5dukalt k\u00f5val madratsil magamine, parandamaks \u00f6\u00f6und, mis on oluline kiiremaks taastumiseks. Samas on oluline \u00e4geda valuga pikaajalist voodire\u017eiimi v\u00e4ltida, piirduda vajadusel paari p\u00e4evaga. <strong>Mida kiiremini inimene igap\u00e4evaste tegevuste juurde<\/strong> (vajadusel kohandustega)<strong> naaseb, seda parem on \u00e4geda seljavalu taandumise prognoos.<\/strong><\/p>\n\n\n\n<p><strong>&nbsp;<\/strong>Sobiva f\u00fc\u00fcsilise aktiivsuse leidmisel ja valuga seonduvate k\u00fcsimuste puhul saab abiks olla f\u00fcsioterapeut. Terapeudi roll pole vaid harjutuste juhendamine, vaid tagada naasmine igap\u00e4evaste tegevuste juurde, suurendada patsiendi enesekindlust ja v\u00e4hendada hirmu liikumise ees. Teraapia on individuaalne, v\u00f5ttes arvesse inimese elustiili, hoiakuid, igap\u00e4evat\u00f6\u00f6d ja eesm\u00e4rke.&nbsp;<\/p>\n\n\n\n<p><strong>Kasutatud kirjandus<\/strong><\/p>\n\n\n\n<ol class=\"wp-block-list\">\n<li>Allegri M, Montella S, Salici F, et al. Mechanisms of low back pain: a guide for diagnosis and therapy. F1000Res. 2016;5:F1000 Faculty Rev-1530. Published 2016 Jun 28.<\/li>\n\n\n\n<li>DePalma, Michael G. MHS, PA-C, DFAAPA. Red flags of low back pain. Journal of the American Academy of Physician Assistants 33(8):p 8-11, August 2020. |<\/li>\n\n\n\n<li>Maher C, Underwood M, Buchbinder R. Non-specific low back pain. Lancet. 2017;389(10070):736-747.<\/li>\n\n\n\n<li>Urits I, Burshtein A, Sharma M, et al. Low Back Pain, a Comprehensive Review: Pathophysiology, Diagnosis, and Treatment. Curr Pain Headache Rep. 2019;23(3):23. Published 2019<\/li>\n<\/ol>","protected":false},"excerpt":{"rendered":"<p>Alaseljavalu esineb alumise roide ja tuharavoldi vahelisel alal ning on levinud kaebus, mida kogeb oma eluaja jooksul 65-80% t\u00e4iskasvanutest. Umbes 37% noorukitest kogeb alaseljavalu v\u00e4hemalt kord kuus ning see on levinum t\u00fcdrukute seas. Enim m\u00f5jutatud on inimesed hilistes 20ndates ning 90ndates. Alaseljavalu esinemise t\u00f5en\u00e4osust suurendavad m\u00f5\u00f5dukalt n\u00e4iteks korduvat t\u00f5stmist n\u00f5udev f\u00fc\u00fcsiline t\u00f6\u00f6, suitsetamine, \u00fclekaal, stress, [&hellip;]<\/p>\n","protected":false},"author":2,"featured_media":0,"parent":0,"menu_order":0,"comment_status":"closed","ping_status":"closed","template":"","meta":{"_monsterinsights_skip_tracking":false,"_monsterinsights_sitenote_active":false,"_monsterinsights_sitenote_note":"","_monsterinsights_sitenote_category":0,"footnotes":""},"class_list":["post-2452","page","type-page","status-publish","hentry"],"yoast_head":"<!-- This site is optimized with the Yoast SEO plugin v27.3 - https:\/\/yoast.com\/product\/yoast-seo-wordpress\/ -->\n<title>Alaseljavalu - FYSIOKESKUS<\/title>\n<meta name=\"robots\" content=\"index, follow, max-snippet:-1, max-image-preview:large, max-video-preview:-1\" \/>\n<link rel=\"canonical\" href=\"https:\/\/fysiokeskus.ee\/en\/alaseljavalu\/\" \/>\n<meta property=\"og:locale\" content=\"en_US\" \/>\n<meta property=\"og:type\" content=\"article\" \/>\n<meta property=\"og:title\" content=\"Alaseljavalu - FYSIOKESKUS\" \/>\n<meta property=\"og:description\" content=\"Alaseljavalu esineb alumise roide ja tuharavoldi vahelisel alal ning on levinud kaebus, mida kogeb oma eluaja jooksul 65-80% t\u00e4iskasvanutest. Umbes 37% noorukitest kogeb alaseljavalu v\u00e4hemalt kord kuus ning see on levinum t\u00fcdrukute seas. Enim m\u00f5jutatud on inimesed hilistes 20ndates ning 90ndates. Alaseljavalu esinemise t\u00f5en\u00e4osust suurendavad m\u00f5\u00f5dukalt n\u00e4iteks korduvat t\u00f5stmist n\u00f5udev f\u00fc\u00fcsiline t\u00f6\u00f6, suitsetamine, \u00fclekaal, stress, [&hellip;]\" \/>\n<meta property=\"og:url\" content=\"https:\/\/fysiokeskus.ee\/en\/alaseljavalu\/\" \/>\n<meta property=\"og:site_name\" content=\"FYSIOKESKUS\" \/>\n<meta property=\"article:publisher\" content=\"https:\/\/www.facebook.com\/Fysiokeskus.ee\" \/>\n<meta property=\"article:modified_time\" content=\"2024-02-23T07:16:58+00:00\" \/>\n<meta name=\"twitter:card\" content=\"summary_large_image\" \/>\n<meta name=\"twitter:label1\" content=\"Est. reading time\" \/>\n\t<meta name=\"twitter:data1\" content=\"7 minutes\" \/>\n<script type=\"application\/ld+json\" class=\"yoast-schema-graph\">{\"@context\":\"https:\\\/\\\/schema.org\",\"@graph\":[{\"@type\":\"WebPage\",\"@id\":\"https:\\\/\\\/fysiokeskus.ee\\\/alaseljavalu\\\/\",\"url\":\"https:\\\/\\\/fysiokeskus.ee\\\/alaseljavalu\\\/\",\"name\":\"Alaseljavalu - FYSIOKESKUS\",\"isPartOf\":{\"@id\":\"https:\\\/\\\/fysiokeskus.ee\\\/#website\"},\"datePublished\":\"2024-02-23T07:16:56+00:00\",\"dateModified\":\"2024-02-23T07:16:58+00:00\",\"inLanguage\":\"en-US\",\"potentialAction\":[{\"@type\":\"ReadAction\",\"target\":[\"https:\\\/\\\/fysiokeskus.ee\\\/alaseljavalu\\\/\"]}]},{\"@type\":\"WebSite\",\"@id\":\"https:\\\/\\\/fysiokeskus.ee\\\/#website\",\"url\":\"https:\\\/\\\/fysiokeskus.ee\\\/\",\"name\":\"FYSIOKESKUS\",\"description\":\"F\u00fcsioteraapia ja massaa\u017e\",\"publisher\":{\"@id\":\"https:\\\/\\\/fysiokeskus.ee\\\/#organization\"},\"potentialAction\":[{\"@type\":\"SearchAction\",\"target\":{\"@type\":\"EntryPoint\",\"urlTemplate\":\"https:\\\/\\\/fysiokeskus.ee\\\/?s={search_term_string}\"},\"query-input\":{\"@type\":\"PropertyValueSpecification\",\"valueRequired\":true,\"valueName\":\"search_term_string\"}}],\"inLanguage\":\"en-US\"},{\"@type\":\"Organization\",\"@id\":\"https:\\\/\\\/fysiokeskus.ee\\\/#organization\",\"name\":\"FYSIOKESKUS\",\"url\":\"https:\\\/\\\/fysiokeskus.ee\\\/\",\"logo\":{\"@type\":\"ImageObject\",\"inLanguage\":\"en-US\",\"@id\":\"https:\\\/\\\/fysiokeskus.ee\\\/#\\\/schema\\\/logo\\\/image\\\/\",\"url\":\"https:\\\/\\\/fysiokeskus.ee\\\/wp-content\\\/uploads\\\/2022\\\/10\\\/FK1.png\",\"contentUrl\":\"https:\\\/\\\/fysiokeskus.ee\\\/wp-content\\\/uploads\\\/2022\\\/10\\\/FK1.png\",\"width\":885,\"height\":387,\"caption\":\"FYSIOKESKUS\"},\"image\":{\"@id\":\"https:\\\/\\\/fysiokeskus.ee\\\/#\\\/schema\\\/logo\\\/image\\\/\"},\"sameAs\":[\"https:\\\/\\\/www.facebook.com\\\/Fysiokeskus.ee\"]}]}<\/script>\n<!-- \/ Yoast SEO plugin. -->","yoast_head_json":{"title":"Alaseljavalu - FYSIOKESKUS","robots":{"index":"index","follow":"follow","max-snippet":"max-snippet:-1","max-image-preview":"max-image-preview:large","max-video-preview":"max-video-preview:-1"},"canonical":"https:\/\/fysiokeskus.ee\/en\/alaseljavalu\/","og_locale":"en_US","og_type":"article","og_title":"Alaseljavalu - FYSIOKESKUS","og_description":"Alaseljavalu esineb alumise roide ja tuharavoldi vahelisel alal ning on levinud kaebus, mida kogeb oma eluaja jooksul 65-80% t\u00e4iskasvanutest. Umbes 37% noorukitest kogeb alaseljavalu v\u00e4hemalt kord kuus ning see on levinum t\u00fcdrukute seas. Enim m\u00f5jutatud on inimesed hilistes 20ndates ning 90ndates. Alaseljavalu esinemise t\u00f5en\u00e4osust suurendavad m\u00f5\u00f5dukalt n\u00e4iteks korduvat t\u00f5stmist n\u00f5udev f\u00fc\u00fcsiline t\u00f6\u00f6, suitsetamine, \u00fclekaal, stress, [&hellip;]","og_url":"https:\/\/fysiokeskus.ee\/en\/alaseljavalu\/","og_site_name":"FYSIOKESKUS","article_publisher":"https:\/\/www.facebook.com\/Fysiokeskus.ee","article_modified_time":"2024-02-23T07:16:58+00:00","twitter_card":"summary_large_image","twitter_misc":{"Est. reading time":"7 minutes"},"schema":{"@context":"https:\/\/schema.org","@graph":[{"@type":"WebPage","@id":"https:\/\/fysiokeskus.ee\/alaseljavalu\/","url":"https:\/\/fysiokeskus.ee\/alaseljavalu\/","name":"Alaseljavalu - FYSIOKESKUS","isPartOf":{"@id":"https:\/\/fysiokeskus.ee\/#website"},"datePublished":"2024-02-23T07:16:56+00:00","dateModified":"2024-02-23T07:16:58+00:00","inLanguage":"en-US","potentialAction":[{"@type":"ReadAction","target":["https:\/\/fysiokeskus.ee\/alaseljavalu\/"]}]},{"@type":"WebSite","@id":"https:\/\/fysiokeskus.ee\/#website","url":"https:\/\/fysiokeskus.ee\/","name":"FYSIOKESKUS","description":"F\u00fcsioteraapia ja massaa\u017e","publisher":{"@id":"https:\/\/fysiokeskus.ee\/#organization"},"potentialAction":[{"@type":"SearchAction","target":{"@type":"EntryPoint","urlTemplate":"https:\/\/fysiokeskus.ee\/?s={search_term_string}"},"query-input":{"@type":"PropertyValueSpecification","valueRequired":true,"valueName":"search_term_string"}}],"inLanguage":"en-US"},{"@type":"Organization","@id":"https:\/\/fysiokeskus.ee\/#organization","name":"FYSIOKESKUS","url":"https:\/\/fysiokeskus.ee\/","logo":{"@type":"ImageObject","inLanguage":"en-US","@id":"https:\/\/fysiokeskus.ee\/#\/schema\/logo\/image\/","url":"https:\/\/fysiokeskus.ee\/wp-content\/uploads\/2022\/10\/FK1.png","contentUrl":"https:\/\/fysiokeskus.ee\/wp-content\/uploads\/2022\/10\/FK1.png","width":885,"height":387,"caption":"FYSIOKESKUS"},"image":{"@id":"https:\/\/fysiokeskus.ee\/#\/schema\/logo\/image\/"},"sameAs":["https:\/\/www.facebook.com\/Fysiokeskus.ee"]}]}},"jetpack_sharing_enabled":true,"_links":{"self":[{"href":"https:\/\/fysiokeskus.ee\/en\/wp-json\/wp\/v2\/pages\/2452","targetHints":{"allow":["GET"]}}],"collection":[{"href":"https:\/\/fysiokeskus.ee\/en\/wp-json\/wp\/v2\/pages"}],"about":[{"href":"https:\/\/fysiokeskus.ee\/en\/wp-json\/wp\/v2\/types\/page"}],"author":[{"embeddable":true,"href":"https:\/\/fysiokeskus.ee\/en\/wp-json\/wp\/v2\/users\/2"}],"replies":[{"embeddable":true,"href":"https:\/\/fysiokeskus.ee\/en\/wp-json\/wp\/v2\/comments?post=2452"}],"version-history":[{"count":1,"href":"https:\/\/fysiokeskus.ee\/en\/wp-json\/wp\/v2\/pages\/2452\/revisions"}],"predecessor-version":[{"id":2454,"href":"https:\/\/fysiokeskus.ee\/en\/wp-json\/wp\/v2\/pages\/2452\/revisions\/2454"}],"wp:attachment":[{"href":"https:\/\/fysiokeskus.ee\/en\/wp-json\/wp\/v2\/media?parent=2452"}],"curies":[{"name":"wp","href":"https:\/\/api.w.org\/{rel}","templated":true}]}}