{"id":234,"date":"2014-04-29T19:51:19","date_gmt":"2014-04-29T16:51:19","guid":{"rendered":"http:\/\/fysiokeskus.ee\/?page_id=234"},"modified":"2026-04-01T10:52:10","modified_gmt":"2026-04-01T07:52:10","slug":"broneeri-teraapiaaeg","status":"publish","type":"page","link":"https:\/\/fysiokeskus.ee\/en\/teenused\/broneeri-teraapiaaeg\/","title":{"rendered":"Book an appointment"},"content":{"rendered":"<div data-elementor-type=\"wp-page\" data-elementor-id=\"234\" class=\"elementor elementor-234\" data-elementor-post-type=\"page\">\n\t\t\t\t\t\t<section class=\"elementor-section elementor-top-section elementor-element elementor-element-6d3aeb8 elementor-section-boxed elementor-section-height-default elementor-section-height-default\" data-id=\"6d3aeb8\" data-element_type=\"section\" data-e-type=\"section\">\n\t\t\t\t\t\t<div class=\"elementor-container elementor-column-gap-default\">\n\t\t\t\t\t<div class=\"elementor-column elementor-col-100 elementor-top-column elementor-element elementor-element-be8b4f8\" data-id=\"be8b4f8\" data-element_type=\"column\" data-e-type=\"column\">\n\t\t\t<div class=\"elementor-widget-wrap elementor-element-populated\">\n\t\t\t\t\t\t<div class=\"elementor-element elementor-element-6c79dbc elementor-widget elementor-widget-heading\" data-id=\"6c79dbc\" data-element_type=\"widget\" data-e-type=\"widget\" data-widget_type=\"heading.default\">\n\t\t\t\t<div class=\"elementor-widget-container\">\n\t\t\t\t\t<h2 class=\"elementor-heading-title elementor-size-default\">Broneeri saatekirjaga teenus siin:<\/h2>\t\t\t\t<\/div>\n\t\t\t\t<\/div>\n\t\t\t\t<div class=\"elementor-element elementor-element-75829e7 elementor-align-center e-transform elementor-invisible elementor-widget elementor-widget-button\" data-id=\"75829e7\" data-element_type=\"widget\" data-e-type=\"widget\" data-settings=\"{&quot;_animation&quot;:&quot;fadeInUp&quot;,&quot;_transform_scale_effect&quot;:{&quot;unit&quot;:&quot;px&quot;,&quot;size&quot;:1.5,&quot;sizes&quot;:[]},&quot;_transform_scale_effect_tablet&quot;:{&quot;unit&quot;:&quot;px&quot;,&quot;size&quot;:&quot;&quot;,&quot;sizes&quot;:[]},&quot;_transform_scale_effect_mobile&quot;:{&quot;unit&quot;:&quot;px&quot;,&quot;size&quot;:&quot;&quot;,&quot;sizes&quot;:[]}}\" data-widget_type=\"button.default\">\n\t\t\t\t<div class=\"elementor-widget-container\">\n\t\t\t\t\t\t\t\t\t<div class=\"elementor-button-wrapper\">\n\t\t\t\t\t<a class=\"elementor-button elementor-button-link elementor-size-sm elementor-animation-float\" href=\"https:\/\/veebiregistratuur.ee\/314\/\">\n\t\t\t\t\t\t<span class=\"elementor-button-content-wrapper\">\n\t\t\t\t\t\t\t\t\t<span class=\"elementor-button-text\">BRONEERI AEG (Ujula 4 v\u00f5i Riia 142 \/ Spektri 6)<\/span>\n\t\t\t\t\t<\/span>\n\t\t\t\t\t<\/a>\n\t\t\t\t<\/div>\n\t\t\t\t\t\t\t\t<\/div>\n\t\t\t\t<\/div>\n\t\t\t\t\t<\/div>\n\t\t<\/div>\n\t\t\t\t\t<\/div>\n\t\t<\/section>\n\t\t\t\t<section class=\"elementor-section elementor-top-section elementor-element elementor-element-28e992a elementor-section-boxed elementor-section-height-default elementor-section-height-default\" data-id=\"28e992a\" data-element_type=\"section\" data-e-type=\"section\">\n\t\t\t\t\t\t<div class=\"elementor-container elementor-column-gap-default\">\n\t\t\t\t\t<div class=\"elementor-column elementor-col-100 elementor-top-column elementor-element elementor-element-8dad93f\" data-id=\"8dad93f\" data-element_type=\"column\" data-e-type=\"column\">\n\t\t\t<div class=\"elementor-widget-wrap elementor-element-populated\">\n\t\t\t\t\t\t<div class=\"elementor-element elementor-element-b7d57f4 elementor-widget elementor-widget-text-editor\" data-id=\"b7d57f4\" data-element_type=\"widget\" data-e-type=\"widget\" data-widget_type=\"text-editor.default\">\n\t\t\t\t<div class=\"elementor-widget-container\">\n\t\t\t\t\t\t\t\t\t<h5 style=\"text-align: center;\"><strong>Kui Te soovite <span style=\"text-decoration: underline;\">tasulist teenust<\/span> (nt massaa\u017ei) ja Teil ei ole saatekirja v\u00f5i kui Teil ei \u00f5nnestu veebiregistratuuri kaudu broneerimine<span style=\"color: #000000;\">,<\/span> siis t\u00e4itke allj\u00e4rgnev vorm ja me v\u00f5tame Teiega esimesel v\u00f5imalusel \u00fchendust!<\/strong><\/h5>\t\t\t\t\t\t\t\t<\/div>\n\t\t\t\t<\/div>\n\t\t\t\t\t<\/div>\n\t\t<\/div>\n\t\t\t\t\t<\/div>\n\t\t<\/section>\n\t\t\t\t<section class=\"elementor-section elementor-top-section elementor-element elementor-element-39ba05e elementor-section-boxed elementor-section-height-default elementor-section-height-default\" data-id=\"39ba05e\" data-element_type=\"section\" data-e-type=\"section\">\n\t\t\t\t\t\t<div class=\"elementor-container elementor-column-gap-default\">\n\t\t\t\t\t<div class=\"elementor-column elementor-col-100 elementor-top-column elementor-element elementor-element-8dc2225\" data-id=\"8dc2225\" data-element_type=\"column\" data-e-type=\"column\">\n\t\t\t<div class=\"elementor-widget-wrap elementor-element-populated\">\n\t\t\t\t\t\t<div class=\"elementor-element elementor-element-f503214 elementor-widget elementor-widget-text-editor\" data-id=\"f503214\" data-element_type=\"widget\" data-e-type=\"widget\" data-widget_type=\"text-editor.default\">\n\t\t\t\t<div class=\"elementor-widget-container\">\n\t\t\t\t\t\t\t\t\t<p style=\"text-align: center;\"><span style=\"color: #000000;\">Meie t\u00f6\u00f6tajad v\u00f5tavad patsiente vastu j\u00e4rgmistel n\u00e4dalap\u00e4evadel vastavates asukohtades:<\/span><\/p>\t\t\t\t\t\t\t\t<\/div>\n\t\t\t\t<\/div>\n\t\t\t\t<div class=\"elementor-element elementor-element-75cf1c7 elementor-widget elementor-widget-image\" data-id=\"75cf1c7\" data-element_type=\"widget\" data-e-type=\"widget\" data-widget_type=\"image.default\">\n\t\t\t\t<div class=\"elementor-widget-container\">\n\t\t\t\t\t\t\t\t\t\t\t\t\t\t\t<img fetchpriority=\"high\" decoding=\"async\" width=\"523\" height=\"112\" src=\"https:\/\/fysiokeskus.ee\/wp-content\/uploads\/2026\/04\/a5f84a74-a0a1-44e8-9d46-1ba97db245a0.jpg\" class=\"attachment-large size-large wp-image-3253\" alt=\"\" srcset=\"https:\/\/fysiokeskus.ee\/wp-content\/uploads\/2026\/04\/a5f84a74-a0a1-44e8-9d46-1ba97db245a0.jpg 523w, https:\/\/fysiokeskus.ee\/wp-content\/uploads\/2026\/04\/a5f84a74-a0a1-44e8-9d46-1ba97db245a0-300x64.jpg 300w, https:\/\/fysiokeskus.ee\/wp-content\/uploads\/2026\/04\/a5f84a74-a0a1-44e8-9d46-1ba97db245a0-18x4.jpg 18w\" sizes=\"(max-width: 523px) 100vw, 523px\" \/>\t\t\t\t\t\t\t\t\t\t\t\t\t\t\t<\/div>\n\t\t\t\t<\/div>\n\t\t\t\t\t<\/div>\n\t\t<\/div>\n\t\t\t\t\t<\/div>\n\t\t<\/section>\n\t\t\t\t<section class=\"elementor-section elementor-top-section elementor-element elementor-element-aee8052 elementor-section-boxed elementor-section-height-default elementor-section-height-default\" data-id=\"aee8052\" data-element_type=\"section\" data-e-type=\"section\">\n\t\t\t\t\t\t<div class=\"elementor-container elementor-column-gap-default\">\n\t\t\t\t\t<div class=\"elementor-column elementor-col-100 elementor-top-column elementor-element elementor-element-e740f11\" data-id=\"e740f11\" data-element_type=\"column\" data-e-type=\"column\">\n\t\t\t<div class=\"elementor-widget-wrap elementor-element-populated\">\n\t\t\t\t\t\t<div class=\"elementor-element elementor-element-91e519a elementor-widget elementor-widget-qi_addons_for_elementor_contact_form_7\" data-id=\"91e519a\" data-element_type=\"widget\" data-e-type=\"widget\" data-widget_type=\"qi_addons_for_elementor_contact_form_7.default\">\n\t\t\t\t<div class=\"elementor-widget-container\">\n\t\t\t\t\t<div class=\"qodef-shortcode qodef-m qodef-qi-contact-form-7\">\n\t\n<div class=\"wpcf7 no-js\" id=\"wpcf7-f1194-o1\" lang=\"et\" dir=\"ltr\" data-wpcf7-id=\"1194\">\n<div class=\"screen-reader-response\"><p role=\"status\" aria-live=\"polite\" aria-atomic=\"true\"><\/p> <ul><\/ul><\/div>\n<form action=\"\/en\/wp-json\/wp\/v2\/pages\/234#wpcf7-f1194-o1\" method=\"post\" class=\"wpcf7-form init\" aria-label=\"Contact form\" novalidate=\"novalidate\" data-status=\"init\" data-trp-original-action=\"\/en\/wp-json\/wp\/v2\/pages\/234#wpcf7-f1194-o1\">\n<fieldset class=\"hidden-fields-container\"><input type=\"hidden\" name=\"_wpcf7\" value=\"1194\" \/><input type=\"hidden\" name=\"_wpcf7_version\" value=\"6.1.5\" \/><input type=\"hidden\" name=\"_wpcf7_locale\" value=\"et\" \/><input type=\"hidden\" name=\"_wpcf7_unit_tag\" value=\"wpcf7-f1194-o1\" \/><input type=\"hidden\" name=\"_wpcf7_container_post\" value=\"0\" \/><input type=\"hidden\" name=\"_wpcf7_posted_data_hash\" value=\"\" \/>\n<\/fieldset>\n<div id=\"kvorm\">\n<table><tr><td><p>Name<br \/>\n    <span class=\"wpcf7-form-control-wrap\" data-name=\"your-name\"><input size=\"40\" maxlength=\"400\" class=\"wpcf7-form-control wpcf7-text wpcf7-validates-as-required\" aria-required=\"true\" aria-invalid=\"false\" value=\"\" type=\"text\" name=\"your-name\" \/><\/span> <\/p>\n<p>Email<br \/>\n    <span class=\"wpcf7-form-control-wrap\" data-name=\"your-email\"><input size=\"40\" maxlength=\"400\" class=\"wpcf7-form-control wpcf7-email wpcf7-validates-as-required wpcf7-text wpcf7-validates-as-email\" aria-required=\"true\" aria-invalid=\"false\" value=\"\" type=\"email\" name=\"your-email\" \/><\/span> <\/p>\n<p>Your phone<br \/>\n    <span class=\"wpcf7-form-control-wrap\" data-name=\"your-tel\"><input size=\"40\" maxlength=\"400\" class=\"wpcf7-form-control wpcf7-tel wpcf7-validates-as-required wpcf7-text wpcf7-validates-as-tel\" aria-required=\"true\" aria-invalid=\"false\" value=\"\" type=\"tel\" name=\"your-tel\" \/><\/span><\/p>\n\n<p>I want service at the location<br \/>\n<span class=\"wpcf7-form-control-wrap\" data-name=\"Asukoht\"><select class=\"wpcf7-form-control wpcf7-select wpcf7-validates-as-required\" aria-required=\"true\" aria-invalid=\"false\" name=\"Asukoht\"><option value=\"Ujula 4\">Ujula 4<\/option><option value=\"Spektri 6\">Spektri 6<\/option><option value=\"sobivad m\u00f5lemad asukohad\">sobivad m\u00f5lemad asukohad<\/option><\/select><\/span><\/p>\n\n<p>Kas on olemas perearsti saatekiri?<br \/>\n<span class=\"wpcf7-form-control-wrap\" data-name=\"Saatekiri\"><select class=\"wpcf7-form-control wpcf7-select wpcf7-validates-as-required\" aria-required=\"true\" aria-invalid=\"false\" name=\"Saatekiri\"><option value=\"Ei\">Ei<\/option><option value=\"Jah\">Jah<\/option><\/select><\/span><\/p>\n\n<p><input class=\"wpcf7-form-control wpcf7-submit has-spinner\" type=\"submit\" value=\"Send\" \/><\/p>\n\n<p><i>All fields are mandatory<\/i><\/p>\n<\/td><td width=\"10px\"><\/td><td><p>Message (brief description of the problem)<br \/>\n    <span class=\"wpcf7-form-control-wrap\" data-name=\"your-message\"><textarea cols=\"40\" rows=\"10\" maxlength=\"2000\" class=\"wpcf7-form-control wpcf7-textarea\" aria-invalid=\"false\" name=\"your-message\"><\/textarea><\/span> <\/p>\n\n<\/td><\/tr><\/table>\n<\/div><div class=\"wpcf7-response-output\" aria-hidden=\"true\"><\/div>\n<input type=\"hidden\" name=\"trp-form-language\" value=\"en\"\/><\/form>\n<\/div>\n<\/div>\n\t\t\t\t<\/div>\n\t\t\t\t<\/div>\n\t\t\t\t\t<\/div>\n\t\t<\/div>\n\t\t\t\t\t<\/div>\n\t\t<\/section>\n\t\t\t\t<section class=\"elementor-section elementor-top-section elementor-element elementor-element-b2675d3 elementor-section-boxed elementor-section-height-default elementor-section-height-default\" data-id=\"b2675d3\" data-element_type=\"section\" data-e-type=\"section\">\n\t\t\t\t\t\t<div class=\"elementor-container elementor-column-gap-default\">\n\t\t\t\t\t<div class=\"elementor-column elementor-col-100 elementor-top-column elementor-element elementor-element-dba40f3\" data-id=\"dba40f3\" data-element_type=\"column\" data-e-type=\"column\">\n\t\t\t<div class=\"elementor-widget-wrap\">\n\t\t\t\t\t\t\t<\/div>\n\t\t<\/div>\n\t\t\t\t\t<\/div>\n\t\t<\/section>\n\t\t\t\t<\/div>","protected":false},"excerpt":{"rendered":"<p>Broneeri saatekirjaga teenus siin: BRONEERI AEG (Ujula 4 v\u00f5i Riia 142 \/ Spektri 6) Kui Te soovite tasulist teenust (nt massaa\u017ei) ja Teil ei ole saatekirja v\u00f5i kui Teil ei \u00f5nnestu veebiregistratuuri kaudu broneerimine, siis t\u00e4itke allj\u00e4rgnev vorm ja me v\u00f5tame Teiega esimesel v\u00f5imalusel \u00fchendust! Meie t\u00f6\u00f6tajad v\u00f5tavad patsiente vastu j\u00e4rgmistel n\u00e4dalap\u00e4evadel vastavates asukohtades: Nimi [&hellip;]<\/p>\n","protected":false},"author":1,"featured_media":0,"parent":564,"menu_order":0,"comment_status":"closed","ping_status":"open","template":"","meta":{"_monsterinsights_skip_tracking":false,"_monsterinsights_sitenote_active":false,"_monsterinsights_sitenote_note":"","_monsterinsights_sitenote_category":0,"footnotes":""},"class_list":["post-234","page","type-page","status-publish","hentry"],"yoast_head":"<!-- This site is optimized with the Yoast SEO plugin v27.3 - https:\/\/yoast.com\/product\/yoast-seo-wordpress\/ -->\n<title>Broneeri teraapiaaeg - FYSIOKESKUS<\/title>\n<meta name=\"description\" content=\"Pakume massaa\u017ei ja f\u00fcsioteraapia teenust. Tegutseme Tartus: Ujula 4 ruumis 2053 ja R\u00e4nilinna Perearstikeskuse ruumides 1. korrusel Riia 142.\" \/>\n<meta name=\"robots\" content=\"index, follow, max-snippet:-1, max-image-preview:large, max-video-preview:-1\" \/>\n<link rel=\"canonical\" href=\"https:\/\/fysiokeskus.ee\/en\/teenused\/broneeri-teraapiaaeg\/\" \/>\n<meta property=\"og:locale\" content=\"en_US\" \/>\n<meta property=\"og:type\" content=\"article\" \/>\n<meta property=\"og:title\" content=\"Broneeri teraapiaaeg - FYSIOKESKUS\" \/>\n<meta property=\"og:description\" content=\"Pakume massaa\u017ei ja f\u00fcsioteraapia teenust. Tegutseme Tartus: Ujula 4 ruumis 2053 ja R\u00e4nilinna Perearstikeskuse ruumides 1. korrusel Riia 142.\" \/>\n<meta property=\"og:url\" content=\"https:\/\/fysiokeskus.ee\/en\/teenused\/broneeri-teraapiaaeg\/\" \/>\n<meta property=\"og:site_name\" content=\"FYSIOKESKUS\" \/>\n<meta property=\"article:publisher\" content=\"https:\/\/www.facebook.com\/Fysiokeskus.ee\" \/>\n<meta property=\"article:modified_time\" content=\"2026-04-01T07:52:10+00:00\" \/>\n<meta property=\"og:image\" content=\"https:\/\/fysiokeskus.ee\/wp-content\/uploads\/2026\/04\/a5f84a74-a0a1-44e8-9d46-1ba97db245a0.jpg\" \/>\n\t<meta property=\"og:image:width\" content=\"523\" \/>\n\t<meta property=\"og:image:height\" content=\"112\" \/>\n\t<meta property=\"og:image:type\" content=\"image\/jpeg\" \/>\n<meta name=\"twitter:card\" content=\"summary_large_image\" \/>\n<script type=\"application\/ld+json\" class=\"yoast-schema-graph\">{\"@context\":\"https:\\\/\\\/schema.org\",\"@graph\":[{\"@type\":\"WebPage\",\"@id\":\"https:\\\/\\\/fysiokeskus.ee\\\/teenused\\\/broneeri-teraapiaaeg\\\/\",\"url\":\"https:\\\/\\\/fysiokeskus.ee\\\/teenused\\\/broneeri-teraapiaaeg\\\/\",\"name\":\"Broneeri teraapiaaeg - FYSIOKESKUS\",\"isPartOf\":{\"@id\":\"https:\\\/\\\/fysiokeskus.ee\\\/#website\"},\"primaryImageOfPage\":{\"@id\":\"https:\\\/\\\/fysiokeskus.ee\\\/teenused\\\/broneeri-teraapiaaeg\\\/#primaryimage\"},\"image\":{\"@id\":\"https:\\\/\\\/fysiokeskus.ee\\\/teenused\\\/broneeri-teraapiaaeg\\\/#primaryimage\"},\"thumbnailUrl\":\"https:\\\/\\\/fysiokeskus.ee\\\/wp-content\\\/uploads\\\/2026\\\/04\\\/a5f84a74-a0a1-44e8-9d46-1ba97db245a0.jpg\",\"datePublished\":\"2014-04-29T16:51:19+00:00\",\"dateModified\":\"2026-04-01T07:52:10+00:00\",\"description\":\"Pakume massaa\u017ei ja f\u00fcsioteraapia teenust. Tegutseme Tartus: Ujula 4 ruumis 2053 ja R\u00e4nilinna Perearstikeskuse ruumides 1. korrusel Riia 142.\",\"breadcrumb\":{\"@id\":\"https:\\\/\\\/fysiokeskus.ee\\\/teenused\\\/broneeri-teraapiaaeg\\\/#breadcrumb\"},\"inLanguage\":\"en-US\",\"potentialAction\":[{\"@type\":\"ReadAction\",\"target\":[\"https:\\\/\\\/fysiokeskus.ee\\\/teenused\\\/broneeri-teraapiaaeg\\\/\"]}]},{\"@type\":\"ImageObject\",\"inLanguage\":\"en-US\",\"@id\":\"https:\\\/\\\/fysiokeskus.ee\\\/teenused\\\/broneeri-teraapiaaeg\\\/#primaryimage\",\"url\":\"https:\\\/\\\/fysiokeskus.ee\\\/wp-content\\\/uploads\\\/2026\\\/04\\\/a5f84a74-a0a1-44e8-9d46-1ba97db245a0.jpg\",\"contentUrl\":\"https:\\\/\\\/fysiokeskus.ee\\\/wp-content\\\/uploads\\\/2026\\\/04\\\/a5f84a74-a0a1-44e8-9d46-1ba97db245a0.jpg\"},{\"@type\":\"BreadcrumbList\",\"@id\":\"https:\\\/\\\/fysiokeskus.ee\\\/teenused\\\/broneeri-teraapiaaeg\\\/#breadcrumb\",\"itemListElement\":[{\"@type\":\"ListItem\",\"position\":1,\"name\":\"Teenused\",\"item\":\"https:\\\/\\\/fysiokeskus.ee\\\/teenused\\\/\"},{\"@type\":\"ListItem\",\"position\":2,\"name\":\"Broneeri teraapiaaeg\"}]},{\"@type\":\"WebSite\",\"@id\":\"https:\\\/\\\/fysiokeskus.ee\\\/#website\",\"url\":\"https:\\\/\\\/fysiokeskus.ee\\\/\",\"name\":\"FYSIOKESKUS\",\"description\":\"F\u00fcsioteraapia ja massaa\u017e\",\"publisher\":{\"@id\":\"https:\\\/\\\/fysiokeskus.ee\\\/#organization\"},\"potentialAction\":[{\"@type\":\"SearchAction\",\"target\":{\"@type\":\"EntryPoint\",\"urlTemplate\":\"https:\\\/\\\/fysiokeskus.ee\\\/?s={search_term_string}\"},\"query-input\":{\"@type\":\"PropertyValueSpecification\",\"valueRequired\":true,\"valueName\":\"search_term_string\"}}],\"inLanguage\":\"en-US\"},{\"@type\":\"Organization\",\"@id\":\"https:\\\/\\\/fysiokeskus.ee\\\/#organization\",\"name\":\"FYSIOKESKUS\",\"url\":\"https:\\\/\\\/fysiokeskus.ee\\\/\",\"logo\":{\"@type\":\"ImageObject\",\"inLanguage\":\"en-US\",\"@id\":\"https:\\\/\\\/fysiokeskus.ee\\\/#\\\/schema\\\/logo\\\/image\\\/\",\"url\":\"https:\\\/\\\/fysiokeskus.ee\\\/wp-content\\\/uploads\\\/2022\\\/10\\\/FK1.png\",\"contentUrl\":\"https:\\\/\\\/fysiokeskus.ee\\\/wp-content\\\/uploads\\\/2022\\\/10\\\/FK1.png\",\"width\":885,\"height\":387,\"caption\":\"FYSIOKESKUS\"},\"image\":{\"@id\":\"https:\\\/\\\/fysiokeskus.ee\\\/#\\\/schema\\\/logo\\\/image\\\/\"},\"sameAs\":[\"https:\\\/\\\/www.facebook.com\\\/Fysiokeskus.ee\"]}]}<\/script>\n<!-- \/ Yoast SEO plugin. -->","yoast_head_json":{"title":"Broneeri teraapiaaeg - FYSIOKESKUS","description":"Pakume massaa\u017ei ja f\u00fcsioteraapia teenust. Tegutseme Tartus: Ujula 4 ruumis 2053 ja R\u00e4nilinna Perearstikeskuse ruumides 1. korrusel Riia 142.","robots":{"index":"index","follow":"follow","max-snippet":"max-snippet:-1","max-image-preview":"max-image-preview:large","max-video-preview":"max-video-preview:-1"},"canonical":"https:\/\/fysiokeskus.ee\/en\/teenused\/broneeri-teraapiaaeg\/","og_locale":"en_US","og_type":"article","og_title":"Broneeri teraapiaaeg - FYSIOKESKUS","og_description":"Pakume massaa\u017ei ja f\u00fcsioteraapia teenust. Tegutseme Tartus: Ujula 4 ruumis 2053 ja R\u00e4nilinna Perearstikeskuse ruumides 1. korrusel Riia 142.","og_url":"https:\/\/fysiokeskus.ee\/en\/teenused\/broneeri-teraapiaaeg\/","og_site_name":"FYSIOKESKUS","article_publisher":"https:\/\/www.facebook.com\/Fysiokeskus.ee","article_modified_time":"2026-04-01T07:52:10+00:00","og_image":[{"width":523,"height":112,"url":"https:\/\/fysiokeskus.ee\/wp-content\/uploads\/2026\/04\/a5f84a74-a0a1-44e8-9d46-1ba97db245a0.jpg","type":"image\/jpeg"}],"twitter_card":"summary_large_image","schema":{"@context":"https:\/\/schema.org","@graph":[{"@type":"WebPage","@id":"https:\/\/fysiokeskus.ee\/teenused\/broneeri-teraapiaaeg\/","url":"https:\/\/fysiokeskus.ee\/teenused\/broneeri-teraapiaaeg\/","name":"Broneeri teraapiaaeg - FYSIOKESKUS","isPartOf":{"@id":"https:\/\/fysiokeskus.ee\/#website"},"primaryImageOfPage":{"@id":"https:\/\/fysiokeskus.ee\/teenused\/broneeri-teraapiaaeg\/#primaryimage"},"image":{"@id":"https:\/\/fysiokeskus.ee\/teenused\/broneeri-teraapiaaeg\/#primaryimage"},"thumbnailUrl":"https:\/\/fysiokeskus.ee\/wp-content\/uploads\/2026\/04\/a5f84a74-a0a1-44e8-9d46-1ba97db245a0.jpg","datePublished":"2014-04-29T16:51:19+00:00","dateModified":"2026-04-01T07:52:10+00:00","description":"Pakume massaa\u017ei ja f\u00fcsioteraapia teenust. Tegutseme Tartus: Ujula 4 ruumis 2053 ja R\u00e4nilinna Perearstikeskuse ruumides 1. korrusel Riia 142.","breadcrumb":{"@id":"https:\/\/fysiokeskus.ee\/teenused\/broneeri-teraapiaaeg\/#breadcrumb"},"inLanguage":"en-US","potentialAction":[{"@type":"ReadAction","target":["https:\/\/fysiokeskus.ee\/teenused\/broneeri-teraapiaaeg\/"]}]},{"@type":"ImageObject","inLanguage":"en-US","@id":"https:\/\/fysiokeskus.ee\/teenused\/broneeri-teraapiaaeg\/#primaryimage","url":"https:\/\/fysiokeskus.ee\/wp-content\/uploads\/2026\/04\/a5f84a74-a0a1-44e8-9d46-1ba97db245a0.jpg","contentUrl":"https:\/\/fysiokeskus.ee\/wp-content\/uploads\/2026\/04\/a5f84a74-a0a1-44e8-9d46-1ba97db245a0.jpg"},{"@type":"BreadcrumbList","@id":"https:\/\/fysiokeskus.ee\/teenused\/broneeri-teraapiaaeg\/#breadcrumb","itemListElement":[{"@type":"ListItem","position":1,"name":"Teenused","item":"https:\/\/fysiokeskus.ee\/teenused\/"},{"@type":"ListItem","position":2,"name":"Broneeri teraapiaaeg"}]},{"@type":"WebSite","@id":"https:\/\/fysiokeskus.ee\/#website","url":"https:\/\/fysiokeskus.ee\/","name":"FYSIOKESKUS","description":"F\u00fcsioteraapia ja massaa\u017e","publisher":{"@id":"https:\/\/fysiokeskus.ee\/#organization"},"potentialAction":[{"@type":"SearchAction","target":{"@type":"EntryPoint","urlTemplate":"https:\/\/fysiokeskus.ee\/?s={search_term_string}"},"query-input":{"@type":"PropertyValueSpecification","valueRequired":true,"valueName":"search_term_string"}}],"inLanguage":"en-US"},{"@type":"Organization","@id":"https:\/\/fysiokeskus.ee\/#organization","name":"FYSIOKESKUS","url":"https:\/\/fysiokeskus.ee\/","logo":{"@type":"ImageObject","inLanguage":"en-US","@id":"https:\/\/fysiokeskus.ee\/#\/schema\/logo\/image\/","url":"https:\/\/fysiokeskus.ee\/wp-content\/uploads\/2022\/10\/FK1.png","contentUrl":"https:\/\/fysiokeskus.ee\/wp-content\/uploads\/2022\/10\/FK1.png","width":885,"height":387,"caption":"FYSIOKESKUS"},"image":{"@id":"https:\/\/fysiokeskus.ee\/#\/schema\/logo\/image\/"},"sameAs":["https:\/\/www.facebook.com\/Fysiokeskus.ee"]}]}},"jetpack_sharing_enabled":true,"_links":{"self":[{"href":"https:\/\/fysiokeskus.ee\/en\/wp-json\/wp\/v2\/pages\/234","targetHints":{"allow":["GET"]}}],"collection":[{"href":"https:\/\/fysiokeskus.ee\/en\/wp-json\/wp\/v2\/pages"}],"about":[{"href":"https:\/\/fysiokeskus.ee\/en\/wp-json\/wp\/v2\/types\/page"}],"author":[{"embeddable":true,"href":"https:\/\/fysiokeskus.ee\/en\/wp-json\/wp\/v2\/users\/1"}],"replies":[{"embeddable":true,"href":"https:\/\/fysiokeskus.ee\/en\/wp-json\/wp\/v2\/comments?post=234"}],"version-history":[{"count":148,"href":"https:\/\/fysiokeskus.ee\/en\/wp-json\/wp\/v2\/pages\/234\/revisions"}],"predecessor-version":[{"id":3256,"href":"https:\/\/fysiokeskus.ee\/en\/wp-json\/wp\/v2\/pages\/234\/revisions\/3256"}],"up":[{"embeddable":true,"href":"https:\/\/fysiokeskus.ee\/en\/wp-json\/wp\/v2\/pages\/564"}],"wp:attachment":[{"href":"https:\/\/fysiokeskus.ee\/en\/wp-json\/wp\/v2\/media?parent=234"}],"curies":[{"name":"wp","href":"https:\/\/api.w.org\/{rel}","templated":true}]}}