{"id":1903,"date":"2022-10-03T11:17:21","date_gmt":"2022-10-03T08:17:21","guid":{"rendered":"https:\/\/fysiokeskus.ee\/?page_id=1903"},"modified":"2023-10-29T23:37:27","modified_gmt":"2023-10-29T20:37:27","slug":"tagasiside","status":"publish","type":"page","link":"https:\/\/fysiokeskus.ee\/en\/tagasiside\/","title":{"rendered":"Tagasiside patsientidelt"},"content":{"rendered":"<div data-elementor-type=\"wp-page\" data-elementor-id=\"1903\" class=\"elementor elementor-1903\" data-elementor-post-type=\"page\">\n\t\t\t\t\t\t<section class=\"elementor-section elementor-top-section elementor-element elementor-element-6990d8f3 elementor-section-boxed elementor-section-height-default elementor-section-height-default\" data-id=\"6990d8f3\" data-element_type=\"section\" data-e-type=\"section\">\n\t\t\t\t\t\t<div class=\"elementor-container elementor-column-gap-default\">\n\t\t\t\t\t<div class=\"elementor-column elementor-col-100 elementor-top-column elementor-element elementor-element-445db542\" data-id=\"445db542\" data-element_type=\"column\" data-e-type=\"column\">\n\t\t\t<div class=\"elementor-widget-wrap elementor-element-populated\">\n\t\t\t\t\t\t<div class=\"elementor-element elementor-element-13a6fa9e elementor-widget elementor-widget-text-editor\" data-id=\"13a6fa9e\" data-element_type=\"widget\" data-e-type=\"widget\" data-widget_type=\"text-editor.default\">\n\t\t\t\t<div class=\"elementor-widget-container\">\n\t\t\t\t\t\t\t\t\t\n<blockquote class=\"wp-block-quote is-layout-flow wp-block-quote-is-layout-flow\"><p>Olen t\u00e4nulik, et osalesin seljav\u00f5imlemise r\u00fchmatreeningul. Ma ei p\u00f6\u00f6ranud, istuva t\u00f6\u00f6 ajal, vajalikku t\u00e4helepanu igap\u00e4evasele\u00a0 v\u00f5imlemisele. N\u00fc\u00fcd saan aru ja tunnen, kuiv\u00f5rd t\u00e4htis on prof\u00fclaktiline t\u00f6\u00f6 organismiga tervise s\u00e4ilitamiseks. Liikumine on tervise pant!<\/p><cite>Ave<\/cite><\/blockquote>\n\t\t\t\t\t\t\t\t<\/div>\n\t\t\t\t<\/div>\n\t\t\t\t\t<\/div>\n\t\t<\/div>\n\t\t\t\t\t<\/div>\n\t\t<\/section>\n\t\t\t\t<section class=\"elementor-section elementor-top-section elementor-element elementor-element-6652b8e elementor-section-boxed elementor-section-height-default elementor-section-height-default\" data-id=\"6652b8e\" data-element_type=\"section\" data-e-type=\"section\">\n\t\t\t\t\t\t<div class=\"elementor-container elementor-column-gap-default\">\n\t\t\t\t\t<div class=\"elementor-column elementor-col-100 elementor-top-column elementor-element elementor-element-43bd193\" data-id=\"43bd193\" data-element_type=\"column\" data-e-type=\"column\">\n\t\t\t<div class=\"elementor-widget-wrap elementor-element-populated\">\n\t\t\t\t\t\t<div class=\"elementor-element elementor-element-00aa5ec elementor-widget elementor-widget-text-editor\" data-id=\"00aa5ec\" data-element_type=\"widget\" data-e-type=\"widget\" data-widget_type=\"text-editor.default\">\n\t\t\t\t<div class=\"elementor-widget-container\">\n\t\t\t\t\t\t\t\t\t<p><\/p>\n<blockquote class=\"is-layout-flow wp-block-quote-is-layout-flow\">\n<p>Fysiokeskuse teenuse ja t\u00f6\u00f6tajate tase on \u00fclihea. Nende fokusseeritud ja teadusp\u00f5hine l\u00e4henemine tekitab usaldust ja annab tulemusi. Minuga tegelesid nii Hanna kui ka Marian, keda julgeksin k\u00f5igile soovitada.<\/p>\n<p><cite>Tanel<\/cite><\/p>\n<\/blockquote>\n<p><\/p>\t\t\t\t\t\t\t\t<\/div>\n\t\t\t\t<\/div>\n\t\t\t\t\t<\/div>\n\t\t<\/div>\n\t\t\t\t\t<\/div>\n\t\t<\/section>\n\t\t\t\t<\/div>","protected":false},"excerpt":{"rendered":"<p>Olen t\u00e4nulik, et osalesin seljav\u00f5imlemise r\u00fchmatreeningul. Ma ei p\u00f6\u00f6ranud, istuva t\u00f6\u00f6 ajal, vajalikku t\u00e4helepanu igap\u00e4evasele\u00a0 v\u00f5imlemisele. N\u00fc\u00fcd saan aru ja tunnen, kuiv\u00f5rd t\u00e4htis on prof\u00fclaktiline t\u00f6\u00f6 organismiga tervise s\u00e4ilitamiseks. Liikumine on tervise pant! Ave Fysiokeskuse teenuse ja t\u00f6\u00f6tajate tase on \u00fclihea. Nende fokusseeritud ja teadusp\u00f5hine l\u00e4henemine tekitab usaldust ja annab tulemusi. Minuga tegelesid nii Hanna [&hellip;]<\/p>\n","protected":false},"author":2,"featured_media":0,"parent":0,"menu_order":0,"comment_status":"closed","ping_status":"closed","template":"","meta":{"_monsterinsights_skip_tracking":false,"_monsterinsights_sitenote_active":false,"_monsterinsights_sitenote_note":"","_monsterinsights_sitenote_category":0,"footnotes":""},"class_list":["post-1903","page","type-page","status-publish","hentry"],"yoast_head":"<!-- This site is optimized with the Yoast SEO plugin v27.4 - https:\/\/yoast.com\/product\/yoast-seo-wordpress\/ -->\n<title>Tagasiside patsientidelt - FYSIOKESKUS<\/title>\n<meta name=\"robots\" content=\"index, follow, max-snippet:-1, max-image-preview:large, max-video-preview:-1\" \/>\n<link rel=\"canonical\" href=\"https:\/\/fysiokeskus.ee\/en\/tagasiside\/\" \/>\n<meta property=\"og:locale\" content=\"en_US\" \/>\n<meta property=\"og:type\" content=\"article\" \/>\n<meta property=\"og:title\" content=\"Tagasiside patsientidelt - FYSIOKESKUS\" \/>\n<meta property=\"og:description\" content=\"Olen t\u00e4nulik, et osalesin seljav\u00f5imlemise r\u00fchmatreeningul. Ma ei p\u00f6\u00f6ranud, istuva t\u00f6\u00f6 ajal, vajalikku t\u00e4helepanu igap\u00e4evasele\u00a0 v\u00f5imlemisele. N\u00fc\u00fcd saan aru ja tunnen, kuiv\u00f5rd t\u00e4htis on prof\u00fclaktiline t\u00f6\u00f6 organismiga tervise s\u00e4ilitamiseks. Liikumine on tervise pant! Ave Fysiokeskuse teenuse ja t\u00f6\u00f6tajate tase on \u00fclihea. Nende fokusseeritud ja teadusp\u00f5hine l\u00e4henemine tekitab usaldust ja annab tulemusi. Minuga tegelesid nii Hanna [&hellip;]\" \/>\n<meta property=\"og:url\" content=\"https:\/\/fysiokeskus.ee\/en\/tagasiside\/\" \/>\n<meta property=\"og:site_name\" content=\"FYSIOKESKUS\" \/>\n<meta property=\"article:publisher\" content=\"https:\/\/www.facebook.com\/Fysiokeskus.ee\" \/>\n<meta property=\"article:modified_time\" content=\"2023-10-29T20:37:27+00:00\" \/>\n<meta name=\"twitter:card\" content=\"summary_large_image\" \/>\n<script type=\"application\/ld+json\" class=\"yoast-schema-graph\">{\"@context\":\"https:\\\/\\\/schema.org\",\"@graph\":[{\"@type\":\"WebPage\",\"@id\":\"https:\\\/\\\/fysiokeskus.ee\\\/tagasiside\\\/\",\"url\":\"https:\\\/\\\/fysiokeskus.ee\\\/tagasiside\\\/\",\"name\":\"Tagasiside patsientidelt - FYSIOKESKUS\",\"isPartOf\":{\"@id\":\"https:\\\/\\\/fysiokeskus.ee\\\/#website\"},\"datePublished\":\"2022-10-03T08:17:21+00:00\",\"dateModified\":\"2023-10-29T20:37:27+00:00\",\"inLanguage\":\"en-US\",\"potentialAction\":[{\"@type\":\"ReadAction\",\"target\":[\"https:\\\/\\\/fysiokeskus.ee\\\/tagasiside\\\/\"]}]},{\"@type\":\"WebSite\",\"@id\":\"https:\\\/\\\/fysiokeskus.ee\\\/#website\",\"url\":\"https:\\\/\\\/fysiokeskus.ee\\\/\",\"name\":\"FYSIOKESKUS\",\"description\":\"F\u00fcsioteraapia ja massaa\u017e\",\"publisher\":{\"@id\":\"https:\\\/\\\/fysiokeskus.ee\\\/#organization\"},\"potentialAction\":[{\"@type\":\"SearchAction\",\"target\":{\"@type\":\"EntryPoint\",\"urlTemplate\":\"https:\\\/\\\/fysiokeskus.ee\\\/?s={search_term_string}\"},\"query-input\":{\"@type\":\"PropertyValueSpecification\",\"valueRequired\":true,\"valueName\":\"search_term_string\"}}],\"inLanguage\":\"en-US\"},{\"@type\":\"Organization\",\"@id\":\"https:\\\/\\\/fysiokeskus.ee\\\/#organization\",\"name\":\"FYSIOKESKUS\",\"url\":\"https:\\\/\\\/fysiokeskus.ee\\\/\",\"logo\":{\"@type\":\"ImageObject\",\"inLanguage\":\"en-US\",\"@id\":\"https:\\\/\\\/fysiokeskus.ee\\\/#\\\/schema\\\/logo\\\/image\\\/\",\"url\":\"https:\\\/\\\/fysiokeskus.ee\\\/wp-content\\\/uploads\\\/2022\\\/10\\\/FK1.png\",\"contentUrl\":\"https:\\\/\\\/fysiokeskus.ee\\\/wp-content\\\/uploads\\\/2022\\\/10\\\/FK1.png\",\"width\":885,\"height\":387,\"caption\":\"FYSIOKESKUS\"},\"image\":{\"@id\":\"https:\\\/\\\/fysiokeskus.ee\\\/#\\\/schema\\\/logo\\\/image\\\/\"},\"sameAs\":[\"https:\\\/\\\/www.facebook.com\\\/Fysiokeskus.ee\"]}]}<\/script>\n<!-- \/ Yoast SEO plugin. -->","yoast_head_json":{"title":"Tagasiside patsientidelt - FYSIOKESKUS","robots":{"index":"index","follow":"follow","max-snippet":"max-snippet:-1","max-image-preview":"max-image-preview:large","max-video-preview":"max-video-preview:-1"},"canonical":"https:\/\/fysiokeskus.ee\/en\/tagasiside\/","og_locale":"en_US","og_type":"article","og_title":"Tagasiside patsientidelt - FYSIOKESKUS","og_description":"Olen t\u00e4nulik, et osalesin seljav\u00f5imlemise r\u00fchmatreeningul. Ma ei p\u00f6\u00f6ranud, istuva t\u00f6\u00f6 ajal, vajalikku t\u00e4helepanu igap\u00e4evasele\u00a0 v\u00f5imlemisele. N\u00fc\u00fcd saan aru ja tunnen, kuiv\u00f5rd t\u00e4htis on prof\u00fclaktiline t\u00f6\u00f6 organismiga tervise s\u00e4ilitamiseks. Liikumine on tervise pant! Ave Fysiokeskuse teenuse ja t\u00f6\u00f6tajate tase on \u00fclihea. Nende fokusseeritud ja teadusp\u00f5hine l\u00e4henemine tekitab usaldust ja annab tulemusi. Minuga tegelesid nii Hanna [&hellip;]","og_url":"https:\/\/fysiokeskus.ee\/en\/tagasiside\/","og_site_name":"FYSIOKESKUS","article_publisher":"https:\/\/www.facebook.com\/Fysiokeskus.ee","article_modified_time":"2023-10-29T20:37:27+00:00","twitter_card":"summary_large_image","schema":{"@context":"https:\/\/schema.org","@graph":[{"@type":"WebPage","@id":"https:\/\/fysiokeskus.ee\/tagasiside\/","url":"https:\/\/fysiokeskus.ee\/tagasiside\/","name":"Tagasiside patsientidelt - FYSIOKESKUS","isPartOf":{"@id":"https:\/\/fysiokeskus.ee\/#website"},"datePublished":"2022-10-03T08:17:21+00:00","dateModified":"2023-10-29T20:37:27+00:00","inLanguage":"en-US","potentialAction":[{"@type":"ReadAction","target":["https:\/\/fysiokeskus.ee\/tagasiside\/"]}]},{"@type":"WebSite","@id":"https:\/\/fysiokeskus.ee\/#website","url":"https:\/\/fysiokeskus.ee\/","name":"FYSIOKESKUS","description":"F\u00fcsioteraapia ja massaa\u017e","publisher":{"@id":"https:\/\/fysiokeskus.ee\/#organization"},"potentialAction":[{"@type":"SearchAction","target":{"@type":"EntryPoint","urlTemplate":"https:\/\/fysiokeskus.ee\/?s={search_term_string}"},"query-input":{"@type":"PropertyValueSpecification","valueRequired":true,"valueName":"search_term_string"}}],"inLanguage":"en-US"},{"@type":"Organization","@id":"https:\/\/fysiokeskus.ee\/#organization","name":"FYSIOKESKUS","url":"https:\/\/fysiokeskus.ee\/","logo":{"@type":"ImageObject","inLanguage":"en-US","@id":"https:\/\/fysiokeskus.ee\/#\/schema\/logo\/image\/","url":"https:\/\/fysiokeskus.ee\/wp-content\/uploads\/2022\/10\/FK1.png","contentUrl":"https:\/\/fysiokeskus.ee\/wp-content\/uploads\/2022\/10\/FK1.png","width":885,"height":387,"caption":"FYSIOKESKUS"},"image":{"@id":"https:\/\/fysiokeskus.ee\/#\/schema\/logo\/image\/"},"sameAs":["https:\/\/www.facebook.com\/Fysiokeskus.ee"]}]}},"jetpack_sharing_enabled":true,"_links":{"self":[{"href":"https:\/\/fysiokeskus.ee\/en\/wp-json\/wp\/v2\/pages\/1903","targetHints":{"allow":["GET"]}}],"collection":[{"href":"https:\/\/fysiokeskus.ee\/en\/wp-json\/wp\/v2\/pages"}],"about":[{"href":"https:\/\/fysiokeskus.ee\/en\/wp-json\/wp\/v2\/types\/page"}],"author":[{"embeddable":true,"href":"https:\/\/fysiokeskus.ee\/en\/wp-json\/wp\/v2\/users\/2"}],"replies":[{"embeddable":true,"href":"https:\/\/fysiokeskus.ee\/en\/wp-json\/wp\/v2\/comments?post=1903"}],"version-history":[{"count":18,"href":"https:\/\/fysiokeskus.ee\/en\/wp-json\/wp\/v2\/pages\/1903\/revisions"}],"predecessor-version":[{"id":2377,"href":"https:\/\/fysiokeskus.ee\/en\/wp-json\/wp\/v2\/pages\/1903\/revisions\/2377"}],"wp:attachment":[{"href":"https:\/\/fysiokeskus.ee\/en\/wp-json\/wp\/v2\/media?parent=1903"}],"curies":[{"name":"wp","href":"https:\/\/api.w.org\/{rel}","templated":true}]}}