{"id":1741,"date":"2021-08-26T16:01:16","date_gmt":"2021-08-26T13:01:16","guid":{"rendered":"https:\/\/fysiokeskus.ee\/?page_id=1741"},"modified":"2024-11-17T00:09:35","modified_gmt":"2024-11-16T21:09:35","slug":"viktoria-soodla","status":"publish","type":"page","link":"https:\/\/fysiokeskus.ee\/en\/viktoria-soodla\/","title":{"rendered":"Viktoria Jaagant (MSc)"},"content":{"rendered":"<div data-elementor-type=\"wp-page\" data-elementor-id=\"1741\" class=\"elementor elementor-1741\" data-elementor-post-type=\"page\">\n\t\t\t\t\t\t<section class=\"elementor-section elementor-top-section elementor-element elementor-element-18d0736 elementor-section-boxed elementor-section-height-default elementor-section-height-default\" data-id=\"18d0736\" data-element_type=\"section\" data-e-type=\"section\">\n\t\t\t\t\t\t<div class=\"elementor-container elementor-column-gap-default\">\n\t\t\t\t\t<div class=\"elementor-column elementor-col-50 elementor-top-column elementor-element elementor-element-6456a0b\" data-id=\"6456a0b\" data-element_type=\"column\" data-e-type=\"column\">\n\t\t\t<div class=\"elementor-widget-wrap elementor-element-populated\">\n\t\t\t\t\t\t<div class=\"elementor-element elementor-element-fb0b011 elementor-widget elementor-widget-text-editor\" data-id=\"fb0b011\" data-element_type=\"widget\" data-e-type=\"widget\" data-widget_type=\"text-editor.default\">\n\t\t\t\t<div class=\"elementor-widget-container\">\n\t\t\t\t\t\t\t\t\t<h3><em><strong>T\u00d6\u00d6LEPING AJUTISELT PEATATUD<\/strong><\/em><\/h3><p>\u00a0<\/p><p><strong><span style=\"text-decoration: underline;\">Contact<\/span>:<\/strong><\/p><p>e-mail: viktoria.jaagant@gmail.com<\/p><p><strong><span style=\"text-decoration: underline;\">Haridustee<\/span>:\u00a0<\/strong><\/p><ul><li><span style=\"color: var( --e-global-color-text ); font-family: var( --e-global-typography-text-font-family ), Sans-serif; font-weight: var( --e-global-typography-text-font-weight ); background-color: var(--dt-whi-color); font-size: 1.6rem; font-style: inherit; letter-spacing: 0.01em; text-transform: inherit;\">2021 &#8211; 2023 T\u00dc f\u00fcsioteraapia eriala magistri\u00f5pe cum laude<\/span><\/li><li><span style=\"color: var( --e-global-color-text ); font-family: var( --e-global-typography-text-font-family ), Sans-serif; font-weight: var( --e-global-typography-text-font-weight ); background-color: var(--dt-whi-color); font-size: 1.6rem; font-style: inherit; letter-spacing: 0.01em; text-transform: inherit;\">2018 &#8211; 2021 T\u00dc f\u00fcsioteraapia eriala bakalaureuse\u00f5pe\u00a0cum laude<\/span><\/li><\/ul><p><strong><span style=\"text-decoration: underline;\">T\u00f6\u00f6kogemus<\/span>:<\/strong><\/p><p>Varasemalt on Viktoria t\u00f6\u00f6tanud Babyspordis beebide ja laste f\u00fcsioterapeudina.<\/p><p><strong><span style=\"text-decoration: underline;\">Spetsialiseerumine<\/span>:<\/strong><\/p><p>Laste f\u00fcsioteraapia, geriaatriline f\u00fcsioteraapia, neuroloogiline f\u00fcsioteraapia, skeleti-lihass\u00fcsteemi f\u00fcsioteraapia,\u00a0pre- ja postoperatiivne f\u00fcsioteraapia.<\/p><p><span style=\"text-decoration: underline;\"><strong>Vabal ajal<\/strong><\/span>\u00a0meeldib Viktoriale m\u00e4ngida sulgpalli ja saalihokit; meeldib lugeda, kokata-k\u00fcpsetada ja koertega tegeleda.<\/p>\t\t\t\t\t\t\t\t<\/div>\n\t\t\t\t<\/div>\n\t\t\t\t\t<\/div>\n\t\t<\/div>\n\t\t\t\t<div class=\"elementor-column elementor-col-50 elementor-top-column elementor-element elementor-element-4a45f16\" data-id=\"4a45f16\" data-element_type=\"column\" data-e-type=\"column\">\n\t\t\t<div class=\"elementor-widget-wrap elementor-element-populated\">\n\t\t\t\t\t\t<div class=\"elementor-element elementor-element-0cd31fa elementor-widget elementor-widget-image\" data-id=\"0cd31fa\" data-element_type=\"widget\" data-e-type=\"widget\" data-widget_type=\"image.default\">\n\t\t\t\t<div class=\"elementor-widget-container\">\n\t\t\t\t\t\t\t\t\t\t\t\t\t\t\t<img fetchpriority=\"high\" decoding=\"async\" width=\"683\" height=\"1024\" src=\"https:\/\/fysiokeskus.ee\/wp-content\/uploads\/2023\/10\/Viktoria-Soodla-683x1024.jpg\" class=\"attachment-large size-large wp-image-2289\" alt=\"\" srcset=\"https:\/\/fysiokeskus.ee\/wp-content\/uploads\/2023\/10\/Viktoria-Soodla-683x1024.jpg 683w, https:\/\/fysiokeskus.ee\/wp-content\/uploads\/2023\/10\/Viktoria-Soodla-200x300.jpg 200w, https:\/\/fysiokeskus.ee\/wp-content\/uploads\/2023\/10\/Viktoria-Soodla-768x1152.jpg 768w, https:\/\/fysiokeskus.ee\/wp-content\/uploads\/2023\/10\/Viktoria-Soodla-1024x1536.jpg 1024w, https:\/\/fysiokeskus.ee\/wp-content\/uploads\/2023\/10\/Viktoria-Soodla-1365x2048.jpg 1365w, https:\/\/fysiokeskus.ee\/wp-content\/uploads\/2023\/10\/Viktoria-Soodla-8x12.jpg 8w, https:\/\/fysiokeskus.ee\/wp-content\/uploads\/2023\/10\/Viktoria-Soodla.jpg 1600w\" sizes=\"(max-width: 683px) 100vw, 683px\" \/>\t\t\t\t\t\t\t\t\t\t\t\t\t\t\t<\/div>\n\t\t\t\t<\/div>\n\t\t\t\t\t<\/div>\n\t\t<\/div>\n\t\t\t\t\t<\/div>\n\t\t<\/section>\n\t\t\t\t<\/div>","protected":false},"excerpt":{"rendered":"<p>T\u00d6\u00d6LEPING AJUTISELT PEATATUD \u00a0 Kontakt: e-mail: viktoria.jaagant@gmail.com Haridustee:\u00a0 2021 &#8211; 2023 T\u00dc f\u00fcsioteraapia eriala magistri\u00f5pe cum laude 2018 &#8211; 2021 T\u00dc f\u00fcsioteraapia eriala bakalaureuse\u00f5pe\u00a0cum laude T\u00f6\u00f6kogemus: Varasemalt on Viktoria t\u00f6\u00f6tanud Babyspordis beebide ja laste f\u00fcsioterapeudina. Spetsialiseerumine: Laste f\u00fcsioteraapia, geriaatriline f\u00fcsioteraapia, neuroloogiline f\u00fcsioteraapia, skeleti-lihass\u00fcsteemi f\u00fcsioteraapia,\u00a0pre- ja postoperatiivne f\u00fcsioteraapia. Vabal ajal\u00a0meeldib Viktoriale m\u00e4ngida sulgpalli ja saalihokit; meeldib [&hellip;]<\/p>\n","protected":false},"author":2,"featured_media":0,"parent":0,"menu_order":0,"comment_status":"closed","ping_status":"closed","template":"","meta":{"_monsterinsights_skip_tracking":false,"_monsterinsights_sitenote_active":false,"_monsterinsights_sitenote_note":"","_monsterinsights_sitenote_category":0,"footnotes":""},"class_list":["post-1741","page","type-page","status-publish","hentry"],"yoast_head":"<!-- This site is optimized with the Yoast SEO plugin v27.3 - https:\/\/yoast.com\/product\/yoast-seo-wordpress\/ -->\n<title>Viktoria Jaagant (MSc) - FYSIOKESKUS<\/title>\n<meta name=\"robots\" content=\"index, follow, max-snippet:-1, max-image-preview:large, max-video-preview:-1\" \/>\n<link rel=\"canonical\" href=\"https:\/\/fysiokeskus.ee\/en\/viktoria-soodla\/\" \/>\n<meta property=\"og:locale\" content=\"en_US\" \/>\n<meta property=\"og:type\" content=\"article\" \/>\n<meta property=\"og:title\" content=\"Viktoria Jaagant (MSc) - FYSIOKESKUS\" \/>\n<meta property=\"og:description\" content=\"T\u00d6\u00d6LEPING AJUTISELT PEATATUD \u00a0 Kontakt: e-mail: viktoria.jaagant@gmail.com Haridustee:\u00a0 2021 &#8211; 2023 T\u00dc f\u00fcsioteraapia eriala magistri\u00f5pe cum laude 2018 &#8211; 2021 T\u00dc f\u00fcsioteraapia eriala bakalaureuse\u00f5pe\u00a0cum laude T\u00f6\u00f6kogemus: Varasemalt on Viktoria t\u00f6\u00f6tanud Babyspordis beebide ja laste f\u00fcsioterapeudina. Spetsialiseerumine: Laste f\u00fcsioteraapia, geriaatriline f\u00fcsioteraapia, neuroloogiline f\u00fcsioteraapia, skeleti-lihass\u00fcsteemi f\u00fcsioteraapia,\u00a0pre- ja postoperatiivne f\u00fcsioteraapia. Vabal ajal\u00a0meeldib Viktoriale m\u00e4ngida sulgpalli ja saalihokit; meeldib [&hellip;]\" \/>\n<meta property=\"og:url\" content=\"https:\/\/fysiokeskus.ee\/en\/viktoria-soodla\/\" \/>\n<meta property=\"og:site_name\" content=\"FYSIOKESKUS\" \/>\n<meta property=\"article:publisher\" content=\"https:\/\/www.facebook.com\/Fysiokeskus.ee\" \/>\n<meta property=\"article:modified_time\" content=\"2024-11-16T21:09:35+00:00\" \/>\n<meta property=\"og:image\" content=\"https:\/\/fysiokeskus.ee\/wp-content\/uploads\/2023\/10\/Viktoria-Soodla.jpg\" \/>\n\t<meta property=\"og:image:width\" content=\"1600\" \/>\n\t<meta property=\"og:image:height\" content=\"2400\" \/>\n\t<meta property=\"og:image:type\" content=\"image\/jpeg\" \/>\n<meta name=\"twitter:card\" content=\"summary_large_image\" \/>\n<meta name=\"twitter:label1\" content=\"Est. reading time\" \/>\n\t<meta name=\"twitter:data1\" content=\"1 minute\" \/>\n<script type=\"application\/ld+json\" class=\"yoast-schema-graph\">{\"@context\":\"https:\\\/\\\/schema.org\",\"@graph\":[{\"@type\":\"WebPage\",\"@id\":\"https:\\\/\\\/fysiokeskus.ee\\\/viktoria-soodla\\\/\",\"url\":\"https:\\\/\\\/fysiokeskus.ee\\\/viktoria-soodla\\\/\",\"name\":\"Viktoria Jaagant (MSc) - FYSIOKESKUS\",\"isPartOf\":{\"@id\":\"https:\\\/\\\/fysiokeskus.ee\\\/#website\"},\"primaryImageOfPage\":{\"@id\":\"https:\\\/\\\/fysiokeskus.ee\\\/viktoria-soodla\\\/#primaryimage\"},\"image\":{\"@id\":\"https:\\\/\\\/fysiokeskus.ee\\\/viktoria-soodla\\\/#primaryimage\"},\"thumbnailUrl\":\"https:\\\/\\\/fysiokeskus.ee\\\/wp-content\\\/uploads\\\/2023\\\/10\\\/Viktoria-Soodla-683x1024.jpg\",\"datePublished\":\"2021-08-26T13:01:16+00:00\",\"dateModified\":\"2024-11-16T21:09:35+00:00\",\"inLanguage\":\"en-US\",\"potentialAction\":[{\"@type\":\"ReadAction\",\"target\":[\"https:\\\/\\\/fysiokeskus.ee\\\/viktoria-soodla\\\/\"]}]},{\"@type\":\"ImageObject\",\"inLanguage\":\"en-US\",\"@id\":\"https:\\\/\\\/fysiokeskus.ee\\\/viktoria-soodla\\\/#primaryimage\",\"url\":\"https:\\\/\\\/fysiokeskus.ee\\\/wp-content\\\/uploads\\\/2023\\\/10\\\/Viktoria-Soodla-683x1024.jpg\",\"contentUrl\":\"https:\\\/\\\/fysiokeskus.ee\\\/wp-content\\\/uploads\\\/2023\\\/10\\\/Viktoria-Soodla-683x1024.jpg\"},{\"@type\":\"WebSite\",\"@id\":\"https:\\\/\\\/fysiokeskus.ee\\\/#website\",\"url\":\"https:\\\/\\\/fysiokeskus.ee\\\/\",\"name\":\"FYSIOKESKUS\",\"description\":\"F\u00fcsioteraapia ja massaa\u017e\",\"publisher\":{\"@id\":\"https:\\\/\\\/fysiokeskus.ee\\\/#organization\"},\"potentialAction\":[{\"@type\":\"SearchAction\",\"target\":{\"@type\":\"EntryPoint\",\"urlTemplate\":\"https:\\\/\\\/fysiokeskus.ee\\\/?s={search_term_string}\"},\"query-input\":{\"@type\":\"PropertyValueSpecification\",\"valueRequired\":true,\"valueName\":\"search_term_string\"}}],\"inLanguage\":\"en-US\"},{\"@type\":\"Organization\",\"@id\":\"https:\\\/\\\/fysiokeskus.ee\\\/#organization\",\"name\":\"FYSIOKESKUS\",\"url\":\"https:\\\/\\\/fysiokeskus.ee\\\/\",\"logo\":{\"@type\":\"ImageObject\",\"inLanguage\":\"en-US\",\"@id\":\"https:\\\/\\\/fysiokeskus.ee\\\/#\\\/schema\\\/logo\\\/image\\\/\",\"url\":\"https:\\\/\\\/fysiokeskus.ee\\\/wp-content\\\/uploads\\\/2022\\\/10\\\/FK1.png\",\"contentUrl\":\"https:\\\/\\\/fysiokeskus.ee\\\/wp-content\\\/uploads\\\/2022\\\/10\\\/FK1.png\",\"width\":885,\"height\":387,\"caption\":\"FYSIOKESKUS\"},\"image\":{\"@id\":\"https:\\\/\\\/fysiokeskus.ee\\\/#\\\/schema\\\/logo\\\/image\\\/\"},\"sameAs\":[\"https:\\\/\\\/www.facebook.com\\\/Fysiokeskus.ee\"]}]}<\/script>\n<!-- \/ Yoast SEO plugin. -->","yoast_head_json":{"title":"Viktoria Jaagant (MSc) - FYSIOKESKUS","robots":{"index":"index","follow":"follow","max-snippet":"max-snippet:-1","max-image-preview":"max-image-preview:large","max-video-preview":"max-video-preview:-1"},"canonical":"https:\/\/fysiokeskus.ee\/en\/viktoria-soodla\/","og_locale":"en_US","og_type":"article","og_title":"Viktoria Jaagant (MSc) - FYSIOKESKUS","og_description":"T\u00d6\u00d6LEPING AJUTISELT PEATATUD \u00a0 Kontakt: e-mail: viktoria.jaagant@gmail.com Haridustee:\u00a0 2021 &#8211; 2023 T\u00dc f\u00fcsioteraapia eriala magistri\u00f5pe cum laude 2018 &#8211; 2021 T\u00dc f\u00fcsioteraapia eriala bakalaureuse\u00f5pe\u00a0cum laude T\u00f6\u00f6kogemus: Varasemalt on Viktoria t\u00f6\u00f6tanud Babyspordis beebide ja laste f\u00fcsioterapeudina. Spetsialiseerumine: Laste f\u00fcsioteraapia, geriaatriline f\u00fcsioteraapia, neuroloogiline f\u00fcsioteraapia, skeleti-lihass\u00fcsteemi f\u00fcsioteraapia,\u00a0pre- ja postoperatiivne f\u00fcsioteraapia. Vabal ajal\u00a0meeldib Viktoriale m\u00e4ngida sulgpalli ja saalihokit; meeldib [&hellip;]","og_url":"https:\/\/fysiokeskus.ee\/en\/viktoria-soodla\/","og_site_name":"FYSIOKESKUS","article_publisher":"https:\/\/www.facebook.com\/Fysiokeskus.ee","article_modified_time":"2024-11-16T21:09:35+00:00","og_image":[{"width":1600,"height":2400,"url":"https:\/\/fysiokeskus.ee\/wp-content\/uploads\/2023\/10\/Viktoria-Soodla.jpg","type":"image\/jpeg"}],"twitter_card":"summary_large_image","twitter_misc":{"Est. reading time":"1 minute"},"schema":{"@context":"https:\/\/schema.org","@graph":[{"@type":"WebPage","@id":"https:\/\/fysiokeskus.ee\/viktoria-soodla\/","url":"https:\/\/fysiokeskus.ee\/viktoria-soodla\/","name":"Viktoria Jaagant (MSc) - FYSIOKESKUS","isPartOf":{"@id":"https:\/\/fysiokeskus.ee\/#website"},"primaryImageOfPage":{"@id":"https:\/\/fysiokeskus.ee\/viktoria-soodla\/#primaryimage"},"image":{"@id":"https:\/\/fysiokeskus.ee\/viktoria-soodla\/#primaryimage"},"thumbnailUrl":"https:\/\/fysiokeskus.ee\/wp-content\/uploads\/2023\/10\/Viktoria-Soodla-683x1024.jpg","datePublished":"2021-08-26T13:01:16+00:00","dateModified":"2024-11-16T21:09:35+00:00","inLanguage":"en-US","potentialAction":[{"@type":"ReadAction","target":["https:\/\/fysiokeskus.ee\/viktoria-soodla\/"]}]},{"@type":"ImageObject","inLanguage":"en-US","@id":"https:\/\/fysiokeskus.ee\/viktoria-soodla\/#primaryimage","url":"https:\/\/fysiokeskus.ee\/wp-content\/uploads\/2023\/10\/Viktoria-Soodla-683x1024.jpg","contentUrl":"https:\/\/fysiokeskus.ee\/wp-content\/uploads\/2023\/10\/Viktoria-Soodla-683x1024.jpg"},{"@type":"WebSite","@id":"https:\/\/fysiokeskus.ee\/#website","url":"https:\/\/fysiokeskus.ee\/","name":"FYSIOKESKUS","description":"F\u00fcsioteraapia ja massaa\u017e","publisher":{"@id":"https:\/\/fysiokeskus.ee\/#organization"},"potentialAction":[{"@type":"SearchAction","target":{"@type":"EntryPoint","urlTemplate":"https:\/\/fysiokeskus.ee\/?s={search_term_string}"},"query-input":{"@type":"PropertyValueSpecification","valueRequired":true,"valueName":"search_term_string"}}],"inLanguage":"en-US"},{"@type":"Organization","@id":"https:\/\/fysiokeskus.ee\/#organization","name":"FYSIOKESKUS","url":"https:\/\/fysiokeskus.ee\/","logo":{"@type":"ImageObject","inLanguage":"en-US","@id":"https:\/\/fysiokeskus.ee\/#\/schema\/logo\/image\/","url":"https:\/\/fysiokeskus.ee\/wp-content\/uploads\/2022\/10\/FK1.png","contentUrl":"https:\/\/fysiokeskus.ee\/wp-content\/uploads\/2022\/10\/FK1.png","width":885,"height":387,"caption":"FYSIOKESKUS"},"image":{"@id":"https:\/\/fysiokeskus.ee\/#\/schema\/logo\/image\/"},"sameAs":["https:\/\/www.facebook.com\/Fysiokeskus.ee"]}]}},"jetpack_sharing_enabled":true,"_links":{"self":[{"href":"https:\/\/fysiokeskus.ee\/en\/wp-json\/wp\/v2\/pages\/1741","targetHints":{"allow":["GET"]}}],"collection":[{"href":"https:\/\/fysiokeskus.ee\/en\/wp-json\/wp\/v2\/pages"}],"about":[{"href":"https:\/\/fysiokeskus.ee\/en\/wp-json\/wp\/v2\/types\/page"}],"author":[{"embeddable":true,"href":"https:\/\/fysiokeskus.ee\/en\/wp-json\/wp\/v2\/users\/2"}],"replies":[{"embeddable":true,"href":"https:\/\/fysiokeskus.ee\/en\/wp-json\/wp\/v2\/comments?post=1741"}],"version-history":[{"count":37,"href":"https:\/\/fysiokeskus.ee\/en\/wp-json\/wp\/v2\/pages\/1741\/revisions"}],"predecessor-version":[{"id":3011,"href":"https:\/\/fysiokeskus.ee\/en\/wp-json\/wp\/v2\/pages\/1741\/revisions\/3011"}],"wp:attachment":[{"href":"https:\/\/fysiokeskus.ee\/en\/wp-json\/wp\/v2\/media?parent=1741"}],"curies":[{"name":"wp","href":"https:\/\/api.w.org\/{rel}","templated":true}]}}