{"id":1633,"date":"2020-10-07T09:38:59","date_gmt":"2020-10-07T06:38:59","guid":{"rendered":"https:\/\/fysiokeskus.ee\/?page_id=1633"},"modified":"2024-12-17T23:50:11","modified_gmt":"2024-12-17T20:50:11","slug":"hanna-kalajas-tilga-msc","status":"publish","type":"page","link":"https:\/\/fysiokeskus.ee\/en\/hanna-kalajas-tilga-msc\/","title":{"rendered":"Hanna Kalajas-Tilga (PhD)"},"content":{"rendered":"<div data-elementor-type=\"wp-page\" data-elementor-id=\"1633\" class=\"elementor elementor-1633\" data-elementor-post-type=\"page\">\n\t\t\t\t\t\t<section class=\"elementor-section elementor-top-section elementor-element elementor-element-5365dc3c elementor-section-boxed elementor-section-height-default elementor-section-height-default\" data-id=\"5365dc3c\" data-element_type=\"section\" data-e-type=\"section\">\n\t\t\t\t\t\t<div class=\"elementor-container elementor-column-gap-default\">\n\t\t\t\t\t<div class=\"elementor-column elementor-col-100 elementor-top-column elementor-element elementor-element-213d373d\" data-id=\"213d373d\" data-element_type=\"column\" data-e-type=\"column\">\n\t\t\t<div class=\"elementor-widget-wrap elementor-element-populated\">\n\t\t\t\t\t\t<div class=\"elementor-element elementor-element-3d27639c elementor-widget elementor-widget-text-editor\" data-id=\"3d27639c\" data-element_type=\"widget\" data-e-type=\"widget\" data-widget_type=\"text-editor.default\">\n\t\t\t\t<div class=\"elementor-widget-container\">\n\t\t\t\t\t\t\t\t\t<p><a href=\"https:\/\/fysiokeskus.ee\/wp-content\/uploads\/2023\/10\/Hanna-Kalajas-Tilga.jpg\"><img fetchpriority=\"high\" decoding=\"async\" class=\"alignright wp-image-2288\" src=\"https:\/\/fysiokeskus.ee\/wp-content\/uploads\/2023\/10\/Hanna-Kalajas-Tilga-683x1024.jpg\" alt=\"\" width=\"300\" height=\"450\" srcset=\"https:\/\/fysiokeskus.ee\/wp-content\/uploads\/2023\/10\/Hanna-Kalajas-Tilga-683x1024.jpg 683w, https:\/\/fysiokeskus.ee\/wp-content\/uploads\/2023\/10\/Hanna-Kalajas-Tilga-200x300.jpg 200w, https:\/\/fysiokeskus.ee\/wp-content\/uploads\/2023\/10\/Hanna-Kalajas-Tilga-768x1152.jpg 768w, https:\/\/fysiokeskus.ee\/wp-content\/uploads\/2023\/10\/Hanna-Kalajas-Tilga-1024x1536.jpg 1024w, https:\/\/fysiokeskus.ee\/wp-content\/uploads\/2023\/10\/Hanna-Kalajas-Tilga-1365x2048.jpg 1365w, https:\/\/fysiokeskus.ee\/wp-content\/uploads\/2023\/10\/Hanna-Kalajas-Tilga-8x12.jpg 8w, https:\/\/fysiokeskus.ee\/wp-content\/uploads\/2023\/10\/Hanna-Kalajas-Tilga.jpg 1600w\" sizes=\"(max-width: 300px) 100vw, 300px\" \/><\/a><\/p>\n<p><\/p>\n<p><!-- \/wp:image --><!-- wp:paragraph --><\/p>\n<p><strong><span style=\"text-decoration: underline;\">Kontaktid<\/span>:<\/strong><\/p>\n<p><!-- \/wp:paragraph --><!-- wp:paragraph --><\/p>\n<p>Tel 5836 1041; e-mail hanna@fysiokeskus.ee<\/p>\n<p><!-- \/wp:paragraph --><!-- wp:paragraph --><\/p>\n<p><strong><u>Haridustee<\/u>:<\/strong><\/p>\n<p><!-- \/wp:paragraph --><!-- wp:paragraph --><\/p>\n<ul>\n<li>2017-2022 T\u00dc liikumis- ja sporditeaduste doktorantuur. Doktorit\u00f6\u00f6 teema \u201cTranskontekstilise motivatsioonimudeli empiiriline testimine noorukite liikumisaktiivsuse kontekstis\u201d.<\/li>\n<\/ul>\n<p><!-- \/wp:paragraph --><!-- wp:paragraph --><\/p>\n<ul>\n<li>2012-2017 T\u00dc f\u00fcsioteraapia eriala magistri\u00f5pe <em>cum laude<\/em>. Magistrit\u00f6\u00f6 teemal \u201cM\u00fcoopia seos kaela- ja \u00f5lav\u00f6\u00f6tmevaevuste, r\u00fchih\u00e4irete ja elukvaliteediga\u201d.<\/li>\n<\/ul>\n<p><!-- \/wp:paragraph --><!-- wp:paragraph --><\/p>\n<ul>\n<li>2014-2016 Universidad Autonoma de Barcelona, Instituto Guttmann, neurorehabilitatsiooni magistri\u00f5pe. Magistrit\u00f6\u00f6 teemal \u201c<em>Transfer sit-to-stand and stand-to-sit in stroke followed by PSE technique<\/em>\u201d (eesti k \u201ePSE tehnika kasutamine siirdumisel istumisasendist p\u00fcsti ja p\u00fcstiasendist istuma insuldi korral\u201c).<\/li>\n<\/ul>\n<p><!-- \/wp:paragraph --><!-- wp:paragraph --><\/p>\n<ul>\n<li>2008-2012 T\u00dc f\u00fcsioteraapia eriala bakalaureuse\u00f5pe <em>cum laude<\/em>.<\/li>\n<\/ul>\n<p><!-- \/wp:paragraph --><!-- wp:paragraph --><\/p>\n<p><\/p>\n<p><!-- \/wp:paragraph --><!-- wp:paragraph --><\/p>\n<p><strong><u>T\u00f6\u00f6kogemus<\/u>:<\/strong><\/p>\n<p><!-- \/wp:paragraph --><!-- wp:paragraph --><\/p>\n<p>Lisaks Fysiokeskusele t\u00f6\u00f6tab Hanna osakoormusega T\u00dc sporditeaduste ja f\u00fcsioteraapia instituudis lektorina ja T\u00dc Kliinikumis vaimse tervise probleemidega patsientidega.<\/p>\n<p><!-- \/wp:paragraph --><!-- wp:paragraph --><\/p>\n<p>Varasemalt on t\u00f6\u00f6tanud f\u00fcsioterapeudina Sanatoorium Tervises, Elva haiglas, Haapsalu Neuroloogilises rehabilitatsioonikeskuses, MT\u00dc Tervisetoas ja Dorpat Spas.<\/p>\n<p><!-- \/wp:paragraph --><!-- wp:paragraph --><\/p>\n<p><\/p>\n<p><!-- \/wp:paragraph --><!-- wp:paragraph --><\/p>\n<p><strong><span style=\"text-decoration: underline;\">Spetsialiseerumine<\/span>:<\/strong><\/p>\n<p><!-- \/wp:paragraph --><!-- wp:paragraph --><\/p>\n<p>Vaimse tervise f\u00fcsioteraapia, neuroloogiline f\u00fcsioteraapia, skeletilihass\u00fcsteemi f\u00fcsioteraapia.<\/p>\n<p><!-- \/wp:paragraph --><!-- wp:paragraph --><\/p>\n<p>Hannal on f\u00fcsioterapeudi 7. taseme kvalifikatsioon ja ta on leitav kutseregistris:&nbsp; <a href=\"https:\/\/www.kutseregister.ee\/ctrl\/et\/Tunnistused\/vaata\/10663380\/1\">https:\/\/www.kutseregister.ee\/ctrl\/et\/Tunnistused\/vaata\/10663380\/1<\/a><\/p>\n<p><!-- \/wp:paragraph --><\/p>\t\t\t\t\t\t\t\t<\/div>\n\t\t\t\t<\/div>\n\t\t\t\t\t<\/div>\n\t\t<\/div>\n\t\t\t\t\t<\/div>\n\t\t<\/section>\n\t\t\t\t<\/div>","protected":false},"excerpt":{"rendered":"<p>Kontaktid: Tel 5836 1041; e-mail hanna@fysiokeskus.ee Haridustee: 2017-2022 T\u00dc liikumis- ja sporditeaduste doktorantuur. Doktorit\u00f6\u00f6 teema \u201cTranskontekstilise motivatsioonimudeli empiiriline testimine noorukite liikumisaktiivsuse kontekstis\u201d. 2012-2017 T\u00dc f\u00fcsioteraapia eriala magistri\u00f5pe cum laude. Magistrit\u00f6\u00f6 teemal \u201cM\u00fcoopia seos kaela- ja \u00f5lav\u00f6\u00f6tmevaevuste, r\u00fchih\u00e4irete ja elukvaliteediga\u201d. 2014-2016 Universidad Autonoma de Barcelona, Instituto Guttmann, neurorehabilitatsiooni magistri\u00f5pe. Magistrit\u00f6\u00f6 teemal \u201cTransfer sit-to-stand and stand-to-sit in [&hellip;]<\/p>\n","protected":false},"author":2,"featured_media":0,"parent":0,"menu_order":0,"comment_status":"closed","ping_status":"closed","template":"","meta":{"_monsterinsights_skip_tracking":false,"_monsterinsights_sitenote_active":false,"_monsterinsights_sitenote_note":"","_monsterinsights_sitenote_category":0,"footnotes":""},"class_list":["post-1633","page","type-page","status-publish","hentry"],"yoast_head":"<!-- This site is optimized with the Yoast SEO plugin v27.3 - https:\/\/yoast.com\/product\/yoast-seo-wordpress\/ -->\n<title>Hanna Kalajas-Tilga (PhD) - FYSIOKESKUS<\/title>\n<meta name=\"robots\" content=\"index, follow, max-snippet:-1, max-image-preview:large, max-video-preview:-1\" \/>\n<link rel=\"canonical\" href=\"https:\/\/fysiokeskus.ee\/en\/hanna-kalajas-tilga-msc\/\" \/>\n<meta property=\"og:locale\" content=\"en_US\" \/>\n<meta property=\"og:type\" content=\"article\" \/>\n<meta property=\"og:title\" content=\"Hanna Kalajas-Tilga (PhD) - FYSIOKESKUS\" \/>\n<meta property=\"og:description\" content=\"Kontaktid: Tel 5836 1041; e-mail hanna@fysiokeskus.ee Haridustee: 2017-2022 T\u00dc liikumis- ja sporditeaduste doktorantuur. Doktorit\u00f6\u00f6 teema \u201cTranskontekstilise motivatsioonimudeli empiiriline testimine noorukite liikumisaktiivsuse kontekstis\u201d. 2012-2017 T\u00dc f\u00fcsioteraapia eriala magistri\u00f5pe cum laude. Magistrit\u00f6\u00f6 teemal \u201cM\u00fcoopia seos kaela- ja \u00f5lav\u00f6\u00f6tmevaevuste, r\u00fchih\u00e4irete ja elukvaliteediga\u201d. 2014-2016 Universidad Autonoma de Barcelona, Instituto Guttmann, neurorehabilitatsiooni magistri\u00f5pe. Magistrit\u00f6\u00f6 teemal \u201cTransfer sit-to-stand and stand-to-sit in [&hellip;]\" \/>\n<meta property=\"og:url\" content=\"https:\/\/fysiokeskus.ee\/en\/hanna-kalajas-tilga-msc\/\" \/>\n<meta property=\"og:site_name\" content=\"FYSIOKESKUS\" \/>\n<meta property=\"article:publisher\" content=\"https:\/\/www.facebook.com\/Fysiokeskus.ee\" \/>\n<meta property=\"article:modified_time\" content=\"2024-12-17T20:50:11+00:00\" \/>\n<meta property=\"og:image\" content=\"https:\/\/fysiokeskus.ee\/wp-content\/uploads\/2023\/10\/Hanna-Kalajas-Tilga.jpg\" \/>\n\t<meta property=\"og:image:width\" content=\"1600\" \/>\n\t<meta property=\"og:image:height\" content=\"2400\" \/>\n\t<meta property=\"og:image:type\" content=\"image\/jpeg\" \/>\n<meta name=\"twitter:card\" content=\"summary_large_image\" \/>\n<meta name=\"twitter:label1\" content=\"Est. reading time\" \/>\n\t<meta name=\"twitter:data1\" content=\"2 minutes\" \/>\n<script type=\"application\/ld+json\" class=\"yoast-schema-graph\">{\"@context\":\"https:\\\/\\\/schema.org\",\"@graph\":[{\"@type\":\"WebPage\",\"@id\":\"https:\\\/\\\/fysiokeskus.ee\\\/hanna-kalajas-tilga-msc\\\/\",\"url\":\"https:\\\/\\\/fysiokeskus.ee\\\/hanna-kalajas-tilga-msc\\\/\",\"name\":\"Hanna Kalajas-Tilga (PhD) - FYSIOKESKUS\",\"isPartOf\":{\"@id\":\"https:\\\/\\\/fysiokeskus.ee\\\/#website\"},\"primaryImageOfPage\":{\"@id\":\"https:\\\/\\\/fysiokeskus.ee\\\/hanna-kalajas-tilga-msc\\\/#primaryimage\"},\"image\":{\"@id\":\"https:\\\/\\\/fysiokeskus.ee\\\/hanna-kalajas-tilga-msc\\\/#primaryimage\"},\"thumbnailUrl\":\"https:\\\/\\\/fysiokeskus.ee\\\/wp-content\\\/uploads\\\/2023\\\/10\\\/Hanna-Kalajas-Tilga-683x1024.jpg\",\"datePublished\":\"2020-10-07T06:38:59+00:00\",\"dateModified\":\"2024-12-17T20:50:11+00:00\",\"inLanguage\":\"en-US\",\"potentialAction\":[{\"@type\":\"ReadAction\",\"target\":[\"https:\\\/\\\/fysiokeskus.ee\\\/hanna-kalajas-tilga-msc\\\/\"]}]},{\"@type\":\"ImageObject\",\"inLanguage\":\"en-US\",\"@id\":\"https:\\\/\\\/fysiokeskus.ee\\\/hanna-kalajas-tilga-msc\\\/#primaryimage\",\"url\":\"https:\\\/\\\/fysiokeskus.ee\\\/wp-content\\\/uploads\\\/2023\\\/10\\\/Hanna-Kalajas-Tilga-683x1024.jpg\",\"contentUrl\":\"https:\\\/\\\/fysiokeskus.ee\\\/wp-content\\\/uploads\\\/2023\\\/10\\\/Hanna-Kalajas-Tilga-683x1024.jpg\"},{\"@type\":\"WebSite\",\"@id\":\"https:\\\/\\\/fysiokeskus.ee\\\/#website\",\"url\":\"https:\\\/\\\/fysiokeskus.ee\\\/\",\"name\":\"FYSIOKESKUS\",\"description\":\"F\u00fcsioteraapia ja massaa\u017e\",\"publisher\":{\"@id\":\"https:\\\/\\\/fysiokeskus.ee\\\/#organization\"},\"potentialAction\":[{\"@type\":\"SearchAction\",\"target\":{\"@type\":\"EntryPoint\",\"urlTemplate\":\"https:\\\/\\\/fysiokeskus.ee\\\/?s={search_term_string}\"},\"query-input\":{\"@type\":\"PropertyValueSpecification\",\"valueRequired\":true,\"valueName\":\"search_term_string\"}}],\"inLanguage\":\"en-US\"},{\"@type\":\"Organization\",\"@id\":\"https:\\\/\\\/fysiokeskus.ee\\\/#organization\",\"name\":\"FYSIOKESKUS\",\"url\":\"https:\\\/\\\/fysiokeskus.ee\\\/\",\"logo\":{\"@type\":\"ImageObject\",\"inLanguage\":\"en-US\",\"@id\":\"https:\\\/\\\/fysiokeskus.ee\\\/#\\\/schema\\\/logo\\\/image\\\/\",\"url\":\"https:\\\/\\\/fysiokeskus.ee\\\/wp-content\\\/uploads\\\/2022\\\/10\\\/FK1.png\",\"contentUrl\":\"https:\\\/\\\/fysiokeskus.ee\\\/wp-content\\\/uploads\\\/2022\\\/10\\\/FK1.png\",\"width\":885,\"height\":387,\"caption\":\"FYSIOKESKUS\"},\"image\":{\"@id\":\"https:\\\/\\\/fysiokeskus.ee\\\/#\\\/schema\\\/logo\\\/image\\\/\"},\"sameAs\":[\"https:\\\/\\\/www.facebook.com\\\/Fysiokeskus.ee\"]}]}<\/script>\n<!-- \/ Yoast SEO plugin. -->","yoast_head_json":{"title":"Hanna Kalajas-Tilga (PhD) - FYSIOKESKUS","robots":{"index":"index","follow":"follow","max-snippet":"max-snippet:-1","max-image-preview":"max-image-preview:large","max-video-preview":"max-video-preview:-1"},"canonical":"https:\/\/fysiokeskus.ee\/en\/hanna-kalajas-tilga-msc\/","og_locale":"en_US","og_type":"article","og_title":"Hanna Kalajas-Tilga (PhD) - FYSIOKESKUS","og_description":"Kontaktid: Tel 5836 1041; e-mail hanna@fysiokeskus.ee Haridustee: 2017-2022 T\u00dc liikumis- ja sporditeaduste doktorantuur. Doktorit\u00f6\u00f6 teema \u201cTranskontekstilise motivatsioonimudeli empiiriline testimine noorukite liikumisaktiivsuse kontekstis\u201d. 2012-2017 T\u00dc f\u00fcsioteraapia eriala magistri\u00f5pe cum laude. Magistrit\u00f6\u00f6 teemal \u201cM\u00fcoopia seos kaela- ja \u00f5lav\u00f6\u00f6tmevaevuste, r\u00fchih\u00e4irete ja elukvaliteediga\u201d. 2014-2016 Universidad Autonoma de Barcelona, Instituto Guttmann, neurorehabilitatsiooni magistri\u00f5pe. Magistrit\u00f6\u00f6 teemal \u201cTransfer sit-to-stand and stand-to-sit in [&hellip;]","og_url":"https:\/\/fysiokeskus.ee\/en\/hanna-kalajas-tilga-msc\/","og_site_name":"FYSIOKESKUS","article_publisher":"https:\/\/www.facebook.com\/Fysiokeskus.ee","article_modified_time":"2024-12-17T20:50:11+00:00","og_image":[{"width":1600,"height":2400,"url":"https:\/\/fysiokeskus.ee\/wp-content\/uploads\/2023\/10\/Hanna-Kalajas-Tilga.jpg","type":"image\/jpeg"}],"twitter_card":"summary_large_image","twitter_misc":{"Est. reading time":"2 minutes"},"schema":{"@context":"https:\/\/schema.org","@graph":[{"@type":"WebPage","@id":"https:\/\/fysiokeskus.ee\/hanna-kalajas-tilga-msc\/","url":"https:\/\/fysiokeskus.ee\/hanna-kalajas-tilga-msc\/","name":"Hanna Kalajas-Tilga (PhD) - FYSIOKESKUS","isPartOf":{"@id":"https:\/\/fysiokeskus.ee\/#website"},"primaryImageOfPage":{"@id":"https:\/\/fysiokeskus.ee\/hanna-kalajas-tilga-msc\/#primaryimage"},"image":{"@id":"https:\/\/fysiokeskus.ee\/hanna-kalajas-tilga-msc\/#primaryimage"},"thumbnailUrl":"https:\/\/fysiokeskus.ee\/wp-content\/uploads\/2023\/10\/Hanna-Kalajas-Tilga-683x1024.jpg","datePublished":"2020-10-07T06:38:59+00:00","dateModified":"2024-12-17T20:50:11+00:00","inLanguage":"en-US","potentialAction":[{"@type":"ReadAction","target":["https:\/\/fysiokeskus.ee\/hanna-kalajas-tilga-msc\/"]}]},{"@type":"ImageObject","inLanguage":"en-US","@id":"https:\/\/fysiokeskus.ee\/hanna-kalajas-tilga-msc\/#primaryimage","url":"https:\/\/fysiokeskus.ee\/wp-content\/uploads\/2023\/10\/Hanna-Kalajas-Tilga-683x1024.jpg","contentUrl":"https:\/\/fysiokeskus.ee\/wp-content\/uploads\/2023\/10\/Hanna-Kalajas-Tilga-683x1024.jpg"},{"@type":"WebSite","@id":"https:\/\/fysiokeskus.ee\/#website","url":"https:\/\/fysiokeskus.ee\/","name":"FYSIOKESKUS","description":"F\u00fcsioteraapia ja massaa\u017e","publisher":{"@id":"https:\/\/fysiokeskus.ee\/#organization"},"potentialAction":[{"@type":"SearchAction","target":{"@type":"EntryPoint","urlTemplate":"https:\/\/fysiokeskus.ee\/?s={search_term_string}"},"query-input":{"@type":"PropertyValueSpecification","valueRequired":true,"valueName":"search_term_string"}}],"inLanguage":"en-US"},{"@type":"Organization","@id":"https:\/\/fysiokeskus.ee\/#organization","name":"FYSIOKESKUS","url":"https:\/\/fysiokeskus.ee\/","logo":{"@type":"ImageObject","inLanguage":"en-US","@id":"https:\/\/fysiokeskus.ee\/#\/schema\/logo\/image\/","url":"https:\/\/fysiokeskus.ee\/wp-content\/uploads\/2022\/10\/FK1.png","contentUrl":"https:\/\/fysiokeskus.ee\/wp-content\/uploads\/2022\/10\/FK1.png","width":885,"height":387,"caption":"FYSIOKESKUS"},"image":{"@id":"https:\/\/fysiokeskus.ee\/#\/schema\/logo\/image\/"},"sameAs":["https:\/\/www.facebook.com\/Fysiokeskus.ee"]}]}},"jetpack_sharing_enabled":true,"_links":{"self":[{"href":"https:\/\/fysiokeskus.ee\/en\/wp-json\/wp\/v2\/pages\/1633","targetHints":{"allow":["GET"]}}],"collection":[{"href":"https:\/\/fysiokeskus.ee\/en\/wp-json\/wp\/v2\/pages"}],"about":[{"href":"https:\/\/fysiokeskus.ee\/en\/wp-json\/wp\/v2\/types\/page"}],"author":[{"embeddable":true,"href":"https:\/\/fysiokeskus.ee\/en\/wp-json\/wp\/v2\/users\/2"}],"replies":[{"embeddable":true,"href":"https:\/\/fysiokeskus.ee\/en\/wp-json\/wp\/v2\/comments?post=1633"}],"version-history":[{"count":45,"href":"https:\/\/fysiokeskus.ee\/en\/wp-json\/wp\/v2\/pages\/1633\/revisions"}],"predecessor-version":[{"id":3014,"href":"https:\/\/fysiokeskus.ee\/en\/wp-json\/wp\/v2\/pages\/1633\/revisions\/3014"}],"wp:attachment":[{"href":"https:\/\/fysiokeskus.ee\/en\/wp-json\/wp\/v2\/media?parent=1633"}],"curies":[{"name":"wp","href":"https:\/\/api.w.org\/{rel}","templated":true}]}}