{"id":1519,"date":"2020-01-17T23:22:22","date_gmt":"2020-01-17T20:22:22","guid":{"rendered":"https:\/\/fysiokeskus.ee\/?page_id=1519"},"modified":"2020-09-26T14:06:05","modified_gmt":"2020-09-26T11:06:05","slug":"adhesiivne-kapsuliit","status":"publish","type":"page","link":"https:\/\/fysiokeskus.ee\/en\/teadustegevus\/adhesiivne-kapsuliit\/","title":{"rendered":"Adhesive capsulitis"},"content":{"rendered":"<p><strong>Adhesiivne kapsuliit e nn \u201ek\u00fclmunud \u00f5lg\u201c<\/strong><\/p>\n\n\n\n<p>Adhesiivne kapsuliit (nn k\u00fclmunud\n\u00f5lg) on seisund, kus \u00f5laliigest \u00fcmbritsev kapsel ning kude on p\u00f5letikuline, tekitades\nvalu ja seet\u00f5ttu ka aktiivse ja passiivse liigesliikuvuse kadumist \u00f5laliigeses\n(1). Adhesiivse kapsuliidi korral tekivad liigeses tihedad adhesioonid, mis\ntakistavad vaba liikumist. Seisund on enam levinud \u00fcle 40 a naiste hulgas (2).\nAdhesiivse kapsuliidi t\u00f5ttu on raskendatud igap\u00e4evategevused, nagu riietumine,\nk\u00e4e pea taha, k\u00f5rvale ja selja taha viimine, esineb \u00f6\u00f6valu.<\/p>\n\n\n\n<p>Adhesiivse kapsuliidi p\u00f5hjused on\nebaselged. Seda on seostatud eelneva traumaga, diabeediga, kilpn\u00e4\u00e4rme talitluse\nh\u00e4irega, autoimmuunsete haigustega. Samuti on riskigrupis insuldi ja infarkti\nl\u00e4bi p\u00f5denud ning rinnav\u00e4hi operatsiooni l\u00e4binud inimesed (6). Diabeedihaigetel\nesineb adhesiivset kapsuliiti v\u00f5rreldes \u00fcldpopoluatsiooniga rohkem (10,8% vs\n2,3%). Diabeedi korral kinnituvad gl\u00fckoosimolekulid kollageenikiudude k\u00fclge.\nKollageeni leidub aga nii sidemetes, mis liigeseid \u00fcmbritsevad kui ka liigesk\u00f5hredes.\nJust seet\u00f5ttu arvatakse, et diabeedi korral muutuvad liigesed j\u00e4igemaks.\nLisaks, on leitud, et diabeedi korral on k\u00f5\u00f5lustes ja lihastes kaltsiumi\nkogumikke, mis h\u00e4irivad vereringet selles piirkonnas ning samuti raskendavad\nliikuvust (3).<\/p>\n\n\n\n<p>Teadusuuringud toetavad erinevaid\nadhesiivse kapsuliidi raviviise \u2013 pole l\u00f5puni selge, milline neist v\u00f5iks olla\nk\u00f5ige parema ravitulemusega.<\/p>\n\n\n\n<p><strong>Adhesiivse kapsuliidi konservatiivsed raviv\u00f5imalused:<\/strong><\/p>\n\n\n\n<p>1) Terapeutiline harjutus \u2013 leevendab valu, suurendab liikuvust (4, 5, 6);<\/p>\n\n\n\n<p>2) Mobilisatsioon \u2013 &nbsp;leevendab valu, suurendab liikuvust (4, 5, 6,\n7);<\/p>\n\n\n\n<p>3) Laserravi \u2013&nbsp; leevendab\nvalu (5);<\/p>\n\n\n\n<p>4) Akupunktuur;<\/p>\n\n\n\n<p>5) S\u00fcvasoojendus (5);<\/p>\n\n\n\n<p>5) Elektriravi \u2013 leevendab l\u00fchiajaliselt valu (5);<\/p>\n\n\n\n<p>6) Ultraheli&nbsp; \u2013 ultraheli\nkasutamine madalal sagedusel suurendab rakusisese kaltsiumi osakaalu, suurendab\nnaha ja rakumembraanide permeaablust (l\u00e4bilaskev\u00f5imet), ja kiirendab\nfibroblastide proteiinis\u00fcntees (7).<\/p>\n\n\n\n<p>Kortikosteroids\u00fcste soovitatakse valu leevendamise\neesm\u00e4rgil adhesiivse kapsuliidi algstaadiumis (5).<\/p>\n\n\n\n<p>Hea ravitulemuse saamiseks ning\nvaluvaba liigesliikuvuse taastamiseks on oluline esimeste s\u00fcmptomite ilmnemisel\np\u00f6\u00f6rduda f\u00fcsioterapeudi poole. Mida kiiremini alustatakse raviga, seda\nkiiremini taastub funktsioon (6).<\/p>\n\n\n\n<p>Kuna iga patsiendi \u00f5lavalu p\u00f5hjus on erinev ja tema keha reageerib ka ravile omamoodi, siis valitakse ka ravistrateegia vastavalt sellele.<\/p>\n\n\n\n<p><strong>Kasutatud kirjandus:<\/strong><\/p>\n\n\n\n<p>1) Zuckerman, J.D., Rokito, A. (2011). Frozen shoulder: A\nconsen\u00adsus definition. <em>Journal of shoulder and elbow surgery<\/em>. <em>20<\/em>(2):322-325.\n<\/p>\n\n\n\n<p>2) Neviaser, A.S., Hannafin, J.A. (2010). Adhesive\ncapsulitis: a re\u00adview of current treatment. <em>American Journal of sports\nmedicine<\/em>. <em>38<\/em>:2346-2356. <\/p>\n\n\n\n<p>&nbsp;3) Bridgman, J.F. (1972).\nPeriarthritis of the shoulder and diabe\u00adtes mellitus. <em>Journal of Annals of\nthe Rheumatic diseas\u00ades<\/em>. <em>31<\/em>(1): 69-71. <\/p>\n\n\n\n<p>4) Neviaser, A.S., Hannafin, J.A. (2010). Adhesive\ncapsulitis. A review of Current Treatment. <em>The American Journal of Sports\nMedicine<\/em>, 38 (11): 2346-2356.<\/p>\n\n\n\n<p>5) Jain, T.K., Sharma, N.K. (2014). The effectiveness of\nphysiotherapeutic interventions in treatment of frozen shoulder\/adhesive\ncapsulitis: A systematic review. <em>Journal of Back and Musculoskeletal\nRehabilitation<\/em>, 27: 247-273.<\/p>\n\n\n\n<p>6) Alsubheen, S.A., Nazari, G., Bobos, P., MacDermid, J.,\nOverend T.J., Faber, K. (2018). Effectiveness of Nonsurgical Interventions for Managing\nAdhesive Capsulitis in Patients With Diabetes: A Systematic Review. <em>Archives\nof physical medicine and rehabilitation<\/em>.<\/p>\n\n\n\n<p>7) Viswanath Reddy, A., Raghava Krishna, S., Madhavi, K., Sachan, A. (2019). A comparative study on the effect of paraffin wax therapy with manual mobilization versus ultrasound therapy with manual mobilization on pain, range of motion and functional status of shoulder in diabetic subjects with adhesive capsulitis. <em>International journal of physiotherapy<\/em>. 6(5): 206-210.<\/p>","protected":false},"excerpt":{"rendered":"<p>Adhesiivne kapsuliit e nn \u201ek\u00fclmunud \u00f5lg\u201c Adhesiivne kapsuliit (nn k\u00fclmunud \u00f5lg) on seisund, kus \u00f5laliigest \u00fcmbritsev kapsel ning kude on p\u00f5letikuline, tekitades valu ja seet\u00f5ttu ka aktiivse ja passiivse liigesliikuvuse kadumist \u00f5laliigeses (1). Adhesiivse kapsuliidi korral tekivad liigeses tihedad adhesioonid, mis takistavad vaba liikumist. Seisund on enam levinud \u00fcle 40 a naiste hulgas (2). Adhesiivse [&hellip;]<\/p>\n","protected":false},"author":2,"featured_media":0,"parent":1202,"menu_order":0,"comment_status":"closed","ping_status":"closed","template":"","meta":{"_monsterinsights_skip_tracking":false,"_monsterinsights_sitenote_active":false,"_monsterinsights_sitenote_note":"","_monsterinsights_sitenote_category":0,"footnotes":""},"class_list":["post-1519","page","type-page","status-publish","hentry"],"yoast_head":"<!-- This site is optimized with the Yoast SEO plugin v27.3 - https:\/\/yoast.com\/product\/yoast-seo-wordpress\/ -->\n<title>Adhesiivne kapsuliit - FYSIOKESKUS<\/title>\n<meta name=\"robots\" content=\"index, follow, max-snippet:-1, max-image-preview:large, max-video-preview:-1\" \/>\n<link rel=\"canonical\" href=\"https:\/\/fysiokeskus.ee\/en\/teadustegevus\/adhesiivne-kapsuliit\/\" \/>\n<meta property=\"og:locale\" content=\"en_US\" \/>\n<meta property=\"og:type\" content=\"article\" \/>\n<meta property=\"og:title\" content=\"Adhesiivne kapsuliit - FYSIOKESKUS\" \/>\n<meta property=\"og:description\" content=\"Adhesiivne kapsuliit e nn \u201ek\u00fclmunud \u00f5lg\u201c Adhesiivne kapsuliit (nn k\u00fclmunud \u00f5lg) on seisund, kus \u00f5laliigest \u00fcmbritsev kapsel ning kude on p\u00f5letikuline, tekitades valu ja seet\u00f5ttu ka aktiivse ja passiivse liigesliikuvuse kadumist \u00f5laliigeses (1). Adhesiivse kapsuliidi korral tekivad liigeses tihedad adhesioonid, mis takistavad vaba liikumist. Seisund on enam levinud \u00fcle 40 a naiste hulgas (2). Adhesiivse [&hellip;]\" \/>\n<meta property=\"og:url\" content=\"https:\/\/fysiokeskus.ee\/en\/teadustegevus\/adhesiivne-kapsuliit\/\" \/>\n<meta property=\"og:site_name\" content=\"FYSIOKESKUS\" \/>\n<meta property=\"article:publisher\" content=\"https:\/\/www.facebook.com\/Fysiokeskus.ee\" \/>\n<meta property=\"article:modified_time\" content=\"2020-09-26T11:06:05+00:00\" \/>\n<meta name=\"twitter:card\" content=\"summary_large_image\" \/>\n<meta name=\"twitter:label1\" content=\"Est. reading time\" \/>\n\t<meta name=\"twitter:data1\" content=\"2 minutes\" \/>\n<script type=\"application\/ld+json\" class=\"yoast-schema-graph\">{\"@context\":\"https:\\\/\\\/schema.org\",\"@graph\":[{\"@type\":\"WebPage\",\"@id\":\"https:\\\/\\\/fysiokeskus.ee\\\/teadustegevus\\\/adhesiivne-kapsuliit\\\/\",\"url\":\"https:\\\/\\\/fysiokeskus.ee\\\/teadustegevus\\\/adhesiivne-kapsuliit\\\/\",\"name\":\"Adhesiivne kapsuliit - FYSIOKESKUS\",\"isPartOf\":{\"@id\":\"https:\\\/\\\/fysiokeskus.ee\\\/#website\"},\"datePublished\":\"2020-01-17T20:22:22+00:00\",\"dateModified\":\"2020-09-26T11:06:05+00:00\",\"breadcrumb\":{\"@id\":\"https:\\\/\\\/fysiokeskus.ee\\\/teadustegevus\\\/adhesiivne-kapsuliit\\\/#breadcrumb\"},\"inLanguage\":\"en-US\",\"potentialAction\":[{\"@type\":\"ReadAction\",\"target\":[\"https:\\\/\\\/fysiokeskus.ee\\\/teadustegevus\\\/adhesiivne-kapsuliit\\\/\"]}]},{\"@type\":\"BreadcrumbList\",\"@id\":\"https:\\\/\\\/fysiokeskus.ee\\\/teadustegevus\\\/adhesiivne-kapsuliit\\\/#breadcrumb\",\"itemListElement\":[{\"@type\":\"ListItem\",\"position\":1,\"name\":\"Teadustegevus\",\"item\":\"https:\\\/\\\/fysiokeskus.ee\\\/teadustegevus\\\/\"},{\"@type\":\"ListItem\",\"position\":2,\"name\":\"Adhesiivne kapsuliit\"}]},{\"@type\":\"WebSite\",\"@id\":\"https:\\\/\\\/fysiokeskus.ee\\\/#website\",\"url\":\"https:\\\/\\\/fysiokeskus.ee\\\/\",\"name\":\"FYSIOKESKUS\",\"description\":\"F\u00fcsioteraapia ja massaa\u017e\",\"publisher\":{\"@id\":\"https:\\\/\\\/fysiokeskus.ee\\\/#organization\"},\"potentialAction\":[{\"@type\":\"SearchAction\",\"target\":{\"@type\":\"EntryPoint\",\"urlTemplate\":\"https:\\\/\\\/fysiokeskus.ee\\\/?s={search_term_string}\"},\"query-input\":{\"@type\":\"PropertyValueSpecification\",\"valueRequired\":true,\"valueName\":\"search_term_string\"}}],\"inLanguage\":\"en-US\"},{\"@type\":\"Organization\",\"@id\":\"https:\\\/\\\/fysiokeskus.ee\\\/#organization\",\"name\":\"FYSIOKESKUS\",\"url\":\"https:\\\/\\\/fysiokeskus.ee\\\/\",\"logo\":{\"@type\":\"ImageObject\",\"inLanguage\":\"en-US\",\"@id\":\"https:\\\/\\\/fysiokeskus.ee\\\/#\\\/schema\\\/logo\\\/image\\\/\",\"url\":\"https:\\\/\\\/fysiokeskus.ee\\\/wp-content\\\/uploads\\\/2022\\\/10\\\/FK1.png\",\"contentUrl\":\"https:\\\/\\\/fysiokeskus.ee\\\/wp-content\\\/uploads\\\/2022\\\/10\\\/FK1.png\",\"width\":885,\"height\":387,\"caption\":\"FYSIOKESKUS\"},\"image\":{\"@id\":\"https:\\\/\\\/fysiokeskus.ee\\\/#\\\/schema\\\/logo\\\/image\\\/\"},\"sameAs\":[\"https:\\\/\\\/www.facebook.com\\\/Fysiokeskus.ee\"]}]}<\/script>\n<!-- \/ Yoast SEO plugin. -->","yoast_head_json":{"title":"Adhesiivne kapsuliit - FYSIOKESKUS","robots":{"index":"index","follow":"follow","max-snippet":"max-snippet:-1","max-image-preview":"max-image-preview:large","max-video-preview":"max-video-preview:-1"},"canonical":"https:\/\/fysiokeskus.ee\/en\/teadustegevus\/adhesiivne-kapsuliit\/","og_locale":"en_US","og_type":"article","og_title":"Adhesiivne kapsuliit - FYSIOKESKUS","og_description":"Adhesiivne kapsuliit e nn \u201ek\u00fclmunud \u00f5lg\u201c Adhesiivne kapsuliit (nn k\u00fclmunud \u00f5lg) on seisund, kus \u00f5laliigest \u00fcmbritsev kapsel ning kude on p\u00f5letikuline, tekitades valu ja seet\u00f5ttu ka aktiivse ja passiivse liigesliikuvuse kadumist \u00f5laliigeses (1). Adhesiivse kapsuliidi korral tekivad liigeses tihedad adhesioonid, mis takistavad vaba liikumist. Seisund on enam levinud \u00fcle 40 a naiste hulgas (2). Adhesiivse [&hellip;]","og_url":"https:\/\/fysiokeskus.ee\/en\/teadustegevus\/adhesiivne-kapsuliit\/","og_site_name":"FYSIOKESKUS","article_publisher":"https:\/\/www.facebook.com\/Fysiokeskus.ee","article_modified_time":"2020-09-26T11:06:05+00:00","twitter_card":"summary_large_image","twitter_misc":{"Est. reading time":"2 minutes"},"schema":{"@context":"https:\/\/schema.org","@graph":[{"@type":"WebPage","@id":"https:\/\/fysiokeskus.ee\/teadustegevus\/adhesiivne-kapsuliit\/","url":"https:\/\/fysiokeskus.ee\/teadustegevus\/adhesiivne-kapsuliit\/","name":"Adhesiivne kapsuliit - FYSIOKESKUS","isPartOf":{"@id":"https:\/\/fysiokeskus.ee\/#website"},"datePublished":"2020-01-17T20:22:22+00:00","dateModified":"2020-09-26T11:06:05+00:00","breadcrumb":{"@id":"https:\/\/fysiokeskus.ee\/teadustegevus\/adhesiivne-kapsuliit\/#breadcrumb"},"inLanguage":"en-US","potentialAction":[{"@type":"ReadAction","target":["https:\/\/fysiokeskus.ee\/teadustegevus\/adhesiivne-kapsuliit\/"]}]},{"@type":"BreadcrumbList","@id":"https:\/\/fysiokeskus.ee\/teadustegevus\/adhesiivne-kapsuliit\/#breadcrumb","itemListElement":[{"@type":"ListItem","position":1,"name":"Teadustegevus","item":"https:\/\/fysiokeskus.ee\/teadustegevus\/"},{"@type":"ListItem","position":2,"name":"Adhesiivne kapsuliit"}]},{"@type":"WebSite","@id":"https:\/\/fysiokeskus.ee\/#website","url":"https:\/\/fysiokeskus.ee\/","name":"FYSIOKESKUS","description":"F\u00fcsioteraapia ja massaa\u017e","publisher":{"@id":"https:\/\/fysiokeskus.ee\/#organization"},"potentialAction":[{"@type":"SearchAction","target":{"@type":"EntryPoint","urlTemplate":"https:\/\/fysiokeskus.ee\/?s={search_term_string}"},"query-input":{"@type":"PropertyValueSpecification","valueRequired":true,"valueName":"search_term_string"}}],"inLanguage":"en-US"},{"@type":"Organization","@id":"https:\/\/fysiokeskus.ee\/#organization","name":"FYSIOKESKUS","url":"https:\/\/fysiokeskus.ee\/","logo":{"@type":"ImageObject","inLanguage":"en-US","@id":"https:\/\/fysiokeskus.ee\/#\/schema\/logo\/image\/","url":"https:\/\/fysiokeskus.ee\/wp-content\/uploads\/2022\/10\/FK1.png","contentUrl":"https:\/\/fysiokeskus.ee\/wp-content\/uploads\/2022\/10\/FK1.png","width":885,"height":387,"caption":"FYSIOKESKUS"},"image":{"@id":"https:\/\/fysiokeskus.ee\/#\/schema\/logo\/image\/"},"sameAs":["https:\/\/www.facebook.com\/Fysiokeskus.ee"]}]}},"jetpack_sharing_enabled":true,"_links":{"self":[{"href":"https:\/\/fysiokeskus.ee\/en\/wp-json\/wp\/v2\/pages\/1519","targetHints":{"allow":["GET"]}}],"collection":[{"href":"https:\/\/fysiokeskus.ee\/en\/wp-json\/wp\/v2\/pages"}],"about":[{"href":"https:\/\/fysiokeskus.ee\/en\/wp-json\/wp\/v2\/types\/page"}],"author":[{"embeddable":true,"href":"https:\/\/fysiokeskus.ee\/en\/wp-json\/wp\/v2\/users\/2"}],"replies":[{"embeddable":true,"href":"https:\/\/fysiokeskus.ee\/en\/wp-json\/wp\/v2\/comments?post=1519"}],"version-history":[{"count":3,"href":"https:\/\/fysiokeskus.ee\/en\/wp-json\/wp\/v2\/pages\/1519\/revisions"}],"predecessor-version":[{"id":1620,"href":"https:\/\/fysiokeskus.ee\/en\/wp-json\/wp\/v2\/pages\/1519\/revisions\/1620"}],"up":[{"embeddable":true,"href":"https:\/\/fysiokeskus.ee\/en\/wp-json\/wp\/v2\/pages\/1202"}],"wp:attachment":[{"href":"https:\/\/fysiokeskus.ee\/en\/wp-json\/wp\/v2\/media?parent=1519"}],"curies":[{"name":"wp","href":"https:\/\/api.w.org\/{rel}","templated":true}]}}