{"id":1202,"date":"2015-11-03T22:15:34","date_gmt":"2015-11-03T19:15:34","guid":{"rendered":"http:\/\/fysiokeskus.ee\/?page_id=1202"},"modified":"2022-01-21T20:33:59","modified_gmt":"2022-01-21T17:33:59","slug":"teadustegevus","status":"publish","type":"page","link":"https:\/\/fysiokeskus.ee\/en\/teadustegevus\/","title":{"rendered":"Scientific activity"},"content":{"rendered":"<ul>\n<li><span style=\"color: #782901;\"><strong>Hanna Kalajas-Tilga, Andre Koka, Vello Hein, Henri Tilga, Lennart Raudsepp<\/strong><\/span><\/li>\n<\/ul>\n<p><span style=\"color: #993300;\">Kalajas-Tilga, H., Koka, A., Hein, V., Tilga, H., &amp; Raudsepp, L. (2020). Motivational processes in physical education and objectively measured physical activity among adolescents. <em>Journal of Sport and Health Science, 9<\/em>(5), 462\u2013471. <a href=\"https:\/\/doi.org\/10.1016\/j.jshs.2019.06.001\">https:\/\/doi.org\/10.1016\/j.jshs.2019.06.001<\/a><\/span><\/p>\n<p><span style=\"color: #993300;\">Kalajas-Tilga, H., Hein, V., Koka, A., Tilga, H., Raudsepp, L., &amp; Hagger, M. S. (2021). Application of the trans-contextual model to predict change in leisure time physical activity. <em>Psychology &amp; Health<\/em>. <a href=\"https:\/\/doi.org\/10.1080\/08870446.2020.1869741\">https:\/\/doi.org\/10.1080\/08870446.2020.1869741<\/a><\/span><\/p>\n<p><span style=\"color: #993300;\">Kalajas-Tilga, H., Hein, V., Koka, A., Tilga, H., Raudsepp, L., &amp; Hagger, M. S. (2021). Trans-Contextual Model Predicting Change in Out-of-School Physical Activity: A One-Year Longitudinal Study. <em>European Physical Education Review<\/em>. <a href=\"https:\/\/doi.org\/10.1177\/1356336X211053807\">https:\/\/doi.org\/10.1177\/1356336X211053807<\/a><\/span><\/p>\n<ul>\n<li><strong style=\"color: #800000;\">Doris Vahtrik, Margot Bergmann, Ingrid Vanahunt, Mark Braschinsky<\/strong><\/li>\n<\/ul>\n<p><strong style=\"color: #800000;\">&#8220;Effect of postural correction and orthopedic massage on the frequency of headaches and tenderness of muscle in migraine patients&#8221;. Journal of Musculosceletal Disorders and Treatment, 2018; 4:046<\/strong><\/p>\n<p><a href=\"https:\/\/fysiokeskus.ee\/wp-content\/uploads\/2018\/06\/Vahtrik-et-al.-2018-The-effect-of-postural-correction-and-orthopedic-massage-on-frequency-of-headaches-in-mgraine-patients.pdf\">Vahtrik et al., 2018 The effect of postural correction and orthopedic massage on frequency of headaches in migraine patients<\/a><\/p>\n<ul>\n<li><strong style=\"color: #800000;\">Hanna Kalajas-Tilga, Kuldar Kaljurand, Doris Vahtrik<\/strong><\/li>\n<\/ul>\n<p><span style=\"color: #800000;\"><strong>&#8220;M\u00fcoopiaga ja n\u00e4gemish\u00e4ireteta inimeste elukvaliteet, kehaline aktiivsus, kaela- ja \u00f5lav\u00f6\u00f6tmevaevused, liigesliikuvus, r\u00fcht ja tasakaal&#8221;. Eesti Arst, 2018; 97(1), 12-20<\/strong><\/span><\/p>\n<p><a href=\"https:\/\/fysiokeskus.ee\/wp-content\/uploads\/2018\/06\/Kalajas-Kaljurand-Vahtrik-2018-M\u00fcoopia.pdf\">Kalajas-Tilga, Kaljurand, Vahtrik, 2018 M\u00fcoopia<\/a><\/p>\n<ul>\n<li style=\"text-align: justify;\"><strong><span style=\"color: #800000;\">Lilian-Mariete Hani, MSc (magistrit\u00f6\u00f6, 2017)<\/span><\/strong><\/li>\n<\/ul>\n<p><strong><span style=\"color: #800000;\">&#8220;Seljavalupatsientide rahulolu f\u00fcsioteraapia teenusega Eestis&#8221;<\/span><\/strong><\/p>\n<p><span style=\"color: #800000;\">Uuringus anal\u00fc\u00fcsiti 370 uuritava vastuseid ankeetk\u00fcsitlusele. Protsentuaalselt moodustas valimi 1,3% Eesti seljavaluga inimestest, kui v\u00f5tta aluseks, et 2016.aastal diagnoositi Eestis seljavalu (M54) 29 063 inimesel (Eesti Haigekassa, 2017).<\/span><\/p>\n<p style=\"text-align: left;\"><strong><span style=\"color: #800000;\">Uurimist\u00f6\u00f6 j\u00e4reldused:<\/span><\/strong><br \/>\n<span style=\"color: #800000;\">*Krooniline seljavalu h\u00e4irib inimeste t\u00f6\u00f6tamist\/\u00f5ppimist, kuid haigusp\u00e4evi enamasti ei v\u00f5eta. *<\/span><span style=\"color: #800000;\">Kroonilise seljavaluga inimestele m\u00f5eldud riiklik f\u00fcsioteraapia teenus vajab reformimist teenuse k\u00e4ttesaadavuse ning seljavalupatsientide teadlikkuse suurendamise osas. *<\/span><span style=\"color: #800000;\">Kroonilise seljavaluga inimesed peavad riikliku f\u00fcsioteraapia teenuse positiivseimaks aspektiks tasuta teenust, negatiivseimaks pikki ootej\u00e4rjekordi. Kroonilise seljavaluga inimesed soovivad j\u00e4tkuf\u00fcsioteraapiana r\u00fchmatreeninguid. *<\/span><span style=\"color: #800000;\">Tasulist f\u00fcsioteraapia teenust kasutatakse riikliku f\u00fcsioteraapia teenuse puuduj\u00e4\u00e4kide p\u00e4rast.\u00a0<\/span><span style=\"color: #800000;\">*Peamine tasulise f\u00fcsioteraapia teenuse kasutamisest loobumise p\u00f5hjus on selle maksumus. *Riiklik ja tasuline f\u00fcsioteraapia teenus ei erine efektiivsuse ega koduse harjutusprogrammiga j\u00e4tkamise osas. *Enim leevendab kroonilist seljavalu v\u00f5imlemine\/harjutuste sooritamine, kroonilise seljavaluga inimesed soovivad valu leevendamiseks k\u00f5ige enam kasutada massaa\u017ei.<\/span><\/p>","protected":false},"excerpt":{"rendered":"<p>Hanna Kalajas-Tilga, Andre Koka, Vello Hein, Henri Tilga, Lennart Raudsepp Kalajas-Tilga, H., Koka, A., Hein, V., Tilga, H., &amp; Raudsepp, L. (2020). Motivational processes in physical education and objectively measured physical activity among adolescents. Journal of Sport and Health Science, 9(5), 462\u2013471. https:\/\/doi.org\/10.1016\/j.jshs.2019.06.001 Kalajas-Tilga, H., Hein, V., Koka, A., Tilga, H., Raudsepp, L., &amp; Hagger, [&hellip;]<\/p>\n","protected":false},"author":1,"featured_media":0,"parent":0,"menu_order":3,"comment_status":"closed","ping_status":"closed","template":"","meta":{"_monsterinsights_skip_tracking":false,"_monsterinsights_sitenote_active":false,"_monsterinsights_sitenote_note":"","_monsterinsights_sitenote_category":0,"footnotes":""},"class_list":["post-1202","page","type-page","status-publish","hentry"],"yoast_head":"<!-- This site is optimized with the Yoast SEO plugin v27.3 - https:\/\/yoast.com\/product\/yoast-seo-wordpress\/ -->\n<title>Teadustegevus - FYSIOKESKUS<\/title>\n<meta name=\"robots\" content=\"index, follow, max-snippet:-1, max-image-preview:large, max-video-preview:-1\" \/>\n<link rel=\"canonical\" href=\"https:\/\/fysiokeskus.ee\/en\/teadustegevus\/\" \/>\n<meta property=\"og:locale\" content=\"en_US\" \/>\n<meta property=\"og:type\" content=\"article\" \/>\n<meta property=\"og:title\" content=\"Teadustegevus - FYSIOKESKUS\" \/>\n<meta property=\"og:description\" content=\"Hanna Kalajas-Tilga, Andre Koka, Vello Hein, Henri Tilga, Lennart Raudsepp Kalajas-Tilga, H., Koka, A., Hein, V., Tilga, H., &amp; Raudsepp, L. (2020). Motivational processes in physical education and objectively measured physical activity among adolescents. Journal of Sport and Health Science, 9(5), 462\u2013471. https:\/\/doi.org\/10.1016\/j.jshs.2019.06.001 Kalajas-Tilga, H., Hein, V., Koka, A., Tilga, H., Raudsepp, L., &amp; Hagger, [&hellip;]\" \/>\n<meta property=\"og:url\" content=\"https:\/\/fysiokeskus.ee\/en\/teadustegevus\/\" \/>\n<meta property=\"og:site_name\" content=\"FYSIOKESKUS\" \/>\n<meta property=\"article:publisher\" content=\"https:\/\/www.facebook.com\/Fysiokeskus.ee\" \/>\n<meta property=\"article:modified_time\" content=\"2022-01-21T17:33:59+00:00\" \/>\n<meta name=\"twitter:card\" content=\"summary_large_image\" \/>\n<meta name=\"twitter:label1\" content=\"Est. reading time\" \/>\n\t<meta name=\"twitter:data1\" content=\"2 minutes\" \/>\n<script type=\"application\/ld+json\" class=\"yoast-schema-graph\">{\"@context\":\"https:\\\/\\\/schema.org\",\"@graph\":[{\"@type\":\"WebPage\",\"@id\":\"https:\\\/\\\/fysiokeskus.ee\\\/teadustegevus\\\/\",\"url\":\"https:\\\/\\\/fysiokeskus.ee\\\/teadustegevus\\\/\",\"name\":\"Teadustegevus - FYSIOKESKUS\",\"isPartOf\":{\"@id\":\"https:\\\/\\\/fysiokeskus.ee\\\/#website\"},\"datePublished\":\"2015-11-03T19:15:34+00:00\",\"dateModified\":\"2022-01-21T17:33:59+00:00\",\"inLanguage\":\"en-US\",\"potentialAction\":[{\"@type\":\"ReadAction\",\"target\":[\"https:\\\/\\\/fysiokeskus.ee\\\/teadustegevus\\\/\"]}]},{\"@type\":\"WebSite\",\"@id\":\"https:\\\/\\\/fysiokeskus.ee\\\/#website\",\"url\":\"https:\\\/\\\/fysiokeskus.ee\\\/\",\"name\":\"FYSIOKESKUS\",\"description\":\"F\u00fcsioteraapia ja massaa\u017e\",\"publisher\":{\"@id\":\"https:\\\/\\\/fysiokeskus.ee\\\/#organization\"},\"potentialAction\":[{\"@type\":\"SearchAction\",\"target\":{\"@type\":\"EntryPoint\",\"urlTemplate\":\"https:\\\/\\\/fysiokeskus.ee\\\/?s={search_term_string}\"},\"query-input\":{\"@type\":\"PropertyValueSpecification\",\"valueRequired\":true,\"valueName\":\"search_term_string\"}}],\"inLanguage\":\"en-US\"},{\"@type\":\"Organization\",\"@id\":\"https:\\\/\\\/fysiokeskus.ee\\\/#organization\",\"name\":\"FYSIOKESKUS\",\"url\":\"https:\\\/\\\/fysiokeskus.ee\\\/\",\"logo\":{\"@type\":\"ImageObject\",\"inLanguage\":\"en-US\",\"@id\":\"https:\\\/\\\/fysiokeskus.ee\\\/#\\\/schema\\\/logo\\\/image\\\/\",\"url\":\"https:\\\/\\\/fysiokeskus.ee\\\/wp-content\\\/uploads\\\/2022\\\/10\\\/FK1.png\",\"contentUrl\":\"https:\\\/\\\/fysiokeskus.ee\\\/wp-content\\\/uploads\\\/2022\\\/10\\\/FK1.png\",\"width\":885,\"height\":387,\"caption\":\"FYSIOKESKUS\"},\"image\":{\"@id\":\"https:\\\/\\\/fysiokeskus.ee\\\/#\\\/schema\\\/logo\\\/image\\\/\"},\"sameAs\":[\"https:\\\/\\\/www.facebook.com\\\/Fysiokeskus.ee\"]}]}<\/script>\n<!-- \/ Yoast SEO plugin. -->","yoast_head_json":{"title":"Teadustegevus - FYSIOKESKUS","robots":{"index":"index","follow":"follow","max-snippet":"max-snippet:-1","max-image-preview":"max-image-preview:large","max-video-preview":"max-video-preview:-1"},"canonical":"https:\/\/fysiokeskus.ee\/en\/teadustegevus\/","og_locale":"en_US","og_type":"article","og_title":"Teadustegevus - FYSIOKESKUS","og_description":"Hanna Kalajas-Tilga, Andre Koka, Vello Hein, Henri Tilga, Lennart Raudsepp Kalajas-Tilga, H., Koka, A., Hein, V., Tilga, H., &amp; Raudsepp, L. (2020). Motivational processes in physical education and objectively measured physical activity among adolescents. Journal of Sport and Health Science, 9(5), 462\u2013471. https:\/\/doi.org\/10.1016\/j.jshs.2019.06.001 Kalajas-Tilga, H., Hein, V., Koka, A., Tilga, H., Raudsepp, L., &amp; Hagger, [&hellip;]","og_url":"https:\/\/fysiokeskus.ee\/en\/teadustegevus\/","og_site_name":"FYSIOKESKUS","article_publisher":"https:\/\/www.facebook.com\/Fysiokeskus.ee","article_modified_time":"2022-01-21T17:33:59+00:00","twitter_card":"summary_large_image","twitter_misc":{"Est. reading time":"2 minutes"},"schema":{"@context":"https:\/\/schema.org","@graph":[{"@type":"WebPage","@id":"https:\/\/fysiokeskus.ee\/teadustegevus\/","url":"https:\/\/fysiokeskus.ee\/teadustegevus\/","name":"Teadustegevus - FYSIOKESKUS","isPartOf":{"@id":"https:\/\/fysiokeskus.ee\/#website"},"datePublished":"2015-11-03T19:15:34+00:00","dateModified":"2022-01-21T17:33:59+00:00","inLanguage":"en-US","potentialAction":[{"@type":"ReadAction","target":["https:\/\/fysiokeskus.ee\/teadustegevus\/"]}]},{"@type":"WebSite","@id":"https:\/\/fysiokeskus.ee\/#website","url":"https:\/\/fysiokeskus.ee\/","name":"FYSIOKESKUS","description":"F\u00fcsioteraapia ja massaa\u017e","publisher":{"@id":"https:\/\/fysiokeskus.ee\/#organization"},"potentialAction":[{"@type":"SearchAction","target":{"@type":"EntryPoint","urlTemplate":"https:\/\/fysiokeskus.ee\/?s={search_term_string}"},"query-input":{"@type":"PropertyValueSpecification","valueRequired":true,"valueName":"search_term_string"}}],"inLanguage":"en-US"},{"@type":"Organization","@id":"https:\/\/fysiokeskus.ee\/#organization","name":"FYSIOKESKUS","url":"https:\/\/fysiokeskus.ee\/","logo":{"@type":"ImageObject","inLanguage":"en-US","@id":"https:\/\/fysiokeskus.ee\/#\/schema\/logo\/image\/","url":"https:\/\/fysiokeskus.ee\/wp-content\/uploads\/2022\/10\/FK1.png","contentUrl":"https:\/\/fysiokeskus.ee\/wp-content\/uploads\/2022\/10\/FK1.png","width":885,"height":387,"caption":"FYSIOKESKUS"},"image":{"@id":"https:\/\/fysiokeskus.ee\/#\/schema\/logo\/image\/"},"sameAs":["https:\/\/www.facebook.com\/Fysiokeskus.ee"]}]}},"jetpack_sharing_enabled":true,"_links":{"self":[{"href":"https:\/\/fysiokeskus.ee\/en\/wp-json\/wp\/v2\/pages\/1202","targetHints":{"allow":["GET"]}}],"collection":[{"href":"https:\/\/fysiokeskus.ee\/en\/wp-json\/wp\/v2\/pages"}],"about":[{"href":"https:\/\/fysiokeskus.ee\/en\/wp-json\/wp\/v2\/types\/page"}],"author":[{"embeddable":true,"href":"https:\/\/fysiokeskus.ee\/en\/wp-json\/wp\/v2\/users\/1"}],"replies":[{"embeddable":true,"href":"https:\/\/fysiokeskus.ee\/en\/wp-json\/wp\/v2\/comments?post=1202"}],"version-history":[{"count":16,"href":"https:\/\/fysiokeskus.ee\/en\/wp-json\/wp\/v2\/pages\/1202\/revisions"}],"predecessor-version":[{"id":1797,"href":"https:\/\/fysiokeskus.ee\/en\/wp-json\/wp\/v2\/pages\/1202\/revisions\/1797"}],"wp:attachment":[{"href":"https:\/\/fysiokeskus.ee\/en\/wp-json\/wp\/v2\/media?parent=1202"}],"curies":[{"name":"wp","href":"https:\/\/api.w.org\/{rel}","templated":true}]}}