{"id":10,"date":"2014-04-23T11:21:14","date_gmt":"2014-04-23T11:21:14","guid":{"rendered":"http:\/\/fysiokeskus.ee\/?page_id=10"},"modified":"2022-10-26T12:41:43","modified_gmt":"2022-10-26T09:41:43","slug":"firmast","status":"publish","type":"page","link":"https:\/\/fysiokeskus.ee\/en\/firmast\/","title":{"rendered":"About"},"content":{"rendered":"<p style=\"text-align: justify;\"><span style=\"color: #800000;\">Fysiokeskus O\u00dc on Tartu \u00dclikooli spin-off ettev\u00f5te, kus f\u00fcsioteraapia teenust osutavad T\u00dc f\u00fcsioteraapia eriala bakalaureuse\u00f5ppe viimase kursuse, magistri- ja doktori\u00f5ppe \u00fcli\u00f5pilased. Fysiokeskus v\u00f5imaldab T\u00dc f\u00fcsioteraapia eriala \u00fcli\u00f5pilastele koost\u00f6\u00f6s eriala \u00f5ppej\u00f5ududega iseseisvat praktiseerimis- ja t\u00f6\u00f6kogemust.<\/span><\/p>\n<p style=\"text-align: justify;\"><span style=\"color: #800000;\">Fysiokeskuse p\u00f5hieesm\u00e4rk on pakkuda teadusp\u00f5hist f\u00fcsioteraapia teenust. Meie kliendid on lapsed, t\u00f6\u00f6ealised ja vanemaealised ning sportlased, kelle h\u00e4irunud tugi-liikumisaparaati v\u00f5i kardiovaskulaarset seisundit on v\u00f5imalik erinevate f\u00fcsioteraapia meetoditega arendada, taastada ja\/v\u00f5i s\u00e4ilitada. Funktsionaalse probleemi (valu, lihaspinge, liigesliikuvuse h\u00e4ire, k\u00f5nnimustrih\u00e4ire jmt) oskuslik tuvastamine v\u00f5imaldab m\u00e4\u00e4rata igale isikule individuaalset taastusravi. \u00d5igeaegne f\u00fcsioterapeudi poole p\u00f6\u00f6rdumine aitab ennetada s\u00fcvenevaid ortopeedilisi, neuroloogilisi v\u00f5i kardiovaskulaarseid h\u00e4ireid, t\u00e4nu millele saab igap\u00e4evaelu- ja sportlikke tegevusi sooritada kaebustevabalt.<\/span><\/p>\n<p><span style=\"color: #993300;\"><strong>Fysiokeskus<\/strong>&nbsp;is located in Tartu, in the premises of the Institute of Sports Sciences and Physiotherapy of the University of Tartu, at&nbsp;<strong>Ujula 4&nbsp;<\/strong>in the room<strong>&nbsp;2053.<\/strong><\/span><\/p>\n<p><span style=\"color: #993300;\"><strong>Fysiokeskus<\/strong>&nbsp;also accepts patients in the premises of the R\u00e4nilinna Family Medical Center, which is located on the 1st floor of the Novapolis building at&nbsp;<strong>Riia 142<\/strong>.<\/span><\/p>\n<p><a href=\"https:\/\/fysiokeskus.ee\/wp-content\/uploads\/2022\/08\/Fk.png\"><img fetchpriority=\"high\" decoding=\"async\" class=\"alignnone  wp-image-1869\" src=\"https:\/\/fysiokeskus.ee\/wp-content\/uploads\/2022\/08\/Fk-300x169.png\" alt=\"\" width=\"614\" height=\"346\" srcset=\"https:\/\/fysiokeskus.ee\/wp-content\/uploads\/2022\/08\/Fk-300x169.png 300w, https:\/\/fysiokeskus.ee\/wp-content\/uploads\/2022\/08\/Fk-1024x576.png 1024w, https:\/\/fysiokeskus.ee\/wp-content\/uploads\/2022\/08\/Fk-768x432.png 768w, https:\/\/fysiokeskus.ee\/wp-content\/uploads\/2022\/08\/Fk.png 1280w\" sizes=\"(max-width: 614px) 100vw, 614px\" \/><\/a><\/p>\n<p style=\"text-align: left;\">\n<p style=\"text-align: left;\"><span style=\"color: #000080;\">&nbsp;<\/span><\/p>\n<p><span style=\"color: #000080;\">&nbsp;<\/span><\/p>","protected":false},"excerpt":{"rendered":"<p>Fysiokeskus O\u00dc on Tartu \u00dclikooli spin-off ettev\u00f5te, kus f\u00fcsioteraapia teenust osutavad T\u00dc f\u00fcsioteraapia eriala bakalaureuse\u00f5ppe viimase kursuse, magistri- ja doktori\u00f5ppe \u00fcli\u00f5pilased. Fysiokeskus v\u00f5imaldab T\u00dc f\u00fcsioteraapia eriala \u00fcli\u00f5pilastele koost\u00f6\u00f6s eriala \u00f5ppej\u00f5ududega iseseisvat praktiseerimis- ja t\u00f6\u00f6kogemust. Fysiokeskuse p\u00f5hieesm\u00e4rk on pakkuda teadusp\u00f5hist f\u00fcsioteraapia teenust. Meie kliendid on lapsed, t\u00f6\u00f6ealised ja vanemaealised ning sportlased, kelle h\u00e4irunud tugi-liikumisaparaati v\u00f5i kardiovaskulaarset [&hellip;]<\/p>\n","protected":false},"author":1,"featured_media":0,"parent":0,"menu_order":0,"comment_status":"closed","ping_status":"open","template":"","meta":{"_monsterinsights_skip_tracking":false,"_monsterinsights_sitenote_active":false,"_monsterinsights_sitenote_note":"","_monsterinsights_sitenote_category":0,"footnotes":""},"class_list":["post-10","page","type-page","status-publish","hentry"],"yoast_head":"<!-- This site is optimized with the Yoast SEO plugin v27.3 - https:\/\/yoast.com\/product\/yoast-seo-wordpress\/ -->\n<title>Ettev\u00f5ttest - FYSIOKESKUS<\/title>\n<meta name=\"description\" content=\"Fysiokeskus osutab teadusp\u00f5hist f\u00fcsioteraapia teenust, mis tugineb kliendi individuaalsete f\u00fcsioterapeutiliste probleemide hindamistulemustel.\" \/>\n<meta name=\"robots\" content=\"index, follow, max-snippet:-1, max-image-preview:large, max-video-preview:-1\" \/>\n<link rel=\"canonical\" href=\"https:\/\/fysiokeskus.ee\/en\/firmast\/\" \/>\n<meta property=\"og:locale\" content=\"en_US\" \/>\n<meta property=\"og:type\" content=\"article\" \/>\n<meta property=\"og:title\" content=\"Ettev\u00f5ttest - FYSIOKESKUS\" \/>\n<meta property=\"og:description\" content=\"Fysiokeskus osutab teadusp\u00f5hist f\u00fcsioteraapia teenust, mis tugineb kliendi individuaalsete f\u00fcsioterapeutiliste probleemide hindamistulemustel.\" \/>\n<meta property=\"og:url\" content=\"https:\/\/fysiokeskus.ee\/en\/firmast\/\" \/>\n<meta property=\"og:site_name\" content=\"FYSIOKESKUS\" \/>\n<meta property=\"article:publisher\" content=\"https:\/\/www.facebook.com\/Fysiokeskus.ee\" \/>\n<meta property=\"article:modified_time\" content=\"2022-10-26T09:41:43+00:00\" \/>\n<meta property=\"og:image\" content=\"https:\/\/fysiokeskus.ee\/wp-content\/uploads\/2022\/08\/Fk-300x169.png\" \/>\n<meta name=\"twitter:card\" content=\"summary_large_image\" \/>\n<meta name=\"twitter:label1\" content=\"Est. reading time\" \/>\n\t<meta name=\"twitter:data1\" content=\"1 minute\" \/>\n<script type=\"application\/ld+json\" class=\"yoast-schema-graph\">{\"@context\":\"https:\\\/\\\/schema.org\",\"@graph\":[{\"@type\":\"WebPage\",\"@id\":\"https:\\\/\\\/fysiokeskus.ee\\\/firmast\\\/\",\"url\":\"https:\\\/\\\/fysiokeskus.ee\\\/firmast\\\/\",\"name\":\"Ettev\u00f5ttest - FYSIOKESKUS\",\"isPartOf\":{\"@id\":\"https:\\\/\\\/fysiokeskus.ee\\\/#website\"},\"primaryImageOfPage\":{\"@id\":\"https:\\\/\\\/fysiokeskus.ee\\\/firmast\\\/#primaryimage\"},\"image\":{\"@id\":\"https:\\\/\\\/fysiokeskus.ee\\\/firmast\\\/#primaryimage\"},\"thumbnailUrl\":\"https:\\\/\\\/fysiokeskus.ee\\\/wp-content\\\/uploads\\\/2022\\\/08\\\/Fk-300x169.png\",\"datePublished\":\"2014-04-23T11:21:14+00:00\",\"dateModified\":\"2022-10-26T09:41:43+00:00\",\"description\":\"Fysiokeskus osutab teadusp\u00f5hist f\u00fcsioteraapia teenust, mis tugineb kliendi individuaalsete f\u00fcsioterapeutiliste probleemide hindamistulemustel.\",\"inLanguage\":\"en-US\",\"potentialAction\":[{\"@type\":\"ReadAction\",\"target\":[\"https:\\\/\\\/fysiokeskus.ee\\\/firmast\\\/\"]}]},{\"@type\":\"ImageObject\",\"inLanguage\":\"en-US\",\"@id\":\"https:\\\/\\\/fysiokeskus.ee\\\/firmast\\\/#primaryimage\",\"url\":\"https:\\\/\\\/fysiokeskus.ee\\\/wp-content\\\/uploads\\\/2022\\\/08\\\/Fk-300x169.png\",\"contentUrl\":\"https:\\\/\\\/fysiokeskus.ee\\\/wp-content\\\/uploads\\\/2022\\\/08\\\/Fk-300x169.png\"},{\"@type\":\"WebSite\",\"@id\":\"https:\\\/\\\/fysiokeskus.ee\\\/#website\",\"url\":\"https:\\\/\\\/fysiokeskus.ee\\\/\",\"name\":\"FYSIOKESKUS\",\"description\":\"F\u00fcsioteraapia ja massaa\u017e\",\"publisher\":{\"@id\":\"https:\\\/\\\/fysiokeskus.ee\\\/#organization\"},\"potentialAction\":[{\"@type\":\"SearchAction\",\"target\":{\"@type\":\"EntryPoint\",\"urlTemplate\":\"https:\\\/\\\/fysiokeskus.ee\\\/?s={search_term_string}\"},\"query-input\":{\"@type\":\"PropertyValueSpecification\",\"valueRequired\":true,\"valueName\":\"search_term_string\"}}],\"inLanguage\":\"en-US\"},{\"@type\":\"Organization\",\"@id\":\"https:\\\/\\\/fysiokeskus.ee\\\/#organization\",\"name\":\"FYSIOKESKUS\",\"url\":\"https:\\\/\\\/fysiokeskus.ee\\\/\",\"logo\":{\"@type\":\"ImageObject\",\"inLanguage\":\"en-US\",\"@id\":\"https:\\\/\\\/fysiokeskus.ee\\\/#\\\/schema\\\/logo\\\/image\\\/\",\"url\":\"https:\\\/\\\/fysiokeskus.ee\\\/wp-content\\\/uploads\\\/2022\\\/10\\\/FK1.png\",\"contentUrl\":\"https:\\\/\\\/fysiokeskus.ee\\\/wp-content\\\/uploads\\\/2022\\\/10\\\/FK1.png\",\"width\":885,\"height\":387,\"caption\":\"FYSIOKESKUS\"},\"image\":{\"@id\":\"https:\\\/\\\/fysiokeskus.ee\\\/#\\\/schema\\\/logo\\\/image\\\/\"},\"sameAs\":[\"https:\\\/\\\/www.facebook.com\\\/Fysiokeskus.ee\"]}]}<\/script>\n<!-- \/ Yoast SEO plugin. -->","yoast_head_json":{"title":"Ettev\u00f5ttest - FYSIOKESKUS","description":"Fysiokeskus osutab teadusp\u00f5hist f\u00fcsioteraapia teenust, mis tugineb kliendi individuaalsete f\u00fcsioterapeutiliste probleemide hindamistulemustel.","robots":{"index":"index","follow":"follow","max-snippet":"max-snippet:-1","max-image-preview":"max-image-preview:large","max-video-preview":"max-video-preview:-1"},"canonical":"https:\/\/fysiokeskus.ee\/en\/firmast\/","og_locale":"en_US","og_type":"article","og_title":"Ettev\u00f5ttest - FYSIOKESKUS","og_description":"Fysiokeskus osutab teadusp\u00f5hist f\u00fcsioteraapia teenust, mis tugineb kliendi individuaalsete f\u00fcsioterapeutiliste probleemide hindamistulemustel.","og_url":"https:\/\/fysiokeskus.ee\/en\/firmast\/","og_site_name":"FYSIOKESKUS","article_publisher":"https:\/\/www.facebook.com\/Fysiokeskus.ee","article_modified_time":"2022-10-26T09:41:43+00:00","og_image":[{"url":"https:\/\/fysiokeskus.ee\/wp-content\/uploads\/2022\/08\/Fk-300x169.png","type":"","width":"","height":""}],"twitter_card":"summary_large_image","twitter_misc":{"Est. reading time":"1 minute"},"schema":{"@context":"https:\/\/schema.org","@graph":[{"@type":"WebPage","@id":"https:\/\/fysiokeskus.ee\/firmast\/","url":"https:\/\/fysiokeskus.ee\/firmast\/","name":"Ettev\u00f5ttest - FYSIOKESKUS","isPartOf":{"@id":"https:\/\/fysiokeskus.ee\/#website"},"primaryImageOfPage":{"@id":"https:\/\/fysiokeskus.ee\/firmast\/#primaryimage"},"image":{"@id":"https:\/\/fysiokeskus.ee\/firmast\/#primaryimage"},"thumbnailUrl":"https:\/\/fysiokeskus.ee\/wp-content\/uploads\/2022\/08\/Fk-300x169.png","datePublished":"2014-04-23T11:21:14+00:00","dateModified":"2022-10-26T09:41:43+00:00","description":"Fysiokeskus osutab teadusp\u00f5hist f\u00fcsioteraapia teenust, mis tugineb kliendi individuaalsete f\u00fcsioterapeutiliste probleemide hindamistulemustel.","inLanguage":"en-US","potentialAction":[{"@type":"ReadAction","target":["https:\/\/fysiokeskus.ee\/firmast\/"]}]},{"@type":"ImageObject","inLanguage":"en-US","@id":"https:\/\/fysiokeskus.ee\/firmast\/#primaryimage","url":"https:\/\/fysiokeskus.ee\/wp-content\/uploads\/2022\/08\/Fk-300x169.png","contentUrl":"https:\/\/fysiokeskus.ee\/wp-content\/uploads\/2022\/08\/Fk-300x169.png"},{"@type":"WebSite","@id":"https:\/\/fysiokeskus.ee\/#website","url":"https:\/\/fysiokeskus.ee\/","name":"FYSIOKESKUS","description":"F\u00fcsioteraapia ja massaa\u017e","publisher":{"@id":"https:\/\/fysiokeskus.ee\/#organization"},"potentialAction":[{"@type":"SearchAction","target":{"@type":"EntryPoint","urlTemplate":"https:\/\/fysiokeskus.ee\/?s={search_term_string}"},"query-input":{"@type":"PropertyValueSpecification","valueRequired":true,"valueName":"search_term_string"}}],"inLanguage":"en-US"},{"@type":"Organization","@id":"https:\/\/fysiokeskus.ee\/#organization","name":"FYSIOKESKUS","url":"https:\/\/fysiokeskus.ee\/","logo":{"@type":"ImageObject","inLanguage":"en-US","@id":"https:\/\/fysiokeskus.ee\/#\/schema\/logo\/image\/","url":"https:\/\/fysiokeskus.ee\/wp-content\/uploads\/2022\/10\/FK1.png","contentUrl":"https:\/\/fysiokeskus.ee\/wp-content\/uploads\/2022\/10\/FK1.png","width":885,"height":387,"caption":"FYSIOKESKUS"},"image":{"@id":"https:\/\/fysiokeskus.ee\/#\/schema\/logo\/image\/"},"sameAs":["https:\/\/www.facebook.com\/Fysiokeskus.ee"]}]}},"jetpack_sharing_enabled":true,"_links":{"self":[{"href":"https:\/\/fysiokeskus.ee\/en\/wp-json\/wp\/v2\/pages\/10","targetHints":{"allow":["GET"]}}],"collection":[{"href":"https:\/\/fysiokeskus.ee\/en\/wp-json\/wp\/v2\/pages"}],"about":[{"href":"https:\/\/fysiokeskus.ee\/en\/wp-json\/wp\/v2\/types\/page"}],"author":[{"embeddable":true,"href":"https:\/\/fysiokeskus.ee\/en\/wp-json\/wp\/v2\/users\/1"}],"replies":[{"embeddable":true,"href":"https:\/\/fysiokeskus.ee\/en\/wp-json\/wp\/v2\/comments?post=10"}],"version-history":[{"count":26,"href":"https:\/\/fysiokeskus.ee\/en\/wp-json\/wp\/v2\/pages\/10\/revisions"}],"predecessor-version":[{"id":1969,"href":"https:\/\/fysiokeskus.ee\/en\/wp-json\/wp\/v2\/pages\/10\/revisions\/1969"}],"wp:attachment":[{"href":"https:\/\/fysiokeskus.ee\/en\/wp-json\/wp\/v2\/media?parent=10"}],"curies":[{"name":"wp","href":"https:\/\/api.w.org\/{rel}","templated":true}]}}